{"id":3745,"date":"2024-12-19T13:51:31","date_gmt":"2024-12-19T13:51:31","guid":{"rendered":"https:\/\/www.in-sit.eu\/?page_id=3745"},"modified":"2024-12-19T13:51:31","modified_gmt":"2024-12-19T13:51:31","slug":"kapsayici-tatiller-ve-tematik-yuruyusler-belcikada-gumus-turizm-deneyimi","status":"publish","type":"page","link":"https:\/\/www.in-sit.eu\/tr\/kapsayici-tatiller-ve-tematik-yuruyusler-belcikada-gumus-turizm-deneyimi\/","title":{"rendered":"Kapsay\u0131c\u0131 Tatiller ve Tematik Y\u00fcr\u00fcy\u00fc\u015fler: Bel\u00e7ika&#8217;da G\u00fcm\u00fc\u015f Turizm Deneyimi"},"content":{"rendered":"<p><div class=\"fusion-fullwidth fullwidth-box fusion-builder-row-1 fusion-flex-container nonhundred-percent-fullwidth non-hundred-percent-height-scrolling\" style=\"--awb-border-radius-top-left:0px;--awb-border-radius-top-right:0px;--awb-border-radius-bottom-right:0px;--awb-border-radius-bottom-left:0px;--awb-padding-top:60px;--awb-padding-top-medium:32px;--awb-padding-top-small:20px;--awb-background-image:radial-gradient(circle at center top, hsla(var(--awb-color4-h),calc(var(--awb-color4-s) + 20%),var(--awb-color4-l),calc(var(--awb-color4-a) - 90%)) 62%,var(--awb-color1) 62%);\" ><div class=\"fusion-builder-row fusion-row fusion-flex-align-items-flex-start fusion-flex-justify-content-center\" style=\"max-width:1248px;margin-left: calc(-4% \/ 2 );margin-right: calc(-4% \/ 2 );\"><div class=\"fusion-layout-column fusion_builder_column fusion-builder-column-0 fusion_builder_column_3_5 3_5 fusion-flex-column fusion-animated\" style=\"--awb-bg-size:cover;--awb-width-large:60%;--awb-margin-top-large:20px;--awb-spacing-right-large:3.2%;--awb-margin-bottom-large:48px;--awb-spacing-left-large:3.2%;--awb-width-medium:75%;--awb-spacing-right-medium:2.56%;--awb-margin-bottom-medium:40px;--awb-spacing-left-medium:2.56%;--awb-width-small:100%;--awb-spacing-right-small:1.92%;--awb-spacing-left-small:1.92%;\" data-animationType=\"fadeInDown\" data-animationDuration=\"1.6\" data-animationOffset=\"top-into-view\"><div class=\"fusion-column-wrapper fusion-column-has-shadow fusion-flex-justify-content-flex-start fusion-content-layout-column\"><i class=\"fb-icon-element-1 fb-icon-element fontawesome-icon icon-mkb-group circle-yes\" style=\"--awb-iconcolor:var(--awb-color4);--awb-iconcolor-hover:var(--awb-color1);--awb-circlecolor:var(--awb-color1);--awb-circlecolor-hover:var(--awb-color4);--awb-circlebordercolor-hover:hsla(var(--awb-color5-h),var(--awb-color5-s),var(--awb-color5-l),calc(var(--awb-color5-a) - 90%));--awb-circlebordersize:0px;--awb-font-size:36.96px;--awb-width:73.92px;--awb-height:73.92px;--awb-line-height:73.92px;--awb-align-self:center;--awb-margin-top:0px;--awb-margin-right:0px;--awb-margin-bottom:12px;--awb-margin-left:0px;\"><\/i><div class=\"fusion-title title fusion-title-1 fusion-sep-none fusion-title-center fusion-title-text fusion-title-size-six\" style=\"--awb-margin-bottom:4px;--awb-margin-top-small:4px;--awb-margin-bottom-small:4px;--awb-margin-top-medium:4px;--awb-margin-bottom-medium:4px;\"><h6 class=\"title-heading-center fusion-responsive-typography-calculated\" style=\"margin:0;--fontSize:20;--minFontSize:20;line-height:1.5;\">En \u0130yi Uygulamalar<\/h6><\/div><div class=\"fusion-title title fusion-title-2 fusion-sep-none fusion-title-center fusion-title-text fusion-title-size-one\"><h1 class=\"title-heading-center fusion-responsive-typography-calculated\" style=\"margin:0;--fontSize:72;line-height:var(--awb-typography1-line-height);\">Kapsay\u0131c\u0131 Tatiller ve Tematik Y\u00fcr\u00fcy\u00fc\u015fler: Bel\u00e7ika&#8217;da G\u00fcm\u00fc\u015f Turizm Deneyimi<\/h1><\/div><div class=\"fusion-text fusion-text-1\" style=\"--awb-content-alignment:center;--awb-font-size:30px;--awb-line-height:1.4em;--awb-letter-spacing:-0.02em;\"><p><b>Kapsay\u0131c\u0131 Tatiller ve Tematik Y\u00fcr\u00fcy\u00fc\u015fler: Bel\u00e7ika&#8217;da G\u00fcm\u00fc\u015f Turizm Deneyimi<\/b><\/p>\n<\/div><\/div><\/div><div class=\"fusion-layout-column fusion_builder_column fusion-builder-column-1 fusion_builder_column_1_2 1_2 fusion-flex-column fusion-animated\" style=\"--awb-bg-size:cover;--awb-width-large:50%;--awb-margin-top-large:20px;--awb-spacing-right-large:3.84%;--awb-margin-bottom-large:20px;--awb-spacing-left-large:3.84%;--awb-width-medium:50%;--awb-order-medium:0;--awb-spacing-right-medium:3.84%;--awb-margin-bottom-medium:60px;--awb-spacing-left-medium:3.84%;--awb-width-small:100%;--awb-order-small:0;--awb-spacing-right-small:1.92%;--awb-margin-bottom-small:20px;--awb-spacing-left-small:1.92%;\" data-animationType=\"fadeInUp\" data-animationDuration=\"1.2\" data-animationOffset=\"top-into-view\"><div class=\"fusion-column-wrapper fusion-column-has-shadow fusion-flex-justify-content-flex-start fusion-content-layout-column\"><\/div><\/div><\/div><\/div><div class=\"fusion-fullwidth fullwidth-box fusion-builder-row-2 fusion-flex-container nonhundred-percent-fullwidth non-hundred-percent-height-scrolling\" style=\"--awb-border-radius-top-left:0px;--awb-border-radius-top-right:0px;--awb-border-radius-bottom-right:0px;--awb-border-radius-bottom-left:0px;--awb-padding-top:0px;--awb-padding-bottom:0px;--awb-padding-top-medium:20px;--awb-padding-bottom-medium:20px;--awb-padding-top-small:40px;--awb-padding-bottom-small:40px;--awb-background-color:var(--awb-color1);\" ><div class=\"fusion-builder-row fusion-row fusion-flex-align-items-center fusion-flex-justify-content-center\" style=\"max-width:1248px;margin-left: calc(-4% \/ 2 );margin-right: calc(-4% \/ 2 );\"><div class=\"fusion-layout-column fusion_builder_column fusion-builder-column-2 fusion_builder_column_1_1 1_1 fusion-flex-column fusion-flex-align-self-center fusion-animated\" style=\"--awb-padding-top:50px;--awb-padding-right:50px;--awb-padding-left:50px;--awb-overflow:hidden;--awb-bg-color:var(--awb-color1);--awb-bg-color-hover:var(--awb-color1);--awb-bg-size:cover;--awb-border-radius:12px 12px 12px 12px;--awb-filter:opacity(93%);--awb-filter-transition:filter 0.3s ease;--awb-filter-hover:opacity(100%);--awb-width-large:100%;--awb-margin-top-large:50px;--awb-spacing-right-large:1.92%;--awb-margin-bottom-large:50px;--awb-spacing-left-large:1.92%;--awb-width-medium:100%;--awb-order-medium:0;--awb-spacing-right-medium:1.92%;--awb-spacing-left-medium:1.92%;--awb-width-small:100%;--awb-order-small:0;--awb-spacing-right-small:1.92%;--awb-spacing-left-small:1.92%;\" data-animationType=\"fadeInDown\" data-animationDuration=\"1.6\" data-animationOffset=\"top-into-view\"><div class=\"fusion-column-wrapper fusion-column-has-shadow fusion-flex-justify-content-space-evenly fusion-content-layout-column\"><div class=\"fusion-text fusion-text-2\" style=\"--awb-content-alignment:center;\"><p><span style=\"font-weight: 400;\">In-Sit projesindeki Bel\u00e7ikal\u0131 ortak taraf\u0131ndan y\u00fcr\u00fct\u00fclen iyi uygulamalar\u0131n ara\u015ft\u0131rma a\u015famas\u0131nda, La F\u00e9d\u00e9ration Ind\u00e9pendante des Seniors (La FIS), G\u00fcm\u00fc\u015f Turizminin \u00f6nemli bir \u00f6rne\u011fi olarak ortaya \u00e7\u0131kt\u0131. Bu giri\u015fim, ya\u015fl\u0131lar i\u00e7in hem kapsay\u0131c\u0131 tatiller hem de \u00fccretsiz tematik y\u00fcr\u00fcy\u00fc\u015fler sunarak sosyal i\u00e7ermeyi, fiziksel aktiviteyi ve k\u00fclt\u00fcrel ke\u015fifleri te\u015fvik ediyor. Ya\u015fl\u0131lar i\u00e7in turizm f\u0131rsatlar\u0131n\u0131 art\u0131rmay\u0131 ama\u00e7layan In-Sit projesi, bu uygulamalar\u0131 ya\u015fl\u0131lar i\u00e7in zenginle\u015ftirici ve eri\u015filebilir seyahat deneyimleri yaratmaya y\u00f6nelik bir model olarak vurgulad\u0131.<\/span><\/p>\n<p><span style=\"font-weight: 400;\">La FIS&#8217;i di\u011ferlerinden ay\u0131ran \u015fey, kolay, orta ve ileri d\u00fczey olmak \u00fczere \u00fc\u00e7 farkl\u0131 eri\u015filebilirlik seviyesine sahip tatiller sunan \u00f6zel yakla\u015f\u0131m\u0131d\u0131r. Bu, ya\u015fl\u0131lar\u0131n fiziksel yeteneklerine uygun seyahatler se\u00e7melerine olanak tan\u0131yarak, her kat\u0131l\u0131mc\u0131n\u0131n hareketlilikleri taraf\u0131ndan k\u0131s\u0131tlanm\u0131\u015f hissetmeden tatilin tad\u0131n\u0131 \u00e7\u0131karmas\u0131n\u0131 sa\u011flar. Kalk\u0131\u015ftan \u00f6nce kat\u0131l\u0131mc\u0131lar, ihtiya\u00e7lar\u0131na uygun bir gruba yerle\u015ftirildiklerinden emin olmak i\u00e7in bir t\u0131bbi form doldururlar ve yolculuk boyunca hem konforu hem de g\u00fcvenli\u011fi garanti ederler.<\/span><\/p>\n<p><span style=\"font-weight: 400;\">Tatil gezilerine ek olarak, La Fis, hevesli g\u00f6n\u00fcll\u00fcler taraf\u0131ndan y\u00f6netilen Bel\u00e7ika \u00e7evresinde \u00fccretsiz tematik y\u00fcr\u00fcy\u00fc\u015fler d\u00fczenlemektedir. Bu y\u00fcr\u00fcy\u00fc\u015fler ekoloji, s\u00fcrd\u00fcr\u00fclebilirlik ve yerel miras gibi temalar\u0131 ke\u015ffederek ya\u015fl\u0131lara d\u00fc\u015f\u00fck etkili fiziksel aktivitenin tad\u0131n\u0131 \u00e7\u0131kar\u0131rken \u00e7evreleriyle etkile\u015fim kurma f\u0131rsat\u0131 sunuyor. Bu y\u00fcr\u00fcy\u00fc\u015fler sadece sa\u011fl\u0131\u011f\u0131 ve esenli\u011fi te\u015fvik etmekle kalmaz, ayn\u0131 zamanda sosyal etkile\u015fim ve topluluk olu\u015fturma i\u00e7in f\u0131rsatlar yarat\u0131r.<\/span><\/p>\n<p><span style=\"font-weight: 400;\">Bu giri\u015fimlerin ger\u00e7ek g\u00fcc\u00fc, kat\u0131l\u0131mc\u0131lar aras\u0131ndaki ba\u011flant\u0131lar\u0131 geli\u015ftirme yeteneklerinde yatmaktad\u0131r. Her y\u00fcr\u00fcy\u00fc\u015ften sonra, ya\u015fl\u0131lar bir yemek veya i\u00e7ecek payla\u015farak, topluluk ve aidiyet duygular\u0131n\u0131 art\u0131rarak sosyalle\u015fmeye devam etmeye te\u015fvik edilir. Bir\u00e7ok ya\u015fl\u0131, e\u011flenceli, eri\u015filebilir ve sosyal a\u00e7\u0131dan \u00f6d\u00fcllendirici etkinliklere kat\u0131lma f\u0131rsat\u0131ndan yararlanarak her y\u0131l geri d\u00f6ner.<\/span><\/p>\n<p><span style=\"font-weight: 400;\">La FIS&#8217;in G\u00fcm\u00fc\u015f Turizmi alan\u0131ndaki \u00e7abalar\u0131 \u00f6nemli bir ba\u015far\u0131 ile kar\u015f\u0131lanm\u0131\u015ft\u0131r. Wallonie-Bruxelles Federasyonu ve Br\u00fcksel Ba\u015fkent B\u00f6lgesi taraf\u0131ndan desteklenen organizasyon, her y\u0131l tatiller i\u00e7in yakla\u015f\u0131k 40 ve y\u00fcr\u00fcy\u00fc\u015fler i\u00e7in 15 kat\u0131l\u0131mc\u0131 ile d\u00f6rt tatil ve d\u00f6rt tematik y\u00fcr\u00fcy\u00fc\u015fe ev sahipli\u011fi yap\u0131yor. Bu giri\u015fimler, Bel\u00e7ika&#8217;da ya\u015fl\u0131 dostu turizmin temel ta\u015f\u0131 haline geldi ve ya\u015fl\u0131 gezginlerin \u00f6zel ihtiya\u00e7lar\u0131n\u0131 kar\u015f\u0131layan de\u011ferli deneyimler sa\u011flad\u0131.<\/span><\/p>\n<p><span style=\"font-weight: 400;\">Bu giri\u015fim, In-Sit projesinde g\u00f6zlemlendi\u011fi gibi, di\u011fer b\u00f6lgelerin ya\u015fl\u0131lar i\u00e7in eri\u015filebilir turizmi te\u015fvik etmede benzer uygulamalar\u0131 hayata ge\u00e7irme potansiyelini g\u00f6stermektedir. La FIS, kapsay\u0131c\u0131l\u0131\u011fa \u00f6ncelik vererek, seyahatin hem zenginle\u015ftirici hem de uzla\u015fmac\u0131 olabilece\u011fini g\u00f6steriyor ve ya\u015fl\u0131lar\u0131n fiziksel yeteneklerine ve ki\u015fisel ilgi alanlar\u0131na sayg\u0131 duyacak \u015fekilde maceralar\u0131ndan tam anlam\u0131yla keyif alabilmelerini sa\u011fl\u0131yor.<\/span><\/p>\n<\/div><\/div><\/div><\/div><\/div><\/p>\n","protected":false},"excerpt":{"rendered":"","protected":false},"author":1,"featured_media":0,"parent":0,"menu_order":0,"comment_status":"closed","ping_status":"closed","template":"100-width.php","meta":{"content-type":"","footnotes":""},"class_list":["post-3745","page","type-page","status-publish","hentry"],"acf":[],"yoast_head":"<!-- This site is optimized with the Yoast SEO plugin v20.9 - https:\/\/yoast.com\/wordpress\/plugins\/seo\/ -->\n<title>Kapsay\u0131c\u0131 Tatiller ve Tematik Y\u00fcr\u00fcy\u00fc\u015fler: Bel\u00e7ika&#039;da G\u00fcm\u00fc\u015f Turizm Deneyimi - In-Sit<\/title>\n<meta name=\"robots\" content=\"index, follow, max-snippet:-1, max-image-preview:large, max-video-preview:-1\" \/>\n<link rel=\"canonical\" href=\"https:\/\/www.in-sit.eu\/tr\/kapsayici-tatiller-ve-tematik-yuruyusler-belcikada-gumus-turizm-deneyimi\/\" \/>\n<meta property=\"og:locale\" content=\"tr_TR\" \/>\n<meta property=\"og:type\" content=\"article\" \/>\n<meta property=\"og:title\" content=\"Kapsay\u0131c\u0131 Tatiller ve Tematik Y\u00fcr\u00fcy\u00fc\u015fler: Bel\u00e7ika&#039;da G\u00fcm\u00fc\u015f Turizm Deneyimi - In-Sit\" \/>\n<meta property=\"og:url\" content=\"https:\/\/www.in-sit.eu\/tr\/kapsayici-tatiller-ve-tematik-yuruyusler-belcikada-gumus-turizm-deneyimi\/\" \/>\n<meta property=\"og:site_name\" content=\"In-Sit\" \/>\n<meta name=\"twitter:card\" content=\"summary_large_image\" \/>\n<meta name=\"twitter:label1\" content=\"Tahmini okuma s\u00fcresi\" \/>\n\t<meta name=\"twitter:data1\" content=\"4 dakika\" \/>\n<script type=\"application\/ld+json\" class=\"yoast-schema-graph\">{\"@context\":\"https:\/\/schema.org\",\"@graph\":[{\"@type\":\"WebPage\",\"@id\":\"https:\/\/www.in-sit.eu\/tr\/kapsayici-tatiller-ve-tematik-yuruyusler-belcikada-gumus-turizm-deneyimi\/\",\"url\":\"https:\/\/www.in-sit.eu\/tr\/kapsayici-tatiller-ve-tematik-yuruyusler-belcikada-gumus-turizm-deneyimi\/\",\"name\":\"Kapsay\u0131c\u0131 Tatiller ve Tematik Y\u00fcr\u00fcy\u00fc\u015fler: Bel\u00e7ika'da G\u00fcm\u00fc\u015f Turizm Deneyimi - In-Sit\",\"isPartOf\":{\"@id\":\"https:\/\/www.in-sit.eu\/#website\"},\"datePublished\":\"2024-12-19T13:51:31+00:00\",\"dateModified\":\"2024-12-19T13:51:31+00:00\",\"breadcrumb\":{\"@id\":\"https:\/\/www.in-sit.eu\/tr\/kapsayici-tatiller-ve-tematik-yuruyusler-belcikada-gumus-turizm-deneyimi\/#breadcrumb\"},\"inLanguage\":\"tr\",\"potentialAction\":[{\"@type\":\"ReadAction\",\"target\":[\"https:\/\/www.in-sit.eu\/tr\/kapsayici-tatiller-ve-tematik-yuruyusler-belcikada-gumus-turizm-deneyimi\/\"]}]},{\"@type\":\"BreadcrumbList\",\"@id\":\"https:\/\/www.in-sit.eu\/tr\/kapsayici-tatiller-ve-tematik-yuruyusler-belcikada-gumus-turizm-deneyimi\/#breadcrumb\",\"itemListElement\":[{\"@type\":\"ListItem\",\"position\":1,\"name\":\"Home\",\"item\":\"https:\/\/www.in-sit.eu\/tr\/\"},{\"@type\":\"ListItem\",\"position\":2,\"name\":\"Kapsay\u0131c\u0131 Tatiller ve Tematik Y\u00fcr\u00fcy\u00fc\u015fler: Bel\u00e7ika&#8217;da G\u00fcm\u00fc\u015f Turizm Deneyimi\"}]},{\"@type\":\"WebSite\",\"@id\":\"https:\/\/www.in-sit.eu\/#website\",\"url\":\"https:\/\/www.in-sit.eu\/\",\"name\":\"In-Sit\",\"description\":\"Silver tourism\",\"potentialAction\":[{\"@type\":\"SearchAction\",\"target\":{\"@type\":\"EntryPoint\",\"urlTemplate\":\"https:\/\/www.in-sit.eu\/?s={search_term_string}\"},\"query-input\":\"required name=search_term_string\"}],\"inLanguage\":\"tr\"}]}<\/script>\n<!-- \/ Yoast SEO plugin. -->","yoast_head_json":{"title":"Kapsay\u0131c\u0131 Tatiller ve Tematik Y\u00fcr\u00fcy\u00fc\u015fler: Bel\u00e7ika'da G\u00fcm\u00fc\u015f Turizm Deneyimi - In-Sit","robots":{"index":"index","follow":"follow","max-snippet":"max-snippet:-1","max-image-preview":"max-image-preview:large","max-video-preview":"max-video-preview:-1"},"canonical":"https:\/\/www.in-sit.eu\/tr\/kapsayici-tatiller-ve-tematik-yuruyusler-belcikada-gumus-turizm-deneyimi\/","og_locale":"tr_TR","og_type":"article","og_title":"Kapsay\u0131c\u0131 Tatiller ve Tematik Y\u00fcr\u00fcy\u00fc\u015fler: Bel\u00e7ika'da G\u00fcm\u00fc\u015f Turizm Deneyimi - In-Sit","og_url":"https:\/\/www.in-sit.eu\/tr\/kapsayici-tatiller-ve-tematik-yuruyusler-belcikada-gumus-turizm-deneyimi\/","og_site_name":"In-Sit","twitter_card":"summary_large_image","twitter_misc":{"Tahmini okuma s\u00fcresi":"4 dakika"},"schema":{"@context":"https:\/\/schema.org","@graph":[{"@type":"WebPage","@id":"https:\/\/www.in-sit.eu\/tr\/kapsayici-tatiller-ve-tematik-yuruyusler-belcikada-gumus-turizm-deneyimi\/","url":"https:\/\/www.in-sit.eu\/tr\/kapsayici-tatiller-ve-tematik-yuruyusler-belcikada-gumus-turizm-deneyimi\/","name":"Kapsay\u0131c\u0131 Tatiller ve Tematik Y\u00fcr\u00fcy\u00fc\u015fler: Bel\u00e7ika'da G\u00fcm\u00fc\u015f Turizm Deneyimi - In-Sit","isPartOf":{"@id":"https:\/\/www.in-sit.eu\/#website"},"datePublished":"2024-12-19T13:51:31+00:00","dateModified":"2024-12-19T13:51:31+00:00","breadcrumb":{"@id":"https:\/\/www.in-sit.eu\/tr\/kapsayici-tatiller-ve-tematik-yuruyusler-belcikada-gumus-turizm-deneyimi\/#breadcrumb"},"inLanguage":"tr","potentialAction":[{"@type":"ReadAction","target":["https:\/\/www.in-sit.eu\/tr\/kapsayici-tatiller-ve-tematik-yuruyusler-belcikada-gumus-turizm-deneyimi\/"]}]},{"@type":"BreadcrumbList","@id":"https:\/\/www.in-sit.eu\/tr\/kapsayici-tatiller-ve-tematik-yuruyusler-belcikada-gumus-turizm-deneyimi\/#breadcrumb","itemListElement":[{"@type":"ListItem","position":1,"name":"Home","item":"https:\/\/www.in-sit.eu\/tr\/"},{"@type":"ListItem","position":2,"name":"Kapsay\u0131c\u0131 Tatiller ve Tematik Y\u00fcr\u00fcy\u00fc\u015fler: Bel\u00e7ika&#8217;da G\u00fcm\u00fc\u015f Turizm Deneyimi"}]},{"@type":"WebSite","@id":"https:\/\/www.in-sit.eu\/#website","url":"https:\/\/www.in-sit.eu\/","name":"In-Sit","description":"Silver tourism","potentialAction":[{"@type":"SearchAction","target":{"@type":"EntryPoint","urlTemplate":"https:\/\/www.in-sit.eu\/?s={search_term_string}"},"query-input":"required name=search_term_string"}],"inLanguage":"tr"}]}},"_links":{"self":[{"href":"https:\/\/www.in-sit.eu\/tr\/wp-json\/wp\/v2\/pages\/3745","targetHints":{"allow":["GET"]}}],"collection":[{"href":"https:\/\/www.in-sit.eu\/tr\/wp-json\/wp\/v2\/pages"}],"about":[{"href":"https:\/\/www.in-sit.eu\/tr\/wp-json\/wp\/v2\/types\/page"}],"author":[{"embeddable":true,"href":"https:\/\/www.in-sit.eu\/tr\/wp-json\/wp\/v2\/users\/1"}],"replies":[{"embeddable":true,"href":"https:\/\/www.in-sit.eu\/tr\/wp-json\/wp\/v2\/comments?post=3745"}],"version-history":[{"count":1,"href":"https:\/\/www.in-sit.eu\/tr\/wp-json\/wp\/v2\/pages\/3745\/revisions"}],"predecessor-version":[{"id":3746,"href":"https:\/\/www.in-sit.eu\/tr\/wp-json\/wp\/v2\/pages\/3745\/revisions\/3746"}],"wp:attachment":[{"href":"https:\/\/www.in-sit.eu\/tr\/wp-json\/wp\/v2\/media?parent=3745"}],"curies":[{"name":"wp","href":"https:\/\/api.w.org\/{rel}","templated":true}]}}