{"id":3741,"date":"2024-12-19T13:48:39","date_gmt":"2024-12-19T13:48:39","guid":{"rendered":"https:\/\/www.in-sit.eu\/?page_id=3741"},"modified":"2024-12-19T13:48:51","modified_gmt":"2024-12-19T13:48:51","slug":"visitmonsun-erisilebilir-yasli-turizmi","status":"publish","type":"page","link":"https:\/\/www.in-sit.eu\/tr\/visitmonsun-erisilebilir-yasli-turizmi\/","title":{"rendered":"VisitMons&#8217;un Eri\u015filebilir Ya\u015fl\u0131  Turizmi"},"content":{"rendered":"<p><div class=\"fusion-fullwidth fullwidth-box fusion-builder-row-1 fusion-flex-container nonhundred-percent-fullwidth non-hundred-percent-height-scrolling\" style=\"--awb-border-radius-top-left:0px;--awb-border-radius-top-right:0px;--awb-border-radius-bottom-right:0px;--awb-border-radius-bottom-left:0px;--awb-padding-top:60px;--awb-padding-top-medium:32px;--awb-padding-top-small:20px;--awb-background-image:radial-gradient(circle at center top, hsla(var(--awb-color4-h),calc(var(--awb-color4-s) + 20%),var(--awb-color4-l),calc(var(--awb-color4-a) - 90%)) 62%,var(--awb-color1) 62%);\" ><div class=\"fusion-builder-row fusion-row fusion-flex-align-items-flex-start fusion-flex-justify-content-center\" style=\"max-width:1248px;margin-left: calc(-4% \/ 2 );margin-right: calc(-4% \/ 2 );\"><div class=\"fusion-layout-column fusion_builder_column fusion-builder-column-0 fusion_builder_column_3_5 3_5 fusion-flex-column fusion-animated\" style=\"--awb-bg-size:cover;--awb-width-large:60%;--awb-margin-top-large:20px;--awb-spacing-right-large:3.2%;--awb-margin-bottom-large:48px;--awb-spacing-left-large:3.2%;--awb-width-medium:75%;--awb-spacing-right-medium:2.56%;--awb-margin-bottom-medium:40px;--awb-spacing-left-medium:2.56%;--awb-width-small:100%;--awb-spacing-right-small:1.92%;--awb-spacing-left-small:1.92%;\" data-animationType=\"fadeInDown\" data-animationDuration=\"1.6\" data-animationOffset=\"top-into-view\"><div class=\"fusion-column-wrapper fusion-column-has-shadow fusion-flex-justify-content-flex-start fusion-content-layout-column\"><i class=\"fb-icon-element-1 fb-icon-element fontawesome-icon icon-mkb-group circle-yes\" style=\"--awb-iconcolor:var(--awb-color4);--awb-iconcolor-hover:var(--awb-color1);--awb-circlecolor:var(--awb-color1);--awb-circlecolor-hover:var(--awb-color4);--awb-circlebordercolor-hover:hsla(var(--awb-color5-h),var(--awb-color5-s),var(--awb-color5-l),calc(var(--awb-color5-a) - 90%));--awb-circlebordersize:0px;--awb-font-size:36.96px;--awb-width:73.92px;--awb-height:73.92px;--awb-line-height:73.92px;--awb-align-self:center;--awb-margin-top:0px;--awb-margin-right:0px;--awb-margin-bottom:12px;--awb-margin-left:0px;\"><\/i><div class=\"fusion-title title fusion-title-1 fusion-sep-none fusion-title-center fusion-title-text fusion-title-size-six\" style=\"--awb-margin-bottom:4px;--awb-margin-top-small:4px;--awb-margin-bottom-small:4px;--awb-margin-top-medium:4px;--awb-margin-bottom-medium:4px;\"><h6 class=\"title-heading-center fusion-responsive-typography-calculated\" style=\"margin:0;--fontSize:20;--minFontSize:20;line-height:1.5;\">En \u0130yi Uygulamalar<\/h6><\/div><div class=\"fusion-title title fusion-title-2 fusion-sep-none fusion-title-center fusion-title-text fusion-title-size-one\"><h1 class=\"title-heading-center fusion-responsive-typography-calculated\" style=\"margin:0;--fontSize:72;line-height:var(--awb-typography1-line-height);\">VisitMons&#8217;un Eri\u015filebilir Ya\u015fl\u0131  Turizmi<\/h1><\/div><div class=\"fusion-text fusion-text-1\" style=\"--awb-content-alignment:center;--awb-font-size:30px;--awb-line-height:1.4em;--awb-letter-spacing:-0.02em;\"><p><b>VisitMons&#8217;un Eri\u015filebilir Ya\u015fl\u0131\u00a0 Turizmi<\/b><\/p>\n<\/div><\/div><\/div><div class=\"fusion-layout-column fusion_builder_column fusion-builder-column-1 fusion_builder_column_1_2 1_2 fusion-flex-column fusion-animated\" style=\"--awb-bg-size:cover;--awb-width-large:50%;--awb-margin-top-large:20px;--awb-spacing-right-large:3.84%;--awb-margin-bottom-large:20px;--awb-spacing-left-large:3.84%;--awb-width-medium:50%;--awb-order-medium:0;--awb-spacing-right-medium:3.84%;--awb-margin-bottom-medium:60px;--awb-spacing-left-medium:3.84%;--awb-width-small:100%;--awb-order-small:0;--awb-spacing-right-small:1.92%;--awb-margin-bottom-small:20px;--awb-spacing-left-small:1.92%;\" data-animationType=\"fadeInUp\" data-animationDuration=\"1.2\" data-animationOffset=\"top-into-view\"><div class=\"fusion-column-wrapper fusion-column-has-shadow fusion-flex-justify-content-flex-start fusion-content-layout-column\"><\/div><\/div><\/div><\/div><div class=\"fusion-fullwidth fullwidth-box fusion-builder-row-2 fusion-flex-container nonhundred-percent-fullwidth non-hundred-percent-height-scrolling\" style=\"--awb-border-radius-top-left:0px;--awb-border-radius-top-right:0px;--awb-border-radius-bottom-right:0px;--awb-border-radius-bottom-left:0px;--awb-padding-top:0px;--awb-padding-bottom:0px;--awb-padding-top-medium:20px;--awb-padding-bottom-medium:20px;--awb-padding-top-small:40px;--awb-padding-bottom-small:40px;--awb-background-color:var(--awb-color1);\" ><div class=\"fusion-builder-row fusion-row fusion-flex-align-items-center fusion-flex-justify-content-center\" style=\"max-width:1248px;margin-left: calc(-4% \/ 2 );margin-right: calc(-4% \/ 2 );\"><div class=\"fusion-layout-column fusion_builder_column fusion-builder-column-2 fusion_builder_column_1_1 1_1 fusion-flex-column fusion-flex-align-self-center fusion-animated\" style=\"--awb-padding-top:50px;--awb-padding-right:50px;--awb-padding-left:50px;--awb-overflow:hidden;--awb-bg-color:var(--awb-color1);--awb-bg-color-hover:var(--awb-color1);--awb-bg-size:cover;--awb-border-radius:12px 12px 12px 12px;--awb-filter:opacity(93%);--awb-filter-transition:filter 0.3s ease;--awb-filter-hover:opacity(100%);--awb-width-large:100%;--awb-margin-top-large:50px;--awb-spacing-right-large:1.92%;--awb-margin-bottom-large:50px;--awb-spacing-left-large:1.92%;--awb-width-medium:100%;--awb-order-medium:0;--awb-spacing-right-medium:1.92%;--awb-spacing-left-medium:1.92%;--awb-width-small:100%;--awb-order-small:0;--awb-spacing-right-small:1.92%;--awb-spacing-left-small:1.92%;\" data-animationType=\"fadeInDown\" data-animationDuration=\"1.6\" data-animationOffset=\"top-into-view\"><div class=\"fusion-column-wrapper fusion-column-has-shadow fusion-flex-justify-content-space-evenly fusion-content-layout-column\"><div class=\"fusion-text fusion-text-2\" style=\"--awb-content-alignment:center;\"><p><span style=\"font-weight: 400;\">Bel\u00e7ika&#8217;n\u0131n Mons kentinin turizm ofisi olan VisitMons, turizmin 60 ya\u015f\u0131n \u00fczerindeki veya hareketlilik zorluklar\u0131 olan g\u00fcm\u00fc\u015f turistler i\u00e7in nas\u0131l eri\u015filebilir hale getirilece\u011fine dair g\u00fc\u00e7l\u00fc bir \u00f6rnek olu\u015fturuyor. VisitMons, ya\u015fl\u0131 ve engelli ziyaret\u00e7ilerin \u015fehrin zengin k\u00fclt\u00fcrel ve tarihi olanaklar\u0131ndan engelsiz olarak tam olarak yararlanabilmelerini sa\u011flamak i\u00e7in tasarlanm\u0131\u015f \u00e7e\u015fitli hizmetler sunmu\u015ftur.<\/span><\/p>\n<p><span style=\"font-weight: 400;\">VisitMons&#8217;un giri\u015fiminin g\u00f6ze \u00e7arpan bir \u00f6zelli\u011fi, ya\u015fl\u0131 yerlilerin \u015fehir rehberi olarak dahil edilmesidir. VisitMons, k\u0131demli rehberler istihdam ederek yaln\u0131zca ya\u015fl\u0131 bireyleri g\u00fc\u00e7lendirmekle kalmaz, ayn\u0131 zamanda g\u00fcm\u00fc\u015f turistler i\u00e7in ziyaret\u00e7i deneyimini de geli\u015ftirir. Bu rehberler, \u015fehir hakk\u0131ndaki derin bilgileriyle benzersiz bilgiler sunar ve ziyaret\u00e7ilerle daha ki\u015fisel bir ba\u011flant\u0131 kurar. Bu giri\u015fim, ya\u015fl\u0131 turistlerin ihtiya\u00e7lar\u0131n\u0131 anlayan biri taraf\u0131ndan y\u00f6nlendirildiklerini bilerek kendilerini rahat ve ho\u015f kar\u015f\u0131lanm\u0131\u015f hissetmelerini sa\u011flar.<\/span><\/p>\n<p><span style=\"font-weight: 400;\">VisitMons, bu ki\u015fiselle\u015ftirilmi\u015f turlar\u0131 sunman\u0131n yan\u0131 s\u0131ra, web sitesi arac\u0131l\u0131\u011f\u0131yla eri\u015filebilir konaklama yerleri hakk\u0131nda ayr\u0131nt\u0131l\u0131 bilgi sa\u011flayarak turistlerin ziyaretlerini planlamalar\u0131n\u0131 ve uygun konaklama bulmalar\u0131n\u0131 kolayla\u015ft\u0131r\u0131r.<\/span><\/p>\n<p><span style=\"font-weight: 400;\">G\u00fcm\u00fc\u015f turistlerin deneyimini daha da geli\u015ftirmek i\u00e7in VisitMons, ya\u015fl\u0131 ziyaret\u00e7ilerin \u015fehrin cazibe merkezlerini kolayl\u0131kla ke\u015ffetmelerine olanak tan\u0131yan eri\u015filebilir ula\u015f\u0131m hizmetlerini te\u015fvik ediyor. \u015eehir ayr\u0131ca tekerlekli sandalye dostu m\u00fczeler ve duyusal dostu sergiler sunarak turizm deneyiminin t\u00fcm y\u00f6nlerinin kapsay\u0131c\u0131 olmas\u0131n\u0131 sa\u011fl\u0131yor.<\/span><\/p>\n<p><span style=\"font-weight: 400;\">Bu giri\u015fimler sadece ya\u015fl\u0131 ziyaret\u00e7iler i\u00e7in turizm deneyimini geli\u015ftirmekle kalmad\u0131, ayn\u0131 zamanda \u015fehir \u00fczerinde olumlu bir ekonomik ve sosyal etki yaratt\u0131. VisitMons, g\u00fcm\u00fc\u015f turistleri \u00e7ekerek yerel i\u015fletmeleri destekliyor, istihdam yarat\u0131yor ve topluluk i\u00e7inde bir kat\u0131l\u0131m duygusu geli\u015ftiriyor.\u00a0<\/span><\/p>\n<p><span style=\"font-weight: 400;\">VisitMons, g\u00fcm\u00fc\u015f turistler i\u00e7in hizmetlerini geli\u015ftirmeye devam ederken, Bel\u00e7ika&#8217;da kapsay\u0131c\u0131 turizm i\u00e7in bir standart belirliyor. Eri\u015filebilirlik, ki\u015fiselle\u015ftirilmi\u015f deneyimler ve topluluk kat\u0131l\u0131m\u0131na odaklanan VisitMons, turizmin ya\u015f veya yetenekten ba\u011f\u0131ms\u0131z olarak herkes taraf\u0131ndan eri\u015filebilir olmas\u0131 gerekti\u011fini kan\u0131tl\u0131yor. \u015eehrin devam eden \u00e7abalar\u0131, Mons&#8217;un \u015fimdi ve gelecekte g\u00fcm\u00fc\u015f turistler i\u00e7in ho\u015f bir yer olmaya devam etmesini sa\u011fl\u0131yor.<\/span><\/p>\n<\/div><\/div><\/div><\/div><\/div><\/p>\n","protected":false},"excerpt":{"rendered":"","protected":false},"author":1,"featured_media":0,"parent":0,"menu_order":0,"comment_status":"closed","ping_status":"closed","template":"100-width.php","meta":{"content-type":"","footnotes":""},"class_list":["post-3741","page","type-page","status-publish","hentry"],"acf":[],"yoast_head":"<!-- This site is optimized with the Yoast SEO plugin v20.9 - https:\/\/yoast.com\/wordpress\/plugins\/seo\/ -->\n<title>VisitMons&#039;un Eri\u015filebilir Ya\u015fl\u0131 Turizmi - In-Sit<\/title>\n<meta name=\"robots\" content=\"index, follow, max-snippet:-1, max-image-preview:large, max-video-preview:-1\" \/>\n<link rel=\"canonical\" href=\"https:\/\/www.in-sit.eu\/tr\/visitmonsun-erisilebilir-yasli-turizmi\/\" \/>\n<meta property=\"og:locale\" content=\"tr_TR\" \/>\n<meta property=\"og:type\" content=\"article\" \/>\n<meta property=\"og:title\" content=\"VisitMons&#039;un Eri\u015filebilir Ya\u015fl\u0131 Turizmi - In-Sit\" \/>\n<meta property=\"og:url\" content=\"https:\/\/www.in-sit.eu\/tr\/visitmonsun-erisilebilir-yasli-turizmi\/\" \/>\n<meta property=\"og:site_name\" content=\"In-Sit\" \/>\n<meta property=\"article:modified_time\" content=\"2024-12-19T13:48:51+00:00\" \/>\n<meta name=\"twitter:card\" content=\"summary_large_image\" \/>\n<meta name=\"twitter:label1\" content=\"Tahmini okuma s\u00fcresi\" \/>\n\t<meta name=\"twitter:data1\" content=\"4 dakika\" \/>\n<script type=\"application\/ld+json\" class=\"yoast-schema-graph\">{\"@context\":\"https:\/\/schema.org\",\"@graph\":[{\"@type\":\"WebPage\",\"@id\":\"https:\/\/www.in-sit.eu\/tr\/visitmonsun-erisilebilir-yasli-turizmi\/\",\"url\":\"https:\/\/www.in-sit.eu\/tr\/visitmonsun-erisilebilir-yasli-turizmi\/\",\"name\":\"VisitMons'un Eri\u015filebilir Ya\u015fl\u0131 Turizmi - In-Sit\",\"isPartOf\":{\"@id\":\"https:\/\/www.in-sit.eu\/#website\"},\"datePublished\":\"2024-12-19T13:48:39+00:00\",\"dateModified\":\"2024-12-19T13:48:51+00:00\",\"breadcrumb\":{\"@id\":\"https:\/\/www.in-sit.eu\/tr\/visitmonsun-erisilebilir-yasli-turizmi\/#breadcrumb\"},\"inLanguage\":\"tr\",\"potentialAction\":[{\"@type\":\"ReadAction\",\"target\":[\"https:\/\/www.in-sit.eu\/tr\/visitmonsun-erisilebilir-yasli-turizmi\/\"]}]},{\"@type\":\"BreadcrumbList\",\"@id\":\"https:\/\/www.in-sit.eu\/tr\/visitmonsun-erisilebilir-yasli-turizmi\/#breadcrumb\",\"itemListElement\":[{\"@type\":\"ListItem\",\"position\":1,\"name\":\"Home\",\"item\":\"https:\/\/www.in-sit.eu\/tr\/\"},{\"@type\":\"ListItem\",\"position\":2,\"name\":\"VisitMons&#8217;un Eri\u015filebilir Ya\u015fl\u0131 Turizmi\"}]},{\"@type\":\"WebSite\",\"@id\":\"https:\/\/www.in-sit.eu\/#website\",\"url\":\"https:\/\/www.in-sit.eu\/\",\"name\":\"In-Sit\",\"description\":\"Silver tourism\",\"potentialAction\":[{\"@type\":\"SearchAction\",\"target\":{\"@type\":\"EntryPoint\",\"urlTemplate\":\"https:\/\/www.in-sit.eu\/?s={search_term_string}\"},\"query-input\":\"required name=search_term_string\"}],\"inLanguage\":\"tr\"}]}<\/script>\n<!-- \/ Yoast SEO plugin. -->","yoast_head_json":{"title":"VisitMons'un Eri\u015filebilir Ya\u015fl\u0131 Turizmi - In-Sit","robots":{"index":"index","follow":"follow","max-snippet":"max-snippet:-1","max-image-preview":"max-image-preview:large","max-video-preview":"max-video-preview:-1"},"canonical":"https:\/\/www.in-sit.eu\/tr\/visitmonsun-erisilebilir-yasli-turizmi\/","og_locale":"tr_TR","og_type":"article","og_title":"VisitMons'un Eri\u015filebilir Ya\u015fl\u0131 Turizmi - In-Sit","og_url":"https:\/\/www.in-sit.eu\/tr\/visitmonsun-erisilebilir-yasli-turizmi\/","og_site_name":"In-Sit","article_modified_time":"2024-12-19T13:48:51+00:00","twitter_card":"summary_large_image","twitter_misc":{"Tahmini okuma s\u00fcresi":"4 dakika"},"schema":{"@context":"https:\/\/schema.org","@graph":[{"@type":"WebPage","@id":"https:\/\/www.in-sit.eu\/tr\/visitmonsun-erisilebilir-yasli-turizmi\/","url":"https:\/\/www.in-sit.eu\/tr\/visitmonsun-erisilebilir-yasli-turizmi\/","name":"VisitMons'un Eri\u015filebilir Ya\u015fl\u0131 Turizmi - In-Sit","isPartOf":{"@id":"https:\/\/www.in-sit.eu\/#website"},"datePublished":"2024-12-19T13:48:39+00:00","dateModified":"2024-12-19T13:48:51+00:00","breadcrumb":{"@id":"https:\/\/www.in-sit.eu\/tr\/visitmonsun-erisilebilir-yasli-turizmi\/#breadcrumb"},"inLanguage":"tr","potentialAction":[{"@type":"ReadAction","target":["https:\/\/www.in-sit.eu\/tr\/visitmonsun-erisilebilir-yasli-turizmi\/"]}]},{"@type":"BreadcrumbList","@id":"https:\/\/www.in-sit.eu\/tr\/visitmonsun-erisilebilir-yasli-turizmi\/#breadcrumb","itemListElement":[{"@type":"ListItem","position":1,"name":"Home","item":"https:\/\/www.in-sit.eu\/tr\/"},{"@type":"ListItem","position":2,"name":"VisitMons&#8217;un Eri\u015filebilir Ya\u015fl\u0131 Turizmi"}]},{"@type":"WebSite","@id":"https:\/\/www.in-sit.eu\/#website","url":"https:\/\/www.in-sit.eu\/","name":"In-Sit","description":"Silver tourism","potentialAction":[{"@type":"SearchAction","target":{"@type":"EntryPoint","urlTemplate":"https:\/\/www.in-sit.eu\/?s={search_term_string}"},"query-input":"required name=search_term_string"}],"inLanguage":"tr"}]}},"_links":{"self":[{"href":"https:\/\/www.in-sit.eu\/tr\/wp-json\/wp\/v2\/pages\/3741","targetHints":{"allow":["GET"]}}],"collection":[{"href":"https:\/\/www.in-sit.eu\/tr\/wp-json\/wp\/v2\/pages"}],"about":[{"href":"https:\/\/www.in-sit.eu\/tr\/wp-json\/wp\/v2\/types\/page"}],"author":[{"embeddable":true,"href":"https:\/\/www.in-sit.eu\/tr\/wp-json\/wp\/v2\/users\/1"}],"replies":[{"embeddable":true,"href":"https:\/\/www.in-sit.eu\/tr\/wp-json\/wp\/v2\/comments?post=3741"}],"version-history":[{"count":2,"href":"https:\/\/www.in-sit.eu\/tr\/wp-json\/wp\/v2\/pages\/3741\/revisions"}],"predecessor-version":[{"id":3743,"href":"https:\/\/www.in-sit.eu\/tr\/wp-json\/wp\/v2\/pages\/3741\/revisions\/3743"}],"wp:attachment":[{"href":"https:\/\/www.in-sit.eu\/tr\/wp-json\/wp\/v2\/media?parent=3741"}],"curies":[{"name":"wp","href":"https:\/\/api.w.org\/{rel}","templated":true}]}}