{"id":3734,"date":"2024-12-19T10:52:13","date_gmt":"2024-12-19T10:52:13","guid":{"rendered":"https:\/\/www.in-sit.eu\/?page_id=3734"},"modified":"2024-12-19T15:36:45","modified_gmt":"2024-12-19T15:36:45","slug":"erasmus-mons-visiting-turkish","status":"publish","type":"page","link":"https:\/\/www.in-sit.eu\/tr\/erasmus-mons-visiting-turkish\/","title":{"rendered":"Erasmus mons visiting Turkish"},"content":{"rendered":"<p><div class=\"fusion-fullwidth fullwidth-box fusion-builder-row-1 fusion-flex-container nonhundred-percent-fullwidth non-hundred-percent-height-scrolling\" style=\"--awb-border-radius-top-left:0px;--awb-border-radius-top-right:0px;--awb-border-radius-bottom-right:0px;--awb-border-radius-bottom-left:0px;--awb-padding-top:60px;--awb-padding-top-medium:32px;--awb-padding-top-small:20px;--awb-background-image:radial-gradient(circle at center top, hsla(var(--awb-color8-h),calc(var(--awb-color8-s) + 20%),var(--awb-color8-l),calc(var(--awb-color8-a) - 90%)) 62%,var(--awb-color1) 62%);\" ><div class=\"fusion-builder-row fusion-row fusion-flex-align-items-flex-start fusion-flex-justify-content-center\" style=\"max-width:1248px;margin-left: calc(-4% \/ 2 );margin-right: calc(-4% \/ 2 );\"><div class=\"fusion-layout-column fusion_builder_column fusion-builder-column-0 fusion_builder_column_3_5 3_5 fusion-flex-column fusion-animated\" style=\"--awb-bg-size:cover;--awb-width-large:60%;--awb-margin-top-large:20px;--awb-spacing-right-large:3.2%;--awb-margin-bottom-large:48px;--awb-spacing-left-large:3.2%;--awb-width-medium:75%;--awb-spacing-right-medium:2.56%;--awb-margin-bottom-medium:40px;--awb-spacing-left-medium:2.56%;--awb-width-small:100%;--awb-spacing-right-small:1.92%;--awb-spacing-left-small:1.92%;\" data-animationType=\"fadeInDown\" data-animationDuration=\"1.6\" data-animationOffset=\"top-into-view\"><div class=\"fusion-column-wrapper fusion-column-has-shadow fusion-flex-justify-content-flex-start fusion-content-layout-column\"><i class=\"fb-icon-element-1 fb-icon-element fontawesome-icon icon-mkb-group circle-yes\" style=\"--awb-iconcolor:var(--awb-color4);--awb-iconcolor-hover:var(--awb-color1);--awb-circlecolor:var(--awb-color1);--awb-circlecolor-hover:var(--awb-color4);--awb-circlebordercolor-hover:hsla(var(--awb-color5-h),var(--awb-color5-s),var(--awb-color5-l),calc(var(--awb-color5-a) - 90%));--awb-circlebordersize:0px;--awb-font-size:36.96px;--awb-width:73.92px;--awb-height:73.92px;--awb-line-height:73.92px;--awb-align-self:center;--awb-margin-top:0px;--awb-margin-right:0px;--awb-margin-bottom:12px;--awb-margin-left:0px;\"><\/i><div class=\"fusion-title title fusion-title-1 fusion-sep-none fusion-title-center fusion-title-text fusion-title-size-six\" style=\"--awb-margin-bottom:4px;--awb-margin-top-small:4px;--awb-margin-bottom-small:4px;--awb-margin-top-medium:4px;--awb-margin-bottom-medium:4px;\"><h6 class=\"title-heading-center fusion-responsive-typography-calculated\" style=\"margin:0;--fontSize:20;--minFontSize:20;line-height:1.5;\">De\u011fi\u015fim ziyaretleri<\/h6><\/div><div class=\"fusion-title title fusion-title-2 fusion-sep-none fusion-title-center fusion-title-text fusion-title-size-one\"><h1 class=\"title-heading-center fusion-responsive-typography-calculated\" style=\"margin:0;--fontSize:72;line-height:var(--awb-typography1-line-height);\">Erasmus mons visiting Turkish<\/h1><\/div><div class=\"fusion-text fusion-text-1\" style=\"--awb-content-alignment:center;--awb-font-size:30px;--awb-line-height:1.4em;--awb-letter-spacing:-0.02em;\"><p><b>Erasmus+ G\u00fcm\u00fc\u015f Turizm Projesi ile Avrupa&#8217;da G\u00fcm\u00fc\u015f Turizminin Te\u015fvik Edilmesi: Bel\u00e7ika&#8217;n\u0131n Mons Kentindeki \u00dc\u00e7\u00fcnc\u00fc ve Son De\u011fi\u015fim Ziyareti S\u0131ras\u0131nda \u0130yi Uygulamalar\u0131n Payla\u015f\u0131lmas\u0131<\/b><\/p>\n<\/div><\/div><\/div><div class=\"fusion-layout-column fusion_builder_column fusion-builder-column-1 fusion_builder_column_1_2 1_2 fusion-flex-column fusion-animated\" style=\"--awb-bg-size:cover;--awb-width-large:50%;--awb-margin-top-large:20px;--awb-spacing-right-large:3.84%;--awb-margin-bottom-large:20px;--awb-spacing-left-large:3.84%;--awb-width-medium:50%;--awb-order-medium:0;--awb-spacing-right-medium:3.84%;--awb-margin-bottom-medium:60px;--awb-spacing-left-medium:3.84%;--awb-width-small:100%;--awb-order-small:0;--awb-spacing-right-small:1.92%;--awb-margin-bottom-small:20px;--awb-spacing-left-small:1.92%;\" data-animationType=\"fadeInUp\" data-animationDuration=\"1.2\" data-animationOffset=\"top-into-view\"><div class=\"fusion-column-wrapper fusion-column-has-shadow fusion-flex-justify-content-flex-start fusion-content-layout-column\"><div class=\"fusion-image-element \" style=\"--awb-caption-title-font-family:var(--h2_typography-font-family);--awb-caption-title-font-weight:var(--h2_typography-font-weight);--awb-caption-title-font-style:var(--h2_typography-font-style);--awb-caption-title-size:var(--h2_typography-font-size);--awb-caption-title-transform:var(--h2_typography-text-transform);--awb-caption-title-line-height:var(--h2_typography-line-height);--awb-caption-title-letter-spacing:var(--h2_typography-letter-spacing);\"><span class=\" fusion-imageframe imageframe-none imageframe-1 hover-type-none\" class=\"image-magnify\" class=\"image-scroll\"><img decoding=\"async\" width=\"972\" height=\"1024\" title=\"mons_belgio\" src=\"https:\/\/www.in-sit.eu\/wp-content\/uploads\/2024\/12\/mons_belgio.jpg\" data-orig-src=\"https:\/\/www.in-sit.eu\/wp-content\/uploads\/2024\/12\/mons_belgio-972x1024.jpg\" alt class=\"lazyload img-responsive wp-image-3682\" srcset=\"data:image\/svg+xml,%3Csvg%20xmlns%3D%27http%3A%2F%2Fwww.w3.org%2F2000%2Fsvg%27%20width%3D%271224%27%20height%3D%271290%27%20viewBox%3D%270%200%201224%201290%27%3E%3Crect%20width%3D%271224%27%20height%3D%271290%27%20fill-opacity%3D%220%22%2F%3E%3C%2Fsvg%3E\" data-srcset=\"https:\/\/www.in-sit.eu\/wp-content\/uploads\/2024\/12\/mons_belgio-200x211.jpg 200w, https:\/\/www.in-sit.eu\/wp-content\/uploads\/2024\/12\/mons_belgio-400x422.jpg 400w, https:\/\/www.in-sit.eu\/wp-content\/uploads\/2024\/12\/mons_belgio-600x632.jpg 600w, https:\/\/www.in-sit.eu\/wp-content\/uploads\/2024\/12\/mons_belgio-800x843.jpg 800w, https:\/\/www.in-sit.eu\/wp-content\/uploads\/2024\/12\/mons_belgio-1200x1265.jpg 1200w, https:\/\/www.in-sit.eu\/wp-content\/uploads\/2024\/12\/mons_belgio.jpg 1224w\" data-sizes=\"auto\" data-orig-sizes=\"(max-width: 640px) 100vw, 600px\" \/><\/span><\/div><\/div><\/div><\/div><\/div><div class=\"fusion-fullwidth fullwidth-box fusion-builder-row-2 fusion-flex-container nonhundred-percent-fullwidth non-hundred-percent-height-scrolling\" style=\"--awb-border-radius-top-left:0px;--awb-border-radius-top-right:0px;--awb-border-radius-bottom-right:0px;--awb-border-radius-bottom-left:0px;--awb-padding-top:0px;--awb-padding-bottom:0px;--awb-padding-top-medium:20px;--awb-padding-bottom-medium:20px;--awb-padding-top-small:40px;--awb-padding-bottom-small:40px;--awb-background-color:var(--awb-color1);\" ><div class=\"fusion-builder-row fusion-row fusion-flex-align-items-center fusion-flex-justify-content-center\" style=\"max-width:1248px;margin-left: calc(-4% \/ 2 );margin-right: calc(-4% \/ 2 );\"><div class=\"fusion-layout-column fusion_builder_column fusion-builder-column-2 fusion_builder_column_1_1 1_1 fusion-flex-column fusion-flex-align-self-center fusion-animated\" style=\"--awb-padding-top:50px;--awb-padding-right:50px;--awb-padding-left:50px;--awb-overflow:hidden;--awb-bg-color:var(--awb-color1);--awb-bg-color-hover:var(--awb-color1);--awb-bg-size:cover;--awb-border-radius:12px 12px 12px 12px;--awb-filter:opacity(93%);--awb-filter-transition:filter 0.3s ease;--awb-filter-hover:opacity(100%);--awb-width-large:100%;--awb-margin-top-large:50px;--awb-spacing-right-large:1.92%;--awb-margin-bottom-large:50px;--awb-spacing-left-large:1.92%;--awb-width-medium:100%;--awb-order-medium:0;--awb-spacing-right-medium:1.92%;--awb-spacing-left-medium:1.92%;--awb-width-small:100%;--awb-order-small:0;--awb-spacing-right-small:1.92%;--awb-spacing-left-small:1.92%;\" data-animationType=\"fadeInDown\" data-animationDuration=\"1.6\" data-animationOffset=\"top-into-view\"><div class=\"fusion-column-wrapper fusion-column-has-shadow fusion-flex-justify-content-space-evenly fusion-content-layout-column\"><div class=\"fusion-text fusion-text-2\" style=\"--awb-content-alignment:center;\"><p><span style=\"font-weight: 400;\">30 Temmuz &#8211; 2 A\u011fustos 2024 tarihleri aras\u0131nda Bel\u00e7ika&#8217;n\u0131n Mons \u015fehri, \u0130talya (Solco Citt\u00e0 Aperta Konsorsiyumu) ve T\u00fcrkiye&#8217;den (SERGED) ortaklar\u0131 a\u011f\u0131rlayan Erasmus+ G\u00fcm\u00fc\u015f Turizm Projesi&#8217;nin \u00fc\u00e7\u00fcnc\u00fc ve son de\u011fi\u015fim ziyaretine ev sahipli\u011fi yapt\u0131. Bu de\u011fi\u015fim, ya\u015fl\u0131lar i\u00e7in kapsay\u0131c\u0131 turizmi te\u015fvik etmeyi ve turizm end\u00fcstrisindeki en iyi uygulamalar\u0131 payla\u015fmay\u0131 ama\u00e7layan projede \u00f6nemli bir kilometre ta\u015f\u0131 oldu.<\/span><\/p>\n<ol>\n<li><b> G\u00fcn \u2013 Mons&#8217;u Sokak Sanat\u0131 ile Ke\u015ffetmek31 Temmuz \u00c7ar\u015famba g\u00fcn\u00fc, de\u011fi\u015fim ziyareti, <\/b><i><span style=\"font-weight: 400;\">emekli bir ya\u015fl\u0131 vatanda\u015f\u0131n rehberli\u011finde Mons&#8217;ta bir sokak sanat\u0131 turu<\/span><\/i><span style=\"font-weight: 400;\"> olan L&#8217;art habite la ville ba\u015fl\u0131kl\u0131 benzersiz bir turla ba\u015flad\u0131.<\/span><\/li>\n<\/ol>\n<p><span style=\"font-weight: 400;\">\u00a0Bu deneyim, T\u00fcrk ve \u0130talyan ortaklara \u015fehri hayata ge\u00e7iren canl\u0131 sanat\u0131 g\u00f6rme \u015fans\u0131 sunarken, ayn\u0131 zamanda ya\u015fl\u0131lar\u0131n k\u00fclt\u00fcr turizmini te\u015fvik etmeye kat\u0131l\u0131m\u0131n\u0131 da vurgulad\u0131. Tur, \u00e7a\u011fda\u015f yarat\u0131c\u0131l\u0131\u011f\u0131n ve \u015fehrin zengin tarihinin kar\u0131\u015f\u0131m\u0131n\u0131 sergileyerek, onu sanatsal ve k\u00fclt\u00fcrel deneyimler arayan ya\u015fl\u0131 gezginler i\u00e7in ideal bir destinasyon haline getirdi.<\/span><\/p>\n<p><span style=\"font-weight: 400;\">Turun ard\u0131ndan grup,\u00a0 \u015fehrin turizm ofisi olan <\/span><b>VisitMons<\/b><span style=\"font-weight: 400;\">&#8216;ta kar\u015f\u0131land\u0131 ve burada m\u00fcd\u00fcr yard\u0131mc\u0131s\u0131 ile resepsiyon ve ma\u011faza koordinat\u00f6r\u00fc onlar\u0131 kar\u015f\u0131lad\u0131. Turistlerle yak\u0131n etkile\u015fim i\u00e7inde olan bu temsilciler, Mons&#8217;u ya\u015fl\u0131 dostu bir destinasyon olarak sundu. \u015eehrin <\/span><b>G\u00fcm\u00fc\u015f Turizm alan\u0131ndaki giri\u015fimlerinin <\/b><span style=\"font-weight: 400;\">yan\u0131 s\u0131ra engelli veya hareket kabiliyeti k\u0131s\u0131tl\u0131 ki\u015filere y\u00f6nelik tekliflerini vurgulayarak, ya\u015f veya fiziksel yetenekten ba\u011f\u0131ms\u0131z olarak t\u00fcm ziyaret\u00e7ilerin Mons deneyiminden tam anlam\u0131yla keyif alabilmelerini sa\u011flad\u0131lar.<\/span><\/p>\n<ol start=\"2\">\n<li><b> G\u00fcn \u2013 \u0130\u015fbirlik\u00e7i Proje Geli\u015ftirme1 A\u011fustos Per\u015fembe g\u00fcn\u00fc, ortaklar <\/b><span style=\"font-weight: 400;\">bir dizi \u00e7al\u0131\u015fma oturumu i\u00e7in Logopsycom&#8217;un ofisinde SkyLabMons&#8217;ta bir araya geldi. G\u00fcn, a\u015fa\u011f\u0131dakiler de dahil olmak \u00fczere projenin hedeflerini ilerletmeye adanm\u0131\u015ft\u0131r:<\/span><\/li>\n<\/ol>\n<ul>\n<li style=\"font-weight: 400;\" aria-level=\"1\"><b>En iyi uygulamalar\u0131n sonu\u00e7land\u0131r\u0131lmas\u0131<\/b><span style=\"font-weight: 400;\">: Ortaklar, \u00f6nceki de\u011fi\u015fim ziyaretlerinden edindikleri deneyimlerden yararlanarak ya\u015fl\u0131lar i\u00e7in turizm tekliflerini iyile\u015ftirmeye y\u00f6nelik yenilik\u00e7i fikirler ve yakla\u015f\u0131mlar payla\u015ft\u0131lar.<\/span><\/li>\n<li style=\"font-weight: 400;\" aria-level=\"1\"><b>Rehberin tamamlanmas\u0131<\/b><span style=\"font-weight: 400;\">: Turizm operat\u00f6rleri i\u00e7in Avrupa&#8217;daki ya\u015fl\u0131 gezginlere nas\u0131l daha iyi hizmet verilebilece\u011fi konusunda kapsaml\u0131 bir rehber olu\u015fturmaya y\u00f6nelik \u00e7ok \u00f6nemli bir ad\u0131m.<\/span><\/li>\n<li style=\"font-weight: 400;\" aria-level=\"1\"><b>\u00c7al\u0131\u015ftay planlamas\u0131<\/b><span style=\"font-weight: 400;\">: Ortaklar, tur operat\u00f6rlerinin, yerel konaklama i\u015fletmelerinin ve karar vericilerin rehberin i\u00e7eri\u011fini do\u011frulamaya ve geli\u015ftirmeye yard\u0131mc\u0131 olaca\u011f\u0131, hizmetleri y\u00fckseltmeyi, g\u00fcm\u00fc\u015f turistler i\u00e7in tesisleri iyile\u015ftirmeyi ve ekip becerilerini art\u0131rmay\u0131 ama\u00e7layan yakla\u015fan kat\u0131l\u0131mc\u0131 \u00e7ok payda\u015fl\u0131 \u00e7al\u0131\u015ftaylar\u0131 tart\u0131\u015ft\u0131lar.<\/span><\/li>\n<\/ul>\n<p><span style=\"font-weight: 400;\">\u00d6\u011fleden sonraki tart\u0131\u015fmalar, kalite y\u00f6netimi<\/span><b>, <\/b><span style=\"font-weight: 400;\">sonu\u00e7lar\u0131n yayg\u0131nla\u015ft\u0131r\u0131lmas\u0131<\/span><b> ve <\/b><span style=\"font-weight: 400;\">proje finansman\u0131<\/span><b> konular\u0131na odaklanarak <\/b><span style=\"font-weight: 400;\">proje \u00e7\u0131kt\u0131lar\u0131n\u0131n hem etkili hem de s\u00fcrd\u00fcr\u00fclebilir olmas\u0131n\u0131 sa\u011flad\u0131. G\u00fcn, daha fazla fikir ve deneyim al\u0131\u015fveri\u015fi i\u00e7in rahat bir ortam sa\u011flayan ortak bir ak\u015fam yeme\u011fi ile sona erdi.<\/span><\/p>\n<p><b>Son De\u011fi\u015fim ve \u0130leriye Bak\u0131\u015fErasmus + G\u00fcm\u00fc\u015f Turizm Projesi&#8217;ndeki son de\u011fi\u015fim ziyareti olan Mons ziyareti, Bel\u00e7ikal\u0131, \u0130talyan ve T\u00fcrk ortaklar aras\u0131ndaki i\u015fbirlik\u00e7i yolculu\u011fa uygun bir sonu\u00e7tu. Proje, \u00e7e\u015fitli de\u011fi\u015fim ziyaretleri arac\u0131l\u0131\u011f\u0131yla, Avrupa \u00e7ap\u0131nda ya\u015fl\u0131 turizmini geli\u015ftirmek i\u00e7in de\u011ferli i\u00e7g\u00f6r\u00fcler ve en iyi uygulamalar\u0131 ba\u015far\u0131yla bir araya getirdi.<\/b><\/p>\n<p><span style=\"font-weight: 400;\">Projenin ara\u00e7lar\u0131n\u0131n ve rehberlerinin tamamlanmas\u0131yla birlikte, turizm operat\u00f6rleri art\u0131k ya\u015fl\u0131lar i\u00e7in kapsay\u0131c\u0131 ve unutulmaz deneyimler sunacak bir \u00e7er\u00e7eveye sahip olacaklar. Mons, eri\u015filebilirlik, k\u00fclt\u00fcr ve yarat\u0131c\u0131l\u0131\u011fa yapt\u0131\u011f\u0131 vurguyla, projenin bu son a\u015famas\u0131 i\u00e7in bir fon g\u00f6revi g\u00f6rd\u00fc. Silver Tourism giri\u015fimi \u015fimdi Avrupa turizm end\u00fcstrisi \u00fczerinde kal\u0131c\u0131 bir etki yaratmaya haz\u0131rlan\u0131yor ve ya\u015fl\u0131 gezginlerin yaln\u0131zca a\u011f\u0131rlanmas\u0131n\u0131 de\u011fil, ayn\u0131 zamanda ola\u011fan\u00fcst\u00fc seyahat deneyimleriyle kutlanmas\u0131n\u0131 da sa\u011fl\u0131yor.<\/span><\/p>\n<\/div><\/div><\/div><\/div><\/div><\/p>\n","protected":false},"excerpt":{"rendered":"","protected":false},"author":1,"featured_media":0,"parent":0,"menu_order":0,"comment_status":"closed","ping_status":"closed","template":"100-width.php","meta":{"content-type":"","footnotes":""},"class_list":["post-3734","page","type-page","status-publish","hentry"],"acf":[],"yoast_head":"<!-- This site is optimized with the Yoast SEO plugin v20.9 - https:\/\/yoast.com\/wordpress\/plugins\/seo\/ -->\n<title>Erasmus mons visiting Turkish - In-Sit<\/title>\n<meta name=\"robots\" content=\"index, follow, max-snippet:-1, max-image-preview:large, max-video-preview:-1\" \/>\n<link rel=\"canonical\" href=\"https:\/\/www.in-sit.eu\/tr\/erasmus-mons-visiting-turkish\/\" \/>\n<meta property=\"og:locale\" content=\"tr_TR\" \/>\n<meta property=\"og:type\" content=\"article\" \/>\n<meta property=\"og:title\" content=\"Erasmus mons visiting Turkish - In-Sit\" \/>\n<meta property=\"og:url\" content=\"https:\/\/www.in-sit.eu\/tr\/erasmus-mons-visiting-turkish\/\" \/>\n<meta property=\"og:site_name\" content=\"In-Sit\" \/>\n<meta property=\"article:modified_time\" content=\"2024-12-19T15:36:45+00:00\" \/>\n<meta name=\"twitter:card\" content=\"summary_large_image\" \/>\n<meta name=\"twitter:label1\" content=\"Tahmini okuma s\u00fcresi\" \/>\n\t<meta name=\"twitter:data1\" content=\"5 dakika\" \/>\n<script type=\"application\/ld+json\" class=\"yoast-schema-graph\">{\"@context\":\"https:\/\/schema.org\",\"@graph\":[{\"@type\":\"WebPage\",\"@id\":\"https:\/\/www.in-sit.eu\/tr\/erasmus-mons-visiting-turkish\/\",\"url\":\"https:\/\/www.in-sit.eu\/tr\/erasmus-mons-visiting-turkish\/\",\"name\":\"Erasmus mons visiting Turkish - In-Sit\",\"isPartOf\":{\"@id\":\"https:\/\/www.in-sit.eu\/#website\"},\"datePublished\":\"2024-12-19T10:52:13+00:00\",\"dateModified\":\"2024-12-19T15:36:45+00:00\",\"breadcrumb\":{\"@id\":\"https:\/\/www.in-sit.eu\/tr\/erasmus-mons-visiting-turkish\/#breadcrumb\"},\"inLanguage\":\"tr\",\"potentialAction\":[{\"@type\":\"ReadAction\",\"target\":[\"https:\/\/www.in-sit.eu\/tr\/erasmus-mons-visiting-turkish\/\"]}]},{\"@type\":\"BreadcrumbList\",\"@id\":\"https:\/\/www.in-sit.eu\/tr\/erasmus-mons-visiting-turkish\/#breadcrumb\",\"itemListElement\":[{\"@type\":\"ListItem\",\"position\":1,\"name\":\"Home\",\"item\":\"https:\/\/www.in-sit.eu\/tr\/\"},{\"@type\":\"ListItem\",\"position\":2,\"name\":\"Erasmus mons visiting Turkish\"}]},{\"@type\":\"WebSite\",\"@id\":\"https:\/\/www.in-sit.eu\/#website\",\"url\":\"https:\/\/www.in-sit.eu\/\",\"name\":\"In-Sit\",\"description\":\"Silver tourism\",\"potentialAction\":[{\"@type\":\"SearchAction\",\"target\":{\"@type\":\"EntryPoint\",\"urlTemplate\":\"https:\/\/www.in-sit.eu\/?s={search_term_string}\"},\"query-input\":\"required name=search_term_string\"}],\"inLanguage\":\"tr\"}]}<\/script>\n<!-- \/ Yoast SEO plugin. -->","yoast_head_json":{"title":"Erasmus mons visiting Turkish - In-Sit","robots":{"index":"index","follow":"follow","max-snippet":"max-snippet:-1","max-image-preview":"max-image-preview:large","max-video-preview":"max-video-preview:-1"},"canonical":"https:\/\/www.in-sit.eu\/tr\/erasmus-mons-visiting-turkish\/","og_locale":"tr_TR","og_type":"article","og_title":"Erasmus mons visiting Turkish - In-Sit","og_url":"https:\/\/www.in-sit.eu\/tr\/erasmus-mons-visiting-turkish\/","og_site_name":"In-Sit","article_modified_time":"2024-12-19T15:36:45+00:00","twitter_card":"summary_large_image","twitter_misc":{"Tahmini okuma s\u00fcresi":"5 dakika"},"schema":{"@context":"https:\/\/schema.org","@graph":[{"@type":"WebPage","@id":"https:\/\/www.in-sit.eu\/tr\/erasmus-mons-visiting-turkish\/","url":"https:\/\/www.in-sit.eu\/tr\/erasmus-mons-visiting-turkish\/","name":"Erasmus mons visiting Turkish - In-Sit","isPartOf":{"@id":"https:\/\/www.in-sit.eu\/#website"},"datePublished":"2024-12-19T10:52:13+00:00","dateModified":"2024-12-19T15:36:45+00:00","breadcrumb":{"@id":"https:\/\/www.in-sit.eu\/tr\/erasmus-mons-visiting-turkish\/#breadcrumb"},"inLanguage":"tr","potentialAction":[{"@type":"ReadAction","target":["https:\/\/www.in-sit.eu\/tr\/erasmus-mons-visiting-turkish\/"]}]},{"@type":"BreadcrumbList","@id":"https:\/\/www.in-sit.eu\/tr\/erasmus-mons-visiting-turkish\/#breadcrumb","itemListElement":[{"@type":"ListItem","position":1,"name":"Home","item":"https:\/\/www.in-sit.eu\/tr\/"},{"@type":"ListItem","position":2,"name":"Erasmus mons visiting Turkish"}]},{"@type":"WebSite","@id":"https:\/\/www.in-sit.eu\/#website","url":"https:\/\/www.in-sit.eu\/","name":"In-Sit","description":"Silver tourism","potentialAction":[{"@type":"SearchAction","target":{"@type":"EntryPoint","urlTemplate":"https:\/\/www.in-sit.eu\/?s={search_term_string}"},"query-input":"required name=search_term_string"}],"inLanguage":"tr"}]}},"_links":{"self":[{"href":"https:\/\/www.in-sit.eu\/tr\/wp-json\/wp\/v2\/pages\/3734","targetHints":{"allow":["GET"]}}],"collection":[{"href":"https:\/\/www.in-sit.eu\/tr\/wp-json\/wp\/v2\/pages"}],"about":[{"href":"https:\/\/www.in-sit.eu\/tr\/wp-json\/wp\/v2\/types\/page"}],"author":[{"embeddable":true,"href":"https:\/\/www.in-sit.eu\/tr\/wp-json\/wp\/v2\/users\/1"}],"replies":[{"embeddable":true,"href":"https:\/\/www.in-sit.eu\/tr\/wp-json\/wp\/v2\/comments?post=3734"}],"version-history":[{"count":1,"href":"https:\/\/www.in-sit.eu\/tr\/wp-json\/wp\/v2\/pages\/3734\/revisions"}],"predecessor-version":[{"id":3735,"href":"https:\/\/www.in-sit.eu\/tr\/wp-json\/wp\/v2\/pages\/3734\/revisions\/3735"}],"wp:attachment":[{"href":"https:\/\/www.in-sit.eu\/tr\/wp-json\/wp\/v2\/media?parent=3734"}],"curies":[{"name":"wp","href":"https:\/\/api.w.org\/{rel}","templated":true}]}}