{"id":3593,"date":"2024-06-27T11:34:02","date_gmt":"2024-06-27T11:34:02","guid":{"rendered":"https:\/\/www.in-sit.eu\/long-term-accomodation\/"},"modified":"2024-11-15T00:32:58","modified_gmt":"2024-11-15T00:32:58","slug":"uzun-sureli-konaklama","status":"publish","type":"page","link":"https:\/\/www.in-sit.eu\/tr\/uzun-sureli-konaklama\/","title":{"rendered":"Uzun S\u00fcreli Konaklama"},"content":{"rendered":"<p><div class=\"fusion-fullwidth fullwidth-box fusion-builder-row-1 fusion-flex-container nonhundred-percent-fullwidth non-hundred-percent-height-scrolling\" style=\"--awb-border-radius-top-left:0px;--awb-border-radius-top-right:0px;--awb-border-radius-bottom-right:0px;--awb-border-radius-bottom-left:0px;--awb-padding-top:60px;--awb-padding-top-medium:32px;--awb-padding-top-small:20px;--awb-background-image:radial-gradient(circle at center top, hsla(var(--awb-color4-h),calc(var(--awb-color4-s) + 20%),var(--awb-color4-l),calc(var(--awb-color4-a) - 90%)) 62%,var(--awb-color1) 62%);\" ><div class=\"fusion-builder-row fusion-row fusion-flex-align-items-flex-start fusion-flex-justify-content-center\" style=\"max-width:1248px;margin-left: calc(-4% \/ 2 );margin-right: calc(-4% \/ 2 );\"><div class=\"fusion-layout-column fusion_builder_column fusion-builder-column-0 fusion_builder_column_3_5 3_5 fusion-flex-column fusion-animated\" style=\"--awb-bg-size:cover;--awb-width-large:60%;--awb-margin-top-large:20px;--awb-spacing-right-large:3.2%;--awb-margin-bottom-large:48px;--awb-spacing-left-large:3.2%;--awb-width-medium:75%;--awb-spacing-right-medium:2.56%;--awb-margin-bottom-medium:40px;--awb-spacing-left-medium:2.56%;--awb-width-small:100%;--awb-spacing-right-small:1.92%;--awb-spacing-left-small:1.92%;\" data-animationType=\"fadeInDown\" data-animationDuration=\"1.6\" data-animationOffset=\"top-into-view\"><div class=\"fusion-column-wrapper fusion-column-has-shadow fusion-flex-justify-content-flex-start fusion-content-layout-column\"><i class=\"fb-icon-element-1 fb-icon-element fontawesome-icon icon-mkb-group circle-yes\" style=\"--awb-iconcolor:var(--awb-color4);--awb-iconcolor-hover:var(--awb-color1);--awb-circlecolor:var(--awb-color1);--awb-circlecolor-hover:var(--awb-color4);--awb-circlebordercolor-hover:hsla(var(--awb-color5-h),var(--awb-color5-s),var(--awb-color5-l),calc(var(--awb-color5-a) - 90%));--awb-circlebordersize:0px;--awb-font-size:36.96px;--awb-width:73.92px;--awb-height:73.92px;--awb-line-height:73.92px;--awb-align-self:center;--awb-margin-top:0px;--awb-margin-right:0px;--awb-margin-bottom:12px;--awb-margin-left:0px;\"><\/i><div class=\"fusion-title title fusion-title-1 fusion-sep-none fusion-title-center fusion-title-text fusion-title-size-six\" style=\"--awb-margin-bottom:4px;--awb-margin-top-small:4px;--awb-margin-bottom-small:4px;--awb-margin-top-medium:4px;--awb-margin-bottom-medium:4px;\"><h6 class=\"title-heading-center fusion-responsive-typography-calculated\" style=\"margin:0;--fontSize:20;--minFontSize:20;line-height:1.5;\">En \u0130yi Uygulamalar<\/h6><\/div><div class=\"fusion-title title fusion-title-2 fusion-sep-none fusion-title-center fusion-title-text fusion-title-size-one\"><h1 class=\"title-heading-center fusion-responsive-typography-calculated\" style=\"margin:0;--fontSize:72;line-height:var(--awb-typography1-line-height);\">Uzun S\u00fcreli Konaklama<\/h1><\/div><div class=\"fusion-text fusion-text-1\" style=\"--awb-content-alignment:center;--awb-font-size:30px;--awb-line-height:1.4em;--awb-letter-spacing:-0.02em;\"><p><b>T\u00fcrkiye&#8217;de 5* Otellerde G\u00fcm\u00fc\u015f Turizm ve Uzun S\u00fcreli Konaklama <\/b><\/p>\n<\/div><\/div><\/div><div class=\"fusion-layout-column fusion_builder_column fusion-builder-column-1 fusion_builder_column_1_2 1_2 fusion-flex-column fusion-animated\" style=\"--awb-bg-size:cover;--awb-width-large:50%;--awb-margin-top-large:20px;--awb-spacing-right-large:3.84%;--awb-margin-bottom-large:20px;--awb-spacing-left-large:3.84%;--awb-width-medium:50%;--awb-order-medium:0;--awb-spacing-right-medium:3.84%;--awb-margin-bottom-medium:60px;--awb-spacing-left-medium:3.84%;--awb-width-small:100%;--awb-order-small:0;--awb-spacing-right-small:1.92%;--awb-margin-bottom-small:20px;--awb-spacing-left-small:1.92%;\" data-animationType=\"fadeInUp\" data-animationDuration=\"1.2\" data-animationOffset=\"top-into-view\"><div class=\"fusion-column-wrapper fusion-column-has-shadow fusion-flex-justify-content-flex-start fusion-content-layout-column\"><div class=\"fusion-image-element \" style=\"text-align:center;--awb-caption-title-font-family:var(--h2_typography-font-family);--awb-caption-title-font-weight:var(--h2_typography-font-weight);--awb-caption-title-font-style:var(--h2_typography-font-style);--awb-caption-title-size:var(--h2_typography-font-size);--awb-caption-title-transform:var(--h2_typography-text-transform);--awb-caption-title-line-height:var(--h2_typography-line-height);--awb-caption-title-letter-spacing:var(--h2_typography-letter-spacing);\"><span class=\" fusion-imageframe imageframe-none imageframe-1 hover-type-none\" class=\"image-magnify\" class=\"image-scroll\"><img decoding=\"async\" width=\"392\" height=\"436\" title=\"Long term accomodation\" src=\"https:\/\/www.in-sit.eu\/wp-content\/uploads\/2024\/06\/Long-term-accomodation.png\" data-orig-src=\"https:\/\/www.in-sit.eu\/wp-content\/uploads\/2024\/06\/Long-term-accomodation.png\" alt class=\"lazyload img-responsive wp-image-3426\" srcset=\"data:image\/svg+xml,%3Csvg%20xmlns%3D%27http%3A%2F%2Fwww.w3.org%2F2000%2Fsvg%27%20width%3D%27392%27%20height%3D%27436%27%20viewBox%3D%270%200%20392%20436%27%3E%3Crect%20width%3D%27392%27%20height%3D%27436%27%20fill-opacity%3D%220%22%2F%3E%3C%2Fsvg%3E\" data-srcset=\"https:\/\/www.in-sit.eu\/wp-content\/uploads\/2024\/06\/Long-term-accomodation-200x222.png 200w, https:\/\/www.in-sit.eu\/wp-content\/uploads\/2024\/06\/Long-term-accomodation.png 392w\" data-sizes=\"auto\" data-orig-sizes=\"(max-width: 640px) 100vw, 392px\" \/><\/span><\/div><\/div><\/div><\/div><\/div><div class=\"fusion-fullwidth fullwidth-box fusion-builder-row-2 fusion-flex-container nonhundred-percent-fullwidth non-hundred-percent-height-scrolling\" style=\"--awb-border-radius-top-left:0px;--awb-border-radius-top-right:0px;--awb-border-radius-bottom-right:0px;--awb-border-radius-bottom-left:0px;--awb-padding-top:0px;--awb-padding-bottom:0px;--awb-padding-top-medium:20px;--awb-padding-bottom-medium:20px;--awb-padding-top-small:40px;--awb-padding-bottom-small:40px;--awb-background-color:var(--awb-color1);\" ><div class=\"fusion-builder-row fusion-row fusion-flex-align-items-center fusion-flex-justify-content-center\" style=\"max-width:1248px;margin-left: calc(-4% \/ 2 );margin-right: calc(-4% \/ 2 );\"><div class=\"fusion-layout-column fusion_builder_column fusion-builder-column-2 fusion_builder_column_1_1 1_1 fusion-flex-column fusion-flex-align-self-center fusion-animated\" style=\"--awb-padding-top:50px;--awb-padding-right:50px;--awb-padding-left:50px;--awb-overflow:hidden;--awb-bg-color:var(--awb-color1);--awb-bg-color-hover:var(--awb-color1);--awb-bg-size:cover;--awb-border-radius:12px 12px 12px 12px;--awb-filter:opacity(93%);--awb-filter-transition:filter 0.3s ease;--awb-filter-hover:opacity(100%);--awb-width-large:100%;--awb-margin-top-large:50px;--awb-spacing-right-large:1.92%;--awb-margin-bottom-large:50px;--awb-spacing-left-large:1.92%;--awb-width-medium:100%;--awb-order-medium:0;--awb-spacing-right-medium:1.92%;--awb-spacing-left-medium:1.92%;--awb-width-small:100%;--awb-order-small:0;--awb-spacing-right-small:1.92%;--awb-spacing-left-small:1.92%;\" data-animationType=\"fadeInDown\" data-animationDuration=\"1.6\" data-animationOffset=\"top-into-view\"><div class=\"fusion-column-wrapper fusion-column-has-shadow fusion-flex-justify-content-space-evenly fusion-content-layout-column\"><div class=\"fusion-text fusion-text-2\" style=\"--awb-content-alignment:center;\"><p><span style=\"font-weight: 400;\">\u00dc\u00e7\u00fcnc\u00fc ya\u015f turizmi olarak da bilinen ya\u015fl\u0131 turizmi, genel olarak belirli bir ya\u015f\u0131n \u00fczerindeki bireylerin aktif \u00e7al\u0131\u015fma hayat\u0131n\u0131 tamamlam\u0131\u015f bireylerin farkl\u0131 destinasyonlara yapt\u0131klar\u0131 seyahatlerin tamam\u0131n\u0131 kapsamaktad\u0131r. Literat\u00fcr detayl\u0131 bir \u015fekilde incelendi\u011finde, ya\u015fl\u0131 bireylerin turizm faaliyetlerine y\u00f6nelik yap\u0131lan \u00e7al\u0131\u015fmalarda &#8220;\u00fc\u00e7\u00fcnc\u00fc ya\u015f&#8221; kavram\u0131ndan bahsedilirken, bu kavram\u0131 tan\u0131mlayan ya\u015f aral\u0131klar\u0131nda farkl\u0131l\u0131klar oldu\u011fu tespit edilmi\u015ftir (Patterson ve Balderas, 2018).\u00a0<\/span><\/p>\n<p><span style=\"font-weight: 400;\">D\u00fcnya Sa\u011fl\u0131k \u00d6rg\u00fct\u00fc&#8217;ne g\u00f6re; <\/span><\/p>\n<p><span style=\"font-weight: 400;\">\u2219 0-17 ya\u015f aras\u0131 ergen,\u00a0<\/span><\/p>\n<p><span style=\"font-weight: 400;\">\u2219 18-64 ya\u015f aras\u0131 gen\u00e7ler,\u00a0<\/span><\/p>\n<p><span style=\"font-weight: 400;\">\u2219 65-74 ya\u015f aral\u0131\u011f\u0131nda, gen\u00e7 ve ya\u015fl\u0131,\u00a0<\/span><\/p>\n<p><span style=\"font-weight: 400;\">\u2219 75-84 ya\u015f aral\u0131\u011f\u0131 ileri ya\u015fta,\u00a0<\/span><\/p>\n<p><span style=\"font-weight: 400;\">\u2219 85 ya\u015f ve \u00fczeri ise ya\u015fl\u0131 olarak ifade edilmektedir.<\/span><\/p>\n<p><span style=\"font-weight: 400;\">\u00c7al\u0131\u015fman\u0131n ana konusu oldu\u011fu i\u00e7in \u00fc\u00e7\u00fcnc\u00fc ya\u015f turizmi ile ilgili daha kapsaml\u0131 bir a\u00e7\u0131klama ilerleyen b\u00f6l\u00fcmlerde yap\u0131lacakt\u0131r. D\u00fcnya Sa\u011fl\u0131k \u00d6rg\u00fct\u00fc&#8217;ne g\u00f6re, d\u00fcnya n\u00fcfusunun yakla\u015f\u0131k %15&#8217;i (yani yakla\u015f\u0131k 1 milyar) engelli insanlardan olu\u015fmaktad\u0131r. Engelli turizmi ise engelli bireylerin di\u011fer sa\u011fl\u0131kl\u0131 bireyler gibi sorunsuz bir \u015fekilde turizm faaliyetlerine kat\u0131labilmelerini ifade etmektedir (Bulgan, 2015). Bu turizm faaliyetine kat\u0131lan fiziksel, zihinsel ya da sosyal engeli olan bireylerin seyahatleri s\u0131ras\u0131nda kar\u015f\u0131la\u015fabilecekleri t\u00fcm engellerin ortadan kald\u0131r\u0131lmas\u0131 ama\u00e7land\u0131\u011f\u0131ndan literat\u00fcrde &#8220;engelsiz turizm&#8221; ya da &#8220;eri\u015filebilir turizm&#8221; olarak da kar\u015f\u0131m\u0131za \u00e7\u0131kabilmektedir. \u00dc\u00e7\u00fcnc\u00fc ya\u015f turizmi kapsam\u0131nda de\u011ferlendirilen grubun ileri ya\u015flar\u0131 nedeniyle kar\u015f\u0131la\u015fabilecekleri engeller g\u00f6z \u00f6n\u00fcnde bulunduruldu\u011funda engelli turizmi faaliyetleri ile ortak bir paydada de\u011ferlendirilmektedir.<\/span><\/p>\n<p><b>\u00dc\u00e7\u00fcnc\u00fc Ya\u015f Turistlerin Konaklama K\u0131s\u0131tlamalar\u0131 <\/b><\/p>\n<p><span style=\"font-weight: 400;\">\u00dc\u00e7\u00fcnc\u00fc ya\u015f grubundaki bireylerin g\u00fcnl\u00fck ya\u015famlar\u0131n\u0131 s\u00fcrd\u00fcrebilmeleri i\u00e7in evde bak\u0131m ve sosyal ya\u015fam\u0131 iyile\u015ftirici hizmetlere ihtiya\u00e7 duyulmaktad\u0131r. Bu bak\u0131m ihtiya\u00e7lar\u0131 nedeniyle hizmet sa\u011flay\u0131c\u0131 merkezler, hasta g\u00fcvenli\u011fi a\u00e7\u0131s\u0131ndan fiziki durumlar\u0131n\u0131 ya\u015fl\u0131 bireylerin ihtiya\u00e7lar\u0131 do\u011frultusunda d\u00fczenlemelidir. Uzun s\u00fcreli bak\u0131m hizmetlerinde farkl\u0131 t\u00fcrlerde hizmet sa\u011flay\u0131c\u0131lara ve bak\u0131m verenlere ihtiya\u00e7 duyulmaktad\u0131r (T\u00dcS\u0130AD, 2019). Albayrak (2014), otellere ba\u011fl\u0131 restoranlarda \u00fc\u00e7\u00fcnc\u00fc ya\u015f turistlerin ya\u015fad\u0131\u011f\u0131 sorunlar\u0131 inceledi\u011fi \u00e7al\u0131\u015fmas\u0131nda, \u00fc\u00e7\u00fcnc\u00fc ya\u015f turistlerin en \u00e7ok ya\u011fl\u0131 ve kalorili yemekler, enerji de\u011ferlerinin belirtilmemesi, men\u00fcde diyabetik \u00fcr\u00fcnlere yer verilmemesi, yemeklerin i\u00e7eri\u011finin yaz\u0131lmamas\u0131 gibi sorunlarla kar\u015f\u0131la\u015ft\u0131klar\u0131n\u0131 tespit etmi\u015ftir. Gezi s\u0131ras\u0131nda tercih edilecek konaklama t\u00fcr\u00fc, gezi nedenine ve gelir d\u00fczeyine ba\u011fl\u0131 olarak belirlenir. Ya\u015fl\u0131 bireyler konaklama tesisi se\u00e7erken tercihlerini geni\u015f bir yelpazede belirlemektedir (Alen vd., 2017). \u0130lerleyen ya\u015fa ba\u011fl\u0131 olarak fiziksel hareketlili\u011fin k\u0131s\u0131tlanmas\u0131 ve bunun sonucunda ortaya \u00e7\u0131kan engellilik konaklama tercihlerini etkilemektedir.<\/span><\/p>\n<p><b>T\u00fcrkiye&#8217;de ya\u015fl\u0131 turizmi <\/b><\/p>\n<p><span style=\"font-weight: 400;\">T\u00fcrkiye&#8217;de 65 ya\u015f ve \u00fczeri n\u00fcfusun toplam n\u00fcfusa oran\u0131 2018 y\u0131l\u0131nda %8,75 iken 2023 y\u0131l\u0131nda %10,2&#8217;ye ula\u015fmas\u0131 beklenmektedir. T\u00dc\u0130K&#8217;in n\u00fcfus projeksiyonlar\u0131na g\u00f6re 2060 y\u0131l\u0131nda ya\u015fl\u0131 n\u00fcfusun 2023 y\u0131l\u0131nda ya\u015fl\u0131 n\u00fcfusun 2 kat\u0131ndan fazla olmas\u0131 bekleniyor. 2080 y\u0131l\u0131nda toplam n\u00fcfusun d\u00f6rtte birinin ya\u015fl\u0131 n\u00fcfus olaca\u011f\u0131 \u00f6ng\u00f6r\u00fclmektedir.<\/span><\/p>\n<p><span style=\"font-weight: 400;\">Antalya&#8217;da bulunan 5* oteller incelendi\u011finde ya\u015fl\u0131 bireylere y\u00f6nelik turizm hizmetlerinin genellikle \u0131l\u0131man iklim mevsiminin normal s\u0131cakl\u0131klarda oldu\u011fu sonbahar, k\u0131\u015f ve ilkbahar mevsimlerinde yo\u011funla\u015ft\u0131\u011f\u0131 g\u00f6r\u00fclmektedir. Bu d\u00f6nemlerde ya\u015fl\u0131 turistler yaz turistlerine g\u00f6re daha uzun s\u00fcre kalmay\u0131 tercih ediyor. Fiziksel mekanlar\u0131n ya\u015fl\u0131 turistlerin \u00f6nceliklerine uygun olarak d\u00fczenlenmesi, otel odalar\u0131n\u0131n ve di\u011fer alanlar\u0131n ya\u015fl\u0131lar\u0131n \u00f6zelliklerine uygun olarak d\u00fczenlenmesi onlar\u0131 daha uzun s\u00fcre kalmaya te\u015fvik etmektedir.<\/span><\/p>\n<p><span style=\"font-weight: 400;\">Yap\u0131lan incelemeler sonucunda ekonomik olarak her \u015fey dahil hizmet veren otellerin ya\u015fl\u0131 turistlerin daha \u00e7ok ilgisini \u00e7ekti\u011fi, ya\u015fl\u0131lar\u0131n ise konaklama, yeme-i\u00e7me, sa\u011fl\u0131k ve bak\u0131m gibi temel ihtiya\u00e7lar\u0131n kar\u015f\u0131land\u0131\u011f\u0131 otellerde 2 haftadan fazla ve 1 aya kadar konaklamay\u0131 tercih etti\u011fi g\u00f6r\u00fclmektedir.<\/span><\/p>\n<p><span style=\"font-weight: 400;\">Otellerin fiziksel \u00f6zellikleri ve hizmet kalitesinin yan\u0131 s\u0131ra, otel i\u00e7i ve otel d\u0131\u015f\u0131 aktiviteler ile ya\u015fl\u0131lar\u0131n sosyalle\u015fmesini destekleyecek aktivitelere yer verilmesi a\u00e7\u0131s\u0131ndan Antalya otellerinin yeterli teknik destek eleman\u0131 ve uzmanl\u0131\u011fa sahip olmad\u0131\u011f\u0131 g\u00f6r\u00fclm\u00fc\u015ft\u00fcr.<\/span><\/p>\n<p><span style=\"font-weight: 400;\">Ya\u015fl\u0131lar\u0131n bu sosyal ihtiya\u00e7lar\u0131na y\u00f6nelik otel d\u0131\u015f\u0131 g\u00fcn\u00fcbirlik tur ve aktivitelerin ger\u00e7ekle\u015ftirilmesinde Avrupa&#8217;daki en iyi uygulama ve uygulamalar\u0131n aktar\u0131lmas\u0131, buna g\u00f6re vas\u0131fl\u0131 eleman ihtiyac\u0131n\u0131n kar\u015f\u0131lanmas\u0131, m\u00fc\u015fteri memnuniyetini ve ya\u015fl\u0131lar\u0131n turizm faaliyetlerine kat\u0131l\u0131m oran\u0131n\u0131 art\u0131racakt\u0131r.<\/span><\/p>\n<\/div><\/div><\/div><\/div><\/div><div class=\"fusion-fullwidth fullwidth-box fusion-builder-row-3 fusion-flex-container nonhundred-percent-fullwidth non-hundred-percent-height-scrolling\" style=\"--awb-border-radius-top-left:0px;--awb-border-radius-top-right:0px;--awb-border-radius-bottom-right:0px;--awb-border-radius-bottom-left:0px;--awb-padding-top:5%;--awb-padding-bottom:60px;--awb-padding-bottom-medium:40px;--awb-padding-top-small:40px;--awb-padding-bottom-small:40px;--awb-background-color:var(--awb-color1);\" ><div class=\"fusion-builder-row fusion-row fusion-flex-align-items-flex-start fusion-flex-justify-content-center\" style=\"max-width:1248px;margin-left: calc(-4% \/ 2 );margin-right: calc(-4% \/ 2 );\"><\/div><\/div><div class=\"fusion-fullwidth fullwidth-box fusion-builder-row-4 fusion-flex-container nonhundred-percent-fullwidth non-hundred-percent-height-scrolling\" style=\"--awb-border-radius-top-left:0px;--awb-border-radius-top-right:0px;--awb-border-radius-bottom-right:0px;--awb-border-radius-bottom-left:0px;--awb-padding-top:5%;--awb-padding-bottom:60px;--awb-padding-bottom-medium:40px;--awb-padding-top-small:40px;--awb-padding-bottom-small:40px;--awb-background-color:var(--awb-color1);\" ><div class=\"fusion-builder-row fusion-row fusion-flex-align-items-flex-start fusion-flex-justify-content-center\" style=\"max-width:1248px;margin-left: calc(-4% \/ 2 );margin-right: calc(-4% \/ 2 );\"><\/div><\/div><div class=\"fusion-fullwidth fullwidth-box fusion-builder-row-5 fusion-flex-container nonhundred-percent-fullwidth non-hundred-percent-height-scrolling\" style=\"--awb-border-radius-top-left:0px;--awb-border-radius-top-right:0px;--awb-border-radius-bottom-right:0px;--awb-border-radius-bottom-left:0px;--awb-padding-top:5%;--awb-padding-bottom:60px;--awb-padding-bottom-medium:40px;--awb-padding-top-small:40px;--awb-padding-bottom-small:40px;--awb-background-color:var(--awb-color1);\" ><div class=\"fusion-builder-row fusion-row fusion-flex-align-items-flex-start fusion-flex-justify-content-center\" style=\"max-width:1248px;margin-left: calc(-4% \/ 2 );margin-right: calc(-4% \/ 2 );\"><\/div><\/div><div class=\"fusion-fullwidth fullwidth-box fusion-builder-row-6 fusion-flex-container nonhundred-percent-fullwidth non-hundred-percent-height-scrolling\" style=\"--awb-border-radius-top-left:0px;--awb-border-radius-top-right:0px;--awb-border-radius-bottom-right:0px;--awb-border-radius-bottom-left:0px;--awb-padding-top:5%;--awb-padding-bottom:60px;--awb-padding-bottom-medium:40px;--awb-padding-top-small:40px;--awb-padding-bottom-small:40px;--awb-background-color:var(--awb-color1);\" ><div class=\"fusion-builder-row fusion-row fusion-flex-align-items-flex-start fusion-flex-justify-content-center\" style=\"max-width:1248px;margin-left: calc(-4% \/ 2 );margin-right: calc(-4% \/ 2 );\"><\/div><\/div><\/p>\n","protected":false},"excerpt":{"rendered":"","protected":false},"author":1,"featured_media":0,"parent":0,"menu_order":0,"comment_status":"closed","ping_status":"closed","template":"100-width.php","meta":{"content-type":"","footnotes":""},"class_list":["post-3593","page","type-page","status-publish","hentry"],"acf":[],"yoast_head":"<!-- This site is optimized with the Yoast SEO plugin v20.9 - https:\/\/yoast.com\/wordpress\/plugins\/seo\/ -->\n<title>Uzun S\u00fcreli Konaklama - In-Sit<\/title>\n<meta name=\"robots\" content=\"index, follow, max-snippet:-1, max-image-preview:large, max-video-preview:-1\" \/>\n<link rel=\"canonical\" href=\"https:\/\/www.in-sit.eu\/tr\/uzun-sureli-konaklama\/\" \/>\n<meta property=\"og:locale\" content=\"tr_TR\" \/>\n<meta property=\"og:type\" content=\"article\" \/>\n<meta property=\"og:title\" content=\"Uzun S\u00fcreli Konaklama - In-Sit\" \/>\n<meta property=\"og:url\" content=\"https:\/\/www.in-sit.eu\/tr\/uzun-sureli-konaklama\/\" \/>\n<meta property=\"og:site_name\" content=\"In-Sit\" \/>\n<meta property=\"article:modified_time\" content=\"2024-11-15T00:32:58+00:00\" \/>\n<meta name=\"twitter:card\" content=\"summary_large_image\" \/>\n<meta name=\"twitter:label1\" content=\"Tahmini okuma s\u00fcresi\" \/>\n\t<meta name=\"twitter:data1\" content=\"7 dakika\" \/>\n<script type=\"application\/ld+json\" class=\"yoast-schema-graph\">{\"@context\":\"https:\/\/schema.org\",\"@graph\":[{\"@type\":\"WebPage\",\"@id\":\"https:\/\/www.in-sit.eu\/tr\/uzun-sureli-konaklama\/\",\"url\":\"https:\/\/www.in-sit.eu\/tr\/uzun-sureli-konaklama\/\",\"name\":\"Uzun S\u00fcreli Konaklama - In-Sit\",\"isPartOf\":{\"@id\":\"https:\/\/www.in-sit.eu\/#website\"},\"datePublished\":\"2024-06-27T11:34:02+00:00\",\"dateModified\":\"2024-11-15T00:32:58+00:00\",\"breadcrumb\":{\"@id\":\"https:\/\/www.in-sit.eu\/tr\/uzun-sureli-konaklama\/#breadcrumb\"},\"inLanguage\":\"tr\",\"potentialAction\":[{\"@type\":\"ReadAction\",\"target\":[\"https:\/\/www.in-sit.eu\/tr\/uzun-sureli-konaklama\/\"]}]},{\"@type\":\"BreadcrumbList\",\"@id\":\"https:\/\/www.in-sit.eu\/tr\/uzun-sureli-konaklama\/#breadcrumb\",\"itemListElement\":[{\"@type\":\"ListItem\",\"position\":1,\"name\":\"Home\",\"item\":\"https:\/\/www.in-sit.eu\/tr\/\"},{\"@type\":\"ListItem\",\"position\":2,\"name\":\"Uzun S\u00fcreli Konaklama\"}]},{\"@type\":\"WebSite\",\"@id\":\"https:\/\/www.in-sit.eu\/#website\",\"url\":\"https:\/\/www.in-sit.eu\/\",\"name\":\"In-Sit\",\"description\":\"Silver tourism\",\"potentialAction\":[{\"@type\":\"SearchAction\",\"target\":{\"@type\":\"EntryPoint\",\"urlTemplate\":\"https:\/\/www.in-sit.eu\/?s={search_term_string}\"},\"query-input\":\"required name=search_term_string\"}],\"inLanguage\":\"tr\"}]}<\/script>\n<!-- \/ Yoast SEO plugin. -->","yoast_head_json":{"title":"Uzun S\u00fcreli Konaklama - In-Sit","robots":{"index":"index","follow":"follow","max-snippet":"max-snippet:-1","max-image-preview":"max-image-preview:large","max-video-preview":"max-video-preview:-1"},"canonical":"https:\/\/www.in-sit.eu\/tr\/uzun-sureli-konaklama\/","og_locale":"tr_TR","og_type":"article","og_title":"Uzun S\u00fcreli Konaklama - In-Sit","og_url":"https:\/\/www.in-sit.eu\/tr\/uzun-sureli-konaklama\/","og_site_name":"In-Sit","article_modified_time":"2024-11-15T00:32:58+00:00","twitter_card":"summary_large_image","twitter_misc":{"Tahmini okuma s\u00fcresi":"7 dakika"},"schema":{"@context":"https:\/\/schema.org","@graph":[{"@type":"WebPage","@id":"https:\/\/www.in-sit.eu\/tr\/uzun-sureli-konaklama\/","url":"https:\/\/www.in-sit.eu\/tr\/uzun-sureli-konaklama\/","name":"Uzun S\u00fcreli Konaklama - In-Sit","isPartOf":{"@id":"https:\/\/www.in-sit.eu\/#website"},"datePublished":"2024-06-27T11:34:02+00:00","dateModified":"2024-11-15T00:32:58+00:00","breadcrumb":{"@id":"https:\/\/www.in-sit.eu\/tr\/uzun-sureli-konaklama\/#breadcrumb"},"inLanguage":"tr","potentialAction":[{"@type":"ReadAction","target":["https:\/\/www.in-sit.eu\/tr\/uzun-sureli-konaklama\/"]}]},{"@type":"BreadcrumbList","@id":"https:\/\/www.in-sit.eu\/tr\/uzun-sureli-konaklama\/#breadcrumb","itemListElement":[{"@type":"ListItem","position":1,"name":"Home","item":"https:\/\/www.in-sit.eu\/tr\/"},{"@type":"ListItem","position":2,"name":"Uzun S\u00fcreli Konaklama"}]},{"@type":"WebSite","@id":"https:\/\/www.in-sit.eu\/#website","url":"https:\/\/www.in-sit.eu\/","name":"In-Sit","description":"Silver tourism","potentialAction":[{"@type":"SearchAction","target":{"@type":"EntryPoint","urlTemplate":"https:\/\/www.in-sit.eu\/?s={search_term_string}"},"query-input":"required name=search_term_string"}],"inLanguage":"tr"}]}},"_links":{"self":[{"href":"https:\/\/www.in-sit.eu\/tr\/wp-json\/wp\/v2\/pages\/3593","targetHints":{"allow":["GET"]}}],"collection":[{"href":"https:\/\/www.in-sit.eu\/tr\/wp-json\/wp\/v2\/pages"}],"about":[{"href":"https:\/\/www.in-sit.eu\/tr\/wp-json\/wp\/v2\/types\/page"}],"author":[{"embeddable":true,"href":"https:\/\/www.in-sit.eu\/tr\/wp-json\/wp\/v2\/users\/1"}],"replies":[{"embeddable":true,"href":"https:\/\/www.in-sit.eu\/tr\/wp-json\/wp\/v2\/comments?post=3593"}],"version-history":[{"count":3,"href":"https:\/\/www.in-sit.eu\/tr\/wp-json\/wp\/v2\/pages\/3593\/revisions"}],"predecessor-version":[{"id":3669,"href":"https:\/\/www.in-sit.eu\/tr\/wp-json\/wp\/v2\/pages\/3593\/revisions\/3669"}],"wp:attachment":[{"href":"https:\/\/www.in-sit.eu\/tr\/wp-json\/wp\/v2\/media?parent=3593"}],"curies":[{"name":"wp","href":"https:\/\/api.w.org\/{rel}","templated":true}]}}