{"id":3578,"date":"2024-06-27T10:41:22","date_gmt":"2024-06-27T10:41:22","guid":{"rendered":"https:\/\/www.in-sit.eu\/storicity-2\/"},"modified":"2024-11-15T00:32:34","modified_gmt":"2024-11-15T00:32:34","slug":"storicity","status":"publish","type":"page","link":"https:\/\/www.in-sit.eu\/tr\/storicity\/","title":{"rendered":"Storicity"},"content":{"rendered":"<p><div class=\"fusion-fullwidth fullwidth-box fusion-builder-row-1 fusion-flex-container nonhundred-percent-fullwidth non-hundred-percent-height-scrolling\" style=\"--awb-border-radius-top-left:0px;--awb-border-radius-top-right:0px;--awb-border-radius-bottom-right:0px;--awb-border-radius-bottom-left:0px;--awb-padding-top:60px;--awb-padding-top-medium:32px;--awb-padding-top-small:20px;--awb-background-image:radial-gradient(circle at center top, hsla(var(--awb-color4-h),calc(var(--awb-color4-s) + 20%),var(--awb-color4-l),calc(var(--awb-color4-a) - 90%)) 62%,var(--awb-color1) 62%);\" ><div class=\"fusion-builder-row fusion-row fusion-flex-align-items-flex-start fusion-flex-justify-content-center\" style=\"max-width:1248px;margin-left: calc(-4% \/ 2 );margin-right: calc(-4% \/ 2 );\"><div class=\"fusion-layout-column fusion_builder_column fusion-builder-column-0 fusion_builder_column_3_5 3_5 fusion-flex-column fusion-animated\" style=\"--awb-bg-size:cover;--awb-width-large:60%;--awb-margin-top-large:20px;--awb-spacing-right-large:3.2%;--awb-margin-bottom-large:48px;--awb-spacing-left-large:3.2%;--awb-width-medium:75%;--awb-spacing-right-medium:2.56%;--awb-margin-bottom-medium:40px;--awb-spacing-left-medium:2.56%;--awb-width-small:100%;--awb-spacing-right-small:1.92%;--awb-spacing-left-small:1.92%;\" data-animationType=\"fadeInDown\" data-animationDuration=\"1.6\" data-animationOffset=\"top-into-view\"><div class=\"fusion-column-wrapper fusion-column-has-shadow fusion-flex-justify-content-flex-start fusion-content-layout-column\"><i class=\"fb-icon-element-1 fb-icon-element fontawesome-icon icon-mkb-group circle-yes\" style=\"--awb-iconcolor:var(--awb-color4);--awb-iconcolor-hover:var(--awb-color1);--awb-circlecolor:var(--awb-color1);--awb-circlecolor-hover:var(--awb-color4);--awb-circlebordercolor-hover:hsla(var(--awb-color5-h),var(--awb-color5-s),var(--awb-color5-l),calc(var(--awb-color5-a) - 90%));--awb-circlebordersize:0px;--awb-font-size:36.96px;--awb-width:73.92px;--awb-height:73.92px;--awb-line-height:73.92px;--awb-align-self:center;--awb-margin-top:0px;--awb-margin-right:0px;--awb-margin-bottom:12px;--awb-margin-left:0px;\"><\/i><div class=\"fusion-title title fusion-title-1 fusion-sep-none fusion-title-center fusion-title-text fusion-title-size-six\" style=\"--awb-margin-bottom:4px;--awb-margin-top-small:4px;--awb-margin-bottom-small:4px;--awb-margin-top-medium:4px;--awb-margin-bottom-medium:4px;\"><h6 class=\"title-heading-center fusion-responsive-typography-calculated\" style=\"margin:0;--fontSize:20;--minFontSize:20;line-height:1.5;\">En \u0130yi Uygulamalar<\/h6><\/div><div class=\"fusion-title title fusion-title-2 fusion-sep-none fusion-title-center fusion-title-text fusion-title-size-one\"><h1 class=\"title-heading-center fusion-responsive-typography-calculated\" style=\"margin:0;--fontSize:72;line-height:var(--awb-typography1-line-height);\">Storicity<\/h1><\/div><div class=\"fusion-text fusion-text-1\" style=\"--awb-content-alignment:center;--awb-font-size:30px;--awb-line-height:1.4em;--awb-letter-spacing:-0.02em;\"><p><b>Bergamo&#8217;yu Hikayesellik Yoluyla Ke\u015ffetmek: G\u00fcm\u00fc\u015f Turizm Perspektifi<\/b><\/p>\n<\/div><\/div><\/div><div class=\"fusion-layout-column fusion_builder_column fusion-builder-column-1 fusion_builder_column_1_2 1_2 fusion-flex-column fusion-animated\" style=\"--awb-bg-size:cover;--awb-width-large:50%;--awb-margin-top-large:20px;--awb-spacing-right-large:3.84%;--awb-margin-bottom-large:20px;--awb-spacing-left-large:3.84%;--awb-width-medium:50%;--awb-order-medium:0;--awb-spacing-right-medium:3.84%;--awb-margin-bottom-medium:60px;--awb-spacing-left-medium:3.84%;--awb-width-small:100%;--awb-order-small:0;--awb-spacing-right-small:1.92%;--awb-margin-bottom-small:20px;--awb-spacing-left-small:1.92%;\" data-animationType=\"fadeInUp\" data-animationDuration=\"1.2\" data-animationOffset=\"top-into-view\"><div class=\"fusion-column-wrapper fusion-column-has-shadow fusion-flex-justify-content-flex-start fusion-content-layout-column\"><div class=\"fusion-image-element \" style=\"--awb-caption-title-font-family:var(--h2_typography-font-family);--awb-caption-title-font-weight:var(--h2_typography-font-weight);--awb-caption-title-font-style:var(--h2_typography-font-style);--awb-caption-title-size:var(--h2_typography-font-size);--awb-caption-title-transform:var(--h2_typography-text-transform);--awb-caption-title-line-height:var(--h2_typography-line-height);--awb-caption-title-letter-spacing:var(--h2_typography-letter-spacing);\"><span class=\" fusion-imageframe imageframe-none imageframe-1 hover-type-none\" class=\"image-magnify\" class=\"image-scroll\"><img decoding=\"async\" width=\"1024\" height=\"1024\" title=\"Story city 1\" src=\"https:\/\/www.in-sit.eu\/wp-content\/uploads\/2024\/06\/Story-city-1.jpg\" data-orig-src=\"https:\/\/www.in-sit.eu\/wp-content\/uploads\/2024\/06\/Story-city-1-1024x1024.jpg\" alt class=\"lazyload img-responsive wp-image-3402\" srcset=\"data:image\/svg+xml,%3Csvg%20xmlns%3D%27http%3A%2F%2Fwww.w3.org%2F2000%2Fsvg%27%20width%3D%271080%27%20height%3D%271080%27%20viewBox%3D%270%200%201080%201080%27%3E%3Crect%20width%3D%271080%27%20height%3D%271080%27%20fill-opacity%3D%220%22%2F%3E%3C%2Fsvg%3E\" data-srcset=\"https:\/\/www.in-sit.eu\/wp-content\/uploads\/2024\/06\/Story-city-1-200x200.jpg 200w, https:\/\/www.in-sit.eu\/wp-content\/uploads\/2024\/06\/Story-city-1-400x400.jpg 400w, https:\/\/www.in-sit.eu\/wp-content\/uploads\/2024\/06\/Story-city-1-600x600.jpg 600w, https:\/\/www.in-sit.eu\/wp-content\/uploads\/2024\/06\/Story-city-1-800x800.jpg 800w, https:\/\/www.in-sit.eu\/wp-content\/uploads\/2024\/06\/Story-city-1.jpg 1080w\" data-sizes=\"auto\" data-orig-sizes=\"(max-width: 640px) 100vw, 600px\" \/><\/span><\/div><\/div><\/div><\/div><\/div><div class=\"fusion-fullwidth fullwidth-box fusion-builder-row-2 fusion-flex-container nonhundred-percent-fullwidth non-hundred-percent-height-scrolling\" style=\"--awb-border-radius-top-left:0px;--awb-border-radius-top-right:0px;--awb-border-radius-bottom-right:0px;--awb-border-radius-bottom-left:0px;--awb-padding-top:0px;--awb-padding-bottom:0px;--awb-padding-top-medium:20px;--awb-padding-bottom-medium:20px;--awb-padding-top-small:40px;--awb-padding-bottom-small:40px;--awb-background-color:var(--awb-color1);\" ><div class=\"fusion-builder-row fusion-row fusion-flex-align-items-center fusion-flex-justify-content-center\" style=\"max-width:1248px;margin-left: calc(-4% \/ 2 );margin-right: calc(-4% \/ 2 );\"><div class=\"fusion-layout-column fusion_builder_column fusion-builder-column-2 fusion_builder_column_1_1 1_1 fusion-flex-column fusion-flex-align-self-center fusion-animated\" style=\"--awb-padding-top:50px;--awb-padding-right:50px;--awb-padding-left:50px;--awb-overflow:hidden;--awb-bg-color:var(--awb-color1);--awb-bg-color-hover:var(--awb-color1);--awb-bg-size:cover;--awb-border-radius:12px 12px 12px 12px;--awb-filter:opacity(93%);--awb-filter-transition:filter 0.3s ease;--awb-filter-hover:opacity(100%);--awb-width-large:100%;--awb-margin-top-large:50px;--awb-spacing-right-large:1.92%;--awb-margin-bottom-large:50px;--awb-spacing-left-large:1.92%;--awb-width-medium:100%;--awb-order-medium:0;--awb-spacing-right-medium:1.92%;--awb-spacing-left-medium:1.92%;--awb-width-small:100%;--awb-order-small:0;--awb-spacing-right-small:1.92%;--awb-spacing-left-small:1.92%;\" data-animationType=\"fadeInDown\" data-animationDuration=\"1.6\" data-animationOffset=\"top-into-view\"><div class=\"fusion-column-wrapper fusion-column-has-shadow fusion-flex-justify-content-space-evenly fusion-content-layout-column\"><div class=\"fusion-text fusion-text-2\" style=\"--awb-content-alignment:center;\"><p><span style=\"font-weight: 400;\">Bergamo Lavoro Kooperatifi taraf\u0131ndan d\u00fczenlenen Storicity, \u00f6zellikle eri\u015filebilir ve zenginle\u015ftirici seyahat deneyimleri arayan g\u00fcm\u00fc\u015f turistler i\u00e7in turizm alan\u0131nda bir kapsay\u0131c\u0131l\u0131k i\u015fareti olarak ortaya \u00e7\u0131k\u0131yor. Bu yenilik\u00e7i giri\u015fim, hareket kabiliyeti k\u0131s\u0131tl\u0131, duyusal engelli ve ya\u015fl\u0131lara hitap etmek i\u00e7in titizlikle tasarlanm\u0131\u015ft\u0131r ve Bergamo b\u00f6lgesinin do\u011fal ve an\u0131tsal g\u00fczelliklerinin herkes taraf\u0131ndan eri\u015filebilir olmas\u0131n\u0131 sa\u011flar. Storicity, \u00f6zel yard\u0131ma ihtiya\u00e7 duyanlar i\u00e7in \u00f6zel olarak tasarlanm\u0131\u015f polisensoriyel turist ziyaretleri ve konaklama yerleri arac\u0131l\u0131\u011f\u0131yla, s\u00fcrd\u00fcr\u00fclebilir turizmi ve k\u00fclt\u00fcrel yollar\u0131 te\u015fvik ederek ki\u015fisel ve b\u00f6lgesel tarihin de\u011ferini vurgular.<\/span><\/p>\n<p><span style=\"font-weight: 400;\">Storicity&#8217;yi di\u011ferlerinden ay\u0131ran \u015fey, rahat, eri\u015filebilir ve k\u00fclt\u00fcrel a\u00e7\u0131dan zengin ke\u015fif f\u0131rsatlar\u0131 sunma taahh\u00fcd\u00fcd\u00fcr. Ana ak\u0131m turizm teklifleri taraf\u0131ndan genellikle g\u00f6z ard\u0131 edilen g\u00fcm\u00fc\u015f turistler, Storicity&#8217;nin yakla\u015f\u0131m\u0131n\u0131 \u00f6zellikle \u00e7ekici bulacakt\u0131r. Kapsay\u0131c\u0131l\u0131\u011fa ve ki\u015fiye \u00f6zel deneyimlere odaklanarak, yaln\u0131zca Bergamo&#8217;nun tarihi ve do\u011fal hazinelerini daha geni\u015f bir kitleye a\u00e7makla kalmaz, ayn\u0131 zamanda ya\u015fl\u0131 yeti\u015fkinler i\u00e7in seyahat deneyimini zenginle\u015ftirir ve onlara yerel k\u00fclt\u00fcr ve tarihle derinden etkile\u015fim kurma \u015fans\u0131 sunar.<\/span><\/p>\n<p><span style=\"font-weight: 400;\">Storicity&#8217;nin giri\u015fimi, bir b\u00f6lgenin g\u00fczelli\u011finin ve miras\u0131n\u0131n fiziksel yeteneklerine bak\u0131lmaks\u0131z\u0131n herkes taraf\u0131ndan yararlan\u0131labilece\u011fi daha kapsay\u0131c\u0131 turizme y\u00f6nelik hayati bir ad\u0131md\u0131r. Turizmin sosyal i\u00e7erme, k\u00fclt\u00fcrel takdir ve s\u00fcrd\u00fcr\u00fclebilir kalk\u0131nma i\u00e7in nas\u0131l bir g\u00fc\u00e7 olabilece\u011fini g\u00f6steren, daha eri\u015filebilir olmay\u0131 hedefleyen di\u011fer destinasyonlar i\u00e7in umut verici bir modeli temsil ediyor.<\/span><\/p>\n<p><span style=\"font-weight: 400;\">Storicity taraf\u0131ndan sa\u011flanan turlar, sertifikal\u0131 bir rehber, engelli bir asistan ve bir destek refakat\u00e7isinden olu\u015fan bir ekip taraf\u0131ndan y\u00f6netilen ki\u015fiselle\u015ftirilmi\u015f yakla\u015f\u0131mlar\u0131yla \u00f6ne \u00e7\u0131k\u0131yor. Bu, t\u00fcm kat\u0131l\u0131mc\u0131lar i\u00e7in ki\u015fiselle\u015ftirilmi\u015f ve kapsaml\u0131 bir deneyim sa\u011flar. Turlar, dinlenme duraklar\u0131, tad\u0131m seanslar\u0131 ve t\u00fcm duyular\u0131 harekete ge\u00e7irmeyi ama\u00e7layan aktiviteler i\u00e7eren, ziyaret\u00e7ilerin \u00f6zel ihtiya\u00e7lar\u0131n\u0131 kar\u015f\u0131lamak i\u00e7in \u00f6zenle tasarlanm\u0131\u015ft\u0131r. Detaylara g\u00f6sterilen bu \u00f6zen, yetenekleri ne olursa olsun herkesin Bergamo&#8217;nun g\u00fczelli\u011finden ve k\u00fclt\u00fcr\u00fcnden tam anlam\u0131yla keyif almas\u0131n\u0131 ve bunlarla me\u015fgul olmas\u0131n\u0131 sa\u011flar. Storicity&#8217;nin kapsay\u0131c\u0131l\u0131\u011fa, ayr\u0131nt\u0131l\u0131 planlamaya ve turlar\u0131n d\u00fc\u015f\u00fcnceli bir \u015fekilde y\u00fcr\u00fct\u00fclmesine olan ba\u011fl\u0131l\u0131\u011f\u0131, onu eri\u015filebilir turizm alan\u0131nda \u00f6nc\u00fc bir giri\u015fim haline getiriyor ve destinasyonlar\u0131n t\u00fcm gezginlerin, \u00f6zellikle de g\u00fcm\u00fc\u015f turizm demografisindekilerin farkl\u0131 ihtiya\u00e7lar\u0131n\u0131 nas\u0131l kar\u015f\u0131layabilece\u011fi konusunda yeni bir standart belirliyor.<\/span><\/p>\n<p><span style=\"font-weight: 400;\">Storicity deneyimi, onlara Bergamo&#8217;nun k\u00fclt\u00fcrel ve do\u011fal manzaralar\u0131n\u0131 ke\u015ffetmeleri i\u00e7in eri\u015filebilir, zenginle\u015ftirici ve rahat bir yol sundu\u011fu i\u00e7in g\u00fcm\u00fc\u015f turistler i\u00e7in \u00f6zellikle \u00f6nemlidir. \u00d6zel ihtiya\u00e7lar\u0131n\u0131 kar\u015f\u0131layan \u00f6zel turlar, yaln\u0131zca yerel k\u00fclt\u00fcr ve tarihle daha derin bir etkile\u015fime izin vermekle kalmaz, ayn\u0131 zamanda ana ak\u0131m turizmde genellikle g\u00f6z ard\u0131 edilen bir kat\u0131l\u0131m ve takdir duygusu sa\u011flar. Bu giri\u015fim, ya\u015fl\u0131 yeti\u015fkinlerin s\u0131n\u0131rlamalar\u0131na ve ilgi alanlar\u0131na sayg\u0131 duyan ve bunlara hitap eden seyahat deneyimleri yaratman\u0131n, genel seyahat deneyimlerini geli\u015ftirmenin ve aktif, kat\u0131l\u0131ml\u0131 ke\u015fifleri te\u015fvik etmenin \u00f6nemini vurgulamaktad\u0131r.<\/span><span style=\"font-weight: 400;\"><br \/>\n<\/span><span style=\"font-weight: 400;\"><br \/>\n<\/span><\/p>\n<\/div><\/div><\/div><\/div><\/div><\/p>\n","protected":false},"excerpt":{"rendered":"","protected":false},"author":1,"featured_media":0,"parent":0,"menu_order":0,"comment_status":"closed","ping_status":"closed","template":"100-width.php","meta":{"content-type":"","footnotes":""},"class_list":["post-3578","page","type-page","status-publish","hentry"],"acf":[],"yoast_head":"<!-- This site is optimized with the Yoast SEO plugin v20.9 - https:\/\/yoast.com\/wordpress\/plugins\/seo\/ -->\n<title>Storicity - In-Sit<\/title>\n<meta name=\"robots\" content=\"index, follow, max-snippet:-1, max-image-preview:large, max-video-preview:-1\" \/>\n<link rel=\"canonical\" href=\"https:\/\/www.in-sit.eu\/tr\/storicity\/\" \/>\n<meta property=\"og:locale\" content=\"tr_TR\" \/>\n<meta property=\"og:type\" content=\"article\" \/>\n<meta property=\"og:title\" content=\"Storicity - In-Sit\" \/>\n<meta property=\"og:url\" content=\"https:\/\/www.in-sit.eu\/tr\/storicity\/\" \/>\n<meta property=\"og:site_name\" content=\"In-Sit\" \/>\n<meta property=\"article:modified_time\" content=\"2024-11-15T00:32:34+00:00\" \/>\n<meta name=\"twitter:card\" content=\"summary_large_image\" \/>\n<meta name=\"twitter:label1\" content=\"Tahmini okuma s\u00fcresi\" \/>\n\t<meta name=\"twitter:data1\" content=\"5 dakika\" \/>\n<script type=\"application\/ld+json\" class=\"yoast-schema-graph\">{\"@context\":\"https:\/\/schema.org\",\"@graph\":[{\"@type\":\"WebPage\",\"@id\":\"https:\/\/www.in-sit.eu\/tr\/storicity\/\",\"url\":\"https:\/\/www.in-sit.eu\/tr\/storicity\/\",\"name\":\"Storicity - In-Sit\",\"isPartOf\":{\"@id\":\"https:\/\/www.in-sit.eu\/#website\"},\"datePublished\":\"2024-06-27T10:41:22+00:00\",\"dateModified\":\"2024-11-15T00:32:34+00:00\",\"breadcrumb\":{\"@id\":\"https:\/\/www.in-sit.eu\/tr\/storicity\/#breadcrumb\"},\"inLanguage\":\"tr\",\"potentialAction\":[{\"@type\":\"ReadAction\",\"target\":[\"https:\/\/www.in-sit.eu\/tr\/storicity\/\"]}]},{\"@type\":\"BreadcrumbList\",\"@id\":\"https:\/\/www.in-sit.eu\/tr\/storicity\/#breadcrumb\",\"itemListElement\":[{\"@type\":\"ListItem\",\"position\":1,\"name\":\"Home\",\"item\":\"https:\/\/www.in-sit.eu\/tr\/\"},{\"@type\":\"ListItem\",\"position\":2,\"name\":\"Storicity\"}]},{\"@type\":\"WebSite\",\"@id\":\"https:\/\/www.in-sit.eu\/#website\",\"url\":\"https:\/\/www.in-sit.eu\/\",\"name\":\"In-Sit\",\"description\":\"Silver tourism\",\"potentialAction\":[{\"@type\":\"SearchAction\",\"target\":{\"@type\":\"EntryPoint\",\"urlTemplate\":\"https:\/\/www.in-sit.eu\/?s={search_term_string}\"},\"query-input\":\"required name=search_term_string\"}],\"inLanguage\":\"tr\"}]}<\/script>\n<!-- \/ Yoast SEO plugin. -->","yoast_head_json":{"title":"Storicity - In-Sit","robots":{"index":"index","follow":"follow","max-snippet":"max-snippet:-1","max-image-preview":"max-image-preview:large","max-video-preview":"max-video-preview:-1"},"canonical":"https:\/\/www.in-sit.eu\/tr\/storicity\/","og_locale":"tr_TR","og_type":"article","og_title":"Storicity - In-Sit","og_url":"https:\/\/www.in-sit.eu\/tr\/storicity\/","og_site_name":"In-Sit","article_modified_time":"2024-11-15T00:32:34+00:00","twitter_card":"summary_large_image","twitter_misc":{"Tahmini okuma s\u00fcresi":"5 dakika"},"schema":{"@context":"https:\/\/schema.org","@graph":[{"@type":"WebPage","@id":"https:\/\/www.in-sit.eu\/tr\/storicity\/","url":"https:\/\/www.in-sit.eu\/tr\/storicity\/","name":"Storicity - In-Sit","isPartOf":{"@id":"https:\/\/www.in-sit.eu\/#website"},"datePublished":"2024-06-27T10:41:22+00:00","dateModified":"2024-11-15T00:32:34+00:00","breadcrumb":{"@id":"https:\/\/www.in-sit.eu\/tr\/storicity\/#breadcrumb"},"inLanguage":"tr","potentialAction":[{"@type":"ReadAction","target":["https:\/\/www.in-sit.eu\/tr\/storicity\/"]}]},{"@type":"BreadcrumbList","@id":"https:\/\/www.in-sit.eu\/tr\/storicity\/#breadcrumb","itemListElement":[{"@type":"ListItem","position":1,"name":"Home","item":"https:\/\/www.in-sit.eu\/tr\/"},{"@type":"ListItem","position":2,"name":"Storicity"}]},{"@type":"WebSite","@id":"https:\/\/www.in-sit.eu\/#website","url":"https:\/\/www.in-sit.eu\/","name":"In-Sit","description":"Silver tourism","potentialAction":[{"@type":"SearchAction","target":{"@type":"EntryPoint","urlTemplate":"https:\/\/www.in-sit.eu\/?s={search_term_string}"},"query-input":"required name=search_term_string"}],"inLanguage":"tr"}]}},"_links":{"self":[{"href":"https:\/\/www.in-sit.eu\/tr\/wp-json\/wp\/v2\/pages\/3578","targetHints":{"allow":["GET"]}}],"collection":[{"href":"https:\/\/www.in-sit.eu\/tr\/wp-json\/wp\/v2\/pages"}],"about":[{"href":"https:\/\/www.in-sit.eu\/tr\/wp-json\/wp\/v2\/types\/page"}],"author":[{"embeddable":true,"href":"https:\/\/www.in-sit.eu\/tr\/wp-json\/wp\/v2\/users\/1"}],"replies":[{"embeddable":true,"href":"https:\/\/www.in-sit.eu\/tr\/wp-json\/wp\/v2\/comments?post=3578"}],"version-history":[{"count":1,"href":"https:\/\/www.in-sit.eu\/tr\/wp-json\/wp\/v2\/pages\/3578\/revisions"}],"predecessor-version":[{"id":3579,"href":"https:\/\/www.in-sit.eu\/tr\/wp-json\/wp\/v2\/pages\/3578\/revisions\/3579"}],"wp:attachment":[{"href":"https:\/\/www.in-sit.eu\/tr\/wp-json\/wp\/v2\/media?parent=3578"}],"curies":[{"name":"wp","href":"https:\/\/api.w.org\/{rel}","templated":true}]}}