{"id":3575,"date":"2020-07-24T17:15:43","date_gmt":"2020-07-24T17:15:43","guid":{"rendered":"https:\/\/www.in-sit.eu\/migrantour-bergamo\/"},"modified":"2024-11-15T00:29:36","modified_gmt":"2024-11-15T00:29:36","slug":"migrantour-bergamo","status":"publish","type":"page","link":"https:\/\/www.in-sit.eu\/tr\/migrantour-bergamo\/","title":{"rendered":"Migrantour Bergamo"},"content":{"rendered":"<p><div class=\"fusion-fullwidth fullwidth-box fusion-builder-row-1 fusion-flex-container nonhundred-percent-fullwidth non-hundred-percent-height-scrolling\" style=\"--awb-border-radius-top-left:0px;--awb-border-radius-top-right:0px;--awb-border-radius-bottom-right:0px;--awb-border-radius-bottom-left:0px;--awb-padding-top:60px;--awb-padding-top-medium:32px;--awb-padding-top-small:20px;--awb-background-image:radial-gradient(circle at center top, hsla(var(--awb-color4-h),calc(var(--awb-color4-s) + 20%),var(--awb-color4-l),calc(var(--awb-color4-a) - 90%)) 62%,var(--awb-color1) 62%);\" ><div class=\"fusion-builder-row fusion-row fusion-flex-align-items-flex-start fusion-flex-justify-content-center\" style=\"max-width:1248px;margin-left: calc(-4% \/ 2 );margin-right: calc(-4% \/ 2 );\"><div class=\"fusion-layout-column fusion_builder_column fusion-builder-column-0 fusion_builder_column_3_5 3_5 fusion-flex-column fusion-animated\" style=\"--awb-bg-size:cover;--awb-width-large:60%;--awb-margin-top-large:20px;--awb-spacing-right-large:3.2%;--awb-margin-bottom-large:48px;--awb-spacing-left-large:3.2%;--awb-width-medium:75%;--awb-spacing-right-medium:2.56%;--awb-margin-bottom-medium:40px;--awb-spacing-left-medium:2.56%;--awb-width-small:100%;--awb-spacing-right-small:1.92%;--awb-spacing-left-small:1.92%;\" data-animationType=\"fadeInDown\" data-animationDuration=\"1.6\" data-animationOffset=\"top-into-view\"><div class=\"fusion-column-wrapper fusion-column-has-shadow fusion-flex-justify-content-flex-start fusion-content-layout-column\"><i class=\"fb-icon-element-1 fb-icon-element fontawesome-icon icon-mkb-group circle-yes\" style=\"--awb-iconcolor:var(--awb-color4);--awb-iconcolor-hover:var(--awb-color1);--awb-circlecolor:var(--awb-color1);--awb-circlecolor-hover:var(--awb-color4);--awb-circlebordercolor-hover:hsla(var(--awb-color5-h),var(--awb-color5-s),var(--awb-color5-l),calc(var(--awb-color5-a) - 90%));--awb-circlebordersize:0px;--awb-font-size:36.96px;--awb-width:73.92px;--awb-height:73.92px;--awb-line-height:73.92px;--awb-align-self:center;--awb-margin-top:0px;--awb-margin-right:0px;--awb-margin-bottom:12px;--awb-margin-left:0px;\"><\/i><div class=\"fusion-title title fusion-title-1 fusion-sep-none fusion-title-center fusion-title-text fusion-title-size-six\" style=\"--awb-margin-bottom:4px;--awb-margin-top-small:4px;--awb-margin-bottom-small:4px;--awb-margin-top-medium:4px;--awb-margin-bottom-medium:4px;\"><h6 class=\"title-heading-center fusion-responsive-typography-calculated\" style=\"margin:0;--fontSize:20;--minFontSize:20;line-height:1.5;\">En \u0130yi Uygulamalar<\/h6><\/div><div class=\"fusion-title title fusion-title-2 fusion-sep-none fusion-title-center fusion-title-text fusion-title-size-one\"><h1 class=\"title-heading-center fusion-responsive-typography-calculated\" style=\"margin:0;--fontSize:72;line-height:var(--awb-typography1-line-height);\">Migrantour Bergamo<\/h1><\/div><div class=\"fusion-text fusion-text-1\" style=\"--awb-content-alignment:center;--awb-font-size:30px;--awb-line-height:1.4em;--awb-letter-spacing:-0.02em;\"><p><b>Migrantour Bergamo: G\u00fcm\u00fc\u015f Turistler \u0130\u00e7in K\u00fclt\u00fcrel Bir Yolculuk<\/b><\/p>\n<\/div><\/div><\/div><div class=\"fusion-layout-column fusion_builder_column fusion-builder-column-1 fusion_builder_column_1_2 1_2 fusion-flex-column fusion-animated\" style=\"--awb-bg-size:cover;--awb-width-large:50%;--awb-margin-top-large:20px;--awb-spacing-right-large:3.84%;--awb-margin-bottom-large:20px;--awb-spacing-left-large:3.84%;--awb-width-medium:50%;--awb-order-medium:0;--awb-spacing-right-medium:3.84%;--awb-margin-bottom-medium:60px;--awb-spacing-left-medium:3.84%;--awb-width-small:100%;--awb-order-small:0;--awb-spacing-right-small:1.92%;--awb-margin-bottom-small:20px;--awb-spacing-left-small:1.92%;\" data-animationType=\"fadeInUp\" data-animationDuration=\"1.2\" data-animationOffset=\"top-into-view\"><div class=\"fusion-column-wrapper fusion-column-has-shadow fusion-flex-justify-content-flex-start fusion-content-layout-column\"><div class=\"fusion-image-element \" style=\"--awb-caption-title-font-family:var(--h2_typography-font-family);--awb-caption-title-font-weight:var(--h2_typography-font-weight);--awb-caption-title-font-style:var(--h2_typography-font-style);--awb-caption-title-size:var(--h2_typography-font-size);--awb-caption-title-transform:var(--h2_typography-text-transform);--awb-caption-title-line-height:var(--h2_typography-line-height);--awb-caption-title-letter-spacing:var(--h2_typography-letter-spacing);\"><span class=\" fusion-imageframe imageframe-none imageframe-1 hover-type-none\" class=\"image-magnify\" class=\"image-scroll\"><img decoding=\"async\" width=\"1024\" height=\"1024\" title=\"Foto Migrantour 2\" src=\"https:\/\/www.in-sit.eu\/wp-content\/uploads\/2024\/06\/Foto-Migrantour-2.jpg\" data-orig-src=\"https:\/\/www.in-sit.eu\/wp-content\/uploads\/2024\/06\/Foto-Migrantour-2-1024x1024.jpg\" alt class=\"lazyload img-responsive wp-image-3394\" srcset=\"data:image\/svg+xml,%3Csvg%20xmlns%3D%27http%3A%2F%2Fwww.w3.org%2F2000%2Fsvg%27%20width%3D%271080%27%20height%3D%271080%27%20viewBox%3D%270%200%201080%201080%27%3E%3Crect%20width%3D%271080%27%20height%3D%271080%27%20fill-opacity%3D%220%22%2F%3E%3C%2Fsvg%3E\" data-srcset=\"https:\/\/www.in-sit.eu\/wp-content\/uploads\/2024\/06\/Foto-Migrantour-2-200x200.jpg 200w, https:\/\/www.in-sit.eu\/wp-content\/uploads\/2024\/06\/Foto-Migrantour-2-400x400.jpg 400w, https:\/\/www.in-sit.eu\/wp-content\/uploads\/2024\/06\/Foto-Migrantour-2-600x600.jpg 600w, https:\/\/www.in-sit.eu\/wp-content\/uploads\/2024\/06\/Foto-Migrantour-2-800x800.jpg 800w, https:\/\/www.in-sit.eu\/wp-content\/uploads\/2024\/06\/Foto-Migrantour-2.jpg 1080w\" data-sizes=\"auto\" data-orig-sizes=\"(max-width: 640px) 100vw, 600px\" \/><\/span><\/div><\/div><\/div><\/div><\/div><div class=\"fusion-fullwidth fullwidth-box fusion-builder-row-2 fusion-flex-container nonhundred-percent-fullwidth non-hundred-percent-height-scrolling\" style=\"--awb-border-radius-top-left:0px;--awb-border-radius-top-right:0px;--awb-border-radius-bottom-right:0px;--awb-border-radius-bottom-left:0px;--awb-padding-top:0px;--awb-padding-bottom:0px;--awb-padding-top-medium:20px;--awb-padding-bottom-medium:20px;--awb-padding-top-small:40px;--awb-padding-bottom-small:40px;--awb-background-color:var(--awb-color1);\" ><div class=\"fusion-builder-row fusion-row fusion-flex-align-items-center fusion-flex-justify-content-center\" style=\"max-width:1248px;margin-left: calc(-4% \/ 2 );margin-right: calc(-4% \/ 2 );\"><div class=\"fusion-layout-column fusion_builder_column fusion-builder-column-2 fusion_builder_column_1_1 1_1 fusion-flex-column fusion-flex-align-self-center fusion-animated\" style=\"--awb-padding-top:50px;--awb-padding-right:50px;--awb-padding-left:50px;--awb-overflow:hidden;--awb-bg-color:var(--awb-color1);--awb-bg-color-hover:var(--awb-color1);--awb-bg-size:cover;--awb-border-radius:12px 12px 12px 12px;--awb-filter:opacity(93%);--awb-filter-transition:filter 0.3s ease;--awb-filter-hover:opacity(100%);--awb-width-large:100%;--awb-margin-top-large:50px;--awb-spacing-right-large:1.92%;--awb-margin-bottom-large:50px;--awb-spacing-left-large:1.92%;--awb-width-medium:100%;--awb-order-medium:0;--awb-spacing-right-medium:1.92%;--awb-spacing-left-medium:1.92%;--awb-width-small:100%;--awb-order-small:0;--awb-spacing-right-small:1.92%;--awb-spacing-left-small:1.92%;\" data-animationType=\"fadeInDown\" data-animationDuration=\"1.6\" data-animationOffset=\"top-into-view\"><div class=\"fusion-column-wrapper fusion-column-has-shadow fusion-flex-justify-content-space-evenly fusion-content-layout-column\"><div class=\"fusion-text fusion-text-2\" style=\"--awb-content-alignment:center;\"><p><span style=\"font-weight: 400;\">Viaggi Solidali, ACRA Vakf\u0131 ve Bergamo Belediyesi ile i\u015fbirli\u011fi i\u00e7inde Cooperativa Sociale Ruah&#8217;\u0131n \u00f6nc\u00fcl\u00fck etti\u011fi yenilik\u00e7i Migrantour Bergamo projesi, g\u00fcm\u00fc\u015f turizmi d\u00fcnyas\u0131na yeni bir konsept getiriyor. Giri\u015fim, k\u00fclt\u00fcrleraras\u0131 eskortlar taraf\u0131ndan y\u00f6nlendirilen &#8220;s\u0131f\u0131r kilometrelik k\u00fclt\u00fcrleraras\u0131 y\u00fcr\u00fcy\u00fc\u015fler&#8221; sunarak, ya\u015fl\u0131 turistlere Bergamo&#8217;nun zengin k\u00fclt\u00fcrel \u00e7e\u015fitlili\u011fini en yeni sakinlerinin hikayeleri ve bak\u0131\u015f a\u00e7\u0131lar\u0131 arac\u0131l\u0131\u011f\u0131yla deneyimlemeleri i\u00e7in e\u015fsiz bir f\u0131rsat sunuyor.<\/span><\/p>\n<\/div><\/div><\/div><\/div><\/div><div class=\"fusion-fullwidth fullwidth-box fusion-builder-row-3 fusion-flex-container nonhundred-percent-fullwidth non-hundred-percent-height-scrolling\" style=\"--awb-border-radius-top-left:0px;--awb-border-radius-top-right:0px;--awb-border-radius-bottom-right:0px;--awb-border-radius-bottom-left:0px;--awb-padding-top:5%;--awb-padding-bottom:60px;--awb-padding-bottom-medium:40px;--awb-padding-top-small:40px;--awb-padding-bottom-small:40px;--awb-background-color:var(--awb-color1);\" ><div class=\"fusion-builder-row fusion-row fusion-flex-align-items-flex-start fusion-flex-justify-content-center\" style=\"max-width:1248px;margin-left: calc(-4% \/ 2 );margin-right: calc(-4% \/ 2 );\"><div class=\"fusion-layout-column fusion_builder_column fusion-builder-column-3 fusion_builder_column_3_4 3_4 fusion-flex-column fusion-animated\" style=\"--awb-bg-size:cover;--awb-width-large:75%;--awb-margin-top-large:20px;--awb-spacing-right-large:10.24%;--awb-margin-bottom-large:20px;--awb-spacing-left-large:10.24%;--awb-width-medium:83.333333333333%;--awb-spacing-right-medium:9.216%;--awb-spacing-left-medium:9.216%;--awb-width-small:100%;--awb-spacing-right-small:1.92%;--awb-spacing-left-small:1.92%;\" data-animationType=\"fadeInDown\" data-animationDuration=\"1.6\" data-animationOffset=\"top-into-view\"><div class=\"fusion-column-wrapper fusion-column-has-shadow fusion-flex-justify-content-flex-start fusion-content-layout-column\"><div class=\"fusion-title title fusion-title-3 fusion-sep-none fusion-title-center fusion-title-text fusion-title-size-two\"><h2 class=\"title-heading-center fusion-responsive-typography-calculated\" style=\"margin:0;--fontSize:54;line-height:1.14;\"><b>Kapsay\u0131c\u0131l\u0131\u011f\u0131 ve Anlay\u0131\u015f\u0131 Te\u015fvik Etmek<\/b><\/h2><\/div><div class=\"fusion-text fusion-text-3\" style=\"--awb-content-alignment:center;--awb-font-size:30px;--awb-line-height:1.4em;--awb-letter-spacing:-0.02em;\"><p><span style=\"font-weight: 400;\">G\u00f6\u00e7men Bergamo, engelleri y\u0131kan ve k\u00fclt\u00fcrler aras\u0131ndaki anlay\u0131\u015f\u0131 te\u015fvik eden etkile\u015fimleri kolayla\u015ft\u0131rarak geleneksel turizmi a\u015f\u0131yor. Seyahatlerinde genellikle bo\u015f zamanlardan daha fazlas\u0131n\u0131 arayan g\u00fcm\u00fc\u015f turistler i\u00e7in bu proje, g\u00f6\u00e7men topluluklar\u0131n \u015fehrin kimli\u011fine katk\u0131lar\u0131n\u0131 vurgulayarak Bergamo&#8217;nun sosyal dokusuyla anlaml\u0131 bir etkile\u015fim sunuyor.<\/span><\/p>\n<\/div><\/div><\/div><\/div><\/div><div class=\"fusion-fullwidth fullwidth-box fusion-builder-row-4 fusion-flex-container nonhundred-percent-fullwidth non-hundred-percent-height-scrolling\" style=\"--awb-border-radius-top-left:0px;--awb-border-radius-top-right:0px;--awb-border-radius-bottom-right:0px;--awb-border-radius-bottom-left:0px;--awb-padding-top:5%;--awb-padding-bottom:60px;--awb-padding-bottom-medium:40px;--awb-padding-top-small:40px;--awb-padding-bottom-small:40px;--awb-background-color:var(--awb-color1);\" ><div class=\"fusion-builder-row fusion-row fusion-flex-align-items-flex-start fusion-flex-justify-content-center\" style=\"max-width:1248px;margin-left: calc(-4% \/ 2 );margin-right: calc(-4% \/ 2 );\"><div class=\"fusion-layout-column fusion_builder_column fusion-builder-column-4 fusion_builder_column_3_4 3_4 fusion-flex-column fusion-animated\" style=\"--awb-bg-size:cover;--awb-width-large:75%;--awb-margin-top-large:20px;--awb-spacing-right-large:10.24%;--awb-margin-bottom-large:20px;--awb-spacing-left-large:10.24%;--awb-width-medium:83.333333333333%;--awb-spacing-right-medium:9.216%;--awb-spacing-left-medium:9.216%;--awb-width-small:100%;--awb-spacing-right-small:1.92%;--awb-spacing-left-small:1.92%;\" data-animationType=\"fadeInDown\" data-animationDuration=\"1.6\" data-animationOffset=\"top-into-view\"><div class=\"fusion-column-wrapper fusion-column-has-shadow fusion-flex-justify-content-flex-start fusion-content-layout-column\"><div class=\"fusion-title title fusion-title-4 fusion-sep-none fusion-title-center fusion-title-text fusion-title-size-two\"><h2 class=\"title-heading-center fusion-responsive-typography-calculated\" style=\"margin:0;--fontSize:54;line-height:1.14;\">Otantik, Sorumlu Bir Seyahat Deneyimi<\/h2><\/div><div class=\"fusion-text fusion-text-4\" style=\"--awb-content-alignment:center;--awb-font-size:30px;--awb-line-height:1.4em;--awb-letter-spacing:-0.02em;\"><p><span style=\"font-weight: 400;\">Bu k\u00fclt\u00fcrleraras\u0131 y\u00fcr\u00fcy\u00fc\u015fler sadece turlar de\u011fil; ya\u015fam\u0131n, dayan\u0131kl\u0131l\u0131\u011f\u0131n ve k\u00fclt\u00fcrlerin i\u00e7 i\u00e7e ge\u00e7mesinin anlat\u0131lar\u0131d\u0131r. G\u00fcm\u00fc\u015f turistler, Bergamo&#8217;nun gizli m\u00fccevherlerini ve anlat\u0131lmam\u0131\u015f hikayelerini ke\u015ffetmeye davet ediliyor ve seyahat deneyimlerini \u015fehre g\u00f6\u00e7 edenlerin ya\u015famlar\u0131na dair otantik bilgilerle zenginle\u015ftiriyor. Bu giri\u015fim, g\u00fcm\u00fc\u015f turistlerin ziyaret ettikleri yerler hakk\u0131nda daha derin bir anlay\u0131\u015f sunan sorumlu, s\u00fcrd\u00fcr\u00fclebilir seyahat se\u00e7eneklerine y\u00f6nelik arzular\u0131yla uyumludur.<\/span><\/p>\n<\/div><\/div><\/div><\/div><\/div><div class=\"fusion-fullwidth fullwidth-box fusion-builder-row-5 fusion-flex-container nonhundred-percent-fullwidth non-hundred-percent-height-scrolling\" style=\"--awb-border-radius-top-left:0px;--awb-border-radius-top-right:0px;--awb-border-radius-bottom-right:0px;--awb-border-radius-bottom-left:0px;--awb-padding-top:5%;--awb-padding-bottom:60px;--awb-padding-bottom-medium:40px;--awb-padding-top-small:40px;--awb-padding-bottom-small:40px;--awb-background-color:var(--awb-color1);\" ><div class=\"fusion-builder-row fusion-row fusion-flex-align-items-flex-start fusion-flex-justify-content-center\" style=\"max-width:1248px;margin-left: calc(-4% \/ 2 );margin-right: calc(-4% \/ 2 );\"><div class=\"fusion-layout-column fusion_builder_column fusion-builder-column-5 fusion_builder_column_3_4 3_4 fusion-flex-column fusion-animated\" style=\"--awb-bg-size:cover;--awb-width-large:75%;--awb-margin-top-large:20px;--awb-spacing-right-large:10.24%;--awb-margin-bottom-large:20px;--awb-spacing-left-large:10.24%;--awb-width-medium:83.333333333333%;--awb-spacing-right-medium:9.216%;--awb-spacing-left-medium:9.216%;--awb-width-small:100%;--awb-spacing-right-small:1.92%;--awb-spacing-left-small:1.92%;\" data-animationType=\"fadeInDown\" data-animationDuration=\"1.6\" data-animationOffset=\"top-into-view\"><div class=\"fusion-column-wrapper fusion-column-has-shadow fusion-flex-justify-content-flex-start fusion-content-layout-column\"><div class=\"fusion-title title fusion-title-5 fusion-sep-none fusion-title-center fusion-title-text fusion-title-size-two\"><h2 class=\"title-heading-center fusion-responsive-typography-calculated\" style=\"margin:0;--fontSize:54;line-height:1.14;\">K\u00fclt\u00fcrel Ke\u015fif Yoluyla Aktif Ya\u015flanmay\u0131 Te\u015fvik Etmek<\/h2><\/div><div class=\"fusion-text fusion-text-5\" style=\"--awb-content-alignment:center;--awb-font-size:30px;--awb-line-height:1.4em;--awb-letter-spacing:-0.02em;\"><p><span style=\"font-weight: 400;\">Migrantour Bergamo ayr\u0131ca aktif ya\u015flanma kavram\u0131n\u0131 savunuyor ve ya\u015fl\u0131 yeti\u015fkinleri yeni k\u00fclt\u00fcrlerin ke\u015ffi yoluyla fiziksel, zihinsel ve sosyal olarak me\u015fgul olmaya te\u015fvik ediyor. Proje, ya\u015fam boyu \u00f6\u011frenmenin ve k\u00fclt\u00fcrel al\u0131\u015fveri\u015fin \u00f6nemini vurgulayarak, g\u00fcm\u00fc\u015f turistlere aktif kalmalar\u0131 ve \u00e7evrelerindeki d\u00fcnya hakk\u0131nda merakl\u0131 olmalar\u0131 i\u00e7in bir yol sunuyor.<\/span><\/p>\n<\/div><\/div><\/div><\/div><\/div><div class=\"fusion-fullwidth fullwidth-box fusion-builder-row-6 fusion-flex-container nonhundred-percent-fullwidth non-hundred-percent-height-scrolling\" style=\"--awb-border-radius-top-left:0px;--awb-border-radius-top-right:0px;--awb-border-radius-bottom-right:0px;--awb-border-radius-bottom-left:0px;--awb-padding-top:5%;--awb-padding-bottom:60px;--awb-padding-bottom-medium:40px;--awb-padding-top-small:40px;--awb-padding-bottom-small:40px;--awb-background-color:var(--awb-color1);\" ><div class=\"fusion-builder-row fusion-row fusion-flex-align-items-flex-start fusion-flex-justify-content-center\" style=\"max-width:1248px;margin-left: calc(-4% \/ 2 );margin-right: calc(-4% \/ 2 );\"><div class=\"fusion-layout-column fusion_builder_column fusion-builder-column-6 fusion_builder_column_3_4 3_4 fusion-flex-column fusion-animated\" style=\"--awb-bg-size:cover;--awb-width-large:75%;--awb-margin-top-large:20px;--awb-spacing-right-large:10.24%;--awb-margin-bottom-large:20px;--awb-spacing-left-large:10.24%;--awb-width-medium:83.333333333333%;--awb-spacing-right-medium:9.216%;--awb-spacing-left-medium:9.216%;--awb-width-small:100%;--awb-spacing-right-small:1.92%;--awb-spacing-left-small:1.92%;\" data-animationType=\"fadeInDown\" data-animationDuration=\"1.6\" data-animationOffset=\"top-into-view\"><div class=\"fusion-column-wrapper fusion-column-has-shadow fusion-flex-justify-content-flex-start fusion-content-layout-column\"><div class=\"fusion-title title fusion-title-6 fusion-sep-none fusion-title-center fusion-title-text fusion-title-size-two\"><h2 class=\"title-heading-center fusion-responsive-typography-calculated\" style=\"margin:0;--fontSize:54;line-height:1.14;\">S\u00fcrd\u00fcr\u00fclebilir, kapsay\u0131c\u0131 turizm i\u00e7in bir model<\/h2><\/div><div class=\"fusion-text fusion-text-6\" style=\"--awb-content-alignment:center;--awb-font-size:30px;--awb-line-height:1.4em;--awb-letter-spacing:-0.02em;\"><p><span style=\"font-weight: 400;\">S\u00fcrd\u00fcr\u00fclebilir ve kapsay\u0131c\u0131 bir turizm modeli olarak Migrantour Bergamo, turizmin k\u00fclt\u00fcrel farkl\u0131l\u0131klar aras\u0131nda k\u00f6pr\u00fc kurma ve daha kapsay\u0131c\u0131, anlay\u0131\u015fl\u0131 bir d\u00fcnya yaratma potansiyelinin g\u00fcc\u00fcn\u00fcn bir kan\u0131t\u0131 olarak duruyor. Migrantour Bergamo, g\u00fcm\u00fc\u015f turistleri bu zenginle\u015ftirici k\u00fclt\u00fcrel yolculuklara kat\u0131lmaya davet ederek sadece seyahat deneyimlerini geli\u015ftirmekle kalm\u0131yor, ayn\u0131 zamanda \u015fehrin sosyal ve k\u00fclt\u00fcrel canl\u0131l\u0131\u011f\u0131na da \u00f6nemli \u00f6l\u00e7\u00fcde katk\u0131da bulunuyor. Aktif kat\u0131l\u0131m, hikaye anlat\u0131m\u0131 ve payla\u015f\u0131lan deneyimler yoluyla proje, nesiller boyu s\u00fcren bir anlay\u0131\u015f ve sayg\u0131 miras\u0131 olu\u015fturarak ilgili herkesin hayat\u0131n\u0131 zenginle\u015ftiriyor.\u00a0<\/span><\/p>\n<p><span style=\"font-weight: 400;\">Bu giri\u015fim, \u00f6zellikle ya\u015fl\u0131 yeti\u015fkinlere odaklanan turizmin, sadece ho\u015fg\u00f6r\u00fcy\u00fc de\u011fil, ayn\u0131 zamanda insan deneyiminin zengin dokusu i\u00e7in derin bir takdiri te\u015fvik ederek, iyilik i\u00e7in nas\u0131l g\u00fc\u00e7l\u00fc bir g\u00fc\u00e7 olabilece\u011fini g\u00f6steriyor.<\/span><\/p>\n<\/div><\/div><\/div><\/div><\/div><\/p>\n","protected":false},"excerpt":{"rendered":"","protected":false},"author":1,"featured_media":0,"parent":0,"menu_order":0,"comment_status":"closed","ping_status":"closed","template":"100-width.php","meta":{"content-type":"","footnotes":""},"class_list":["post-3575","page","type-page","status-publish","hentry"],"acf":[],"yoast_head":"<!-- This site is optimized with the Yoast SEO plugin v20.9 - https:\/\/yoast.com\/wordpress\/plugins\/seo\/ -->\n<title>Migrantour Bergamo - In-Sit<\/title>\n<meta name=\"robots\" content=\"index, follow, max-snippet:-1, max-image-preview:large, max-video-preview:-1\" \/>\n<link rel=\"canonical\" href=\"https:\/\/www.in-sit.eu\/tr\/migrantour-bergamo\/\" \/>\n<meta property=\"og:locale\" content=\"tr_TR\" \/>\n<meta property=\"og:type\" content=\"article\" \/>\n<meta property=\"og:title\" content=\"Migrantour Bergamo - In-Sit\" \/>\n<meta property=\"og:url\" content=\"https:\/\/www.in-sit.eu\/tr\/migrantour-bergamo\/\" \/>\n<meta property=\"og:site_name\" content=\"In-Sit\" \/>\n<meta property=\"article:modified_time\" content=\"2024-11-15T00:29:36+00:00\" \/>\n<meta name=\"twitter:card\" content=\"summary_large_image\" \/>\n<meta name=\"twitter:label1\" content=\"Tahmini okuma s\u00fcresi\" \/>\n\t<meta name=\"twitter:data1\" content=\"7 dakika\" \/>\n<script type=\"application\/ld+json\" class=\"yoast-schema-graph\">{\"@context\":\"https:\/\/schema.org\",\"@graph\":[{\"@type\":\"WebPage\",\"@id\":\"https:\/\/www.in-sit.eu\/tr\/migrantour-bergamo\/\",\"url\":\"https:\/\/www.in-sit.eu\/tr\/migrantour-bergamo\/\",\"name\":\"Migrantour Bergamo - In-Sit\",\"isPartOf\":{\"@id\":\"https:\/\/www.in-sit.eu\/#website\"},\"datePublished\":\"2020-07-24T17:15:43+00:00\",\"dateModified\":\"2024-11-15T00:29:36+00:00\",\"breadcrumb\":{\"@id\":\"https:\/\/www.in-sit.eu\/tr\/migrantour-bergamo\/#breadcrumb\"},\"inLanguage\":\"tr\",\"potentialAction\":[{\"@type\":\"ReadAction\",\"target\":[\"https:\/\/www.in-sit.eu\/tr\/migrantour-bergamo\/\"]}]},{\"@type\":\"BreadcrumbList\",\"@id\":\"https:\/\/www.in-sit.eu\/tr\/migrantour-bergamo\/#breadcrumb\",\"itemListElement\":[{\"@type\":\"ListItem\",\"position\":1,\"name\":\"Home\",\"item\":\"https:\/\/www.in-sit.eu\/tr\/\"},{\"@type\":\"ListItem\",\"position\":2,\"name\":\"Migrantour Bergamo\"}]},{\"@type\":\"WebSite\",\"@id\":\"https:\/\/www.in-sit.eu\/#website\",\"url\":\"https:\/\/www.in-sit.eu\/\",\"name\":\"In-Sit\",\"description\":\"Silver tourism\",\"potentialAction\":[{\"@type\":\"SearchAction\",\"target\":{\"@type\":\"EntryPoint\",\"urlTemplate\":\"https:\/\/www.in-sit.eu\/?s={search_term_string}\"},\"query-input\":\"required name=search_term_string\"}],\"inLanguage\":\"tr\"}]}<\/script>\n<!-- \/ Yoast SEO plugin. -->","yoast_head_json":{"title":"Migrantour Bergamo - In-Sit","robots":{"index":"index","follow":"follow","max-snippet":"max-snippet:-1","max-image-preview":"max-image-preview:large","max-video-preview":"max-video-preview:-1"},"canonical":"https:\/\/www.in-sit.eu\/tr\/migrantour-bergamo\/","og_locale":"tr_TR","og_type":"article","og_title":"Migrantour Bergamo - In-Sit","og_url":"https:\/\/www.in-sit.eu\/tr\/migrantour-bergamo\/","og_site_name":"In-Sit","article_modified_time":"2024-11-15T00:29:36+00:00","twitter_card":"summary_large_image","twitter_misc":{"Tahmini okuma s\u00fcresi":"7 dakika"},"schema":{"@context":"https:\/\/schema.org","@graph":[{"@type":"WebPage","@id":"https:\/\/www.in-sit.eu\/tr\/migrantour-bergamo\/","url":"https:\/\/www.in-sit.eu\/tr\/migrantour-bergamo\/","name":"Migrantour Bergamo - In-Sit","isPartOf":{"@id":"https:\/\/www.in-sit.eu\/#website"},"datePublished":"2020-07-24T17:15:43+00:00","dateModified":"2024-11-15T00:29:36+00:00","breadcrumb":{"@id":"https:\/\/www.in-sit.eu\/tr\/migrantour-bergamo\/#breadcrumb"},"inLanguage":"tr","potentialAction":[{"@type":"ReadAction","target":["https:\/\/www.in-sit.eu\/tr\/migrantour-bergamo\/"]}]},{"@type":"BreadcrumbList","@id":"https:\/\/www.in-sit.eu\/tr\/migrantour-bergamo\/#breadcrumb","itemListElement":[{"@type":"ListItem","position":1,"name":"Home","item":"https:\/\/www.in-sit.eu\/tr\/"},{"@type":"ListItem","position":2,"name":"Migrantour Bergamo"}]},{"@type":"WebSite","@id":"https:\/\/www.in-sit.eu\/#website","url":"https:\/\/www.in-sit.eu\/","name":"In-Sit","description":"Silver tourism","potentialAction":[{"@type":"SearchAction","target":{"@type":"EntryPoint","urlTemplate":"https:\/\/www.in-sit.eu\/?s={search_term_string}"},"query-input":"required name=search_term_string"}],"inLanguage":"tr"}]}},"_links":{"self":[{"href":"https:\/\/www.in-sit.eu\/tr\/wp-json\/wp\/v2\/pages\/3575","targetHints":{"allow":["GET"]}}],"collection":[{"href":"https:\/\/www.in-sit.eu\/tr\/wp-json\/wp\/v2\/pages"}],"about":[{"href":"https:\/\/www.in-sit.eu\/tr\/wp-json\/wp\/v2\/types\/page"}],"author":[{"embeddable":true,"href":"https:\/\/www.in-sit.eu\/tr\/wp-json\/wp\/v2\/users\/1"}],"replies":[{"embeddable":true,"href":"https:\/\/www.in-sit.eu\/tr\/wp-json\/wp\/v2\/comments?post=3575"}],"version-history":[{"count":1,"href":"https:\/\/www.in-sit.eu\/tr\/wp-json\/wp\/v2\/pages\/3575\/revisions"}],"predecessor-version":[{"id":3576,"href":"https:\/\/www.in-sit.eu\/tr\/wp-json\/wp\/v2\/pages\/3575\/revisions\/3576"}],"wp:attachment":[{"href":"https:\/\/www.in-sit.eu\/tr\/wp-json\/wp\/v2\/media?parent=3575"}],"curies":[{"name":"wp","href":"https:\/\/api.w.org\/{rel}","templated":true}]}}