{"id":3567,"date":"2024-06-26T08:16:44","date_gmt":"2024-06-26T08:16:44","guid":{"rendered":"https:\/\/www.in-sit.eu\/second-visit-exchange-antalya\/"},"modified":"2024-12-19T15:37:50","modified_gmt":"2024-12-19T15:37:50","slug":"ikinci-degisim-ziyareti-antalya","status":"publish","type":"page","link":"https:\/\/www.in-sit.eu\/tr\/ikinci-degisim-ziyareti-antalya\/","title":{"rendered":"\u0130kinci De\u011fi\u015fim Ziyareti, Antalya"},"content":{"rendered":"<p><div class=\"fusion-fullwidth fullwidth-box fusion-builder-row-1 fusion-flex-container nonhundred-percent-fullwidth non-hundred-percent-height-scrolling\" style=\"--awb-border-radius-top-left:0px;--awb-border-radius-top-right:0px;--awb-border-radius-bottom-right:0px;--awb-border-radius-bottom-left:0px;--awb-padding-top:60px;--awb-padding-top-medium:32px;--awb-padding-top-small:20px;--awb-background-image:radial-gradient(circle at center top, hsla(var(--awb-color8-h),calc(var(--awb-color8-s) + 20%),var(--awb-color8-l),calc(var(--awb-color8-a) - 90%)) 62%,var(--awb-color1) 62%);\" ><div class=\"fusion-builder-row fusion-row fusion-flex-align-items-flex-start fusion-flex-justify-content-center\" style=\"max-width:1248px;margin-left: calc(-4% \/ 2 );margin-right: calc(-4% \/ 2 );\"><div class=\"fusion-layout-column fusion_builder_column fusion-builder-column-0 fusion_builder_column_3_5 3_5 fusion-flex-column fusion-animated\" style=\"--awb-bg-size:cover;--awb-width-large:60%;--awb-margin-top-large:20px;--awb-spacing-right-large:3.2%;--awb-margin-bottom-large:48px;--awb-spacing-left-large:3.2%;--awb-width-medium:75%;--awb-spacing-right-medium:2.56%;--awb-margin-bottom-medium:40px;--awb-spacing-left-medium:2.56%;--awb-width-small:100%;--awb-spacing-right-small:1.92%;--awb-spacing-left-small:1.92%;\" data-animationType=\"fadeInDown\" data-animationDuration=\"1.6\" data-animationOffset=\"top-into-view\"><div class=\"fusion-column-wrapper fusion-column-has-shadow fusion-flex-justify-content-flex-start fusion-content-layout-column\"><i class=\"fb-icon-element-1 fb-icon-element fontawesome-icon icon-mkb-group circle-yes\" style=\"--awb-iconcolor:var(--awb-color4);--awb-iconcolor-hover:var(--awb-color1);--awb-circlecolor:var(--awb-color1);--awb-circlecolor-hover:var(--awb-color4);--awb-circlebordercolor-hover:hsla(var(--awb-color5-h),var(--awb-color5-s),var(--awb-color5-l),calc(var(--awb-color5-a) - 90%));--awb-circlebordersize:0px;--awb-font-size:36.96px;--awb-width:73.92px;--awb-height:73.92px;--awb-line-height:73.92px;--awb-align-self:center;--awb-margin-top:0px;--awb-margin-right:0px;--awb-margin-bottom:12px;--awb-margin-left:0px;\"><\/i><div class=\"fusion-title title fusion-title-1 fusion-sep-none fusion-title-center fusion-title-text fusion-title-size-six\" style=\"--awb-margin-bottom:4px;--awb-margin-top-small:4px;--awb-margin-bottom-small:4px;--awb-margin-top-medium:4px;--awb-margin-bottom-medium:4px;\"><h6 class=\"title-heading-center fusion-responsive-typography-calculated\" style=\"margin:0;--fontSize:20;--minFontSize:20;line-height:1.5;\">De\u011fi\u015fim Ziyareti<\/h6><\/div><div class=\"fusion-title title fusion-title-2 fusion-sep-none fusion-title-center fusion-title-text fusion-title-size-one\"><h1 class=\"title-heading-center fusion-responsive-typography-calculated\" style=\"margin:0;--fontSize:72;line-height:var(--awb-typography1-line-height);\">\u0130kinci De\u011fi\u015fim Ziyareti, Antalya<\/h1><\/div><div class=\"fusion-text fusion-text-1\" style=\"--awb-content-alignment:center;--awb-font-size:30px;--awb-line-height:1.4em;--awb-letter-spacing:-0.02em;\"><p><b>Erasmus + Ya\u015fl\u0131 Turizmi Projesi ile Avrupa&#8217;da Ya\u015fl\u0131 Turizminin Te\u015fvik Edilmesi: Antalya, T\u00fcrkiye&#8217;deki \u0130lk De\u011fi\u015fim Ziyareti S\u0131ras\u0131nda \u0130yi Uygulamalar\u0131n Payla\u015f\u0131lmas\u0131<\/b><\/p>\n<\/div><\/div><\/div><div class=\"fusion-layout-column fusion_builder_column fusion-builder-column-1 fusion_builder_column_1_2 1_2 fusion-flex-column fusion-animated\" style=\"--awb-bg-size:cover;--awb-width-large:50%;--awb-margin-top-large:20px;--awb-spacing-right-large:3.84%;--awb-margin-bottom-large:20px;--awb-spacing-left-large:3.84%;--awb-width-medium:50%;--awb-order-medium:0;--awb-spacing-right-medium:3.84%;--awb-margin-bottom-medium:60px;--awb-spacing-left-medium:3.84%;--awb-width-small:100%;--awb-order-small:0;--awb-spacing-right-small:1.92%;--awb-margin-bottom-small:20px;--awb-spacing-left-small:1.92%;\" data-animationType=\"fadeInUp\" data-animationDuration=\"1.2\" data-animationOffset=\"top-into-view\"><div class=\"fusion-column-wrapper fusion-column-has-shadow fusion-flex-justify-content-flex-start fusion-content-layout-column\"><div class=\"fusion-image-element \" style=\"--awb-caption-title-font-family:var(--h2_typography-font-family);--awb-caption-title-font-weight:var(--h2_typography-font-weight);--awb-caption-title-font-style:var(--h2_typography-font-style);--awb-caption-title-size:var(--h2_typography-font-size);--awb-caption-title-transform:var(--h2_typography-text-transform);--awb-caption-title-line-height:var(--h2_typography-line-height);--awb-caption-title-letter-spacing:var(--h2_typography-letter-spacing);\"><span class=\" fusion-imageframe imageframe-none imageframe-1 hover-type-none\" class=\"image-magnify\" class=\"image-scroll\"><img decoding=\"async\" width=\"1024\" height=\"1024\" title=\"Insit Turchia\" src=\"https:\/\/www.in-sit.eu\/wp-content\/uploads\/2024\/06\/Insit-Turchia.jpg\" data-orig-src=\"https:\/\/www.in-sit.eu\/wp-content\/uploads\/2024\/06\/Insit-Turchia-1024x1024.jpg\" alt class=\"lazyload img-responsive wp-image-3373\" srcset=\"data:image\/svg+xml,%3Csvg%20xmlns%3D%27http%3A%2F%2Fwww.w3.org%2F2000%2Fsvg%27%20width%3D%271080%27%20height%3D%271080%27%20viewBox%3D%270%200%201080%201080%27%3E%3Crect%20width%3D%271080%27%20height%3D%271080%27%20fill-opacity%3D%220%22%2F%3E%3C%2Fsvg%3E\" data-srcset=\"https:\/\/www.in-sit.eu\/wp-content\/uploads\/2024\/06\/Insit-Turchia-200x200.jpg 200w, https:\/\/www.in-sit.eu\/wp-content\/uploads\/2024\/06\/Insit-Turchia-400x400.jpg 400w, https:\/\/www.in-sit.eu\/wp-content\/uploads\/2024\/06\/Insit-Turchia-600x600.jpg 600w, https:\/\/www.in-sit.eu\/wp-content\/uploads\/2024\/06\/Insit-Turchia-800x800.jpg 800w, https:\/\/www.in-sit.eu\/wp-content\/uploads\/2024\/06\/Insit-Turchia.jpg 1080w\" data-sizes=\"auto\" data-orig-sizes=\"(max-width: 640px) 100vw, 600px\" \/><\/span><\/div><\/div><\/div><\/div><\/div><div class=\"fusion-fullwidth fullwidth-box fusion-builder-row-2 fusion-flex-container nonhundred-percent-fullwidth non-hundred-percent-height-scrolling\" style=\"--awb-border-radius-top-left:0px;--awb-border-radius-top-right:0px;--awb-border-radius-bottom-right:0px;--awb-border-radius-bottom-left:0px;--awb-padding-top:0px;--awb-padding-bottom:0px;--awb-padding-top-medium:20px;--awb-padding-bottom-medium:20px;--awb-padding-top-small:40px;--awb-padding-bottom-small:40px;--awb-background-color:var(--awb-color1);\" ><div class=\"fusion-builder-row fusion-row fusion-flex-align-items-center fusion-flex-justify-content-center\" style=\"max-width:1248px;margin-left: calc(-4% \/ 2 );margin-right: calc(-4% \/ 2 );\"><div class=\"fusion-layout-column fusion_builder_column fusion-builder-column-2 fusion_builder_column_1_1 1_1 fusion-flex-column fusion-flex-align-self-center fusion-animated\" style=\"--awb-padding-top:50px;--awb-padding-right:50px;--awb-padding-left:50px;--awb-overflow:hidden;--awb-bg-color:var(--awb-color1);--awb-bg-color-hover:var(--awb-color1);--awb-bg-size:cover;--awb-border-radius:12px 12px 12px 12px;--awb-filter:opacity(93%);--awb-filter-transition:filter 0.3s ease;--awb-filter-hover:opacity(100%);--awb-width-large:100%;--awb-margin-top-large:50px;--awb-spacing-right-large:1.92%;--awb-margin-bottom-large:50px;--awb-spacing-left-large:1.92%;--awb-width-medium:100%;--awb-order-medium:0;--awb-spacing-right-medium:1.92%;--awb-spacing-left-medium:1.92%;--awb-width-small:100%;--awb-order-small:0;--awb-spacing-right-small:1.92%;--awb-spacing-left-small:1.92%;\" data-animationType=\"fadeInDown\" data-animationDuration=\"1.6\" data-animationOffset=\"top-into-view\"><div class=\"fusion-column-wrapper fusion-column-has-shadow fusion-flex-justify-content-space-evenly fusion-content-layout-column\"><div class=\"fusion-text fusion-text-2\" style=\"--awb-content-alignment:center;\"><p><span style=\"font-weight: 400;\">T\u00fcrkiye&#8217;nin Akdeniz b\u00f6lgesinde Avrupa&#8217;n\u0131n en iyi turizm merkezlerinden biri olan Antalya, Belek Turizm B\u00f6lgesi&#8217;nde yer almaktad\u0131r. 19-23 \u015eubat 2024 tarihleri aras\u0131nda \u015fehir, ya\u015fl\u0131lar i\u00e7in turizmi te\u015fvik etmeye y\u00f6nelik \u00f6nemli bir ad\u0131m olan ikinci proje de\u011fi\u015fim toplant\u0131s\u0131 i\u00e7in Avrupal\u0131 ortaklara ev sahipli\u011fi yapt\u0131. Bu etkinlik <\/span><span style=\"font-weight: 400;\">\u00a0, ilgili \u00fc\u00e7 \u00fclkede (T\u00fcrkiye, Bel\u00e7ika, \u0130talya) \u00fcst d\u00fczey turizmde en iyi uygulamalar\u0131 bir araya getirmeyi ve payla\u015fmay\u0131 ve ya\u015fl\u0131lara y\u00f6nelik teklifleri geli\u015ftirmek i\u00e7in turizm sekt\u00f6r\u00fcnde \u00e7al\u0131\u015fanlara destek sa\u011flamay\u0131 ama\u00e7layan Erasmus+ Silver Tourism KA210-ADU-2022-2-IT02-KA210-ADU-000096966 projesinin<\/span><span style=\"font-weight: 400;\"> bir par\u00e7as\u0131yd\u0131.<\/span><\/p>\n<p><span style=\"font-weight: 400;\">\u0130talya&#8217;n\u0131n Bergamo kentindeki Solco Citt\u00e0 Aperta Konsorsiyumu taraf\u0131ndan T\u00fcrkiye&#8217;den SERGED ve Bel\u00e7ika&#8217;dan Logospaycom ortakl\u0131\u011f\u0131nda y\u00f6netilen Silver Tourism projesi, turizm sekt\u00f6r\u00fcnde \u00e7al\u0131\u015fanlara 65 ya\u015f \u00fcst\u00fc bireylere \u00f6zel deneyimler ve teklifler sunma konusunda g\u00fc\u00e7l\u00fc bir destek sa\u011flamay\u0131 ama\u00e7l\u0131yor. Bu demografiye artan ilginin fark\u0131nda olan proje, i\u015fletmeleri ya\u015fl\u0131lar i\u00e7in unutulmaz seyahat deneyimleri yaratmak i\u00e7in gerekli ara\u00e7larla donatmay\u0131 ama\u00e7l\u0131yor.<\/span><\/p>\n<p><span style=\"font-weight: 400;\">Etkinlik s\u0131ras\u0131nda Bel\u00e7ikal\u0131 ve \u0130talyan ortaklar, Antalya&#8217;y\u0131 ya\u015fl\u0131 gezginler i\u00e7in ideal bir destinasyon haline getirmeye katk\u0131da bulunan giri\u015fimleri ke\u015ffetme f\u0131rsat\u0131 buldu.<\/span><\/p>\n<p><span style=\"font-weight: 400;\">Etkinli\u011fin \u00f6ne \u00e7\u0131kan noktalar\u0131ndan biri, ya\u015fl\u0131lar\u0131n 5* otellerde uzun s\u00fcreli konaklamalar\u0131 ve sosyalle\u015fmeleri i\u00e7in en iyi uygulamalar\u0131 g\u00f6zlemlemek ve ke\u015ffetmekti. Be\u015f y\u0131ld\u0131zl\u0131 a\u011f\u0131rlama oteli b\u00fcnyesinde yer alan otellerde ya\u015fl\u0131 ve engelli misafirlerin konaklamas\u0131 i\u00e7in al\u0131nan tedbirleri ve hayatlar\u0131n\u0131 kolayla\u015ft\u0131racak tedbirleri payla\u015ft\u0131lar.<\/span><\/p>\n<p><span style=\"font-weight: 400;\">Otelin ya\u015fl\u0131 ve engelliler i\u00e7in \u00f6zel olarak d\u00fczenlenmi\u015f odalar ve sosyal alanlar ile t\u00fcm ihtiya\u00e7lar\u0131 kar\u015f\u0131layacak profesyonel shuttle servisleri oldu\u011funu g\u00f6zlemledik.<\/span><\/p>\n<p><span style=\"font-weight: 400;\">B\u00f6lgede, BETUYAB Turizm karar vericileri, Akdeniz \u00dcniversitesi Turizm Fak\u00fcltesi \u00d6\u011fretim \u00dcyesi, Kaymakam ve Silver Turizm, Avrupa&#8217;daki iyi uygulamalar\u0131n sekt\u00f6re aktar\u0131lmas\u0131 konusunda g\u00f6r\u00fc\u015f ve \u00f6nerilerini payla\u015ft\u0131.<\/span><\/p>\n<p><span style=\"font-weight: 400;\">Engelli ve ya\u015fl\u0131 turizmine y\u00f6nelik turizm b\u00f6lgesinin turizm aktiviteleri a\u00e7\u0131s\u0131ndan daha kapsay\u0131c\u0131 hale getirilmesi ve otel d\u0131\u015f\u0131nda g\u00fcn\u00fcbirlik aktiviteler d\u00fczenlenerek ya\u015fl\u0131lar\u0131n sosyalle\u015fmesine katk\u0131 sa\u011flanmas\u0131 i\u00e7in \u00f6nerilerde bulunuldu.<\/span><\/p>\n<p><span style=\"font-weight: 400;\">B\u00f6lgenin iklim ekosisteminin, yerel k\u00fclt\u00fcr\u00fcn\u00fcn ve do\u011fal olanaklar\u0131n\u0131n kas\u0131m ve nisan aylar\u0131 aras\u0131nda ya\u015fl\u0131lar i\u00e7in \u00e7ok iyi hareketlilik olanaklar\u0131 sundu\u011funu g\u00f6zlemledik. Sekt\u00f6r\u00fcn ihtiya\u00e7 duydu\u011fu insan g\u00fcc\u00fcn\u00fcn yeti\u015ftirilmesi ve iyi \u00f6rneklerin aktar\u0131lmas\u0131 a\u00e7\u0131s\u0131ndan ortaklar\u0131m\u0131z\u0131n yeni projelere ihtiya\u00e7 duydu\u011fu, daha fazla i\u015fbirli\u011fine a\u00e7\u0131k alanlar\u0131n varl\u0131\u011f\u0131n\u0131n ke\u015ffedilerek bu ihtiya\u00e7lara y\u00f6nelik ortak \u00e7al\u0131\u015fmalara devam edilmesine karar verildi.<\/span><\/p>\n<p><span style=\"font-weight: 400;\">Etkinli\u011fin \u00f6ne \u00e7\u0131kan bir di\u011fer \u00f6zelli\u011fi ise T\u00fcrkiye&#8217;de sa\u011fl\u0131k turizminin \u00f6ncelikli olarak ya\u015fl\u0131lar taraf\u0131ndan tercih edilmesiydi. T\u00fcrkiye&#8217;nin termal turizm imkanlar\u0131 sunmas\u0131 ve sa\u011fl\u0131k alan\u0131nda tan\u0131 ve tedavi a\u00e7\u0131s\u0131ndan Avrupa&#8217;ya g\u00f6re daha az maliyetli olmas\u0131 bu tercihin en \u00f6nemli nedenleri aras\u0131nda yer al\u0131yor.<\/span><\/p>\n<p><span style=\"font-weight: 400;\">Projenin bundan sonraki ad\u0131mlar\u0131 aras\u0131nda A\u011fustos 2024&#8217;te Bel\u00e7ika&#8217;ya yap\u0131lacak ziyaretler yer al\u0131yor. Bu ziyaretler s\u0131ras\u0131nda, proje ortaklar\u0131 ve payda\u015flar, bu \u00fclkedeki \u00fcst d\u00fczey turizmdeki en iyi uygulamalar hakk\u0131nda bilgi edinme f\u0131rsat\u0131 bulacaklar. Bu deneyimler, Avrupa d\u00fczeyinde \u00fcst d\u00fczey demografi tekliflerinin uygulanmas\u0131nda end\u00fcstri operat\u00f6rlerine yard\u0131mc\u0131 olacak bir referans k\u0131lavuzu olu\u015fturmada \u00e7ok \u00f6nemli olacakt\u0131r.<\/span><\/p>\n<p><span style=\"font-weight: 400;\">Ortak \u00fclkeler ve yak\u0131nda \u00e7\u0131kacak olan rehber aras\u0131nda devam eden i\u015fbirli\u011fi ile, \u00fcst d\u00fczey turizm ancak b\u00fcy\u00fcyebilir, geli\u015febilir ve ola\u011fan\u00fcst\u00fc seyahatlerle kutlanmay\u0131 hak eden bir nesle unutulmaz deneyimler sunabilir.<\/span><\/p>\n<\/div><\/div><\/div><\/div><\/div><\/p>\n","protected":false},"excerpt":{"rendered":"","protected":false},"author":1,"featured_media":0,"parent":0,"menu_order":0,"comment_status":"closed","ping_status":"closed","template":"100-width.php","meta":{"content-type":"","footnotes":""},"class_list":["post-3567","page","type-page","status-publish","hentry"],"acf":[],"yoast_head":"<!-- This site is optimized with the Yoast SEO plugin v20.9 - https:\/\/yoast.com\/wordpress\/plugins\/seo\/ -->\n<title>\u0130kinci De\u011fi\u015fim Ziyareti, Antalya - In-Sit<\/title>\n<meta name=\"robots\" content=\"index, follow, max-snippet:-1, max-image-preview:large, max-video-preview:-1\" \/>\n<link rel=\"canonical\" href=\"https:\/\/www.in-sit.eu\/tr\/ikinci-degisim-ziyareti-antalya\/\" \/>\n<meta property=\"og:locale\" content=\"tr_TR\" \/>\n<meta property=\"og:type\" content=\"article\" \/>\n<meta property=\"og:title\" content=\"\u0130kinci De\u011fi\u015fim Ziyareti, Antalya - In-Sit\" \/>\n<meta property=\"og:url\" content=\"https:\/\/www.in-sit.eu\/tr\/ikinci-degisim-ziyareti-antalya\/\" \/>\n<meta property=\"og:site_name\" content=\"In-Sit\" \/>\n<meta property=\"article:modified_time\" content=\"2024-12-19T15:37:50+00:00\" \/>\n<meta name=\"twitter:card\" content=\"summary_large_image\" \/>\n<meta name=\"twitter:label1\" content=\"Tahmini okuma s\u00fcresi\" \/>\n\t<meta name=\"twitter:data1\" content=\"5 dakika\" \/>\n<script type=\"application\/ld+json\" class=\"yoast-schema-graph\">{\"@context\":\"https:\/\/schema.org\",\"@graph\":[{\"@type\":\"WebPage\",\"@id\":\"https:\/\/www.in-sit.eu\/tr\/ikinci-degisim-ziyareti-antalya\/\",\"url\":\"https:\/\/www.in-sit.eu\/tr\/ikinci-degisim-ziyareti-antalya\/\",\"name\":\"\u0130kinci De\u011fi\u015fim Ziyareti, Antalya - In-Sit\",\"isPartOf\":{\"@id\":\"https:\/\/www.in-sit.eu\/#website\"},\"datePublished\":\"2024-06-26T08:16:44+00:00\",\"dateModified\":\"2024-12-19T15:37:50+00:00\",\"breadcrumb\":{\"@id\":\"https:\/\/www.in-sit.eu\/tr\/ikinci-degisim-ziyareti-antalya\/#breadcrumb\"},\"inLanguage\":\"tr\",\"potentialAction\":[{\"@type\":\"ReadAction\",\"target\":[\"https:\/\/www.in-sit.eu\/tr\/ikinci-degisim-ziyareti-antalya\/\"]}]},{\"@type\":\"BreadcrumbList\",\"@id\":\"https:\/\/www.in-sit.eu\/tr\/ikinci-degisim-ziyareti-antalya\/#breadcrumb\",\"itemListElement\":[{\"@type\":\"ListItem\",\"position\":1,\"name\":\"Home\",\"item\":\"https:\/\/www.in-sit.eu\/tr\/\"},{\"@type\":\"ListItem\",\"position\":2,\"name\":\"\u0130kinci De\u011fi\u015fim Ziyareti, Antalya\"}]},{\"@type\":\"WebSite\",\"@id\":\"https:\/\/www.in-sit.eu\/#website\",\"url\":\"https:\/\/www.in-sit.eu\/\",\"name\":\"In-Sit\",\"description\":\"Silver tourism\",\"potentialAction\":[{\"@type\":\"SearchAction\",\"target\":{\"@type\":\"EntryPoint\",\"urlTemplate\":\"https:\/\/www.in-sit.eu\/?s={search_term_string}\"},\"query-input\":\"required name=search_term_string\"}],\"inLanguage\":\"tr\"}]}<\/script>\n<!-- \/ Yoast SEO plugin. -->","yoast_head_json":{"title":"\u0130kinci De\u011fi\u015fim Ziyareti, Antalya - In-Sit","robots":{"index":"index","follow":"follow","max-snippet":"max-snippet:-1","max-image-preview":"max-image-preview:large","max-video-preview":"max-video-preview:-1"},"canonical":"https:\/\/www.in-sit.eu\/tr\/ikinci-degisim-ziyareti-antalya\/","og_locale":"tr_TR","og_type":"article","og_title":"\u0130kinci De\u011fi\u015fim Ziyareti, Antalya - In-Sit","og_url":"https:\/\/www.in-sit.eu\/tr\/ikinci-degisim-ziyareti-antalya\/","og_site_name":"In-Sit","article_modified_time":"2024-12-19T15:37:50+00:00","twitter_card":"summary_large_image","twitter_misc":{"Tahmini okuma s\u00fcresi":"5 dakika"},"schema":{"@context":"https:\/\/schema.org","@graph":[{"@type":"WebPage","@id":"https:\/\/www.in-sit.eu\/tr\/ikinci-degisim-ziyareti-antalya\/","url":"https:\/\/www.in-sit.eu\/tr\/ikinci-degisim-ziyareti-antalya\/","name":"\u0130kinci De\u011fi\u015fim Ziyareti, Antalya - In-Sit","isPartOf":{"@id":"https:\/\/www.in-sit.eu\/#website"},"datePublished":"2024-06-26T08:16:44+00:00","dateModified":"2024-12-19T15:37:50+00:00","breadcrumb":{"@id":"https:\/\/www.in-sit.eu\/tr\/ikinci-degisim-ziyareti-antalya\/#breadcrumb"},"inLanguage":"tr","potentialAction":[{"@type":"ReadAction","target":["https:\/\/www.in-sit.eu\/tr\/ikinci-degisim-ziyareti-antalya\/"]}]},{"@type":"BreadcrumbList","@id":"https:\/\/www.in-sit.eu\/tr\/ikinci-degisim-ziyareti-antalya\/#breadcrumb","itemListElement":[{"@type":"ListItem","position":1,"name":"Home","item":"https:\/\/www.in-sit.eu\/tr\/"},{"@type":"ListItem","position":2,"name":"\u0130kinci De\u011fi\u015fim Ziyareti, Antalya"}]},{"@type":"WebSite","@id":"https:\/\/www.in-sit.eu\/#website","url":"https:\/\/www.in-sit.eu\/","name":"In-Sit","description":"Silver tourism","potentialAction":[{"@type":"SearchAction","target":{"@type":"EntryPoint","urlTemplate":"https:\/\/www.in-sit.eu\/?s={search_term_string}"},"query-input":"required name=search_term_string"}],"inLanguage":"tr"}]}},"_links":{"self":[{"href":"https:\/\/www.in-sit.eu\/tr\/wp-json\/wp\/v2\/pages\/3567","targetHints":{"allow":["GET"]}}],"collection":[{"href":"https:\/\/www.in-sit.eu\/tr\/wp-json\/wp\/v2\/pages"}],"about":[{"href":"https:\/\/www.in-sit.eu\/tr\/wp-json\/wp\/v2\/types\/page"}],"author":[{"embeddable":true,"href":"https:\/\/www.in-sit.eu\/tr\/wp-json\/wp\/v2\/users\/1"}],"replies":[{"embeddable":true,"href":"https:\/\/www.in-sit.eu\/tr\/wp-json\/wp\/v2\/comments?post=3567"}],"version-history":[{"count":2,"href":"https:\/\/www.in-sit.eu\/tr\/wp-json\/wp\/v2\/pages\/3567\/revisions"}],"predecessor-version":[{"id":3569,"href":"https:\/\/www.in-sit.eu\/tr\/wp-json\/wp\/v2\/pages\/3567\/revisions\/3569"}],"wp:attachment":[{"href":"https:\/\/www.in-sit.eu\/tr\/wp-json\/wp\/v2\/media?parent=3567"}],"curies":[{"name":"wp","href":"https:\/\/api.w.org\/{rel}","templated":true}]}}