{"id":3564,"date":"2024-05-14T16:25:51","date_gmt":"2024-05-14T16:25:51","guid":{"rendered":"https:\/\/www.in-sit.eu\/first-exchange-visit-bergamo\/"},"modified":"2024-12-19T15:37:24","modified_gmt":"2024-12-19T15:37:24","slug":"ilk-degisim-ziyareti-bergamo","status":"publish","type":"page","link":"https:\/\/www.in-sit.eu\/tr\/ilk-degisim-ziyareti-bergamo\/","title":{"rendered":"\u0130lk De\u011fi\u015fim Ziyareti, Bergamo"},"content":{"rendered":"<p><div class=\"fusion-fullwidth fullwidth-box fusion-builder-row-1 fusion-flex-container nonhundred-percent-fullwidth non-hundred-percent-height-scrolling\" style=\"--awb-border-radius-top-left:0px;--awb-border-radius-top-right:0px;--awb-border-radius-bottom-right:0px;--awb-border-radius-bottom-left:0px;--awb-padding-top:60px;--awb-padding-top-medium:32px;--awb-padding-top-small:20px;--awb-background-image:radial-gradient(circle at center top, hsla(var(--awb-color8-h),calc(var(--awb-color8-s) + 20%),var(--awb-color8-l),calc(var(--awb-color8-a) - 90%)) 62%,var(--awb-color1) 62%);\" ><div class=\"fusion-builder-row fusion-row fusion-flex-align-items-flex-start fusion-flex-justify-content-center\" style=\"max-width:1248px;margin-left: calc(-4% \/ 2 );margin-right: calc(-4% \/ 2 );\"><div class=\"fusion-layout-column fusion_builder_column fusion-builder-column-0 fusion_builder_column_3_5 3_5 fusion-flex-column fusion-animated\" style=\"--awb-bg-size:cover;--awb-width-large:60%;--awb-margin-top-large:20px;--awb-spacing-right-large:3.2%;--awb-margin-bottom-large:48px;--awb-spacing-left-large:3.2%;--awb-width-medium:75%;--awb-spacing-right-medium:2.56%;--awb-margin-bottom-medium:40px;--awb-spacing-left-medium:2.56%;--awb-width-small:100%;--awb-spacing-right-small:1.92%;--awb-spacing-left-small:1.92%;\" data-animationType=\"fadeInDown\" data-animationDuration=\"1.6\" data-animationOffset=\"top-into-view\"><div class=\"fusion-column-wrapper fusion-column-has-shadow fusion-flex-justify-content-flex-start fusion-content-layout-column\"><i class=\"fb-icon-element-1 fb-icon-element fontawesome-icon icon-mkb-group circle-yes\" style=\"--awb-iconcolor:var(--awb-color4);--awb-iconcolor-hover:var(--awb-color1);--awb-circlecolor:var(--awb-color1);--awb-circlecolor-hover:var(--awb-color4);--awb-circlebordercolor-hover:hsla(var(--awb-color5-h),var(--awb-color5-s),var(--awb-color5-l),calc(var(--awb-color5-a) - 90%));--awb-circlebordersize:0px;--awb-font-size:36.96px;--awb-width:73.92px;--awb-height:73.92px;--awb-line-height:73.92px;--awb-align-self:center;--awb-margin-top:0px;--awb-margin-right:0px;--awb-margin-bottom:12px;--awb-margin-left:0px;\"><\/i><div class=\"fusion-title title fusion-title-1 fusion-sep-none fusion-title-center fusion-title-text fusion-title-size-six\" style=\"--awb-margin-bottom:4px;--awb-margin-top-small:4px;--awb-margin-bottom-small:4px;--awb-margin-top-medium:4px;--awb-margin-bottom-medium:4px;\"><h6 class=\"title-heading-center fusion-responsive-typography-calculated\" style=\"margin:0;--fontSize:20;--minFontSize:20;line-height:1.5;\">De\u011fi\u015fim ziyaretleri<\/h6><\/div><div class=\"fusion-title title fusion-title-2 fusion-sep-none fusion-title-center fusion-title-text fusion-title-size-one\"><h1 class=\"title-heading-center fusion-responsive-typography-calculated\" style=\"margin:0;--fontSize:72;line-height:var(--awb-typography1-line-height);\">\u0130lk De\u011fi\u015fim Ziyareti, Bergamo<\/h1><\/div><div class=\"fusion-text fusion-text-1\" style=\"--awb-content-alignment:center;--awb-font-size:30px;--awb-line-height:1.4em;--awb-letter-spacing:-0.02em;\"><p><b>Erasmus + Ya\u015fl\u0131 Turizmi Projesi ile Avrupa&#8217;da Ya\u015fl\u0131Turizminin Te\u015fvik Edilmesi: \u0130talya&#8217;n\u0131n Bergamo Kentindeki \u0130lk De\u011fi\u015fim Ziyareti S\u0131ras\u0131nda \u0130yi Uygulamalar\u0131n Payla\u015f\u0131lmas\u0131<\/b><\/p>\n<\/div><\/div><\/div><div class=\"fusion-layout-column fusion_builder_column fusion-builder-column-1 fusion_builder_column_1_2 1_2 fusion-flex-column fusion-animated\" style=\"--awb-bg-size:cover;--awb-width-large:50%;--awb-margin-top-large:20px;--awb-spacing-right-large:3.84%;--awb-margin-bottom-large:20px;--awb-spacing-left-large:3.84%;--awb-width-medium:50%;--awb-order-medium:0;--awb-spacing-right-medium:3.84%;--awb-margin-bottom-medium:60px;--awb-spacing-left-medium:3.84%;--awb-width-small:100%;--awb-order-small:0;--awb-spacing-right-small:1.92%;--awb-margin-bottom-small:20px;--awb-spacing-left-small:1.92%;\" data-animationType=\"fadeInUp\" data-animationDuration=\"1.2\" data-animationOffset=\"top-into-view\"><div class=\"fusion-column-wrapper fusion-column-has-shadow fusion-flex-justify-content-flex-start fusion-content-layout-column\"><div class=\"fusion-image-element \" style=\"--awb-caption-title-font-family:var(--h2_typography-font-family);--awb-caption-title-font-weight:var(--h2_typography-font-weight);--awb-caption-title-font-style:var(--h2_typography-font-style);--awb-caption-title-size:var(--h2_typography-font-size);--awb-caption-title-transform:var(--h2_typography-text-transform);--awb-caption-title-line-height:var(--h2_typography-line-height);--awb-caption-title-letter-spacing:var(--h2_typography-letter-spacing);\"><span class=\" fusion-imageframe imageframe-none imageframe-1 hover-type-none\" class=\"image-magnify\" class=\"image-scroll\"><img decoding=\"async\" width=\"1024\" height=\"1024\" title=\"in-sit_exchange_visits\" src=\"https:\/\/www.in-sit.eu\/wp-content\/uploads\/2024\/05\/in-sit_exchange_visits.jpg\" data-orig-src=\"https:\/\/www.in-sit.eu\/wp-content\/uploads\/2024\/05\/in-sit_exchange_visits-1024x1024.jpg\" alt class=\"lazyload img-responsive wp-image-3218\" srcset=\"data:image\/svg+xml,%3Csvg%20xmlns%3D%27http%3A%2F%2Fwww.w3.org%2F2000%2Fsvg%27%20width%3D%271500%27%20height%3D%271500%27%20viewBox%3D%270%200%201500%201500%27%3E%3Crect%20width%3D%271500%27%20height%3D%271500%27%20fill-opacity%3D%220%22%2F%3E%3C%2Fsvg%3E\" data-srcset=\"https:\/\/www.in-sit.eu\/wp-content\/uploads\/2024\/05\/in-sit_exchange_visits-200x200.jpg 200w, https:\/\/www.in-sit.eu\/wp-content\/uploads\/2024\/05\/in-sit_exchange_visits-400x400.jpg 400w, https:\/\/www.in-sit.eu\/wp-content\/uploads\/2024\/05\/in-sit_exchange_visits-600x600.jpg 600w, https:\/\/www.in-sit.eu\/wp-content\/uploads\/2024\/05\/in-sit_exchange_visits-800x800.jpg 800w, https:\/\/www.in-sit.eu\/wp-content\/uploads\/2024\/05\/in-sit_exchange_visits-1200x1200.jpg 1200w, https:\/\/www.in-sit.eu\/wp-content\/uploads\/2024\/05\/in-sit_exchange_visits.jpg 1500w\" data-sizes=\"auto\" data-orig-sizes=\"(max-width: 640px) 100vw, 600px\" \/><\/span><\/div><\/div><\/div><\/div><\/div><div class=\"fusion-fullwidth fullwidth-box fusion-builder-row-2 fusion-flex-container nonhundred-percent-fullwidth non-hundred-percent-height-scrolling\" style=\"--awb-border-radius-top-left:0px;--awb-border-radius-top-right:0px;--awb-border-radius-bottom-right:0px;--awb-border-radius-bottom-left:0px;--awb-padding-top:0px;--awb-padding-bottom:0px;--awb-padding-top-medium:20px;--awb-padding-bottom-medium:20px;--awb-padding-top-small:40px;--awb-padding-bottom-small:40px;--awb-background-color:var(--awb-color1);\" ><div class=\"fusion-builder-row fusion-row fusion-flex-align-items-center fusion-flex-justify-content-center\" style=\"max-width:1248px;margin-left: calc(-4% \/ 2 );margin-right: calc(-4% \/ 2 );\"><div class=\"fusion-layout-column fusion_builder_column fusion-builder-column-2 fusion_builder_column_1_1 1_1 fusion-flex-column fusion-flex-align-self-center fusion-animated\" style=\"--awb-padding-top:50px;--awb-padding-right:50px;--awb-padding-left:50px;--awb-overflow:hidden;--awb-bg-color:var(--awb-color1);--awb-bg-color-hover:var(--awb-color1);--awb-bg-size:cover;--awb-border-radius:12px 12px 12px 12px;--awb-filter:opacity(93%);--awb-filter-transition:filter 0.3s ease;--awb-filter-hover:opacity(100%);--awb-width-large:100%;--awb-margin-top-large:50px;--awb-spacing-right-large:1.92%;--awb-margin-bottom-large:50px;--awb-spacing-left-large:1.92%;--awb-width-medium:100%;--awb-order-medium:0;--awb-spacing-right-medium:1.92%;--awb-spacing-left-medium:1.92%;--awb-width-small:100%;--awb-order-small:0;--awb-spacing-right-small:1.92%;--awb-spacing-left-small:1.92%;\" data-animationType=\"fadeInDown\" data-animationDuration=\"1.6\" data-animationOffset=\"top-into-view\"><div class=\"fusion-column-wrapper fusion-column-has-shadow fusion-flex-justify-content-space-evenly fusion-content-layout-column\"><div class=\"fusion-text fusion-text-2\" style=\"--awb-content-alignment:center;\"><p><span style=\"font-weight: 400;\">Bergamo&#8217;nun kalbinde, son zamanlarda \u00f6nemli bir etkinlik, ya\u015fl\u0131 turizminin ve ilgili en iyi uygulamalar\u0131n \u00f6nemini vurgulad\u0131. 21-23 Kas\u0131m tarihleri aras\u0131nda \u015fehir, ya\u015fl\u0131lar i\u00e7in turizmi te\u015fvik etmeye y\u00f6nelik \u00f6nemli bir ad\u0131m olan bir toplant\u0131 i\u00e7in Avrupal\u0131 ortaklar\u0131 a\u011f\u0131rlad\u0131. Bu etkinlik <\/span><span style=\"font-weight: 400;\">\u00a0, ilgili \u00fc\u00e7 \u00fclkede (\u0130talya, Bel\u00e7ika, T\u00fcrkiye) ya\u015fl\u0131 turizminde en iyi uygulamalar\u0131 bir araya getirmeyi ve payla\u015fmay\u0131 ve ya\u015fl\u0131lara y\u00f6nelik teklifleri geli\u015ftirmek i\u00e7in turizm end\u00fcstrisinde \u00e7al\u0131\u015fanlara destek sa\u011flamay\u0131 ama\u00e7layan<\/span><span style=\"font-weight: 400;\"> Erasmus+ Silver Tourism KA210-ADU-383EAA9A projesinin bir par\u00e7as\u0131yd\u0131.<\/span><\/p>\n<p><span style=\"font-weight: 400;\">Solco Citt\u00e0 Aperta Konsorsiyumu taraf\u0131ndan y\u00f6netilen Silver Tourism projesi, turizm end\u00fcstrisinde \u00e7al\u0131\u015fanlar\u0131 65 ya\u015f \u00fcst\u00fc bireyler i\u00e7in \u00f6zel deneyimler ve teklifler sunma konusunda g\u00fc\u00e7l\u00fc bir \u015fekilde desteklemeyi ama\u00e7l\u0131yor. Bu demografiye artan ilginin fark\u0131nda olan proje, i\u015fletmeleri ya\u015fl\u0131lar i\u00e7in unutulmaz seyahat deneyimleri yaratmak i\u00e7in gerekli ara\u00e7larla donatmay\u0131 ama\u00e7l\u0131yor.<\/span><\/p>\n<p><span style=\"font-weight: 400;\">Etkinlik s\u0131ras\u0131nda, Bel\u00e7ikal\u0131 ve T\u00fcrk ortaklar, Bergamo&#8217;yu ya\u015fl\u0131 gezginler i\u00e7in ideal bir destinasyon haline getirmeye katk\u0131da bulunan giri\u015fimleri ke\u015ffetme f\u0131rsat\u0131 buldular.<\/span><\/p>\n<p><span style=\"font-weight: 400;\">Etkinli\u011fin \u00f6ne \u00e7\u0131kan noktalar\u0131ndan biri, hikayelerini ve k\u00fclt\u00fcrlerini ziyaret\u00e7ilerle payla\u015fan g\u00f6\u00e7men rehberler taraf\u0131ndan y\u00f6netilen benzersiz turizm deneyimleri sunan bir giri\u015fim olan &#8220;Migrantour Bergamo&#8221; projesinin sunumu oldu. Bu kapsay\u0131c\u0131 ve k\u00fclt\u00fcrleraras\u0131 yakla\u015f\u0131m, ya\u015fl\u0131lar aras\u0131nda turizme ilgi uyand\u0131rmak i\u00e7in ilham verici bir model haline geldi.<\/span><\/p>\n<p><span style=\"font-weight: 400;\">Ek olarak, Avrupal\u0131 ortaklar, Alchimia Kooperatifi taraf\u0131ndan tan\u0131t\u0131lan bir proje olan &#8220;Nat Space \/ La Porta del Parco&#8221; yu ke\u015ffetme \u015fans\u0131 buldular. Do\u011fayla i\u00e7 i\u00e7e olan bu konum, a\u00e7\u0131k hava etkinlikleri arac\u0131l\u0131\u011f\u0131yla eko-turizmi ve ya\u015fl\u0131lar\u0131n refah\u0131n\u0131 te\u015fvik etmektedir. Bu durak, \u00e7evreye sayg\u0131l\u0131 ve her ya\u015ftan insan taraf\u0131ndan eri\u015filebilir olan s\u00fcrd\u00fcr\u00fclebilir turizmi te\u015fvik etmenin \u00f6nemini vurgulad\u0131.<\/span><\/p>\n<p><span style=\"font-weight: 400;\">Etkinli\u011fin bir di\u011fer \u00f6nemli noktas\u0131 da Welfare Links taraf\u0131ndan tan\u0131t\u0131lan &#8220;S\u00fcrd\u00fcr\u00fclebilir Turizm Etiketi&#8221;nin tan\u0131t\u0131m\u0131yd\u0131. Bu yerel giri\u015fim, \u00e7evre dostu ve toplum odakl\u0131 uygulamalar\u0131 benimseyen i\u015fletmeleri ve turizm faaliyetlerini \u00f6d\u00fcllendirmektedir. Bu etiket, ya\u015fl\u0131 turizminin nas\u0131l hem \u00f6d\u00fcllendirici hem de \u00e7evre dostu olabilece\u011fini g\u00f6sterdi.<\/span><\/p>\n<p><span style=\"font-weight: 400;\">Son olarak kat\u0131l\u0131mc\u0131lar, Bergamo Lavoro Kooperatifi taraf\u0131ndan tan\u0131t\u0131lan ve Bergamo&#8217;nun Yukar\u0131 \u015eehri&#8217;nde \u00f6zel rehberli bir tur sunan bir proje olan &#8220;Story City&#8221;yi deneyimleme f\u0131rsat\u0131 buldular. Bu tur, \u00e7e\u015fitli yeteneklere sahip asistanlar\u0131n e\u015flik etti\u011fi profesyonel rehberler ile \u00f6zel ihtiya\u00e7lar\u0131 olan ki\u015filer i\u00e7in eri\u015filebilir olacak \u015fekilde tasarlanm\u0131\u015ft\u0131r. Bu deneyim, ihtiya\u00e7lar\u0131 ne olursa olsun herkesi bar\u0131nd\u0131ran kapsay\u0131c\u0131 turizm yaratman\u0131n \u00f6nemini vurgulad\u0131.<\/span><\/p>\n<p><span style=\"font-weight: 400;\">Projenin bir sonraki ad\u0131mlar\u0131 aras\u0131nda \u015eubat 2024&#8217;te T\u00fcrkiye&#8217;ye ve A\u011fustos 2024&#8217;te Bel\u00e7ika&#8217;ya yap\u0131lacak ziyaretler yer al\u0131yor. Bu ziyaretler s\u0131ras\u0131nda, proje ortaklar\u0131 ve payda\u015flar, bu \u00fclkelerdeki ya\u015fl\u0131 turizmi alan\u0131ndaki en iyi uygulamalar hakk\u0131nda bilgi edinme f\u0131rsat\u0131na sahip olacaklard\u0131r. Bu deneyimler, end\u00fcstri operat\u00f6rlerine Avrupa d\u00fczeyinde \u00fcst d\u00fczey demografiye y\u00f6nelik teklifleri uygulamada yard\u0131mc\u0131 olacak bir referans k\u0131lavuzu olu\u015fturmada \u00e7ok \u00f6nemli olacakt\u0131r.<\/span><\/p>\n<p><span style=\"font-weight: 400;\">Solco Citt\u00e0 Aperta Konsorsiyumu liderli\u011findeki Bergamo&#8217;daki Avrupal\u0131 ortaklar\u0131n toplant\u0131s\u0131, G\u00fcm\u00fc\u015f Turizm projesinin ya\u015fl\u0131 turizmini te\u015fvik etme ve ilgili \u00fclkeler aras\u0131nda en iyi uygulamalar\u0131 payla\u015fma hedefine do\u011fru \u00e7ok \u00f6nemli bir ad\u0131md\u0131. Bergamo, ya\u015fl\u0131 gezginleri a\u011f\u0131rlama ve kapsay\u0131c\u0131 ve s\u00fcrd\u00fcr\u00fclebilir turizmi te\u015fvik etme konusunda \u00f6n saflarda yer ald\u0131\u011f\u0131n\u0131 kan\u0131tlam\u0131\u015ft\u0131r. Ortak \u00fclkeler ve yakla\u015fmakta olan rehber aras\u0131nda devam eden i\u015fbirli\u011fi ile ya\u015fl\u0131 turizmi ancak b\u00fcy\u00fcyebilir ve geli\u015febilir ve ola\u011fan\u00fcst\u00fc seyahatlerle kutlanmay\u0131 hak eden bir nesle unutulmaz deneyimler sunabilir.<\/span><\/p>\n<\/div><\/div><\/div><\/div><\/div><\/p>\n","protected":false},"excerpt":{"rendered":"","protected":false},"author":1,"featured_media":0,"parent":0,"menu_order":0,"comment_status":"closed","ping_status":"closed","template":"100-width.php","meta":{"content-type":"","footnotes":""},"class_list":["post-3564","page","type-page","status-publish","hentry"],"acf":[],"yoast_head":"<!-- This site is optimized with the Yoast SEO plugin v20.9 - https:\/\/yoast.com\/wordpress\/plugins\/seo\/ -->\n<title>\u0130lk De\u011fi\u015fim Ziyareti, Bergamo - In-Sit<\/title>\n<meta name=\"robots\" content=\"index, follow, max-snippet:-1, max-image-preview:large, max-video-preview:-1\" \/>\n<link rel=\"canonical\" href=\"https:\/\/www.in-sit.eu\/tr\/ilk-degisim-ziyareti-bergamo\/\" \/>\n<meta property=\"og:locale\" content=\"tr_TR\" \/>\n<meta property=\"og:type\" content=\"article\" \/>\n<meta property=\"og:title\" content=\"\u0130lk De\u011fi\u015fim Ziyareti, Bergamo - In-Sit\" \/>\n<meta property=\"og:url\" content=\"https:\/\/www.in-sit.eu\/tr\/ilk-degisim-ziyareti-bergamo\/\" \/>\n<meta property=\"og:site_name\" content=\"In-Sit\" \/>\n<meta property=\"article:modified_time\" content=\"2024-12-19T15:37:24+00:00\" \/>\n<meta name=\"twitter:card\" content=\"summary_large_image\" \/>\n<meta name=\"twitter:label1\" content=\"Tahmini okuma s\u00fcresi\" \/>\n\t<meta name=\"twitter:data1\" content=\"5 dakika\" \/>\n<script type=\"application\/ld+json\" class=\"yoast-schema-graph\">{\"@context\":\"https:\/\/schema.org\",\"@graph\":[{\"@type\":\"WebPage\",\"@id\":\"https:\/\/www.in-sit.eu\/tr\/ilk-degisim-ziyareti-bergamo\/\",\"url\":\"https:\/\/www.in-sit.eu\/tr\/ilk-degisim-ziyareti-bergamo\/\",\"name\":\"\u0130lk De\u011fi\u015fim Ziyareti, Bergamo - In-Sit\",\"isPartOf\":{\"@id\":\"https:\/\/www.in-sit.eu\/#website\"},\"datePublished\":\"2024-05-14T16:25:51+00:00\",\"dateModified\":\"2024-12-19T15:37:24+00:00\",\"breadcrumb\":{\"@id\":\"https:\/\/www.in-sit.eu\/tr\/ilk-degisim-ziyareti-bergamo\/#breadcrumb\"},\"inLanguage\":\"tr\",\"potentialAction\":[{\"@type\":\"ReadAction\",\"target\":[\"https:\/\/www.in-sit.eu\/tr\/ilk-degisim-ziyareti-bergamo\/\"]}]},{\"@type\":\"BreadcrumbList\",\"@id\":\"https:\/\/www.in-sit.eu\/tr\/ilk-degisim-ziyareti-bergamo\/#breadcrumb\",\"itemListElement\":[{\"@type\":\"ListItem\",\"position\":1,\"name\":\"Home\",\"item\":\"https:\/\/www.in-sit.eu\/tr\/\"},{\"@type\":\"ListItem\",\"position\":2,\"name\":\"\u0130lk De\u011fi\u015fim Ziyareti, Bergamo\"}]},{\"@type\":\"WebSite\",\"@id\":\"https:\/\/www.in-sit.eu\/#website\",\"url\":\"https:\/\/www.in-sit.eu\/\",\"name\":\"In-Sit\",\"description\":\"Silver tourism\",\"potentialAction\":[{\"@type\":\"SearchAction\",\"target\":{\"@type\":\"EntryPoint\",\"urlTemplate\":\"https:\/\/www.in-sit.eu\/?s={search_term_string}\"},\"query-input\":\"required name=search_term_string\"}],\"inLanguage\":\"tr\"}]}<\/script>\n<!-- \/ Yoast SEO plugin. -->","yoast_head_json":{"title":"\u0130lk De\u011fi\u015fim Ziyareti, Bergamo - In-Sit","robots":{"index":"index","follow":"follow","max-snippet":"max-snippet:-1","max-image-preview":"max-image-preview:large","max-video-preview":"max-video-preview:-1"},"canonical":"https:\/\/www.in-sit.eu\/tr\/ilk-degisim-ziyareti-bergamo\/","og_locale":"tr_TR","og_type":"article","og_title":"\u0130lk De\u011fi\u015fim Ziyareti, Bergamo - In-Sit","og_url":"https:\/\/www.in-sit.eu\/tr\/ilk-degisim-ziyareti-bergamo\/","og_site_name":"In-Sit","article_modified_time":"2024-12-19T15:37:24+00:00","twitter_card":"summary_large_image","twitter_misc":{"Tahmini okuma s\u00fcresi":"5 dakika"},"schema":{"@context":"https:\/\/schema.org","@graph":[{"@type":"WebPage","@id":"https:\/\/www.in-sit.eu\/tr\/ilk-degisim-ziyareti-bergamo\/","url":"https:\/\/www.in-sit.eu\/tr\/ilk-degisim-ziyareti-bergamo\/","name":"\u0130lk De\u011fi\u015fim Ziyareti, Bergamo - In-Sit","isPartOf":{"@id":"https:\/\/www.in-sit.eu\/#website"},"datePublished":"2024-05-14T16:25:51+00:00","dateModified":"2024-12-19T15:37:24+00:00","breadcrumb":{"@id":"https:\/\/www.in-sit.eu\/tr\/ilk-degisim-ziyareti-bergamo\/#breadcrumb"},"inLanguage":"tr","potentialAction":[{"@type":"ReadAction","target":["https:\/\/www.in-sit.eu\/tr\/ilk-degisim-ziyareti-bergamo\/"]}]},{"@type":"BreadcrumbList","@id":"https:\/\/www.in-sit.eu\/tr\/ilk-degisim-ziyareti-bergamo\/#breadcrumb","itemListElement":[{"@type":"ListItem","position":1,"name":"Home","item":"https:\/\/www.in-sit.eu\/tr\/"},{"@type":"ListItem","position":2,"name":"\u0130lk De\u011fi\u015fim Ziyareti, Bergamo"}]},{"@type":"WebSite","@id":"https:\/\/www.in-sit.eu\/#website","url":"https:\/\/www.in-sit.eu\/","name":"In-Sit","description":"Silver tourism","potentialAction":[{"@type":"SearchAction","target":{"@type":"EntryPoint","urlTemplate":"https:\/\/www.in-sit.eu\/?s={search_term_string}"},"query-input":"required name=search_term_string"}],"inLanguage":"tr"}]}},"_links":{"self":[{"href":"https:\/\/www.in-sit.eu\/tr\/wp-json\/wp\/v2\/pages\/3564","targetHints":{"allow":["GET"]}}],"collection":[{"href":"https:\/\/www.in-sit.eu\/tr\/wp-json\/wp\/v2\/pages"}],"about":[{"href":"https:\/\/www.in-sit.eu\/tr\/wp-json\/wp\/v2\/types\/page"}],"author":[{"embeddable":true,"href":"https:\/\/www.in-sit.eu\/tr\/wp-json\/wp\/v2\/users\/1"}],"replies":[{"embeddable":true,"href":"https:\/\/www.in-sit.eu\/tr\/wp-json\/wp\/v2\/comments?post=3564"}],"version-history":[{"count":1,"href":"https:\/\/www.in-sit.eu\/tr\/wp-json\/wp\/v2\/pages\/3564\/revisions"}],"predecessor-version":[{"id":3565,"href":"https:\/\/www.in-sit.eu\/tr\/wp-json\/wp\/v2\/pages\/3564\/revisions\/3565"}],"wp:attachment":[{"href":"https:\/\/www.in-sit.eu\/tr\/wp-json\/wp\/v2\/media?parent=3564"}],"curies":[{"name":"wp","href":"https:\/\/api.w.org\/{rel}","templated":true}]}}