{"id":3884,"date":"2024-06-27T12:37:08","date_gmt":"2024-06-27T12:37:08","guid":{"rendered":"https:\/\/www.in-sit.eu\/?page_id=3884"},"modified":"2025-01-22T14:02:38","modified_gmt":"2025-01-22T14:02:38","slug":"turismo-accessibile-senza-barriere-turismo-per-tutti-in-turchia","status":"publish","type":"page","link":"https:\/\/www.in-sit.eu\/it\/turismo-accessibile-senza-barriere-turismo-per-tutti-in-turchia\/","title":{"rendered":"Turismo per tutti"},"content":{"rendered":"<p><div class=\"fusion-fullwidth fullwidth-box fusion-builder-row-1 fusion-flex-container nonhundred-percent-fullwidth non-hundred-percent-height-scrolling\" style=\"--awb-border-radius-top-left:0px;--awb-border-radius-top-right:0px;--awb-border-radius-bottom-right:0px;--awb-border-radius-bottom-left:0px;--awb-padding-top:60px;--awb-padding-top-medium:32px;--awb-padding-top-small:20px;--awb-background-image:radial-gradient(circle at center top, hsla(var(--awb-color4-h),calc(var(--awb-color4-s) + 20%),var(--awb-color4-l),calc(var(--awb-color4-a) - 90%)) 62%,var(--awb-color1) 62%);\" ><div class=\"fusion-builder-row fusion-row fusion-flex-align-items-flex-start fusion-flex-justify-content-center\" style=\"max-width:1248px;margin-left: calc(-4% \/ 2 );margin-right: calc(-4% \/ 2 );\"><div class=\"fusion-layout-column fusion_builder_column fusion-builder-column-0 fusion_builder_column_3_5 3_5 fusion-flex-column fusion-animated\" style=\"--awb-bg-size:cover;--awb-width-large:60%;--awb-margin-top-large:20px;--awb-spacing-right-large:3.2%;--awb-margin-bottom-large:48px;--awb-spacing-left-large:3.2%;--awb-width-medium:75%;--awb-spacing-right-medium:2.56%;--awb-margin-bottom-medium:40px;--awb-spacing-left-medium:2.56%;--awb-width-small:100%;--awb-spacing-right-small:1.92%;--awb-spacing-left-small:1.92%;\" data-animationType=\"fadeInDown\" data-animationDuration=\"1.6\" data-animationOffset=\"top-into-view\"><div class=\"fusion-column-wrapper fusion-column-has-shadow fusion-flex-justify-content-flex-start fusion-content-layout-column\"><i class=\"fb-icon-element-1 fb-icon-element fontawesome-icon icon-mkb-group circle-yes\" style=\"--awb-iconcolor:var(--awb-color4);--awb-iconcolor-hover:var(--awb-color1);--awb-circlecolor:var(--awb-color1);--awb-circlecolor-hover:var(--awb-color4);--awb-circlebordercolor-hover:hsla(var(--awb-color5-h),var(--awb-color5-s),var(--awb-color5-l),calc(var(--awb-color5-a) - 90%));--awb-circlebordersize:0px;--awb-font-size:36.96px;--awb-width:73.92px;--awb-height:73.92px;--awb-line-height:73.92px;--awb-align-self:center;--awb-margin-top:0px;--awb-margin-right:0px;--awb-margin-bottom:12px;--awb-margin-left:0px;\"><\/i><div class=\"fusion-title title fusion-title-1 fusion-sep-none fusion-title-center fusion-title-text fusion-title-size-six\" style=\"--awb-margin-bottom:4px;--awb-margin-top-small:4px;--awb-margin-bottom-small:4px;--awb-margin-top-medium:4px;--awb-margin-bottom-medium:4px;\"><h6 class=\"title-heading-center fusion-responsive-typography-calculated\" style=\"margin:0;--fontSize:20;--minFontSize:20;line-height:1.5;\">Buone pratiche<\/h6><\/div><div class=\"fusion-title title fusion-title-2 fusion-sep-none fusion-title-center fusion-title-text fusion-title-size-one\"><h1 class=\"title-heading-center fusion-responsive-typography-calculated\" style=\"margin:0;--fontSize:72;line-height:var(--awb-typography1-line-height);\">Turismo per tutti<\/h1><\/div><div class=\"fusion-text fusion-text-1\" style=\"--awb-content-alignment:center;--awb-font-size:30px;--awb-line-height:1.4em;--awb-letter-spacing:-0.02em;\"><p><strong>Turismo accessibile senza barriere (Turismo per tutti) in Turchia<\/strong><\/p>\n<\/div><\/div><\/div><div class=\"fusion-layout-column fusion_builder_column fusion-builder-column-1 fusion_builder_column_1_2 1_2 fusion-flex-column fusion-animated\" style=\"--awb-bg-size:cover;--awb-width-large:50%;--awb-margin-top-large:20px;--awb-spacing-right-large:3.84%;--awb-margin-bottom-large:20px;--awb-spacing-left-large:3.84%;--awb-width-medium:50%;--awb-order-medium:0;--awb-spacing-right-medium:3.84%;--awb-margin-bottom-medium:60px;--awb-spacing-left-medium:3.84%;--awb-width-small:100%;--awb-order-small:0;--awb-spacing-right-small:1.92%;--awb-margin-bottom-small:20px;--awb-spacing-left-small:1.92%;\" data-animationType=\"fadeInUp\" data-animationDuration=\"1.2\" data-animationOffset=\"top-into-view\"><div class=\"fusion-column-wrapper fusion-column-has-shadow fusion-flex-justify-content-flex-start fusion-content-layout-column\"><\/div><\/div><\/div><\/div><div class=\"fusion-fullwidth fullwidth-box fusion-builder-row-2 fusion-flex-container nonhundred-percent-fullwidth non-hundred-percent-height-scrolling\" style=\"--awb-border-radius-top-left:0px;--awb-border-radius-top-right:0px;--awb-border-radius-bottom-right:0px;--awb-border-radius-bottom-left:0px;--awb-padding-top:0px;--awb-padding-bottom:0px;--awb-padding-top-medium:20px;--awb-padding-bottom-medium:20px;--awb-padding-top-small:40px;--awb-padding-bottom-small:40px;--awb-background-color:var(--awb-color1);\" ><div class=\"fusion-builder-row fusion-row fusion-flex-align-items-center fusion-flex-justify-content-center\" style=\"max-width:1248px;margin-left: calc(-4% \/ 2 );margin-right: calc(-4% \/ 2 );\"><div class=\"fusion-layout-column fusion_builder_column fusion-builder-column-2 fusion_builder_column_1_1 1_1 fusion-flex-column fusion-flex-align-self-center fusion-animated\" style=\"--awb-padding-top:50px;--awb-padding-right:50px;--awb-padding-left:50px;--awb-overflow:hidden;--awb-bg-color:var(--awb-color1);--awb-bg-color-hover:var(--awb-color1);--awb-bg-size:cover;--awb-border-radius:12px 12px 12px 12px;--awb-filter:opacity(93%);--awb-filter-transition:filter 0.3s ease;--awb-filter-hover:opacity(100%);--awb-width-large:100%;--awb-margin-top-large:50px;--awb-spacing-right-large:1.92%;--awb-margin-bottom-large:50px;--awb-spacing-left-large:1.92%;--awb-width-medium:100%;--awb-order-medium:0;--awb-spacing-right-medium:1.92%;--awb-spacing-left-medium:1.92%;--awb-width-small:100%;--awb-order-small:0;--awb-spacing-right-small:1.92%;--awb-spacing-left-small:1.92%;\" data-animationType=\"fadeInDown\" data-animationDuration=\"1.6\" data-animationOffset=\"top-into-view\" data-motion-effects=\"[{&quot;type&quot;:&quot;&quot;,&quot;scroll_type&quot;:&quot;transition&quot;,&quot;scroll_direction&quot;:&quot;up&quot;,&quot;transition_speed&quot;:&quot;1&quot;,&quot;fade_type&quot;:&quot;in&quot;,&quot;scale_type&quot;:&quot;up&quot;,&quot;initial_scale&quot;:&quot;1&quot;,&quot;max_scale&quot;:&quot;1.5&quot;,&quot;min_scale&quot;:&quot;0.5&quot;,&quot;initial_rotate&quot;:&quot;0&quot;,&quot;end_rotate&quot;:&quot;30&quot;,&quot;initial_blur&quot;:&quot;0&quot;,&quot;end_blur&quot;:&quot;3&quot;,&quot;start_element&quot;:&quot;top&quot;,&quot;start_viewport&quot;:&quot;bottom&quot;,&quot;end_element&quot;:&quot;bottom&quot;,&quot;end_viewport&quot;:&quot;top&quot;,&quot;mouse_effect&quot;:&quot;track&quot;,&quot;mouse_effect_direction&quot;:&quot;opposite&quot;,&quot;mouse_effect_speed&quot;:&quot;2&quot;,&quot;infinite_animation&quot;:&quot;float&quot;,&quot;infinite_animation_speed&quot;:&quot;2&quot;}]\" data-scroll-devices=\"small-visibility,medium-visibility,large-visibility\"><div class=\"fusion-column-wrapper fusion-column-has-shadow fusion-flex-justify-content-space-evenly fusion-content-layout-column\"><div class=\"fusion-text fusion-text-2\" style=\"--awb-content-alignment:center;\"><p><i><span style=\"font-weight: 400;\">Con questo studio, \u00e8 stata analizzata l\u2019offerta inerente il turismo accessibile negli hotel a quattro e cinque stelle di Antalya, la regione che possiede la maggiore capacit\u00e0 di posti letto per persone con disabilit\u00e0 in Turchia. Nello studio sono stati utilizzati due questionari distinti: uno rivolto ai dirigenti degli hotel e l&#8217;altro agli ospiti con disabilit\u00e0. Hanno partecipato al sondaggio 326 operatori del settore alberghiero e 232 ospiti con disabilit\u00e0. Sono state confrontate le opinioni di 90 operatori alberghieri e 232 ospiti disabili che soggiornavano in questi hotel. L\u2019obiettivo \u00e8 stato quello di valutare il livello di adeguatezza dei servizi offerti ai turisti con disabilit\u00e0 in Turchia.<\/span><\/i><\/p>\n<p><b>INTRODUZIONE<\/b><\/p>\n<p><span style=\"font-weight: 400;\">Oggi, oltre agli effetti economici, sociali, culturali e politici positivi del turismo, il ruolo di quest\u2019ultimo nelle relazioni economiche e politiche internazionali sta acquisendo sempre maggiore importanza. Il turismo \u00e8 un settore che genera ampie opportunit\u00e0 di impiego su scala internazionale. Secondo i rapporti <\/span><i><span style=\"font-weight: 400;\">Highlights<\/span><\/i><span style=\"font-weight: 400;\"> dell&#8217;UNWTO, un lavoro su undici \u00e8 nel settore turistico, che impiega circa 300 milioni di persone nel mondo. In questo contesto, mentre l&#8217;importanza attribuita al turismo cresce sia a livello globale che in Turchia, le tendenze turistiche stanno diventando sempre pi\u00f9 varie, con movimenti di turismo alternativo che attirano l&#8217;attenzione delle persone (Emekli, 2005: 100).<\/span><\/p>\n<p><span style=\"font-weight: 400;\">Il turismo accessibile, che si afferma come una nuova tipologia di turismo e ha quasi raddoppiato la sua quota di mercato, ha iniziato a catturare l\u2019interesse di tutti i paesi del mondo. Partecipare alle attivit\u00e0 turistiche \u00e8 un diritto di cui tutti gli individui nella societ\u00e0 dovrebbero beneficiare. Pertanto, \u00e8 fondamentale incoraggiare la partecipazione di coloro che non possono viaggiare a causa di una disabilit\u00e0 (Toskay, 1989: 158).<\/span><\/p>\n<p><b>Turismo accessibile in Turchia<\/b><\/p>\n<p><span style=\"font-weight: 400;\">Secondo uno studio condotto da T\u00dcRSAB in Turchia (2020), il numero di camere per disabili ad Antalya \u00e8 al primo posto con 605 unit\u00e0. Questo dato \u00e8 seguito da Mu\u011fla con 159 camere per disabili e Istanbul con una capacit\u00e0 di 147 posti letto (T\u00dcRSAB, 2020). Inoltre, il pi\u00f9 grande hotel accessibile d&#8217;Europa e il primo hotel per disabili in Turchia \u00e8 stato inaugurato nel distretto di Marmaris, nella provincia di Mu\u011fla.<\/span><\/p>\n<p><b>Regolamenti nelle camere degli hotel<\/b><\/p>\n<p><span style=\"font-weight: 400;\">Nella progettazione delle camere per ospiti con disabilit\u00e0, il numero della porta dovrebbe essere disposto in modo tale da contrastare chiaramente con la porta stessa, considerando le esigenze degli ospiti con difficolt\u00e0 visive. Uno spioncino posto sulla porta, ad un&#8217;altezza adeguata per le persone che utilizzano sedie a rotelle, rappresenta un dettaglio importante da prendere in considerazione.<\/span><\/p>\n<p><span style=\"font-weight: 400;\">Inoltre, per facilitare l&#8217;accessibilit\u00e0 ai servizi, \u00e8 consigliabile includere un pulsante illuminato vicino al letto, collegato alla porta della stanza, per gestire richieste come &#8220;Non disturbare&#8221; o &#8220;Pulire la stanza&#8221;.<\/span><\/p>\n<p><span style=\"font-weight: 400;\">Nelle camere destinate agli ospiti con problemi uditivi, \u00e8 opportuno fornire televisori con sottotitoli. Per coloro che hanno problemi di udito parziale, \u00e8 utile disporre di sistemi auricolari collegati al televisore, cos\u00ec da permettere agli ospiti con disabilit\u00e0 uditive di guardare la televisione in modo conforme alle loro necessit\u00e0 (Pehlivano\u011flu, 2012: 29-30).<\/span><\/p>\n<p><b>Disposizione delle reception<\/b><\/p>\n<p><span style=\"font-weight: 400;\">Il grande numero di banconi di reception negli hotel di grandi dimensioni pu\u00f2 rendere difficoltoso l\u2019accesso per le persone con disabilit\u00e0. Per questo motivo, \u00e8 utile predisporre una sezione ribassata nei banconi della reception, appositamente pensata per consentire il check-in\/check-out agli ospiti che utilizzano sedie a rotelle e rimangono seduti.<\/span><\/p>\n<p><span style=\"font-weight: 400;\">Se non \u00e8 possibile effettuare questa modifica strutturale, il personale della reception dovrebbe essere in grado di raggiungere l\u2019ospite con disabilit\u00e0, portando i documenti necessari e svolgendo le procedure in un luogo adeguato.<\/span><\/p>\n<p><span style=\"font-weight: 400;\">Inoltre, considerando le diverse tipologie di disabilit\u00e0, un\u2019illuminazione intensa nell\u2019area della reception \u00e8 un dettaglio importante sia per gli ospiti con difficolt\u00e0 visive sia per coloro che leggono il labiale.<\/span><\/p>\n<p><b>Regolamenti nelle aree comuni<\/b><\/p>\n<p><span style=\"font-weight: 400;\">Forse le disposizioni pi\u00f9 importanti da adottare nella gestione alberghiera per gli ospiti con disabilit\u00e0 riguardano le aree comuni. Gli hotel non solo nascono per soddisfare le esigenze di alloggio, ma offrono anche servizi legati alla ristorazione, al tempo libero e all&#8217;intrattenimento. Le principali disposizioni da adottare in queste aree sono elencate di seguito.<\/span><\/p>\n<p><b>Corridoi<\/b><\/p>\n<p><span style=\"font-weight: 400;\">I corridoi e i passaggi devono essere progettati in modo da consentire il passaggio contemporaneo di due sedie a rotelle. In queste aree \u00e8 importante evitare decorazioni e oggetti che possano rappresentare un pericolo per gli ospiti con disabilit\u00e0. Ad esempio, si dovrebbe prestare attenzione affinch\u00e9 non vi siano estintori a muro, contenitori decorativi, quadri o altri oggetti che possano ostacolare l&#8217;accesso degli ospiti disabili.<\/span><\/p>\n<p><span style=\"font-weight: 400;\">La presenza di corrimano nei corridoi \u00e8 fondamentale, poich\u00e9 facilita gli spostamenti per gli ospiti con disabilit\u00e0 (Artar e Karabacako\u011flu, 2003: 17).<\/span><\/p>\n<p><b>Ascensori<\/b><span style=\"font-weight: 400;\"><br \/>\n<\/span><span style=\"font-weight: 400;\">Se le camere o le unit\u00e0 di ristorazione riservate agli ospiti con disabilit\u00e0 fisiche si trovano a un piano diverso rispetto al piano terra, \u00e8 necessario predisporre un sistema di trasporto adeguato, come ascensori attrezzati, per garantire un accesso agevole.<\/span><\/p>\n<p><b>Scale<\/b><span style=\"font-weight: 400;\"><br \/>\n<\/span><span style=\"font-weight: 400;\">Le scale rappresentano il principale ostacolo per gli ospiti con disabilit\u00e0 fisiche, soprattutto in ambito alberghiero. Per facilitare l&#8217;accesso, i lati delle scale dovrebbero essere evidenziati con archi o colori contrastanti, mentre l\u2019altezza e la profondit\u00e0 dei gradini dovrebbero essere progettate in modo tale da essere utilizzabili da persone con disabilit\u00e0.<\/span><\/p>\n<p><span style=\"font-weight: 400;\">Inoltre, \u00e8 essenziale installare corrimano su tutte le scale con pi\u00f9 di due gradini (Artar e Karabacako\u011flu, 2003: 17).<\/span><\/p>\n<p><b>Rampe<\/b><\/p>\n<p><span style=\"font-weight: 400;\">L\u2019ingresso di molti hotel presenta difficolt\u00e0 per le persone con disabilit\u00e0 ed \u00e8 spesso strutturato in modo da rendere complesso l\u2019accesso agevole alla struttura. Se all\u2019ingresso dell\u2019hotel sono presenti delle scale, \u00e8 necessario prevedere l\u2019installazione di un corrimano, tenendo conto delle esigenze degli ospiti con disabilit\u00e0.<\/span><\/p>\n<p><span style=\"font-weight: 400;\">Considerando che molte strutture alberghiere moderne si sviluppano su aree molto estese, \u00e8 fondamentale pianificare l\u2019installazione di rampe nelle zone necessarie. Questo permetter\u00e0 agli ospiti con disabilit\u00e0 di muoversi facilmente, anche nei sottopassi e sovrappassi presenti nella struttura.<\/span><\/p>\n<p><b>Accesso alle piscine, saune e bagni<\/b><\/p>\n<p><span style=\"font-weight: 400;\">L&#8217;accessibilit\u00e0 \u00e8 fondamentale anche per aree come piscine, saune e bagni turchi nelle strutture alberghiere che ospitano persone con disabilit\u00e0. In particolare, \u00e8 importante evitare dislivelli inutili nei pavimenti di saune e bagni, poich\u00e9 possono ostacolare il movimento.<\/span><\/p>\n<p><span style=\"font-weight: 400;\">Le aree dovrebbero essere progettate in modo da garantire uno spazio sufficiente per consentire la manovrabilit\u00e0 delle sedie a rotelle, assicurando cos\u00ec un accesso agevole e sicuro per tutti gli ospiti.<\/span><\/p>\n<p><b>Risultati<\/b><\/p>\n<p><span style=\"font-weight: 400;\">Alla fine del 2020, in Turchia erano presenti un totale di 2982 strutture e 749.299 posti letto con certificati di operativit\u00e0 turistica. Nella provincia di Antalya, il numero totale di strutture con certificati di operativit\u00e0 turistica era pari a 734, con 382.749 posti letto (Statistiche Turistiche, 2019). Secondo i dati del Ministero della Cultura e del Turismo (2019), in Turchia sono presenti camere per disabili in 1033 strutture certificate per l\u2019operativit\u00e0 turistica.<\/span><\/p>\n<p><span style=\"font-weight: 400;\">La ricerca \u00e8 stata condotta ad Antalya, che risulta la provincia con il maggior numero di camere per disabili, pari a 605 unit\u00e0 (2019), come evidenziato da uno studio T\u00dcRSAB. In base a queste informazioni, tutte le strutture alberghiere a 4 e 5 stelle di Antalya sono state incluse nel campo di applicazione della ricerca e ne \u00e8 stato definito il metodo. Il motivo per cui sono state incluse solo le strutture a 4 e 5 stelle risiede nell\u2019articolo 18 del &#8220;Regolamento sulla Certificazione e le Qualifiche delle Strutture Turistiche&#8221;.<\/span><\/p>\n<p><span style=\"font-weight: 400;\">Confrontando in generale le opinioni degli ospiti disabili con quelle dei gestori delle strutture alberghiere, \u00e8 emerso che i manager non percepiscono carenze significative n\u00e9 a livello strutturale n\u00e9 nei servizi offerti per il mercato del turismo accessibile. Tuttavia, gli ospiti disabili hanno sottolineato la mancanza di men\u00f9 in Braille nei ristoranti degli hotel e l\u2019assenza di sistemi di sollevamento nelle piscine, sia interne che esterne.<\/span><\/p>\n<p><span style=\"font-weight: 400;\">Questa situazione ha evidenziato che, pur essendo i gestori delle strutture alberghiere in Turchia generalmente pronti a servire il turismo accessibile, \u00e8 necessario introdurre nuove regolamentazioni e migliorare le strutture e i servizi esistenti per rispondere in modo adeguato alle esigenze degli ospiti con disabilit\u00e0.<\/span><\/p>\n<p><span style=\"font-weight: 400;\"><br \/>\n<\/span><span style=\"font-weight: 400;\"><br \/>\n<\/span><\/p>\n<\/div><\/div><\/div><\/div><\/div><\/p>\n","protected":false},"excerpt":{"rendered":"","protected":false},"author":1,"featured_media":0,"parent":0,"menu_order":0,"comment_status":"closed","ping_status":"closed","template":"100-width.php","meta":{"content-type":"","footnotes":""},"class_list":["post-3884","page","type-page","status-publish","hentry"],"acf":[],"yoast_head":"<!-- This site is optimized with the Yoast SEO plugin v20.9 - https:\/\/yoast.com\/wordpress\/plugins\/seo\/ -->\n<title>Turismo per tutti - In-Sit<\/title>\n<meta name=\"robots\" content=\"index, follow, max-snippet:-1, max-image-preview:large, max-video-preview:-1\" \/>\n<link rel=\"canonical\" href=\"https:\/\/www.in-sit.eu\/it\/turismo-accessibile-senza-barriere-turismo-per-tutti-in-turchia\/\" \/>\n<meta property=\"og:locale\" content=\"it_IT\" \/>\n<meta property=\"og:type\" content=\"article\" \/>\n<meta property=\"og:title\" content=\"Turismo per tutti - In-Sit\" \/>\n<meta property=\"og:url\" content=\"https:\/\/www.in-sit.eu\/it\/turismo-accessibile-senza-barriere-turismo-per-tutti-in-turchia\/\" \/>\n<meta property=\"og:site_name\" content=\"In-Sit\" \/>\n<meta property=\"article:modified_time\" content=\"2025-01-22T14:02:38+00:00\" \/>\n<meta name=\"twitter:card\" content=\"summary_large_image\" \/>\n<meta name=\"twitter:label1\" content=\"Tempo di lettura stimato\" \/>\n\t<meta name=\"twitter:data1\" content=\"9 minuti\" \/>\n<script type=\"application\/ld+json\" class=\"yoast-schema-graph\">{\"@context\":\"https:\/\/schema.org\",\"@graph\":[{\"@type\":\"WebPage\",\"@id\":\"https:\/\/www.in-sit.eu\/it\/turismo-accessibile-senza-barriere-turismo-per-tutti-in-turchia\/\",\"url\":\"https:\/\/www.in-sit.eu\/it\/turismo-accessibile-senza-barriere-turismo-per-tutti-in-turchia\/\",\"name\":\"Turismo per tutti - In-Sit\",\"isPartOf\":{\"@id\":\"https:\/\/www.in-sit.eu\/#website\"},\"datePublished\":\"2024-06-27T12:37:08+00:00\",\"dateModified\":\"2025-01-22T14:02:38+00:00\",\"breadcrumb\":{\"@id\":\"https:\/\/www.in-sit.eu\/it\/turismo-accessibile-senza-barriere-turismo-per-tutti-in-turchia\/#breadcrumb\"},\"inLanguage\":\"it-IT\",\"potentialAction\":[{\"@type\":\"ReadAction\",\"target\":[\"https:\/\/www.in-sit.eu\/it\/turismo-accessibile-senza-barriere-turismo-per-tutti-in-turchia\/\"]}]},{\"@type\":\"BreadcrumbList\",\"@id\":\"https:\/\/www.in-sit.eu\/it\/turismo-accessibile-senza-barriere-turismo-per-tutti-in-turchia\/#breadcrumb\",\"itemListElement\":[{\"@type\":\"ListItem\",\"position\":1,\"name\":\"Home\",\"item\":\"https:\/\/www.in-sit.eu\/it\/\"},{\"@type\":\"ListItem\",\"position\":2,\"name\":\"Turismo per tutti\"}]},{\"@type\":\"WebSite\",\"@id\":\"https:\/\/www.in-sit.eu\/#website\",\"url\":\"https:\/\/www.in-sit.eu\/\",\"name\":\"In-Sit\",\"description\":\"Silver tourism\",\"potentialAction\":[{\"@type\":\"SearchAction\",\"target\":{\"@type\":\"EntryPoint\",\"urlTemplate\":\"https:\/\/www.in-sit.eu\/?s={search_term_string}\"},\"query-input\":\"required name=search_term_string\"}],\"inLanguage\":\"it-IT\"}]}<\/script>\n<!-- \/ Yoast SEO plugin. -->","yoast_head_json":{"title":"Turismo per tutti - In-Sit","robots":{"index":"index","follow":"follow","max-snippet":"max-snippet:-1","max-image-preview":"max-image-preview:large","max-video-preview":"max-video-preview:-1"},"canonical":"https:\/\/www.in-sit.eu\/it\/turismo-accessibile-senza-barriere-turismo-per-tutti-in-turchia\/","og_locale":"it_IT","og_type":"article","og_title":"Turismo per tutti - In-Sit","og_url":"https:\/\/www.in-sit.eu\/it\/turismo-accessibile-senza-barriere-turismo-per-tutti-in-turchia\/","og_site_name":"In-Sit","article_modified_time":"2025-01-22T14:02:38+00:00","twitter_card":"summary_large_image","twitter_misc":{"Tempo di lettura stimato":"9 minuti"},"schema":{"@context":"https:\/\/schema.org","@graph":[{"@type":"WebPage","@id":"https:\/\/www.in-sit.eu\/it\/turismo-accessibile-senza-barriere-turismo-per-tutti-in-turchia\/","url":"https:\/\/www.in-sit.eu\/it\/turismo-accessibile-senza-barriere-turismo-per-tutti-in-turchia\/","name":"Turismo per tutti - In-Sit","isPartOf":{"@id":"https:\/\/www.in-sit.eu\/#website"},"datePublished":"2024-06-27T12:37:08+00:00","dateModified":"2025-01-22T14:02:38+00:00","breadcrumb":{"@id":"https:\/\/www.in-sit.eu\/it\/turismo-accessibile-senza-barriere-turismo-per-tutti-in-turchia\/#breadcrumb"},"inLanguage":"it-IT","potentialAction":[{"@type":"ReadAction","target":["https:\/\/www.in-sit.eu\/it\/turismo-accessibile-senza-barriere-turismo-per-tutti-in-turchia\/"]}]},{"@type":"BreadcrumbList","@id":"https:\/\/www.in-sit.eu\/it\/turismo-accessibile-senza-barriere-turismo-per-tutti-in-turchia\/#breadcrumb","itemListElement":[{"@type":"ListItem","position":1,"name":"Home","item":"https:\/\/www.in-sit.eu\/it\/"},{"@type":"ListItem","position":2,"name":"Turismo per tutti"}]},{"@type":"WebSite","@id":"https:\/\/www.in-sit.eu\/#website","url":"https:\/\/www.in-sit.eu\/","name":"In-Sit","description":"Silver tourism","potentialAction":[{"@type":"SearchAction","target":{"@type":"EntryPoint","urlTemplate":"https:\/\/www.in-sit.eu\/?s={search_term_string}"},"query-input":"required name=search_term_string"}],"inLanguage":"it-IT"}]}},"_links":{"self":[{"href":"https:\/\/www.in-sit.eu\/it\/wp-json\/wp\/v2\/pages\/3884","targetHints":{"allow":["GET"]}}],"collection":[{"href":"https:\/\/www.in-sit.eu\/it\/wp-json\/wp\/v2\/pages"}],"about":[{"href":"https:\/\/www.in-sit.eu\/it\/wp-json\/wp\/v2\/types\/page"}],"author":[{"embeddable":true,"href":"https:\/\/www.in-sit.eu\/it\/wp-json\/wp\/v2\/users\/1"}],"replies":[{"embeddable":true,"href":"https:\/\/www.in-sit.eu\/it\/wp-json\/wp\/v2\/comments?post=3884"}],"version-history":[{"count":3,"href":"https:\/\/www.in-sit.eu\/it\/wp-json\/wp\/v2\/pages\/3884\/revisions"}],"predecessor-version":[{"id":3889,"href":"https:\/\/www.in-sit.eu\/it\/wp-json\/wp\/v2\/pages\/3884\/revisions\/3889"}],"wp:attachment":[{"href":"https:\/\/www.in-sit.eu\/it\/wp-json\/wp\/v2\/media?parent=3884"}],"curies":[{"name":"wp","href":"https:\/\/api.w.org\/{rel}","templated":true}]}}