{"id":3828,"date":"2024-12-19T13:51:31","date_gmt":"2024-12-19T13:51:31","guid":{"rendered":"https:\/\/www.in-sit.eu\/?page_id=3828"},"modified":"2025-01-22T13:56:55","modified_gmt":"2025-01-22T13:56:55","slug":"vacanze-con-diversi-livelli-di-mobilita","status":"publish","type":"page","link":"https:\/\/www.in-sit.eu\/it\/vacanze-con-diversi-livelli-di-mobilita\/","title":{"rendered":"Vacanze con diversi livelli di mobilit\u00e0"},"content":{"rendered":"<p><div class=\"fusion-fullwidth fullwidth-box fusion-builder-row-1 fusion-flex-container nonhundred-percent-fullwidth non-hundred-percent-height-scrolling\" style=\"--awb-border-radius-top-left:0px;--awb-border-radius-top-right:0px;--awb-border-radius-bottom-right:0px;--awb-border-radius-bottom-left:0px;--awb-padding-top:60px;--awb-padding-top-medium:32px;--awb-padding-top-small:20px;--awb-background-image:radial-gradient(circle at center top, hsla(var(--awb-color4-h),calc(var(--awb-color4-s) + 20%),var(--awb-color4-l),calc(var(--awb-color4-a) - 90%)) 62%,var(--awb-color1) 62%);\" ><div class=\"fusion-builder-row fusion-row fusion-flex-align-items-flex-start fusion-flex-justify-content-center\" style=\"max-width:1248px;margin-left: calc(-4% \/ 2 );margin-right: calc(-4% \/ 2 );\"><div class=\"fusion-layout-column fusion_builder_column fusion-builder-column-0 fusion_builder_column_3_5 3_5 fusion-flex-column fusion-animated\" style=\"--awb-bg-size:cover;--awb-width-large:60%;--awb-margin-top-large:20px;--awb-spacing-right-large:3.2%;--awb-margin-bottom-large:48px;--awb-spacing-left-large:3.2%;--awb-width-medium:75%;--awb-spacing-right-medium:2.56%;--awb-margin-bottom-medium:40px;--awb-spacing-left-medium:2.56%;--awb-width-small:100%;--awb-spacing-right-small:1.92%;--awb-spacing-left-small:1.92%;\" data-animationType=\"fadeInDown\" data-animationDuration=\"1.6\" data-animationOffset=\"top-into-view\"><div class=\"fusion-column-wrapper fusion-column-has-shadow fusion-flex-justify-content-flex-start fusion-content-layout-column\"><i class=\"fb-icon-element-1 fb-icon-element fontawesome-icon icon-mkb-group circle-yes\" style=\"--awb-iconcolor:var(--awb-color4);--awb-iconcolor-hover:var(--awb-color1);--awb-circlecolor:var(--awb-color1);--awb-circlecolor-hover:var(--awb-color4);--awb-circlebordercolor-hover:hsla(var(--awb-color5-h),var(--awb-color5-s),var(--awb-color5-l),calc(var(--awb-color5-a) - 90%));--awb-circlebordersize:0px;--awb-font-size:36.96px;--awb-width:73.92px;--awb-height:73.92px;--awb-line-height:73.92px;--awb-align-self:center;--awb-margin-top:0px;--awb-margin-right:0px;--awb-margin-bottom:12px;--awb-margin-left:0px;\"><\/i><div class=\"fusion-title title fusion-title-1 fusion-sep-none fusion-title-center fusion-title-text fusion-title-size-six\" style=\"--awb-margin-bottom:4px;--awb-margin-top-small:4px;--awb-margin-bottom-small:4px;--awb-margin-top-medium:4px;--awb-margin-bottom-medium:4px;\"><h6 class=\"title-heading-center fusion-responsive-typography-calculated\" style=\"margin:0;--fontSize:20;--minFontSize:20;line-height:1.5;\">Buone pratiche<\/h6><\/div><div class=\"fusion-title title fusion-title-2 fusion-sep-none fusion-title-center fusion-title-text fusion-title-size-one\"><h1 class=\"title-heading-center fusion-responsive-typography-calculated\" style=\"margin:0;--fontSize:72;line-height:var(--awb-typography1-line-height);\">Vacanze con diversi livelli di mobilit\u00e0<\/h1><\/div><div class=\"fusion-text fusion-text-1\" style=\"--awb-content-alignment:center;--awb-font-size:30px;--awb-line-height:1.4em;--awb-letter-spacing:-0.02em;\"><p><b>Il turismo accessibile di VisitMons per i turisti over 60<\/b><\/p>\n<\/div><\/div><\/div><div class=\"fusion-layout-column fusion_builder_column fusion-builder-column-1 fusion_builder_column_1_2 1_2 fusion-flex-column fusion-animated\" style=\"--awb-bg-size:cover;--awb-width-large:50%;--awb-margin-top-large:20px;--awb-spacing-right-large:3.84%;--awb-margin-bottom-large:20px;--awb-spacing-left-large:3.84%;--awb-width-medium:50%;--awb-order-medium:0;--awb-spacing-right-medium:3.84%;--awb-margin-bottom-medium:60px;--awb-spacing-left-medium:3.84%;--awb-width-small:100%;--awb-order-small:0;--awb-spacing-right-small:1.92%;--awb-margin-bottom-small:20px;--awb-spacing-left-small:1.92%;\" data-animationType=\"fadeInUp\" data-animationDuration=\"1.2\" data-animationOffset=\"top-into-view\"><div class=\"fusion-column-wrapper fusion-column-has-shadow fusion-flex-justify-content-flex-start fusion-content-layout-column\"><\/div><\/div><\/div><\/div><div class=\"fusion-fullwidth fullwidth-box fusion-builder-row-2 fusion-flex-container nonhundred-percent-fullwidth non-hundred-percent-height-scrolling\" style=\"--awb-border-radius-top-left:0px;--awb-border-radius-top-right:0px;--awb-border-radius-bottom-right:0px;--awb-border-radius-bottom-left:0px;--awb-padding-top:0px;--awb-padding-bottom:0px;--awb-padding-top-medium:20px;--awb-padding-bottom-medium:20px;--awb-padding-top-small:40px;--awb-padding-bottom-small:40px;--awb-background-color:var(--awb-color1);\" ><div class=\"fusion-builder-row fusion-row fusion-flex-align-items-center fusion-flex-justify-content-center\" style=\"max-width:1248px;margin-left: calc(-4% \/ 2 );margin-right: calc(-4% \/ 2 );\"><div class=\"fusion-layout-column fusion_builder_column fusion-builder-column-2 fusion_builder_column_1_1 1_1 fusion-flex-column fusion-flex-align-self-center fusion-animated\" style=\"--awb-padding-top:50px;--awb-padding-right:50px;--awb-padding-left:50px;--awb-overflow:hidden;--awb-bg-color:var(--awb-color1);--awb-bg-color-hover:var(--awb-color1);--awb-bg-size:cover;--awb-border-radius:12px 12px 12px 12px;--awb-filter:opacity(93%);--awb-filter-transition:filter 0.3s ease;--awb-filter-hover:opacity(100%);--awb-width-large:100%;--awb-margin-top-large:50px;--awb-spacing-right-large:1.92%;--awb-margin-bottom-large:50px;--awb-spacing-left-large:1.92%;--awb-width-medium:100%;--awb-order-medium:0;--awb-spacing-right-medium:1.92%;--awb-spacing-left-medium:1.92%;--awb-width-small:100%;--awb-order-small:0;--awb-spacing-right-small:1.92%;--awb-spacing-left-small:1.92%;\" data-animationType=\"fadeInDown\" data-animationDuration=\"1.6\" data-animationOffset=\"top-into-view\"><div class=\"fusion-column-wrapper fusion-column-has-shadow fusion-flex-justify-content-space-evenly fusion-content-layout-column\"><div class=\"fusion-text fusion-text-2\" style=\"--awb-content-alignment:center;\"><p><span style=\"font-weight: 400;\">VisitMons, l&#8217;ufficio turistico di Mons, Belgio, rappresenta un esempio eccellente di come rendere il turismo accessibile per i senior, ossia le persone sopra i 60 anni o con difficolt\u00e0 di mobilit\u00e0. VisitMons ha introdotto una serie di servizi volti a garantire che i visitatori anziani e con disabilit\u00e0 possano godere appieno delle ricchezze culturali e storiche della citt\u00e0, senza incontrare barriere.<\/span><\/p>\n<p><span style=\"font-weight: 400;\">Un elemento distintivo dell\u2019iniziativa di VisitMons \u00e8 il coinvolgimento di anziani locali come guide turistiche. Impiegando guide senior, VisitMons non solo valorizza e d\u00e0 potere agli individui pi\u00f9 anziani, ma migliora anche l\u2019esperienza dei turisti senior. Queste guide, con la loro profonda conoscenza della citt\u00e0, offrono intuizioni uniche e creano un legame pi\u00f9 personale con i visitatori. Questa iniziativa fa s\u00ec che i turisti anziani si sentano a proprio agio e accolti, sapendo di essere guidati da qualcuno che comprende le loro esigenze.<\/span><\/p>\n<p><span style=\"font-weight: 400;\">Oltre a offrire questi tour personalizzati, VisitMons fornisce informazioni dettagliate sulle sistemazioni accessibili tramite il proprio sito web, facilitando la pianificazione del viaggio e la ricerca di alloggi adatti.<\/span><\/p>\n<p><span style=\"font-weight: 400;\">Per migliorare ulteriormente l\u2019esperienza dei turisti senior, VisitMons promuove servizi di trasporto accessibili, consentendo ai visitatori anziani di esplorare le attrazioni della citt\u00e0 con facilit\u00e0. La citt\u00e0 offre anche musei accessibili in sedia a rotelle ed esposizioni adatte a persone con sensibilit\u00e0 sensoriali, garantendo che ogni aspetto dell\u2019esperienza turistica sia inclusivo.<\/span><\/p>\n<p><span style=\"font-weight: 400;\">Queste iniziative non solo hanno migliorato l\u2019esperienza turistica per i visitatori anziani, ma hanno anche avuto un impatto economico e sociale positivo sulla citt\u00e0. Attraverso l\u2019attrazione di turisti senior, VisitMons supporta le imprese locali, crea posti di lavoro e promuove un senso di inclusione nella comunit\u00e0.<\/span><\/p>\n<p><span style=\"font-weight: 400;\">Continuando a sviluppare i propri servizi per i turisti senior, VisitMons sta stabilendo uno standard per il turismo inclusivo in Belgio. Con il suo focus sull\u2019accessibilit\u00e0, le esperienze personalizzate e il coinvolgimento della comunit\u00e0, VisitMons dimostra che il turismo deve essere accessibile a tutti, indipendentemente dall\u2019et\u00e0 o dalle capacit\u00e0. Gli sforzi continui della citt\u00e0 garantiscono che Mons rimanga una destinazione accogliente per i turisti senior, ora e in futuro.<\/span><\/p>\n<\/div><\/div><\/div><\/div><\/div><\/p>\n","protected":false},"excerpt":{"rendered":"","protected":false},"author":1,"featured_media":0,"parent":0,"menu_order":0,"comment_status":"closed","ping_status":"closed","template":"100-width.php","meta":{"content-type":"","footnotes":""},"class_list":["post-3828","page","type-page","status-publish","hentry"],"acf":[],"yoast_head":"<!-- This site is optimized with the Yoast SEO plugin v20.9 - https:\/\/yoast.com\/wordpress\/plugins\/seo\/ -->\n<title>Vacanze con diversi livelli di mobilit\u00e0 - In-Sit<\/title>\n<meta name=\"robots\" content=\"index, follow, max-snippet:-1, max-image-preview:large, max-video-preview:-1\" \/>\n<link rel=\"canonical\" href=\"https:\/\/www.in-sit.eu\/it\/vacanze-con-diversi-livelli-di-mobilita\/\" \/>\n<meta property=\"og:locale\" content=\"it_IT\" \/>\n<meta property=\"og:type\" content=\"article\" \/>\n<meta property=\"og:title\" content=\"Vacanze con diversi livelli di mobilit\u00e0 - In-Sit\" \/>\n<meta property=\"og:url\" content=\"https:\/\/www.in-sit.eu\/it\/vacanze-con-diversi-livelli-di-mobilita\/\" \/>\n<meta property=\"og:site_name\" content=\"In-Sit\" \/>\n<meta property=\"article:modified_time\" content=\"2025-01-22T13:56:55+00:00\" \/>\n<meta name=\"twitter:card\" content=\"summary_large_image\" \/>\n<meta name=\"twitter:label1\" content=\"Tempo di lettura stimato\" \/>\n\t<meta name=\"twitter:data1\" content=\"4 minuti\" \/>\n<script type=\"application\/ld+json\" class=\"yoast-schema-graph\">{\"@context\":\"https:\/\/schema.org\",\"@graph\":[{\"@type\":\"WebPage\",\"@id\":\"https:\/\/www.in-sit.eu\/it\/vacanze-con-diversi-livelli-di-mobilita\/\",\"url\":\"https:\/\/www.in-sit.eu\/it\/vacanze-con-diversi-livelli-di-mobilita\/\",\"name\":\"Vacanze con diversi livelli di mobilit\u00e0 - In-Sit\",\"isPartOf\":{\"@id\":\"https:\/\/www.in-sit.eu\/#website\"},\"datePublished\":\"2024-12-19T13:51:31+00:00\",\"dateModified\":\"2025-01-22T13:56:55+00:00\",\"breadcrumb\":{\"@id\":\"https:\/\/www.in-sit.eu\/it\/vacanze-con-diversi-livelli-di-mobilita\/#breadcrumb\"},\"inLanguage\":\"it-IT\",\"potentialAction\":[{\"@type\":\"ReadAction\",\"target\":[\"https:\/\/www.in-sit.eu\/it\/vacanze-con-diversi-livelli-di-mobilita\/\"]}]},{\"@type\":\"BreadcrumbList\",\"@id\":\"https:\/\/www.in-sit.eu\/it\/vacanze-con-diversi-livelli-di-mobilita\/#breadcrumb\",\"itemListElement\":[{\"@type\":\"ListItem\",\"position\":1,\"name\":\"Home\",\"item\":\"https:\/\/www.in-sit.eu\/it\/\"},{\"@type\":\"ListItem\",\"position\":2,\"name\":\"Vacanze con diversi livelli di mobilit\u00e0\"}]},{\"@type\":\"WebSite\",\"@id\":\"https:\/\/www.in-sit.eu\/#website\",\"url\":\"https:\/\/www.in-sit.eu\/\",\"name\":\"In-Sit\",\"description\":\"Silver tourism\",\"potentialAction\":[{\"@type\":\"SearchAction\",\"target\":{\"@type\":\"EntryPoint\",\"urlTemplate\":\"https:\/\/www.in-sit.eu\/?s={search_term_string}\"},\"query-input\":\"required name=search_term_string\"}],\"inLanguage\":\"it-IT\"}]}<\/script>\n<!-- \/ Yoast SEO plugin. -->","yoast_head_json":{"title":"Vacanze con diversi livelli di mobilit\u00e0 - In-Sit","robots":{"index":"index","follow":"follow","max-snippet":"max-snippet:-1","max-image-preview":"max-image-preview:large","max-video-preview":"max-video-preview:-1"},"canonical":"https:\/\/www.in-sit.eu\/it\/vacanze-con-diversi-livelli-di-mobilita\/","og_locale":"it_IT","og_type":"article","og_title":"Vacanze con diversi livelli di mobilit\u00e0 - In-Sit","og_url":"https:\/\/www.in-sit.eu\/it\/vacanze-con-diversi-livelli-di-mobilita\/","og_site_name":"In-Sit","article_modified_time":"2025-01-22T13:56:55+00:00","twitter_card":"summary_large_image","twitter_misc":{"Tempo di lettura stimato":"4 minuti"},"schema":{"@context":"https:\/\/schema.org","@graph":[{"@type":"WebPage","@id":"https:\/\/www.in-sit.eu\/it\/vacanze-con-diversi-livelli-di-mobilita\/","url":"https:\/\/www.in-sit.eu\/it\/vacanze-con-diversi-livelli-di-mobilita\/","name":"Vacanze con diversi livelli di mobilit\u00e0 - In-Sit","isPartOf":{"@id":"https:\/\/www.in-sit.eu\/#website"},"datePublished":"2024-12-19T13:51:31+00:00","dateModified":"2025-01-22T13:56:55+00:00","breadcrumb":{"@id":"https:\/\/www.in-sit.eu\/it\/vacanze-con-diversi-livelli-di-mobilita\/#breadcrumb"},"inLanguage":"it-IT","potentialAction":[{"@type":"ReadAction","target":["https:\/\/www.in-sit.eu\/it\/vacanze-con-diversi-livelli-di-mobilita\/"]}]},{"@type":"BreadcrumbList","@id":"https:\/\/www.in-sit.eu\/it\/vacanze-con-diversi-livelli-di-mobilita\/#breadcrumb","itemListElement":[{"@type":"ListItem","position":1,"name":"Home","item":"https:\/\/www.in-sit.eu\/it\/"},{"@type":"ListItem","position":2,"name":"Vacanze con diversi livelli di mobilit\u00e0"}]},{"@type":"WebSite","@id":"https:\/\/www.in-sit.eu\/#website","url":"https:\/\/www.in-sit.eu\/","name":"In-Sit","description":"Silver tourism","potentialAction":[{"@type":"SearchAction","target":{"@type":"EntryPoint","urlTemplate":"https:\/\/www.in-sit.eu\/?s={search_term_string}"},"query-input":"required name=search_term_string"}],"inLanguage":"it-IT"}]}},"_links":{"self":[{"href":"https:\/\/www.in-sit.eu\/it\/wp-json\/wp\/v2\/pages\/3828","targetHints":{"allow":["GET"]}}],"collection":[{"href":"https:\/\/www.in-sit.eu\/it\/wp-json\/wp\/v2\/pages"}],"about":[{"href":"https:\/\/www.in-sit.eu\/it\/wp-json\/wp\/v2\/types\/page"}],"author":[{"embeddable":true,"href":"https:\/\/www.in-sit.eu\/it\/wp-json\/wp\/v2\/users\/1"}],"replies":[{"embeddable":true,"href":"https:\/\/www.in-sit.eu\/it\/wp-json\/wp\/v2\/comments?post=3828"}],"version-history":[{"count":4,"href":"https:\/\/www.in-sit.eu\/it\/wp-json\/wp\/v2\/pages\/3828\/revisions"}],"predecessor-version":[{"id":3893,"href":"https:\/\/www.in-sit.eu\/it\/wp-json\/wp\/v2\/pages\/3828\/revisions\/3893"}],"wp:attachment":[{"href":"https:\/\/www.in-sit.eu\/it\/wp-json\/wp\/v2\/media?parent=3828"}],"curies":[{"name":"wp","href":"https:\/\/api.w.org\/{rel}","templated":true}]}}