{"id":3725,"date":"2024-12-19T13:18:41","date_gmt":"2024-12-19T13:18:41","guid":{"rendered":"https:\/\/www.in-sit.eu\/?page_id=3725"},"modified":"2025-01-22T14:05:25","modified_gmt":"2025-01-22T14:05:25","slug":"passeggiata-tematica-libera","status":"publish","type":"page","link":"https:\/\/www.in-sit.eu\/it\/passeggiata-tematica-libera\/","title":{"rendered":"Passeggiata tematica libera"},"content":{"rendered":"<p><div class=\"fusion-fullwidth fullwidth-box fusion-builder-row-1 fusion-flex-container nonhundred-percent-fullwidth non-hundred-percent-height-scrolling\" style=\"--awb-border-radius-top-left:0px;--awb-border-radius-top-right:0px;--awb-border-radius-bottom-right:0px;--awb-border-radius-bottom-left:0px;--awb-padding-top:60px;--awb-padding-top-medium:32px;--awb-padding-top-small:20px;--awb-background-image:radial-gradient(circle at center top, hsla(var(--awb-color4-h),calc(var(--awb-color4-s) + 20%),var(--awb-color4-l),calc(var(--awb-color4-a) - 90%)) 62%,var(--awb-color1) 62%);\" ><div class=\"fusion-builder-row fusion-row fusion-flex-align-items-flex-start fusion-flex-justify-content-center\" style=\"max-width:1248px;margin-left: calc(-4% \/ 2 );margin-right: calc(-4% \/ 2 );\"><div class=\"fusion-layout-column fusion_builder_column fusion-builder-column-0 fusion_builder_column_3_5 3_5 fusion-flex-column fusion-animated\" style=\"--awb-bg-size:cover;--awb-width-large:60%;--awb-margin-top-large:20px;--awb-spacing-right-large:3.2%;--awb-margin-bottom-large:48px;--awb-spacing-left-large:3.2%;--awb-width-medium:75%;--awb-spacing-right-medium:2.56%;--awb-margin-bottom-medium:40px;--awb-spacing-left-medium:2.56%;--awb-width-small:100%;--awb-spacing-right-small:1.92%;--awb-spacing-left-small:1.92%;\" data-animationType=\"fadeInDown\" data-animationDuration=\"1.6\" data-animationOffset=\"top-into-view\"><div class=\"fusion-column-wrapper fusion-column-has-shadow fusion-flex-justify-content-flex-start fusion-content-layout-column\"><i class=\"fb-icon-element-1 fb-icon-element fontawesome-icon icon-mkb-group circle-yes\" style=\"--awb-iconcolor:var(--awb-color4);--awb-iconcolor-hover:var(--awb-color1);--awb-circlecolor:var(--awb-color1);--awb-circlecolor-hover:var(--awb-color4);--awb-circlebordercolor-hover:hsla(var(--awb-color5-h),var(--awb-color5-s),var(--awb-color5-l),calc(var(--awb-color5-a) - 90%));--awb-circlebordersize:0px;--awb-font-size:36.96px;--awb-width:73.92px;--awb-height:73.92px;--awb-line-height:73.92px;--awb-align-self:center;--awb-margin-top:0px;--awb-margin-right:0px;--awb-margin-bottom:12px;--awb-margin-left:0px;\"><\/i><div class=\"fusion-title title fusion-title-1 fusion-sep-none fusion-title-center fusion-title-text fusion-title-size-six\" style=\"--awb-margin-bottom:4px;--awb-margin-top-small:4px;--awb-margin-bottom-small:4px;--awb-margin-top-medium:4px;--awb-margin-bottom-medium:4px;\"><h6 class=\"title-heading-center fusion-responsive-typography-calculated\" style=\"margin:0;--fontSize:20;--minFontSize:20;line-height:1.5;\">Buone pratiche<\/h6><\/div><div class=\"fusion-title title fusion-title-2 fusion-sep-none fusion-title-center fusion-title-text fusion-title-size-one\"><h1 class=\"title-heading-center fusion-responsive-typography-calculated\" style=\"margin:0;--fontSize:72;line-height:var(--awb-typography1-line-height);\">Passeggiata tematica libera<\/h1><\/div><div class=\"fusion-text fusion-text-1\" style=\"--awb-content-alignment:center;--awb-font-size:30px;--awb-line-height:1.4em;--awb-letter-spacing:-0.02em;\"><p><b>Vacanze inclusive e passeggiate tematiche: un\u2019esperienza per il Turismo della terza et\u00e0 in Belgio<\/b><\/p>\n<\/div><\/div><\/div><div class=\"fusion-layout-column fusion_builder_column fusion-builder-column-1 fusion_builder_column_1_2 1_2 fusion-flex-column fusion-animated\" style=\"--awb-bg-size:cover;--awb-width-large:50%;--awb-margin-top-large:20px;--awb-spacing-right-large:3.84%;--awb-margin-bottom-large:20px;--awb-spacing-left-large:3.84%;--awb-width-medium:50%;--awb-order-medium:0;--awb-spacing-right-medium:3.84%;--awb-margin-bottom-medium:60px;--awb-spacing-left-medium:3.84%;--awb-width-small:100%;--awb-order-small:0;--awb-spacing-right-small:1.92%;--awb-margin-bottom-small:20px;--awb-spacing-left-small:1.92%;\" data-animationType=\"fadeInUp\" data-animationDuration=\"1.2\" data-animationOffset=\"top-into-view\"><div class=\"fusion-column-wrapper fusion-column-has-shadow fusion-flex-justify-content-flex-start fusion-content-layout-column\"><div class=\"fusion-image-element \" style=\"text-align:center;--awb-caption-title-font-family:var(--h2_typography-font-family);--awb-caption-title-font-weight:var(--h2_typography-font-weight);--awb-caption-title-font-style:var(--h2_typography-font-style);--awb-caption-title-size:var(--h2_typography-font-size);--awb-caption-title-transform:var(--h2_typography-text-transform);--awb-caption-title-line-height:var(--h2_typography-line-height);--awb-caption-title-letter-spacing:var(--h2_typography-letter-spacing);\"><span class=\" fusion-imageframe imageframe-none imageframe-1 hover-type-none\" class=\"image-magnify\" class=\"image-scroll\"><img decoding=\"async\" width=\"400\" height=\"400\" title=\"Happy senior couple traveling in Europe\" src=\"https:\/\/www.in-sit.eu\/wp-content\/uploads\/2024\/12\/AdobeStock_74955067.jpeg\" data-orig-src=\"https:\/\/www.in-sit.eu\/wp-content\/uploads\/2024\/12\/AdobeStock_74955067.jpeg\" alt class=\"lazyload img-responsive wp-image-3727\" srcset=\"data:image\/svg+xml,%3Csvg%20xmlns%3D%27http%3A%2F%2Fwww.w3.org%2F2000%2Fsvg%27%20width%3D%27400%27%20height%3D%27400%27%20viewBox%3D%270%200%20400%20400%27%3E%3Crect%20width%3D%27400%27%20height%3D%27400%27%20fill-opacity%3D%220%22%2F%3E%3C%2Fsvg%3E\" data-srcset=\"https:\/\/www.in-sit.eu\/wp-content\/uploads\/2024\/12\/AdobeStock_74955067-200x200.jpeg 200w, https:\/\/www.in-sit.eu\/wp-content\/uploads\/2024\/12\/AdobeStock_74955067.jpeg 400w\" data-sizes=\"auto\" data-orig-sizes=\"(max-width: 640px) 100vw, 400px\" \/><\/span><\/div><\/div><\/div><\/div><\/div><div class=\"fusion-fullwidth fullwidth-box fusion-builder-row-2 fusion-flex-container nonhundred-percent-fullwidth non-hundred-percent-height-scrolling\" style=\"--awb-border-radius-top-left:0px;--awb-border-radius-top-right:0px;--awb-border-radius-bottom-right:0px;--awb-border-radius-bottom-left:0px;--awb-padding-top:0px;--awb-padding-bottom:0px;--awb-padding-top-medium:20px;--awb-padding-bottom-medium:20px;--awb-padding-top-small:40px;--awb-padding-bottom-small:40px;--awb-background-color:var(--awb-color1);\" ><div class=\"fusion-builder-row fusion-row fusion-flex-align-items-center fusion-flex-justify-content-center\" style=\"max-width:1248px;margin-left: calc(-4% \/ 2 );margin-right: calc(-4% \/ 2 );\"><div class=\"fusion-layout-column fusion_builder_column fusion-builder-column-2 fusion_builder_column_1_1 1_1 fusion-flex-column fusion-flex-align-self-center fusion-animated\" style=\"--awb-padding-top:50px;--awb-padding-right:50px;--awb-padding-left:50px;--awb-overflow:hidden;--awb-bg-color:var(--awb-color1);--awb-bg-color-hover:var(--awb-color1);--awb-bg-size:cover;--awb-border-radius:12px 12px 12px 12px;--awb-filter:opacity(93%);--awb-filter-transition:filter 0.3s ease;--awb-filter-hover:opacity(100%);--awb-width-large:100%;--awb-margin-top-large:50px;--awb-spacing-right-large:1.92%;--awb-margin-bottom-large:50px;--awb-spacing-left-large:1.92%;--awb-width-medium:100%;--awb-order-medium:0;--awb-spacing-right-medium:1.92%;--awb-spacing-left-medium:1.92%;--awb-width-small:100%;--awb-order-small:0;--awb-spacing-right-small:1.92%;--awb-spacing-left-small:1.92%;\" data-animationType=\"fadeInDown\" data-animationDuration=\"1.6\" data-animationOffset=\"top-into-view\"><div class=\"fusion-column-wrapper fusion-column-has-shadow fusion-flex-justify-content-space-evenly fusion-content-layout-column\"><div class=\"fusion-text fusion-text-2\" style=\"--awb-content-alignment:center;\"><p><span style=\"font-weight: 400;\">Durante la fase di ricerca sulle buone pratiche condotta dal partner belga nel progetto In-Sit, La <\/span><i><span style=\"font-weight: 400;\">F\u00e9d\u00e9ration Ind\u00e9pendante des Seniors<\/span><\/i><span style=\"font-weight: 400;\"> (la FIS) si \u00e8 distinta come esempio chiave di Turismo Argento. Questa iniziativa offre sia vacanze inclusive sia passeggiate tematiche gratuite per senior, promuovendo l&#8217;inclusione sociale, l&#8217;attivit\u00e0 fisica e l&#8217;esplorazione culturale. Il progetto In-Sit, che mira a migliorare le opportunit\u00e0 turistiche per gli anziani, ha evidenziato queste pratiche come modello per creare esperienze di viaggio arricchenti e accessibili per i senior.<\/span><\/p>\n<p><span style=\"font-weight: 400;\">Ci\u00f2 che distingue La FIS \u00e8 il suo approccio personalizzato, che propone vacanze con tre diversi livelli di accessibilit\u00e0: facile, medio e avanzato. Questo consente agli anziani di scegliere viaggi in linea con le proprie capacit\u00e0 fisiche, assicurando che ogni partecipante possa godere della vacanza senza sentirsi limitato dalla propria mobilit\u00e0. Prima della partenza, i partecipanti compilano un modulo medico per essere assegnati a un gruppo adatto alle loro esigenze, garantendo comfort e sicurezza durante il viaggio.<\/span><\/p>\n<p><span style=\"font-weight: 400;\">Oltre alle vacanze, La FIS organizza passeggiate tematiche gratuite in tutto il Belgio, guidate da volontari entusiasti. Queste passeggiate esplorano temi come l&#8217;ecologia, la sostenibilit\u00e0 e il patrimonio locale, offrendo agli anziani un&#8217;opportunit\u00e0 di entrare in contatto con l&#8217;ambiente circostante attraverso un&#8217;attivit\u00e0 fisica leggera. Le passeggiate non solo promuovono la salute e il benessere, ma creano anche opportunit\u00e0 di interazione sociale e costruzione di comunit\u00e0.<\/span><\/p>\n<p><span style=\"font-weight: 400;\">Il vero punto di forza di queste iniziative risiede nella loro capacit\u00e0 di favorire connessioni tra i partecipanti. Dopo ogni passeggiata, gli anziani sono incoraggiati a continuare a socializzare condividendo un pasto o una bevanda, rafforzando il senso di comunit\u00e0 e appartenenza. Molti senior tornano di anno in anno, attratti dalla possibilit\u00e0 di partecipare ad attivit\u00e0 piacevoli, accessibili e socialmente gratificanti.<\/span><\/p>\n<p><span style=\"font-weight: 400;\">Gli sforzi di La FIS nel Turismo Argento hanno riscosso un notevole successo. Supportata dalla F\u00e9d\u00e9ration Wallonie-Bruxelles e dalla Regione di Bruxelles-Capitale, l\u2019organizzazione ospita ogni anno quattro vacanze e quattro passeggiate tematiche, con circa 40 partecipanti per le vacanze e 15 per le passeggiate. Queste iniziative sono diventate un pilastro del turismo a misura di anziani in Belgio, offrendo esperienze preziose che rispondono alle esigenze specifiche dei viaggiatori senior.<\/span><\/p>\n<p><span style=\"font-weight: 400;\">Questa iniziativa, osservata nel progetto In-Sit, dimostra il potenziale di altre regioni nell\u2019implementare pratiche simili per promuovere un turismo accessibile per gli anziani. Prioritizzando l\u2019inclusivit\u00e0, La FIS dimostra che il viaggio pu\u00f2 essere allo stesso tempo arricchente e accomodante, garantendo che i senior possano vivere appieno le loro avventure in modo rispettoso delle loro capacit\u00e0 fisiche e dei loro interessi personali.<\/span><\/p>\n<\/div><\/div><\/div><\/div><\/div><\/p>\n","protected":false},"excerpt":{"rendered":"","protected":false},"author":1,"featured_media":0,"parent":0,"menu_order":0,"comment_status":"closed","ping_status":"closed","template":"100-width.php","meta":{"content-type":"","footnotes":""},"class_list":["post-3725","page","type-page","status-publish","hentry"],"acf":[],"yoast_head":"<!-- This site is optimized with the Yoast SEO plugin v20.9 - https:\/\/yoast.com\/wordpress\/plugins\/seo\/ -->\n<title>Passeggiata tematica libera - In-Sit<\/title>\n<meta name=\"robots\" content=\"index, follow, max-snippet:-1, max-image-preview:large, max-video-preview:-1\" \/>\n<link rel=\"canonical\" href=\"https:\/\/www.in-sit.eu\/it\/passeggiata-tematica-libera\/\" \/>\n<meta property=\"og:locale\" content=\"it_IT\" \/>\n<meta property=\"og:type\" content=\"article\" \/>\n<meta property=\"og:title\" content=\"Passeggiata tematica libera - In-Sit\" \/>\n<meta property=\"og:url\" content=\"https:\/\/www.in-sit.eu\/it\/passeggiata-tematica-libera\/\" \/>\n<meta property=\"og:site_name\" content=\"In-Sit\" \/>\n<meta property=\"article:modified_time\" content=\"2025-01-22T14:05:25+00:00\" \/>\n<meta name=\"twitter:card\" content=\"summary_large_image\" \/>\n<meta name=\"twitter:label1\" content=\"Tempo di lettura stimato\" \/>\n\t<meta name=\"twitter:data1\" content=\"5 minuti\" \/>\n<script type=\"application\/ld+json\" class=\"yoast-schema-graph\">{\"@context\":\"https:\/\/schema.org\",\"@graph\":[{\"@type\":\"WebPage\",\"@id\":\"https:\/\/www.in-sit.eu\/it\/passeggiata-tematica-libera\/\",\"url\":\"https:\/\/www.in-sit.eu\/it\/passeggiata-tematica-libera\/\",\"name\":\"Passeggiata tematica libera - In-Sit\",\"isPartOf\":{\"@id\":\"https:\/\/www.in-sit.eu\/#website\"},\"datePublished\":\"2024-12-19T13:18:41+00:00\",\"dateModified\":\"2025-01-22T14:05:25+00:00\",\"breadcrumb\":{\"@id\":\"https:\/\/www.in-sit.eu\/it\/passeggiata-tematica-libera\/#breadcrumb\"},\"inLanguage\":\"it-IT\",\"potentialAction\":[{\"@type\":\"ReadAction\",\"target\":[\"https:\/\/www.in-sit.eu\/it\/passeggiata-tematica-libera\/\"]}]},{\"@type\":\"BreadcrumbList\",\"@id\":\"https:\/\/www.in-sit.eu\/it\/passeggiata-tematica-libera\/#breadcrumb\",\"itemListElement\":[{\"@type\":\"ListItem\",\"position\":1,\"name\":\"Home\",\"item\":\"https:\/\/www.in-sit.eu\/it\/\"},{\"@type\":\"ListItem\",\"position\":2,\"name\":\"Passeggiata tematica libera\"}]},{\"@type\":\"WebSite\",\"@id\":\"https:\/\/www.in-sit.eu\/#website\",\"url\":\"https:\/\/www.in-sit.eu\/\",\"name\":\"In-Sit\",\"description\":\"Silver tourism\",\"potentialAction\":[{\"@type\":\"SearchAction\",\"target\":{\"@type\":\"EntryPoint\",\"urlTemplate\":\"https:\/\/www.in-sit.eu\/?s={search_term_string}\"},\"query-input\":\"required name=search_term_string\"}],\"inLanguage\":\"it-IT\"}]}<\/script>\n<!-- \/ Yoast SEO plugin. -->","yoast_head_json":{"title":"Passeggiata tematica libera - In-Sit","robots":{"index":"index","follow":"follow","max-snippet":"max-snippet:-1","max-image-preview":"max-image-preview:large","max-video-preview":"max-video-preview:-1"},"canonical":"https:\/\/www.in-sit.eu\/it\/passeggiata-tematica-libera\/","og_locale":"it_IT","og_type":"article","og_title":"Passeggiata tematica libera - In-Sit","og_url":"https:\/\/www.in-sit.eu\/it\/passeggiata-tematica-libera\/","og_site_name":"In-Sit","article_modified_time":"2025-01-22T14:05:25+00:00","twitter_card":"summary_large_image","twitter_misc":{"Tempo di lettura stimato":"5 minuti"},"schema":{"@context":"https:\/\/schema.org","@graph":[{"@type":"WebPage","@id":"https:\/\/www.in-sit.eu\/it\/passeggiata-tematica-libera\/","url":"https:\/\/www.in-sit.eu\/it\/passeggiata-tematica-libera\/","name":"Passeggiata tematica libera - In-Sit","isPartOf":{"@id":"https:\/\/www.in-sit.eu\/#website"},"datePublished":"2024-12-19T13:18:41+00:00","dateModified":"2025-01-22T14:05:25+00:00","breadcrumb":{"@id":"https:\/\/www.in-sit.eu\/it\/passeggiata-tematica-libera\/#breadcrumb"},"inLanguage":"it-IT","potentialAction":[{"@type":"ReadAction","target":["https:\/\/www.in-sit.eu\/it\/passeggiata-tematica-libera\/"]}]},{"@type":"BreadcrumbList","@id":"https:\/\/www.in-sit.eu\/it\/passeggiata-tematica-libera\/#breadcrumb","itemListElement":[{"@type":"ListItem","position":1,"name":"Home","item":"https:\/\/www.in-sit.eu\/it\/"},{"@type":"ListItem","position":2,"name":"Passeggiata tematica libera"}]},{"@type":"WebSite","@id":"https:\/\/www.in-sit.eu\/#website","url":"https:\/\/www.in-sit.eu\/","name":"In-Sit","description":"Silver tourism","potentialAction":[{"@type":"SearchAction","target":{"@type":"EntryPoint","urlTemplate":"https:\/\/www.in-sit.eu\/?s={search_term_string}"},"query-input":"required name=search_term_string"}],"inLanguage":"it-IT"}]}},"_links":{"self":[{"href":"https:\/\/www.in-sit.eu\/it\/wp-json\/wp\/v2\/pages\/3725","targetHints":{"allow":["GET"]}}],"collection":[{"href":"https:\/\/www.in-sit.eu\/it\/wp-json\/wp\/v2\/pages"}],"about":[{"href":"https:\/\/www.in-sit.eu\/it\/wp-json\/wp\/v2\/types\/page"}],"author":[{"embeddable":true,"href":"https:\/\/www.in-sit.eu\/it\/wp-json\/wp\/v2\/users\/1"}],"replies":[{"embeddable":true,"href":"https:\/\/www.in-sit.eu\/it\/wp-json\/wp\/v2\/comments?post=3725"}],"version-history":[{"count":5,"href":"https:\/\/www.in-sit.eu\/it\/wp-json\/wp\/v2\/pages\/3725\/revisions"}],"predecessor-version":[{"id":3895,"href":"https:\/\/www.in-sit.eu\/it\/wp-json\/wp\/v2\/pages\/3725\/revisions\/3895"}],"wp:attachment":[{"href":"https:\/\/www.in-sit.eu\/it\/wp-json\/wp\/v2\/media?parent=3725"}],"curies":[{"name":"wp","href":"https:\/\/api.w.org\/{rel}","templated":true}]}}