{"id":3707,"date":"2024-12-19T12:03:46","date_gmt":"2024-12-19T12:03:46","guid":{"rendered":"https:\/\/www.in-sit.eu\/?page_id=3707"},"modified":"2025-01-22T13:47:52","modified_gmt":"2025-01-22T13:47:52","slug":"vacanze-di-lungo-termine_turchia","status":"publish","type":"page","link":"https:\/\/www.in-sit.eu\/it\/vacanze-di-lungo-termine_turchia\/","title":{"rendered":"Vacanze di lungo termine Turchia"},"content":{"rendered":"<p><div class=\"fusion-fullwidth fullwidth-box fusion-builder-row-1 fusion-flex-container nonhundred-percent-fullwidth non-hundred-percent-height-scrolling\" style=\"--awb-border-radius-top-left:0px;--awb-border-radius-top-right:0px;--awb-border-radius-bottom-right:0px;--awb-border-radius-bottom-left:0px;--awb-padding-top:60px;--awb-padding-top-medium:32px;--awb-padding-top-small:20px;--awb-background-image:radial-gradient(circle at center top, hsla(var(--awb-color4-h),calc(var(--awb-color4-s) + 20%),var(--awb-color4-l),calc(var(--awb-color4-a) - 90%)) 62%,var(--awb-color1) 62%);\" ><div class=\"fusion-builder-row fusion-row fusion-flex-align-items-flex-start fusion-flex-justify-content-center\" style=\"max-width:1248px;margin-left: calc(-4% \/ 2 );margin-right: calc(-4% \/ 2 );\"><div class=\"fusion-layout-column fusion_builder_column fusion-builder-column-0 fusion_builder_column_3_5 3_5 fusion-flex-column fusion-animated\" style=\"--awb-bg-size:cover;--awb-width-large:60%;--awb-margin-top-large:20px;--awb-spacing-right-large:3.2%;--awb-margin-bottom-large:48px;--awb-spacing-left-large:3.2%;--awb-width-medium:75%;--awb-spacing-right-medium:2.56%;--awb-margin-bottom-medium:40px;--awb-spacing-left-medium:2.56%;--awb-width-small:100%;--awb-spacing-right-small:1.92%;--awb-spacing-left-small:1.92%;\" data-animationType=\"fadeInDown\" data-animationDuration=\"1.6\" data-animationOffset=\"top-into-view\"><div class=\"fusion-column-wrapper fusion-column-has-shadow fusion-flex-justify-content-flex-start fusion-content-layout-column\"><i class=\"fb-icon-element-1 fb-icon-element fontawesome-icon icon-mkb-group circle-yes\" style=\"--awb-iconcolor:var(--awb-color4);--awb-iconcolor-hover:var(--awb-color1);--awb-circlecolor:var(--awb-color1);--awb-circlecolor-hover:var(--awb-color4);--awb-circlebordercolor-hover:hsla(var(--awb-color5-h),var(--awb-color5-s),var(--awb-color5-l),calc(var(--awb-color5-a) - 90%));--awb-circlebordersize:0px;--awb-font-size:36.96px;--awb-width:73.92px;--awb-height:73.92px;--awb-line-height:73.92px;--awb-align-self:center;--awb-margin-top:0px;--awb-margin-right:0px;--awb-margin-bottom:12px;--awb-margin-left:0px;\"><\/i><div class=\"fusion-title title fusion-title-1 fusion-sep-none fusion-title-center fusion-title-text fusion-title-size-six\" style=\"--awb-margin-bottom:4px;--awb-margin-top-small:4px;--awb-margin-bottom-small:4px;--awb-margin-top-medium:4px;--awb-margin-bottom-medium:4px;\"><h6 class=\"title-heading-center fusion-responsive-typography-calculated\" style=\"margin:0;--fontSize:20;--minFontSize:20;line-height:1.5;\">Buone pratiche<\/h6><\/div><div class=\"fusion-title title fusion-title-2 fusion-sep-none fusion-title-center fusion-title-text fusion-title-size-one\"><h1 class=\"title-heading-center fusion-responsive-typography-calculated\" style=\"margin:0;--fontSize:72;line-height:var(--awb-typography1-line-height);\">Vacanze di lungo termine Turchia<\/h1><\/div><div class=\"fusion-text fusion-text-1\" style=\"--awb-content-alignment:center;--awb-font-size:30px;--awb-line-height:1.4em;--awb-letter-spacing:-0.02em;\"><p><b>Turismo della terza et\u00e0 in hotel a 5 stelle e soggiorni a lungo termine in Turchia<\/b><\/p>\n<\/div><\/div><\/div><div class=\"fusion-layout-column fusion_builder_column fusion-builder-column-1 fusion_builder_column_1_2 1_2 fusion-flex-column fusion-animated\" style=\"--awb-bg-size:cover;--awb-width-large:50%;--awb-margin-top-large:20px;--awb-spacing-right-large:3.84%;--awb-margin-bottom-large:20px;--awb-spacing-left-large:3.84%;--awb-width-medium:50%;--awb-order-medium:0;--awb-spacing-right-medium:3.84%;--awb-margin-bottom-medium:60px;--awb-spacing-left-medium:3.84%;--awb-width-small:100%;--awb-order-small:0;--awb-spacing-right-small:1.92%;--awb-margin-bottom-small:20px;--awb-spacing-left-small:1.92%;\" data-animationType=\"fadeInUp\" data-animationDuration=\"1.2\" data-animationOffset=\"top-into-view\"><div class=\"fusion-column-wrapper fusion-column-has-shadow fusion-flex-justify-content-flex-start fusion-content-layout-column\"><div class=\"fusion-image-element \" style=\"--awb-caption-title-font-family:var(--h2_typography-font-family);--awb-caption-title-font-weight:var(--h2_typography-font-weight);--awb-caption-title-font-style:var(--h2_typography-font-style);--awb-caption-title-size:var(--h2_typography-font-size);--awb-caption-title-transform:var(--h2_typography-text-transform);--awb-caption-title-line-height:var(--h2_typography-line-height);--awb-caption-title-letter-spacing:var(--h2_typography-letter-spacing);\"><span class=\" fusion-imageframe imageframe-none imageframe-1 hover-type-none\" class=\"image-magnify\" class=\"image-scroll\"><img decoding=\"async\" width=\"664\" height=\"664\" title=\"Bright morning as many hot air balloons float in clear skies jus\" src=\"https:\/\/www.in-sit.eu\/wp-content\/uploads\/2024\/12\/AdobeStock_300380870.jpeg\" data-orig-src=\"https:\/\/www.in-sit.eu\/wp-content\/uploads\/2024\/12\/AdobeStock_300380870.jpeg\" alt class=\"lazyload img-responsive wp-image-3712\" srcset=\"data:image\/svg+xml,%3Csvg%20xmlns%3D%27http%3A%2F%2Fwww.w3.org%2F2000%2Fsvg%27%20width%3D%27664%27%20height%3D%27664%27%20viewBox%3D%270%200%20664%20664%27%3E%3Crect%20width%3D%27664%27%20height%3D%27664%27%20fill-opacity%3D%220%22%2F%3E%3C%2Fsvg%3E\" data-srcset=\"https:\/\/www.in-sit.eu\/wp-content\/uploads\/2024\/12\/AdobeStock_300380870-200x200.jpeg 200w, https:\/\/www.in-sit.eu\/wp-content\/uploads\/2024\/12\/AdobeStock_300380870-400x400.jpeg 400w, https:\/\/www.in-sit.eu\/wp-content\/uploads\/2024\/12\/AdobeStock_300380870-600x600.jpeg 600w, https:\/\/www.in-sit.eu\/wp-content\/uploads\/2024\/12\/AdobeStock_300380870.jpeg 664w\" data-sizes=\"auto\" data-orig-sizes=\"(max-width: 640px) 100vw, 600px\" \/><\/span><\/div><\/div><\/div><\/div><\/div><div class=\"fusion-fullwidth fullwidth-box fusion-builder-row-2 fusion-flex-container nonhundred-percent-fullwidth non-hundred-percent-height-scrolling\" style=\"--awb-border-radius-top-left:0px;--awb-border-radius-top-right:0px;--awb-border-radius-bottom-right:0px;--awb-border-radius-bottom-left:0px;--awb-padding-top:0px;--awb-padding-bottom:0px;--awb-padding-top-medium:20px;--awb-padding-bottom-medium:20px;--awb-padding-top-small:40px;--awb-padding-bottom-small:40px;--awb-background-color:var(--awb-color1);\" ><div class=\"fusion-builder-row fusion-row fusion-flex-align-items-center fusion-flex-justify-content-center\" style=\"max-width:1248px;margin-left: calc(-4% \/ 2 );margin-right: calc(-4% \/ 2 );\"><div class=\"fusion-layout-column fusion_builder_column fusion-builder-column-2 fusion_builder_column_1_1 1_1 fusion-flex-column fusion-flex-align-self-center fusion-animated\" style=\"--awb-padding-top:50px;--awb-padding-right:50px;--awb-padding-left:50px;--awb-overflow:hidden;--awb-bg-color:var(--awb-color1);--awb-bg-color-hover:var(--awb-color1);--awb-bg-size:cover;--awb-border-radius:12px 12px 12px 12px;--awb-filter:opacity(93%);--awb-filter-transition:filter 0.3s ease;--awb-filter-hover:opacity(100%);--awb-width-large:100%;--awb-margin-top-large:50px;--awb-spacing-right-large:1.92%;--awb-margin-bottom-large:50px;--awb-spacing-left-large:1.92%;--awb-width-medium:100%;--awb-order-medium:0;--awb-spacing-right-medium:1.92%;--awb-spacing-left-medium:1.92%;--awb-width-small:100%;--awb-order-small:0;--awb-spacing-right-small:1.92%;--awb-spacing-left-small:1.92%;\" data-animationType=\"fadeInDown\" data-animationDuration=\"1.6\" data-animationOffset=\"top-into-view\"><div class=\"fusion-column-wrapper fusion-column-has-shadow fusion-flex-justify-content-space-evenly fusion-content-layout-column\"><div class=\"fusion-text fusion-text-2\" style=\"--awb-content-alignment:center;\"><p><b>Turismo degli anziani<\/b><\/p>\n<p><span style=\"font-weight: 400;\">Il turismo per anziani, noto anche come turismo della terza et\u00e0, comprende in generale tutti i viaggi di individui oltre una certa et\u00e0 che hanno concluso la loro vita lavorativa attiva verso destinazioni diverse. Analizzando la letteratura in dettaglio, si riscontra che, pur utilizzando il concetto di &#8220;terza et\u00e0&#8221; negli studi sul turismo per gli anziani, esistono differenze nelle fasce d&#8217;et\u00e0 che definiscono questo termine (Patterson e Balderas, 2018).\u00a0\u00a0<\/span><\/p>\n<p><span style=\"font-weight: 400;\">Secondo l&#8217;OMS:\u00a0\u00a0<\/span><\/p>\n<p><span style=\"font-weight: 400;\">\u2219 Adolescenti: tra 0 e 17 anni,\u00a0\u00a0<\/span><\/p>\n<p><span style=\"font-weight: 400;\">\u2219 Giovani: tra 18 e 64 anni,\u00a0\u00a0<\/span><\/p>\n<p><span style=\"font-weight: 400;\">\u2219 Et\u00e0 compresa tra 65 e 74 anni: giovani anziani,\u00a0\u00a0<\/span><\/p>\n<p><span style=\"font-weight: 400;\">\u2219 Et\u00e0 compresa tra 75 e 84 anni: anziani,\u00a0\u00a0<\/span><\/p>\n<p><span style=\"font-weight: 400;\">\u2219 85 anni e oltre: molto anziani.\u00a0\u00a0<\/span><\/p>\n<p><span style=\"font-weight: 400;\">Una spiegazione pi\u00f9 dettagliata del turismo della terza et\u00e0 sar\u00e0 fornita nelle sezioni successive, essendo il tema principale dello studio. Secondo l&#8217;OMS, circa il 15% della popolazione mondiale (cio\u00e8 circa 1 miliardo di persone) \u00e8 composta da persone con disabilit\u00e0. Il turismo accessibile, d&#8217;altra parte, si riferisce alla possibilit\u00e0 per le persone con disabilit\u00e0 di partecipare alle attivit\u00e0 turistiche senza problemi, al pari degli altri individui (Bulgan, 2015). Dato che l&#8217;obiettivo \u00e8 eliminare tutti gli ostacoli che le persone con disabilit\u00e0 fisiche, mentali o sociali potrebbero incontrare durante i loro viaggi, questo fenomeno \u00e8 anche definito nella letteratura come &#8220;turismo senza barriere&#8221; o &#8220;turismo accessibile&#8221;. Considerando gli ostacoli che il gruppo della terza et\u00e0 potrebbe incontrare a causa dell&#8217;et\u00e0 avanzata, esso \u00e8 spesso posto in relazione con le attivit\u00e0 del turismo accessibile.<\/span><\/p>\n<p><b>Vincoli di alloggio per i turisti della terza et\u00e0<\/b><\/p>\n<p><span style=\"font-weight: 400;\">Le persone della terza et\u00e0 necessitano di servizi di assistenza domiciliare e di opportunit\u00e0 per migliorare la loro vita sociale, al fine di continuare a condurre le loro attivit\u00e0 quotidiane. A causa di tali esigenze di cura, i fornitori di servizi devono adeguare le proprie strutture fisiche in base ai bisogni di sicurezza dei pazienti anziani. Nei servizi di assistenza a lungo termine, sono richieste diverse tipologie di fornitori di servizi e assistenti (T\u00dcS\u0130AD, 2019).\u00a0\u00a0<\/span><\/p>\n<p><span style=\"font-weight: 400;\">Albayrak (2014), nel suo studio sui problemi riscontrati dai turisti della terza et\u00e0 nei ristoranti degli hotel, ha rilevato che tali turisti incontrano spesso problemi come pasti grassi e calorici, assenza di indicazioni sui valori energetici, mancanza di prodotti per diabetici nel men\u00f9 e assenza di descrizioni dei contenuti dei piatti. La tipologia di alloggio preferita durante il viaggio \u00e8 determinata dal motivo del viaggio e dal livello di reddito. Le persone anziane tendono a esprimere preferenze molto ampie nella scelta delle strutture ricettive (Alen et al., 2017). Tuttavia, la mobilit\u00e0 fisica ridotta a causa dell&#8217;et\u00e0 avanzata e le eventuali disabilit\u00e0 incidono notevolmente sulle preferenze di alloggio.<\/span><\/p>\n<p><b>Turismo per anziani in Turchia\u00a0<\/b><\/p>\n<p><span style=\"font-weight: 400;\">Sebbene la percentuale di popolazione di et\u00e0 pari o superiore a 65 anni in Turchia fosse dell&#8217;8,75% nel 2018, si prevede che raggiunger\u00e0 il 10,2% nel 2023. Secondo le proiezioni demografiche di TurkStat, la popolazione anziana nel 2060 sar\u00e0 pi\u00f9 del doppio di quella del 2023. Nel 2080, si prevede che un quarto della popolazione totale sar\u00e0 costituito da anziani.\u00a0\u00a0<\/span><\/p>\n<p><span style=\"font-weight: 400;\">Analizzando gli hotel a 5 stelle di Antalya, si osserva che i servizi turistici per anziani si concentrano generalmente in autunno, inverno e primavera, quando il clima temperato presenta temperature moderate. Durante questi periodi, gli anziani tendono a soggiornare per periodi pi\u00f9 lunghi rispetto ai turisti estivi. L&#8217;adattamento degli spazi fisici alle priorit\u00e0 degli anziani e la predisposizione delle camere e delle altre aree in base alle loro caratteristiche incoraggiano soggiorni prolungati.\u00a0\u00a0<\/span><\/p>\n<p><span style=\"font-weight: 400;\">Dagli studi emerge che gli hotel con servizi all-inclusive attraggono maggiormente i turisti anziani, che preferiscono soggiorni superiori a 2 settimane, fino a un mese, in strutture che soddisfano esigenze principali come alloggio, alimentazione, salute e assistenza.\u00a0\u00a0<\/span><\/p>\n<p><span style=\"font-weight: 400;\">Oltre alle caratteristiche fisiche e alla qualit\u00e0 del servizio, si \u00e8 notato che gli hotel di Antalya non dispongono di un numero sufficiente di personale tecnico specializzato per organizzare attivit\u00e0 interne ed esterne all\u2019hotel che favoriscano la socializzazione degli anziani.\u00a0\u00a0<\/span><\/p>\n<p><span style=\"font-weight: 400;\">L\u2019adozione delle migliori pratiche europee per la gestione di tour e attivit\u00e0 giornaliere fuori dall\u2019hotel, unitamente alla formazione di personale qualificato, pu\u00f2 aumentare la soddisfazione dei clienti e il tasso di partecipazione degli anziani alle attivit\u00e0 turistiche.<\/span><\/p>\n<p><span style=\"font-weight: 400;\">\u00a0<\/span><\/p>\n<\/div><\/div><\/div><\/div><\/div><\/p>\n","protected":false},"excerpt":{"rendered":"","protected":false},"author":1,"featured_media":0,"parent":0,"menu_order":0,"comment_status":"closed","ping_status":"closed","template":"100-width.php","meta":{"content-type":"","footnotes":""},"class_list":["post-3707","page","type-page","status-publish","hentry"],"acf":[],"yoast_head":"<!-- This site is optimized with the Yoast SEO plugin v20.9 - https:\/\/yoast.com\/wordpress\/plugins\/seo\/ -->\n<title>Vacanze di lungo termine Turchia - In-Sit<\/title>\n<meta name=\"robots\" content=\"index, follow, max-snippet:-1, max-image-preview:large, max-video-preview:-1\" \/>\n<link rel=\"canonical\" href=\"https:\/\/www.in-sit.eu\/it\/vacanze-di-lungo-termine_turchia\/\" \/>\n<meta property=\"og:locale\" content=\"it_IT\" \/>\n<meta property=\"og:type\" content=\"article\" \/>\n<meta property=\"og:title\" content=\"Vacanze di lungo termine Turchia - In-Sit\" \/>\n<meta property=\"og:url\" content=\"https:\/\/www.in-sit.eu\/it\/vacanze-di-lungo-termine_turchia\/\" \/>\n<meta property=\"og:site_name\" content=\"In-Sit\" \/>\n<meta property=\"article:modified_time\" content=\"2025-01-22T13:47:52+00:00\" \/>\n<meta name=\"twitter:card\" content=\"summary_large_image\" \/>\n<meta name=\"twitter:label1\" content=\"Tempo di lettura stimato\" \/>\n\t<meta name=\"twitter:data1\" content=\"6 minuti\" \/>\n<script type=\"application\/ld+json\" class=\"yoast-schema-graph\">{\"@context\":\"https:\/\/schema.org\",\"@graph\":[{\"@type\":\"WebPage\",\"@id\":\"https:\/\/www.in-sit.eu\/it\/vacanze-di-lungo-termine_turchia\/\",\"url\":\"https:\/\/www.in-sit.eu\/it\/vacanze-di-lungo-termine_turchia\/\",\"name\":\"Vacanze di lungo termine Turchia - In-Sit\",\"isPartOf\":{\"@id\":\"https:\/\/www.in-sit.eu\/#website\"},\"datePublished\":\"2024-12-19T12:03:46+00:00\",\"dateModified\":\"2025-01-22T13:47:52+00:00\",\"breadcrumb\":{\"@id\":\"https:\/\/www.in-sit.eu\/it\/vacanze-di-lungo-termine_turchia\/#breadcrumb\"},\"inLanguage\":\"it-IT\",\"potentialAction\":[{\"@type\":\"ReadAction\",\"target\":[\"https:\/\/www.in-sit.eu\/it\/vacanze-di-lungo-termine_turchia\/\"]}]},{\"@type\":\"BreadcrumbList\",\"@id\":\"https:\/\/www.in-sit.eu\/it\/vacanze-di-lungo-termine_turchia\/#breadcrumb\",\"itemListElement\":[{\"@type\":\"ListItem\",\"position\":1,\"name\":\"Home\",\"item\":\"https:\/\/www.in-sit.eu\/it\/\"},{\"@type\":\"ListItem\",\"position\":2,\"name\":\"Vacanze di lungo termine Turchia\"}]},{\"@type\":\"WebSite\",\"@id\":\"https:\/\/www.in-sit.eu\/#website\",\"url\":\"https:\/\/www.in-sit.eu\/\",\"name\":\"In-Sit\",\"description\":\"Silver tourism\",\"potentialAction\":[{\"@type\":\"SearchAction\",\"target\":{\"@type\":\"EntryPoint\",\"urlTemplate\":\"https:\/\/www.in-sit.eu\/?s={search_term_string}\"},\"query-input\":\"required name=search_term_string\"}],\"inLanguage\":\"it-IT\"}]}<\/script>\n<!-- \/ Yoast SEO plugin. -->","yoast_head_json":{"title":"Vacanze di lungo termine Turchia - In-Sit","robots":{"index":"index","follow":"follow","max-snippet":"max-snippet:-1","max-image-preview":"max-image-preview:large","max-video-preview":"max-video-preview:-1"},"canonical":"https:\/\/www.in-sit.eu\/it\/vacanze-di-lungo-termine_turchia\/","og_locale":"it_IT","og_type":"article","og_title":"Vacanze di lungo termine Turchia - In-Sit","og_url":"https:\/\/www.in-sit.eu\/it\/vacanze-di-lungo-termine_turchia\/","og_site_name":"In-Sit","article_modified_time":"2025-01-22T13:47:52+00:00","twitter_card":"summary_large_image","twitter_misc":{"Tempo di lettura stimato":"6 minuti"},"schema":{"@context":"https:\/\/schema.org","@graph":[{"@type":"WebPage","@id":"https:\/\/www.in-sit.eu\/it\/vacanze-di-lungo-termine_turchia\/","url":"https:\/\/www.in-sit.eu\/it\/vacanze-di-lungo-termine_turchia\/","name":"Vacanze di lungo termine Turchia - In-Sit","isPartOf":{"@id":"https:\/\/www.in-sit.eu\/#website"},"datePublished":"2024-12-19T12:03:46+00:00","dateModified":"2025-01-22T13:47:52+00:00","breadcrumb":{"@id":"https:\/\/www.in-sit.eu\/it\/vacanze-di-lungo-termine_turchia\/#breadcrumb"},"inLanguage":"it-IT","potentialAction":[{"@type":"ReadAction","target":["https:\/\/www.in-sit.eu\/it\/vacanze-di-lungo-termine_turchia\/"]}]},{"@type":"BreadcrumbList","@id":"https:\/\/www.in-sit.eu\/it\/vacanze-di-lungo-termine_turchia\/#breadcrumb","itemListElement":[{"@type":"ListItem","position":1,"name":"Home","item":"https:\/\/www.in-sit.eu\/it\/"},{"@type":"ListItem","position":2,"name":"Vacanze di lungo termine Turchia"}]},{"@type":"WebSite","@id":"https:\/\/www.in-sit.eu\/#website","url":"https:\/\/www.in-sit.eu\/","name":"In-Sit","description":"Silver tourism","potentialAction":[{"@type":"SearchAction","target":{"@type":"EntryPoint","urlTemplate":"https:\/\/www.in-sit.eu\/?s={search_term_string}"},"query-input":"required name=search_term_string"}],"inLanguage":"it-IT"}]}},"_links":{"self":[{"href":"https:\/\/www.in-sit.eu\/it\/wp-json\/wp\/v2\/pages\/3707","targetHints":{"allow":["GET"]}}],"collection":[{"href":"https:\/\/www.in-sit.eu\/it\/wp-json\/wp\/v2\/pages"}],"about":[{"href":"https:\/\/www.in-sit.eu\/it\/wp-json\/wp\/v2\/types\/page"}],"author":[{"embeddable":true,"href":"https:\/\/www.in-sit.eu\/it\/wp-json\/wp\/v2\/users\/1"}],"replies":[{"embeddable":true,"href":"https:\/\/www.in-sit.eu\/it\/wp-json\/wp\/v2\/comments?post=3707"}],"version-history":[{"count":5,"href":"https:\/\/www.in-sit.eu\/it\/wp-json\/wp\/v2\/pages\/3707\/revisions"}],"predecessor-version":[{"id":3888,"href":"https:\/\/www.in-sit.eu\/it\/wp-json\/wp\/v2\/pages\/3707\/revisions\/3888"}],"wp:attachment":[{"href":"https:\/\/www.in-sit.eu\/it\/wp-json\/wp\/v2\/media?parent=3707"}],"curies":[{"name":"wp","href":"https:\/\/api.w.org\/{rel}","templated":true}]}}