{"id":3678,"date":"2024-12-19T10:52:13","date_gmt":"2024-12-19T10:52:13","guid":{"rendered":"https:\/\/www.in-sit.eu\/?page_id=3678"},"modified":"2024-12-19T10:52:13","modified_gmt":"2024-12-19T10:52:13","slug":"terza-visita-di-scambio-mons","status":"publish","type":"page","link":"https:\/\/www.in-sit.eu\/it\/terza-visita-di-scambio-mons\/","title":{"rendered":"Terza visita di scambio, Mons"},"content":{"rendered":"<p><div class=\"fusion-fullwidth fullwidth-box fusion-builder-row-1 fusion-flex-container nonhundred-percent-fullwidth non-hundred-percent-height-scrolling\" style=\"--awb-border-radius-top-left:0px;--awb-border-radius-top-right:0px;--awb-border-radius-bottom-right:0px;--awb-border-radius-bottom-left:0px;--awb-padding-top:60px;--awb-padding-top-medium:32px;--awb-padding-top-small:20px;--awb-background-image:radial-gradient(circle at center top, hsla(var(--awb-color8-h),calc(var(--awb-color8-s) + 20%),var(--awb-color8-l),calc(var(--awb-color8-a) - 90%)) 62%,var(--awb-color1) 62%);\" ><div class=\"fusion-builder-row fusion-row fusion-flex-align-items-flex-start fusion-flex-justify-content-center\" style=\"max-width:1248px;margin-left: calc(-4% \/ 2 );margin-right: calc(-4% \/ 2 );\"><div class=\"fusion-layout-column fusion_builder_column fusion-builder-column-0 fusion_builder_column_3_5 3_5 fusion-flex-column fusion-animated\" style=\"--awb-bg-size:cover;--awb-width-large:60%;--awb-margin-top-large:20px;--awb-spacing-right-large:3.2%;--awb-margin-bottom-large:48px;--awb-spacing-left-large:3.2%;--awb-width-medium:75%;--awb-spacing-right-medium:2.56%;--awb-margin-bottom-medium:40px;--awb-spacing-left-medium:2.56%;--awb-width-small:100%;--awb-spacing-right-small:1.92%;--awb-spacing-left-small:1.92%;\" data-animationType=\"fadeInDown\" data-animationDuration=\"1.6\" data-animationOffset=\"top-into-view\"><div class=\"fusion-column-wrapper fusion-column-has-shadow fusion-flex-justify-content-flex-start fusion-content-layout-column\"><i class=\"fb-icon-element-1 fb-icon-element fontawesome-icon icon-mkb-group circle-yes\" style=\"--awb-iconcolor:var(--awb-color4);--awb-iconcolor-hover:var(--awb-color1);--awb-circlecolor:var(--awb-color1);--awb-circlecolor-hover:var(--awb-color4);--awb-circlebordercolor-hover:hsla(var(--awb-color5-h),var(--awb-color5-s),var(--awb-color5-l),calc(var(--awb-color5-a) - 90%));--awb-circlebordersize:0px;--awb-font-size:36.96px;--awb-width:73.92px;--awb-height:73.92px;--awb-line-height:73.92px;--awb-align-self:center;--awb-margin-top:0px;--awb-margin-right:0px;--awb-margin-bottom:12px;--awb-margin-left:0px;\"><\/i><div class=\"fusion-title title fusion-title-1 fusion-sep-none fusion-title-center fusion-title-text fusion-title-size-six\" style=\"--awb-margin-bottom:4px;--awb-margin-top-small:4px;--awb-margin-bottom-small:4px;--awb-margin-top-medium:4px;--awb-margin-bottom-medium:4px;\"><h6 class=\"title-heading-center fusion-responsive-typography-calculated\" style=\"margin:0;--fontSize:20;--minFontSize:20;line-height:1.5;\">Visita di scambio<\/h6><\/div><div class=\"fusion-title title fusion-title-2 fusion-sep-none fusion-title-center fusion-title-text fusion-title-size-one\"><h1 class=\"title-heading-center fusion-responsive-typography-calculated\" style=\"margin:0;--fontSize:72;line-height:var(--awb-typography1-line-height);\">Terza visita di scambio, Mons<\/h1><\/div><div class=\"fusion-text fusion-text-1\" style=\"--awb-content-alignment:center;--awb-font-size:30px;--awb-line-height:1.4em;--awb-letter-spacing:-0.02em;\"><p><b>Promuovere il turismo della terza et\u00e0 in Europa attraverso il Progetto Erasmus+ Silver Tourism: condivisione di buone pratiche durante la terza e ultima visita di scambio a Mons, Belgio<\/b><\/p>\n<\/div><\/div><\/div><div class=\"fusion-layout-column fusion_builder_column fusion-builder-column-1 fusion_builder_column_1_2 1_2 fusion-flex-column fusion-animated\" style=\"--awb-bg-size:cover;--awb-width-large:50%;--awb-margin-top-large:20px;--awb-spacing-right-large:3.84%;--awb-margin-bottom-large:20px;--awb-spacing-left-large:3.84%;--awb-width-medium:50%;--awb-order-medium:0;--awb-spacing-right-medium:3.84%;--awb-margin-bottom-medium:60px;--awb-spacing-left-medium:3.84%;--awb-width-small:100%;--awb-order-small:0;--awb-spacing-right-small:1.92%;--awb-margin-bottom-small:20px;--awb-spacing-left-small:1.92%;\" data-animationType=\"fadeInUp\" data-animationDuration=\"1.2\" data-animationOffset=\"top-into-view\"><div class=\"fusion-column-wrapper fusion-column-has-shadow fusion-flex-justify-content-flex-start fusion-content-layout-column\"><div class=\"fusion-image-element \" style=\"--awb-caption-title-font-family:var(--h2_typography-font-family);--awb-caption-title-font-weight:var(--h2_typography-font-weight);--awb-caption-title-font-style:var(--h2_typography-font-style);--awb-caption-title-size:var(--h2_typography-font-size);--awb-caption-title-transform:var(--h2_typography-text-transform);--awb-caption-title-line-height:var(--h2_typography-line-height);--awb-caption-title-letter-spacing:var(--h2_typography-letter-spacing);\"><span class=\" fusion-imageframe imageframe-none imageframe-1 hover-type-none\" class=\"image-magnify\" class=\"image-scroll\"><img decoding=\"async\" width=\"972\" height=\"1024\" title=\"mons_belgio\" src=\"https:\/\/www.in-sit.eu\/wp-content\/uploads\/2024\/12\/mons_belgio.jpg\" data-orig-src=\"https:\/\/www.in-sit.eu\/wp-content\/uploads\/2024\/12\/mons_belgio-972x1024.jpg\" alt class=\"lazyload img-responsive wp-image-3679\" srcset=\"data:image\/svg+xml,%3Csvg%20xmlns%3D%27http%3A%2F%2Fwww.w3.org%2F2000%2Fsvg%27%20width%3D%271224%27%20height%3D%271290%27%20viewBox%3D%270%200%201224%201290%27%3E%3Crect%20width%3D%271224%27%20height%3D%271290%27%20fill-opacity%3D%220%22%2F%3E%3C%2Fsvg%3E\" data-srcset=\"https:\/\/www.in-sit.eu\/wp-content\/uploads\/2024\/12\/mons_belgio-200x211.jpg 200w, https:\/\/www.in-sit.eu\/wp-content\/uploads\/2024\/12\/mons_belgio-400x422.jpg 400w, https:\/\/www.in-sit.eu\/wp-content\/uploads\/2024\/12\/mons_belgio-600x632.jpg 600w, https:\/\/www.in-sit.eu\/wp-content\/uploads\/2024\/12\/mons_belgio-800x843.jpg 800w, https:\/\/www.in-sit.eu\/wp-content\/uploads\/2024\/12\/mons_belgio-1200x1265.jpg 1200w, https:\/\/www.in-sit.eu\/wp-content\/uploads\/2024\/12\/mons_belgio.jpg 1224w\" data-sizes=\"auto\" data-orig-sizes=\"(max-width: 640px) 100vw, 600px\" \/><\/span><\/div><\/div><\/div><\/div><\/div><div class=\"fusion-fullwidth fullwidth-box fusion-builder-row-2 fusion-flex-container nonhundred-percent-fullwidth non-hundred-percent-height-scrolling\" style=\"--awb-border-radius-top-left:0px;--awb-border-radius-top-right:0px;--awb-border-radius-bottom-right:0px;--awb-border-radius-bottom-left:0px;--awb-padding-top:0px;--awb-padding-bottom:0px;--awb-padding-top-medium:20px;--awb-padding-bottom-medium:20px;--awb-padding-top-small:40px;--awb-padding-bottom-small:40px;--awb-background-color:var(--awb-color1);\" ><div class=\"fusion-builder-row fusion-row fusion-flex-align-items-center fusion-flex-justify-content-center\" style=\"max-width:1248px;margin-left: calc(-4% \/ 2 );margin-right: calc(-4% \/ 2 );\"><div class=\"fusion-layout-column fusion_builder_column fusion-builder-column-2 fusion_builder_column_1_1 1_1 fusion-flex-column fusion-flex-align-self-center fusion-animated\" style=\"--awb-padding-top:50px;--awb-padding-right:50px;--awb-padding-left:50px;--awb-overflow:hidden;--awb-bg-color:var(--awb-color1);--awb-bg-color-hover:var(--awb-color1);--awb-bg-size:cover;--awb-border-radius:12px 12px 12px 12px;--awb-filter:opacity(93%);--awb-filter-transition:filter 0.3s ease;--awb-filter-hover:opacity(100%);--awb-width-large:100%;--awb-margin-top-large:50px;--awb-spacing-right-large:1.92%;--awb-margin-bottom-large:50px;--awb-spacing-left-large:1.92%;--awb-width-medium:100%;--awb-order-medium:0;--awb-spacing-right-medium:1.92%;--awb-spacing-left-medium:1.92%;--awb-width-small:100%;--awb-order-small:0;--awb-spacing-right-small:1.92%;--awb-spacing-left-small:1.92%;\" data-animationType=\"fadeInDown\" data-animationDuration=\"1.6\" data-animationOffset=\"top-into-view\"><div class=\"fusion-column-wrapper fusion-column-has-shadow fusion-flex-justify-content-space-evenly fusion-content-layout-column\"><div class=\"fusion-text fusion-text-2\" style=\"--awb-content-alignment:center;\"><p><span style=\"font-weight: 400;\">Dal 30 luglio al 2 agosto 2024, la citt\u00e0 di Mons, in Belgio, ha ospitato la terza e ultima visita di scambio del progetto Erasmus+ Silver Tourism, accogliendo i partner italiani (Consorzio Solco Citt\u00e0 Aperta) e turchi (SERGED). Questa visita ha rappresentato una pietra miliare nel progetto, che mira a promuovere il turismo inclusivo per i senior e a condividere le migliori pratiche nell&#8217;industria turistica.<\/span><\/p>\n<p><b>Giorno 1 \u2013 La scoperta di Mons attraverso la Street Art<\/b><b><br \/>\n<\/b><span style=\"font-weight: 400;\">Mercoled\u00ec 31 luglio, la visita di scambio \u00e8 iniziata con un tour unico intitolato <\/span><b>\u201cl\u2019arte abita la citt\u00e0\u201d<\/b><span style=\"font-weight: 400;\"> un percorso di street art a Mons guidato da un cittadino senior in pensione. Questa esperienza ha offerto ai partner turchi e italiani l\u2019opportunit\u00e0 di scoprire l\u2019arte vibrante che anima la citt\u00e0, sottolineando anche il coinvolgimento dei senior nella promozione del turismo culturale. Il tour ha messo in luce il connubio tra creativit\u00e0 contemporanea e ricca storia cittadina, rendendo Mons una destinazione ideale per i viaggiatori senior in cerca di esperienze artistiche e culturali.<\/span><\/p>\n<p><span style=\"font-weight: 400;\">Dopo il tour, il gruppo \u00e8 stato accolto presso <\/span><b>VisitMons<\/b><span style=\"font-weight: 400;\">, l\u2019ufficio turistico della citt\u00e0, dove il vice direttore e il coordinatore del servizio di reception e negozio li hanno ricevuti. Questi rappresentanti, che lavorano a stretto contatto con i turisti, hanno presentato Mons come una destinazione adatta ai senior, evidenziando le iniziative della citt\u00e0 nel <\/span><b>Turismo d\u2019Argento<\/b><span style=\"font-weight: 400;\">, nonch\u00e9 le offerte per persone con disabilit\u00e0 o mobilit\u00e0 ridotta, garantendo a tutti i visitatori, indipendentemente dall\u2019et\u00e0 o dalle capacit\u00e0 fisiche, di godere appieno dell\u2019esperienza di Mons.<\/span><\/p>\n<p><b>Giorno 2 \u2013 Sviluppo collaborativo del Progetto<\/b><\/p>\n<p><span style=\"font-weight: 400;\">Gioved\u00ec 1 agosto, i partner si sono riuniti presso <\/span><b>SkyLabMons<\/b><span style=\"font-weight: 400;\">, negli uffici di Logopsycom, per una serie di sessioni di lavoro dedicate al progresso degli obiettivi del progetto, tra cui:<\/span><\/p>\n<ul>\n<li style=\"font-weight: 400;\" aria-level=\"1\"><b>Finalizzazione delle buone pratiche:<\/b><span style=\"font-weight: 400;\"> I partner hanno condiviso idee innovative e approcci per migliorare l\u2019offerta turistica per i senior, attingendo alle esperienze delle precedenti visite di scambio.<\/span><\/li>\n<\/ul>\n<ul>\n<li style=\"font-weight: 400;\" aria-level=\"1\"><b>Definizione della creazione della guida:<\/b><span style=\"font-weight: 400;\"> Un passo cruciale per creare una guida completa destinata agli operatori turistici su come servire al meglio i viaggiatori senior in Europa.<\/span><\/li>\n<\/ul>\n<ul>\n<li style=\"font-weight: 400;\" aria-level=\"1\"><b>Pianificazione di workshop:<\/b><span style=\"font-weight: 400;\"> Sono stati discussi i prossimi workshop partecipativi multi-stakeholder, in cui operatori turistici, aziende locali dell\u2019ospitalit\u00e0 e decisori contribuiranno a convalidare e arricchire il contenuto della guida, con l\u2019obiettivo di migliorare i servizi, le strutture per i turisti senior e le competenze dei team.<\/span><\/li>\n<\/ul>\n<p><span style=\"font-weight: 400;\">Nel pomeriggio, le discussioni si sono focalizzate sulla <\/span><b>gestione della qualit\u00e0, la disseminazione dei risultati e le finanze del progetto<\/b><span style=\"font-weight: 400;\">, assicurando che gli output fossero sia d\u2019impatto che sostenibili. La giornata si \u00e8 conclusa con una cena comune, offrendo un ambiente rilassato per ulteriori scambi di idee ed esperienze.<\/span><\/p>\n<p><span style=\"font-weight: 400;\"><br \/>\n<\/span><b>La visita finale e uno sguardo al futuro<\/b><\/p>\n<p><span style=\"font-weight: 400;\">Come ultima visita di scambio del progetto Erasmus+ Silver Tourism, quella di Mons ha rappresentato una conclusione perfetta del percorso collaborativo tra i partner belgi, italiani e turchi. Attraverso le diverse visite di scambio, il progetto \u00e8 riuscito a raccogliere preziose intuizioni e buone pratiche per migliorare il turismo senior in Europa.<\/span><\/p>\n<p><span style=\"font-weight: 400;\">Con la finalizzazione degli strumenti e delle guide del progetto, gli operatori turistici avranno ora un quadro di riferimento per offrire esperienze inclusive e memorabili ai senior. Mons, con la sua enfasi sull\u2019accessibilit\u00e0, la cultura e la creativit\u00e0, ha fatto da sfondo a questa fase finale del progetto. L\u2019iniziativa Silver Tourism \u00e8 ora pronta a lasciare un impatto duraturo sull\u2019industria turistica europea, garantendo che i viaggiatori senior siano non solo accolti, ma celebrati con esperienze di viaggio eccezionali.<\/span><\/p>\n<\/div><\/div><\/div><\/div><\/div><\/p>\n","protected":false},"excerpt":{"rendered":"","protected":false},"author":1,"featured_media":0,"parent":0,"menu_order":0,"comment_status":"closed","ping_status":"closed","template":"100-width.php","meta":{"content-type":"","footnotes":""},"class_list":["post-3678","page","type-page","status-publish","hentry"],"acf":[],"yoast_head":"<!-- This site is optimized with the Yoast SEO plugin v20.9 - https:\/\/yoast.com\/wordpress\/plugins\/seo\/ -->\n<title>Terza visita di scambio, Mons - In-Sit<\/title>\n<meta name=\"robots\" content=\"index, follow, max-snippet:-1, max-image-preview:large, max-video-preview:-1\" \/>\n<link rel=\"canonical\" href=\"https:\/\/www.in-sit.eu\/it\/terza-visita-di-scambio-mons\/\" \/>\n<meta property=\"og:locale\" content=\"it_IT\" \/>\n<meta property=\"og:type\" content=\"article\" \/>\n<meta property=\"og:title\" content=\"Terza visita di scambio, Mons - In-Sit\" \/>\n<meta property=\"og:url\" content=\"https:\/\/www.in-sit.eu\/it\/terza-visita-di-scambio-mons\/\" \/>\n<meta property=\"og:site_name\" content=\"In-Sit\" \/>\n<meta name=\"twitter:card\" content=\"summary_large_image\" \/>\n<meta name=\"twitter:label1\" content=\"Tempo di lettura stimato\" \/>\n\t<meta name=\"twitter:data1\" content=\"6 minuti\" \/>\n<script type=\"application\/ld+json\" class=\"yoast-schema-graph\">{\"@context\":\"https:\/\/schema.org\",\"@graph\":[{\"@type\":\"WebPage\",\"@id\":\"https:\/\/www.in-sit.eu\/it\/terza-visita-di-scambio-mons\/\",\"url\":\"https:\/\/www.in-sit.eu\/it\/terza-visita-di-scambio-mons\/\",\"name\":\"Terza visita di scambio, Mons - In-Sit\",\"isPartOf\":{\"@id\":\"https:\/\/www.in-sit.eu\/#website\"},\"datePublished\":\"2024-12-19T10:52:13+00:00\",\"dateModified\":\"2024-12-19T10:52:13+00:00\",\"breadcrumb\":{\"@id\":\"https:\/\/www.in-sit.eu\/it\/terza-visita-di-scambio-mons\/#breadcrumb\"},\"inLanguage\":\"it-IT\",\"potentialAction\":[{\"@type\":\"ReadAction\",\"target\":[\"https:\/\/www.in-sit.eu\/it\/terza-visita-di-scambio-mons\/\"]}]},{\"@type\":\"BreadcrumbList\",\"@id\":\"https:\/\/www.in-sit.eu\/it\/terza-visita-di-scambio-mons\/#breadcrumb\",\"itemListElement\":[{\"@type\":\"ListItem\",\"position\":1,\"name\":\"Home\",\"item\":\"https:\/\/www.in-sit.eu\/it\/\"},{\"@type\":\"ListItem\",\"position\":2,\"name\":\"Terza visita di scambio, Mons\"}]},{\"@type\":\"WebSite\",\"@id\":\"https:\/\/www.in-sit.eu\/#website\",\"url\":\"https:\/\/www.in-sit.eu\/\",\"name\":\"In-Sit\",\"description\":\"Silver tourism\",\"potentialAction\":[{\"@type\":\"SearchAction\",\"target\":{\"@type\":\"EntryPoint\",\"urlTemplate\":\"https:\/\/www.in-sit.eu\/?s={search_term_string}\"},\"query-input\":\"required name=search_term_string\"}],\"inLanguage\":\"it-IT\"}]}<\/script>\n<!-- \/ Yoast SEO plugin. -->","yoast_head_json":{"title":"Terza visita di scambio, Mons - In-Sit","robots":{"index":"index","follow":"follow","max-snippet":"max-snippet:-1","max-image-preview":"max-image-preview:large","max-video-preview":"max-video-preview:-1"},"canonical":"https:\/\/www.in-sit.eu\/it\/terza-visita-di-scambio-mons\/","og_locale":"it_IT","og_type":"article","og_title":"Terza visita di scambio, Mons - In-Sit","og_url":"https:\/\/www.in-sit.eu\/it\/terza-visita-di-scambio-mons\/","og_site_name":"In-Sit","twitter_card":"summary_large_image","twitter_misc":{"Tempo di lettura stimato":"6 minuti"},"schema":{"@context":"https:\/\/schema.org","@graph":[{"@type":"WebPage","@id":"https:\/\/www.in-sit.eu\/it\/terza-visita-di-scambio-mons\/","url":"https:\/\/www.in-sit.eu\/it\/terza-visita-di-scambio-mons\/","name":"Terza visita di scambio, Mons - In-Sit","isPartOf":{"@id":"https:\/\/www.in-sit.eu\/#website"},"datePublished":"2024-12-19T10:52:13+00:00","dateModified":"2024-12-19T10:52:13+00:00","breadcrumb":{"@id":"https:\/\/www.in-sit.eu\/it\/terza-visita-di-scambio-mons\/#breadcrumb"},"inLanguage":"it-IT","potentialAction":[{"@type":"ReadAction","target":["https:\/\/www.in-sit.eu\/it\/terza-visita-di-scambio-mons\/"]}]},{"@type":"BreadcrumbList","@id":"https:\/\/www.in-sit.eu\/it\/terza-visita-di-scambio-mons\/#breadcrumb","itemListElement":[{"@type":"ListItem","position":1,"name":"Home","item":"https:\/\/www.in-sit.eu\/it\/"},{"@type":"ListItem","position":2,"name":"Terza visita di scambio, Mons"}]},{"@type":"WebSite","@id":"https:\/\/www.in-sit.eu\/#website","url":"https:\/\/www.in-sit.eu\/","name":"In-Sit","description":"Silver tourism","potentialAction":[{"@type":"SearchAction","target":{"@type":"EntryPoint","urlTemplate":"https:\/\/www.in-sit.eu\/?s={search_term_string}"},"query-input":"required name=search_term_string"}],"inLanguage":"it-IT"}]}},"_links":{"self":[{"href":"https:\/\/www.in-sit.eu\/it\/wp-json\/wp\/v2\/pages\/3678","targetHints":{"allow":["GET"]}}],"collection":[{"href":"https:\/\/www.in-sit.eu\/it\/wp-json\/wp\/v2\/pages"}],"about":[{"href":"https:\/\/www.in-sit.eu\/it\/wp-json\/wp\/v2\/types\/page"}],"author":[{"embeddable":true,"href":"https:\/\/www.in-sit.eu\/it\/wp-json\/wp\/v2\/users\/1"}],"replies":[{"embeddable":true,"href":"https:\/\/www.in-sit.eu\/it\/wp-json\/wp\/v2\/comments?post=3678"}],"version-history":[{"count":1,"href":"https:\/\/www.in-sit.eu\/it\/wp-json\/wp\/v2\/pages\/3678\/revisions"}],"predecessor-version":[{"id":3683,"href":"https:\/\/www.in-sit.eu\/it\/wp-json\/wp\/v2\/pages\/3678\/revisions\/3683"}],"wp:attachment":[{"href":"https:\/\/www.in-sit.eu\/it\/wp-json\/wp\/v2\/media?parent=3678"}],"curies":[{"name":"wp","href":"https:\/\/api.w.org\/{rel}","templated":true}]}}