{"id":3397,"date":"2024-06-27T10:41:22","date_gmt":"2024-06-27T10:41:22","guid":{"rendered":"https:\/\/www.in-sit.eu\/?page_id=3397"},"modified":"2024-11-15T00:13:10","modified_gmt":"2024-11-15T00:13:10","slug":"storicity","status":"publish","type":"page","link":"https:\/\/www.in-sit.eu\/it\/storicity\/","title":{"rendered":"Storicity"},"content":{"rendered":"<p><div class=\"fusion-fullwidth fullwidth-box fusion-builder-row-1 fusion-flex-container nonhundred-percent-fullwidth non-hundred-percent-height-scrolling\" style=\"--awb-border-radius-top-left:0px;--awb-border-radius-top-right:0px;--awb-border-radius-bottom-right:0px;--awb-border-radius-bottom-left:0px;--awb-padding-top:60px;--awb-padding-top-medium:32px;--awb-padding-top-small:20px;--awb-background-image:radial-gradient(circle at center top, hsla(var(--awb-color4-h),calc(var(--awb-color4-s) + 20%),var(--awb-color4-l),calc(var(--awb-color4-a) - 90%)) 62%,var(--awb-color1) 62%);\" ><div class=\"fusion-builder-row fusion-row fusion-flex-align-items-flex-start fusion-flex-justify-content-center\" style=\"max-width:1248px;margin-left: calc(-4% \/ 2 );margin-right: calc(-4% \/ 2 );\"><div class=\"fusion-layout-column fusion_builder_column fusion-builder-column-0 fusion_builder_column_3_5 3_5 fusion-flex-column fusion-animated\" style=\"--awb-bg-size:cover;--awb-width-large:60%;--awb-margin-top-large:20px;--awb-spacing-right-large:3.2%;--awb-margin-bottom-large:48px;--awb-spacing-left-large:3.2%;--awb-width-medium:75%;--awb-spacing-right-medium:2.56%;--awb-margin-bottom-medium:40px;--awb-spacing-left-medium:2.56%;--awb-width-small:100%;--awb-spacing-right-small:1.92%;--awb-spacing-left-small:1.92%;\" data-animationType=\"fadeInDown\" data-animationDuration=\"1.6\" data-animationOffset=\"top-into-view\"><div class=\"fusion-column-wrapper fusion-column-has-shadow fusion-flex-justify-content-flex-start fusion-content-layout-column\"><i class=\"fb-icon-element-1 fb-icon-element fontawesome-icon icon-mkb-group circle-yes\" style=\"--awb-iconcolor:var(--awb-color4);--awb-iconcolor-hover:var(--awb-color1);--awb-circlecolor:var(--awb-color1);--awb-circlecolor-hover:var(--awb-color4);--awb-circlebordercolor-hover:hsla(var(--awb-color5-h),var(--awb-color5-s),var(--awb-color5-l),calc(var(--awb-color5-a) - 90%));--awb-circlebordersize:0px;--awb-font-size:36.96px;--awb-width:73.92px;--awb-height:73.92px;--awb-line-height:73.92px;--awb-align-self:center;--awb-margin-top:0px;--awb-margin-right:0px;--awb-margin-bottom:12px;--awb-margin-left:0px;\"><\/i><div class=\"fusion-title title fusion-title-1 fusion-sep-none fusion-title-center fusion-title-text fusion-title-size-six\" style=\"--awb-margin-bottom:4px;--awb-margin-top-small:4px;--awb-margin-bottom-small:4px;--awb-margin-top-medium:4px;--awb-margin-bottom-medium:4px;\"><h6 class=\"title-heading-center fusion-responsive-typography-calculated\" style=\"margin:0;--fontSize:20;--minFontSize:20;line-height:1.5;\">Buone pratiche<\/h6><\/div><div class=\"fusion-title title fusion-title-2 fusion-sep-none fusion-title-center fusion-title-text fusion-title-size-one\"><h1 class=\"title-heading-center fusion-responsive-typography-calculated\" style=\"margin:0;--fontSize:72;line-height:var(--awb-typography1-line-height);\">Storicity<\/h1><\/div><div class=\"fusion-text fusion-text-1\" style=\"--awb-content-alignment:center;--awb-font-size:30px;--awb-line-height:1.4em;--awb-letter-spacing:-0.02em;\"><p><b>Scoprire Bergamo Attraverso StoryCity: Una prospettiva per il turismo inclusivo<\/b><\/p>\n<\/div><\/div><\/div><div class=\"fusion-layout-column fusion_builder_column fusion-builder-column-1 fusion_builder_column_1_2 1_2 fusion-flex-column fusion-animated\" style=\"--awb-bg-size:cover;--awb-width-large:50%;--awb-margin-top-large:20px;--awb-spacing-right-large:3.84%;--awb-margin-bottom-large:20px;--awb-spacing-left-large:3.84%;--awb-width-medium:50%;--awb-order-medium:0;--awb-spacing-right-medium:3.84%;--awb-margin-bottom-medium:60px;--awb-spacing-left-medium:3.84%;--awb-width-small:100%;--awb-order-small:0;--awb-spacing-right-small:1.92%;--awb-margin-bottom-small:20px;--awb-spacing-left-small:1.92%;\" data-animationType=\"fadeInUp\" data-animationDuration=\"1.2\" data-animationOffset=\"top-into-view\"><div class=\"fusion-column-wrapper fusion-column-has-shadow fusion-flex-justify-content-flex-start fusion-content-layout-column\"><div class=\"fusion-image-element \" style=\"--awb-caption-title-font-family:var(--h2_typography-font-family);--awb-caption-title-font-weight:var(--h2_typography-font-weight);--awb-caption-title-font-style:var(--h2_typography-font-style);--awb-caption-title-size:var(--h2_typography-font-size);--awb-caption-title-transform:var(--h2_typography-text-transform);--awb-caption-title-line-height:var(--h2_typography-line-height);--awb-caption-title-letter-spacing:var(--h2_typography-letter-spacing);\"><span class=\" fusion-imageframe imageframe-none imageframe-1 hover-type-none\" class=\"image-magnify\" class=\"image-scroll\"><img decoding=\"async\" width=\"1024\" height=\"1024\" title=\"Story city 1\" src=\"https:\/\/www.in-sit.eu\/wp-content\/uploads\/2024\/06\/Story-city-1.jpg\" data-orig-src=\"https:\/\/www.in-sit.eu\/wp-content\/uploads\/2024\/06\/Story-city-1-1024x1024.jpg\" alt class=\"lazyload img-responsive wp-image-3399\" srcset=\"data:image\/svg+xml,%3Csvg%20xmlns%3D%27http%3A%2F%2Fwww.w3.org%2F2000%2Fsvg%27%20width%3D%271080%27%20height%3D%271080%27%20viewBox%3D%270%200%201080%201080%27%3E%3Crect%20width%3D%271080%27%20height%3D%271080%27%20fill-opacity%3D%220%22%2F%3E%3C%2Fsvg%3E\" data-srcset=\"https:\/\/www.in-sit.eu\/wp-content\/uploads\/2024\/06\/Story-city-1-200x200.jpg 200w, https:\/\/www.in-sit.eu\/wp-content\/uploads\/2024\/06\/Story-city-1-400x400.jpg 400w, https:\/\/www.in-sit.eu\/wp-content\/uploads\/2024\/06\/Story-city-1-600x600.jpg 600w, https:\/\/www.in-sit.eu\/wp-content\/uploads\/2024\/06\/Story-city-1-800x800.jpg 800w, https:\/\/www.in-sit.eu\/wp-content\/uploads\/2024\/06\/Story-city-1.jpg 1080w\" data-sizes=\"auto\" data-orig-sizes=\"(max-width: 640px) 100vw, 600px\" \/><\/span><\/div><\/div><\/div><\/div><\/div><div class=\"fusion-fullwidth fullwidth-box fusion-builder-row-2 fusion-flex-container nonhundred-percent-fullwidth non-hundred-percent-height-scrolling\" style=\"--awb-border-radius-top-left:0px;--awb-border-radius-top-right:0px;--awb-border-radius-bottom-right:0px;--awb-border-radius-bottom-left:0px;--awb-padding-top:0px;--awb-padding-bottom:0px;--awb-padding-top-medium:20px;--awb-padding-bottom-medium:20px;--awb-padding-top-small:40px;--awb-padding-bottom-small:40px;--awb-background-color:var(--awb-color1);\" ><div class=\"fusion-builder-row fusion-row fusion-flex-align-items-center fusion-flex-justify-content-center\" style=\"max-width:1248px;margin-left: calc(-4% \/ 2 );margin-right: calc(-4% \/ 2 );\"><div class=\"fusion-layout-column fusion_builder_column fusion-builder-column-2 fusion_builder_column_1_1 1_1 fusion-flex-column fusion-flex-align-self-center fusion-animated\" style=\"--awb-padding-top:50px;--awb-padding-right:50px;--awb-padding-left:50px;--awb-overflow:hidden;--awb-bg-color:var(--awb-color1);--awb-bg-color-hover:var(--awb-color1);--awb-bg-size:cover;--awb-border-radius:12px 12px 12px 12px;--awb-filter:opacity(93%);--awb-filter-transition:filter 0.3s ease;--awb-filter-hover:opacity(100%);--awb-width-large:100%;--awb-margin-top-large:50px;--awb-spacing-right-large:1.92%;--awb-margin-bottom-large:50px;--awb-spacing-left-large:1.92%;--awb-width-medium:100%;--awb-order-medium:0;--awb-spacing-right-medium:1.92%;--awb-spacing-left-medium:1.92%;--awb-width-small:100%;--awb-order-small:0;--awb-spacing-right-small:1.92%;--awb-spacing-left-small:1.92%;\" data-animationType=\"fadeInDown\" data-animationDuration=\"1.6\" data-animationOffset=\"top-into-view\"><div class=\"fusion-column-wrapper fusion-column-has-shadow fusion-flex-justify-content-space-evenly fusion-content-layout-column\"><div class=\"fusion-text fusion-text-2\" style=\"--awb-content-alignment:center;\"><p><span style=\"font-weight: 400;\">Story City, organizzato dalla Cooperativa Bergamo Lavoro, rappresenta un faro di inclusivit\u00e0 nel campo del turismo, specialmente per i turisti senior in cerca di esperienze di viaggio accessibili e arricchenti. Questa iniziativa innovativa \u00e8 meticolosamente progettata per soddisfare le esigenze di persone con mobilit\u00e0 ridotta, disabilit\u00e0 sensoriali e anziani, garantendo che le bellezze naturali e monumentali della zona di Bergamo siano accessibili a tutti. Attraverso visite turistiche polisensoriali e alloggi specificamente adattati per coloro che necessitano di assistenza speciale, la Storicit\u00e0 enfatizza il valore della storia personale e territoriale, promuovendo un turismo sostenibile e percorsi culturali.<br \/>\n<\/span><span style=\"font-weight: 400;\"><br \/>\n<\/span><span style=\"font-weight: 400;\"><br \/>\n<\/span><\/p>\n<\/div><\/div><\/div><\/div><\/div><div class=\"fusion-fullwidth fullwidth-box fusion-builder-row-3 fusion-flex-container nonhundred-percent-fullwidth non-hundred-percent-height-scrolling\" style=\"--awb-border-radius-top-left:0px;--awb-border-radius-top-right:0px;--awb-border-radius-bottom-right:0px;--awb-border-radius-bottom-left:0px;--awb-padding-top:5%;--awb-padding-bottom:60px;--awb-padding-bottom-medium:40px;--awb-padding-top-small:40px;--awb-padding-bottom-small:40px;--awb-background-color:var(--awb-color1);\" ><div class=\"fusion-builder-row fusion-row fusion-flex-align-items-flex-start fusion-flex-justify-content-center\" style=\"max-width:1248px;margin-left: calc(-4% \/ 2 );margin-right: calc(-4% \/ 2 );\"><div class=\"fusion-layout-column fusion_builder_column fusion-builder-column-3 fusion_builder_column_3_4 3_4 fusion-flex-column fusion-animated\" style=\"--awb-bg-size:cover;--awb-width-large:75%;--awb-margin-top-large:20px;--awb-spacing-right-large:10.24%;--awb-margin-bottom-large:20px;--awb-spacing-left-large:10.24%;--awb-width-medium:83.333333333333%;--awb-spacing-right-medium:9.216%;--awb-spacing-left-medium:9.216%;--awb-width-small:100%;--awb-spacing-right-small:1.92%;--awb-spacing-left-small:1.92%;\" data-animationType=\"fadeInDown\" data-animationDuration=\"1.6\" data-animationOffset=\"top-into-view\"><div class=\"fusion-column-wrapper fusion-column-has-shadow fusion-flex-justify-content-flex-start fusion-content-layout-column\"><div class=\"fusion-text fusion-text-3\" style=\"--awb-content-alignment:center;--awb-font-size:30px;--awb-line-height:1.4em;--awb-letter-spacing:-0.02em;\"><p><span style=\"font-weight: 400;\">Ci\u00f2 che distingue Story City \u00e8 il suo impegno a fornire opportunit\u00e0 di esplorazione confortevoli, accessibili e culturalmente ricche. I turisti senior, spesso trascurati dalle offerte turistiche mainstream, troveranno l&#8217;approccio di Story City particolarmente attraente. Concentrandosi sull&#8217;inclusivit\u00e0 e sulle esperienze su misura, non solo apre i tesori storici e naturali di Bergamo a un pubblico pi\u00f9 ampio, ma arricchisce anche l&#8217;esperienza di viaggio per gli adulti pi\u00f9 anziani, offrendo loro la possibilit\u00e0 di impegnarsi profondamente con la cultura e la storia locale in modo che rispetti le loro esigenze e limitazioni.<\/span><\/p>\n<\/div><\/div><\/div><\/div><\/div><div class=\"fusion-fullwidth fullwidth-box fusion-builder-row-4 fusion-flex-container nonhundred-percent-fullwidth non-hundred-percent-height-scrolling\" style=\"--awb-border-radius-top-left:0px;--awb-border-radius-top-right:0px;--awb-border-radius-bottom-right:0px;--awb-border-radius-bottom-left:0px;--awb-padding-top:5%;--awb-padding-bottom:60px;--awb-padding-bottom-medium:40px;--awb-padding-top-small:40px;--awb-padding-bottom-small:40px;--awb-background-color:var(--awb-color1);\" ><div class=\"fusion-builder-row fusion-row fusion-flex-align-items-flex-start fusion-flex-justify-content-center\" style=\"max-width:1248px;margin-left: calc(-4% \/ 2 );margin-right: calc(-4% \/ 2 );\"><div class=\"fusion-layout-column fusion_builder_column fusion-builder-column-4 fusion_builder_column_3_4 3_4 fusion-flex-column fusion-animated\" style=\"--awb-bg-size:cover;--awb-width-large:75%;--awb-margin-top-large:20px;--awb-spacing-right-large:10.24%;--awb-margin-bottom-large:20px;--awb-spacing-left-large:10.24%;--awb-width-medium:83.333333333333%;--awb-spacing-right-medium:9.216%;--awb-spacing-left-medium:9.216%;--awb-width-small:100%;--awb-spacing-right-small:1.92%;--awb-spacing-left-small:1.92%;\" data-animationType=\"fadeInDown\" data-animationDuration=\"1.6\" data-animationOffset=\"top-into-view\"><div class=\"fusion-column-wrapper fusion-column-has-shadow fusion-flex-justify-content-flex-start fusion-content-layout-column\"><div class=\"fusion-text fusion-text-4\" style=\"--awb-content-alignment:center;--awb-font-size:30px;--awb-line-height:1.4em;--awb-letter-spacing:-0.02em;\"><p><span style=\"font-weight: 400;\">Story City rappresenta un passo vitale verso un turismo pi\u00f9 inclusivo, dove la bellezza e il patrimonio di una regione possono essere goduti da tutti, indipendentemente dalle loro capacit\u00e0 fisiche. Rappresenta un modello promettente per altre destinazioni che mirano a diventare pi\u00f9 accessibili, mostrando come il turismo possa essere una forza per l&#8217;inclusione sociale, l&#8217;apprezzamento culturale e lo sviluppo sostenibile.<\/span><\/p>\n<\/div><\/div><\/div><\/div><\/div><div class=\"fusion-fullwidth fullwidth-box fusion-builder-row-5 fusion-flex-container nonhundred-percent-fullwidth non-hundred-percent-height-scrolling\" style=\"--awb-border-radius-top-left:0px;--awb-border-radius-top-right:0px;--awb-border-radius-bottom-right:0px;--awb-border-radius-bottom-left:0px;--awb-padding-top:5%;--awb-padding-bottom:60px;--awb-padding-bottom-medium:40px;--awb-padding-top-small:40px;--awb-padding-bottom-small:40px;--awb-background-color:var(--awb-color1);\" ><div class=\"fusion-builder-row fusion-row fusion-flex-align-items-flex-start fusion-flex-justify-content-center\" style=\"max-width:1248px;margin-left: calc(-4% \/ 2 );margin-right: calc(-4% \/ 2 );\"><div class=\"fusion-layout-column fusion_builder_column fusion-builder-column-5 fusion_builder_column_3_4 3_4 fusion-flex-column fusion-animated\" style=\"--awb-bg-size:cover;--awb-width-large:75%;--awb-margin-top-large:20px;--awb-spacing-right-large:10.24%;--awb-margin-bottom-large:20px;--awb-spacing-left-large:10.24%;--awb-width-medium:83.333333333333%;--awb-spacing-right-medium:9.216%;--awb-spacing-left-medium:9.216%;--awb-width-small:100%;--awb-spacing-right-small:1.92%;--awb-spacing-left-small:1.92%;\" data-animationType=\"fadeInDown\" data-animationDuration=\"1.6\" data-animationOffset=\"top-into-view\"><div class=\"fusion-column-wrapper fusion-column-has-shadow fusion-flex-justify-content-flex-start fusion-content-layout-column\"><div class=\"fusion-text fusion-text-5\" style=\"--awb-content-alignment:center;--awb-font-size:30px;--awb-line-height:1.4em;--awb-letter-spacing:-0.02em;\"><p><span style=\"font-weight: 400;\">I tour forniti da Story City si distinguono per il loro approccio personalizzato, guidato da un team che include una guida certificata, un assistente con disabilit\u00e0 e un compagno di supporto. Questo garantisce un&#8217;esperienza personalizzata e completa per tutti i partecipanti. I tour sono attentamente progettati per soddisfare le esigenze specifiche dei visitatori, incorporando soste di riposo, sessioni di degustazione e attivit\u00e0 volte a stimolare tutti i sensi. Questa attenzione ai dettagli garantisce che chiunque, indipendentemente dalle sue abilit\u00e0, possa godere pienamente e coinvolgersi nella bellezza e nella cultura di Bergamo. L&#8217;impegno della Storicit\u00e0 per l&#8217;inclusivit\u00e0, la pianificazione dettagliata e l&#8217;esecuzione attenta dei tour la rende un&#8217;iniziativa pionieristica nel campo del turismo accessibile, stabilendo un nuovo standard su come le destinazioni possano soddisfare le esigenze diverse di tutti i viaggiatori, in particolare quelli del demografico del turismo senior.<\/span><\/p>\n<\/div><\/div><\/div><\/div><\/div><div class=\"fusion-fullwidth fullwidth-box fusion-builder-row-6 fusion-flex-container nonhundred-percent-fullwidth non-hundred-percent-height-scrolling\" style=\"--awb-border-radius-top-left:0px;--awb-border-radius-top-right:0px;--awb-border-radius-bottom-right:0px;--awb-border-radius-bottom-left:0px;--awb-padding-top:5%;--awb-padding-bottom:60px;--awb-padding-bottom-medium:40px;--awb-padding-top-small:40px;--awb-padding-bottom-small:40px;--awb-background-color:var(--awb-color1);\" ><div class=\"fusion-builder-row fusion-row fusion-flex-align-items-flex-start fusion-flex-justify-content-center\" style=\"max-width:1248px;margin-left: calc(-4% \/ 2 );margin-right: calc(-4% \/ 2 );\"><div class=\"fusion-layout-column fusion_builder_column fusion-builder-column-6 fusion_builder_column_3_4 3_4 fusion-flex-column fusion-animated\" style=\"--awb-bg-size:cover;--awb-width-large:75%;--awb-margin-top-large:20px;--awb-spacing-right-large:10.24%;--awb-margin-bottom-large:20px;--awb-spacing-left-large:10.24%;--awb-width-medium:83.333333333333%;--awb-spacing-right-medium:9.216%;--awb-spacing-left-medium:9.216%;--awb-width-small:100%;--awb-spacing-right-small:1.92%;--awb-spacing-left-small:1.92%;\" data-animationType=\"fadeInDown\" data-animationDuration=\"1.6\" data-animationOffset=\"top-into-view\"><div class=\"fusion-column-wrapper fusion-column-has-shadow fusion-flex-justify-content-flex-start fusion-content-layout-column\"><div class=\"fusion-text fusion-text-6\" style=\"--awb-content-alignment:center;--awb-font-size:30px;--awb-line-height:1.4em;--awb-letter-spacing:-0.02em;\"><p><span style=\"font-weight: 400;\">L&#8217;esperienza di Story City \u00e8 particolarmente significativa per i turisti senior poich\u00e9 offre loro un modo accessibile, arricchente e confortevole per esplorare i paesaggi culturali e naturali di Bergamo. Tour su misura che soddisfano le loro esigenze specifiche non solo consentono un coinvolgimento pi\u00f9 profondo con la cultura e la storia locali, ma forniscono anche un senso di inclusione e apprezzamento spesso trascurato nel turismo mainstream. Questa iniziativa sottolinea l&#8217;importanza di creare esperienze di viaggio che rispettino e soddisfino le limitazioni e gli interessi degli adulti pi\u00f9 anziani, migliorando la loro esperienza complessiva di viaggio e promuovendo un&#8217;esplorazione attiva e impegnata.<\/span><\/p>\n<p>&nbsp;<\/p>\n<\/div><\/div><\/div><\/div><\/div><\/p>\n","protected":false},"excerpt":{"rendered":"","protected":false},"author":1,"featured_media":0,"parent":0,"menu_order":0,"comment_status":"closed","ping_status":"closed","template":"100-width.php","meta":{"content-type":"","footnotes":""},"class_list":["post-3397","page","type-page","status-publish","hentry"],"acf":[],"yoast_head":"<!-- This site is optimized with the Yoast SEO plugin v20.9 - https:\/\/yoast.com\/wordpress\/plugins\/seo\/ -->\n<title>Storicity - In-Sit<\/title>\n<meta name=\"robots\" content=\"index, follow, max-snippet:-1, max-image-preview:large, max-video-preview:-1\" \/>\n<link rel=\"canonical\" href=\"https:\/\/www.in-sit.eu\/it\/storicity\/\" \/>\n<meta property=\"og:locale\" content=\"it_IT\" \/>\n<meta property=\"og:type\" content=\"article\" \/>\n<meta property=\"og:title\" content=\"Storicity - In-Sit\" \/>\n<meta property=\"og:url\" content=\"https:\/\/www.in-sit.eu\/it\/storicity\/\" \/>\n<meta property=\"og:site_name\" content=\"In-Sit\" \/>\n<meta property=\"article:modified_time\" content=\"2024-11-15T00:13:10+00:00\" \/>\n<meta name=\"twitter:card\" content=\"summary_large_image\" \/>\n<meta name=\"twitter:label1\" content=\"Tempo di lettura stimato\" \/>\n\t<meta name=\"twitter:data1\" content=\"10 minuti\" \/>\n<script type=\"application\/ld+json\" class=\"yoast-schema-graph\">{\"@context\":\"https:\/\/schema.org\",\"@graph\":[{\"@type\":\"WebPage\",\"@id\":\"https:\/\/www.in-sit.eu\/it\/storicity\/\",\"url\":\"https:\/\/www.in-sit.eu\/it\/storicity\/\",\"name\":\"Storicity - In-Sit\",\"isPartOf\":{\"@id\":\"https:\/\/www.in-sit.eu\/#website\"},\"datePublished\":\"2024-06-27T10:41:22+00:00\",\"dateModified\":\"2024-11-15T00:13:10+00:00\",\"breadcrumb\":{\"@id\":\"https:\/\/www.in-sit.eu\/it\/storicity\/#breadcrumb\"},\"inLanguage\":\"it-IT\",\"potentialAction\":[{\"@type\":\"ReadAction\",\"target\":[\"https:\/\/www.in-sit.eu\/it\/storicity\/\"]}]},{\"@type\":\"BreadcrumbList\",\"@id\":\"https:\/\/www.in-sit.eu\/it\/storicity\/#breadcrumb\",\"itemListElement\":[{\"@type\":\"ListItem\",\"position\":1,\"name\":\"Home\",\"item\":\"https:\/\/www.in-sit.eu\/it\/\"},{\"@type\":\"ListItem\",\"position\":2,\"name\":\"Storicity\"}]},{\"@type\":\"WebSite\",\"@id\":\"https:\/\/www.in-sit.eu\/#website\",\"url\":\"https:\/\/www.in-sit.eu\/\",\"name\":\"In-Sit\",\"description\":\"Silver tourism\",\"potentialAction\":[{\"@type\":\"SearchAction\",\"target\":{\"@type\":\"EntryPoint\",\"urlTemplate\":\"https:\/\/www.in-sit.eu\/?s={search_term_string}\"},\"query-input\":\"required name=search_term_string\"}],\"inLanguage\":\"it-IT\"}]}<\/script>\n<!-- \/ Yoast SEO plugin. -->","yoast_head_json":{"title":"Storicity - In-Sit","robots":{"index":"index","follow":"follow","max-snippet":"max-snippet:-1","max-image-preview":"max-image-preview:large","max-video-preview":"max-video-preview:-1"},"canonical":"https:\/\/www.in-sit.eu\/it\/storicity\/","og_locale":"it_IT","og_type":"article","og_title":"Storicity - In-Sit","og_url":"https:\/\/www.in-sit.eu\/it\/storicity\/","og_site_name":"In-Sit","article_modified_time":"2024-11-15T00:13:10+00:00","twitter_card":"summary_large_image","twitter_misc":{"Tempo di lettura stimato":"10 minuti"},"schema":{"@context":"https:\/\/schema.org","@graph":[{"@type":"WebPage","@id":"https:\/\/www.in-sit.eu\/it\/storicity\/","url":"https:\/\/www.in-sit.eu\/it\/storicity\/","name":"Storicity - In-Sit","isPartOf":{"@id":"https:\/\/www.in-sit.eu\/#website"},"datePublished":"2024-06-27T10:41:22+00:00","dateModified":"2024-11-15T00:13:10+00:00","breadcrumb":{"@id":"https:\/\/www.in-sit.eu\/it\/storicity\/#breadcrumb"},"inLanguage":"it-IT","potentialAction":[{"@type":"ReadAction","target":["https:\/\/www.in-sit.eu\/it\/storicity\/"]}]},{"@type":"BreadcrumbList","@id":"https:\/\/www.in-sit.eu\/it\/storicity\/#breadcrumb","itemListElement":[{"@type":"ListItem","position":1,"name":"Home","item":"https:\/\/www.in-sit.eu\/it\/"},{"@type":"ListItem","position":2,"name":"Storicity"}]},{"@type":"WebSite","@id":"https:\/\/www.in-sit.eu\/#website","url":"https:\/\/www.in-sit.eu\/","name":"In-Sit","description":"Silver tourism","potentialAction":[{"@type":"SearchAction","target":{"@type":"EntryPoint","urlTemplate":"https:\/\/www.in-sit.eu\/?s={search_term_string}"},"query-input":"required name=search_term_string"}],"inLanguage":"it-IT"}]}},"_links":{"self":[{"href":"https:\/\/www.in-sit.eu\/it\/wp-json\/wp\/v2\/pages\/3397","targetHints":{"allow":["GET"]}}],"collection":[{"href":"https:\/\/www.in-sit.eu\/it\/wp-json\/wp\/v2\/pages"}],"about":[{"href":"https:\/\/www.in-sit.eu\/it\/wp-json\/wp\/v2\/types\/page"}],"author":[{"embeddable":true,"href":"https:\/\/www.in-sit.eu\/it\/wp-json\/wp\/v2\/users\/1"}],"replies":[{"embeddable":true,"href":"https:\/\/www.in-sit.eu\/it\/wp-json\/wp\/v2\/comments?post=3397"}],"version-history":[{"count":2,"href":"https:\/\/www.in-sit.eu\/it\/wp-json\/wp\/v2\/pages\/3397\/revisions"}],"predecessor-version":[{"id":3403,"href":"https:\/\/www.in-sit.eu\/it\/wp-json\/wp\/v2\/pages\/3397\/revisions\/3403"}],"wp:attachment":[{"href":"https:\/\/www.in-sit.eu\/it\/wp-json\/wp\/v2\/media?parent=3397"}],"curies":[{"name":"wp","href":"https:\/\/api.w.org\/{rel}","templated":true}]}}