{"id":3369,"date":"2024-06-26T08:16:44","date_gmt":"2024-06-26T08:16:44","guid":{"rendered":"https:\/\/www.in-sit.eu\/?page_id=3369"},"modified":"2024-06-26T08:16:44","modified_gmt":"2024-06-26T08:16:44","slug":"seconda-visita-di-scambio-antalya","status":"publish","type":"page","link":"https:\/\/www.in-sit.eu\/it\/seconda-visita-di-scambio-antalya\/","title":{"rendered":"Seconda visita di scambio, Antalya"},"content":{"rendered":"<p><div class=\"fusion-fullwidth fullwidth-box fusion-builder-row-1 fusion-flex-container nonhundred-percent-fullwidth non-hundred-percent-height-scrolling\" style=\"--awb-border-radius-top-left:0px;--awb-border-radius-top-right:0px;--awb-border-radius-bottom-right:0px;--awb-border-radius-bottom-left:0px;--awb-padding-top:60px;--awb-padding-top-medium:32px;--awb-padding-top-small:20px;--awb-background-image:radial-gradient(circle at center top, hsla(var(--awb-color8-h),calc(var(--awb-color8-s) + 20%),var(--awb-color8-l),calc(var(--awb-color8-a) - 90%)) 62%,var(--awb-color1) 62%);\" ><div class=\"fusion-builder-row fusion-row fusion-flex-align-items-flex-start fusion-flex-justify-content-center\" style=\"max-width:1248px;margin-left: calc(-4% \/ 2 );margin-right: calc(-4% \/ 2 );\"><div class=\"fusion-layout-column fusion_builder_column fusion-builder-column-0 fusion_builder_column_3_5 3_5 fusion-flex-column fusion-animated\" style=\"--awb-bg-size:cover;--awb-width-large:60%;--awb-margin-top-large:20px;--awb-spacing-right-large:3.2%;--awb-margin-bottom-large:48px;--awb-spacing-left-large:3.2%;--awb-width-medium:75%;--awb-spacing-right-medium:2.56%;--awb-margin-bottom-medium:40px;--awb-spacing-left-medium:2.56%;--awb-width-small:100%;--awb-spacing-right-small:1.92%;--awb-spacing-left-small:1.92%;\" data-animationType=\"fadeInDown\" data-animationDuration=\"1.6\" data-animationOffset=\"top-into-view\"><div class=\"fusion-column-wrapper fusion-column-has-shadow fusion-flex-justify-content-flex-start fusion-content-layout-column\"><i class=\"fb-icon-element-1 fb-icon-element fontawesome-icon icon-mkb-group circle-yes\" style=\"--awb-iconcolor:var(--awb-color4);--awb-iconcolor-hover:var(--awb-color1);--awb-circlecolor:var(--awb-color1);--awb-circlecolor-hover:var(--awb-color4);--awb-circlebordercolor-hover:hsla(var(--awb-color5-h),var(--awb-color5-s),var(--awb-color5-l),calc(var(--awb-color5-a) - 90%));--awb-circlebordersize:0px;--awb-font-size:36.96px;--awb-width:73.92px;--awb-height:73.92px;--awb-line-height:73.92px;--awb-align-self:center;--awb-margin-top:0px;--awb-margin-right:0px;--awb-margin-bottom:12px;--awb-margin-left:0px;\"><\/i><div class=\"fusion-title title fusion-title-1 fusion-sep-none fusion-title-center fusion-title-text fusion-title-size-six\" style=\"--awb-margin-bottom:4px;--awb-margin-top-small:4px;--awb-margin-bottom-small:4px;--awb-margin-top-medium:4px;--awb-margin-bottom-medium:4px;\"><h6 class=\"title-heading-center fusion-responsive-typography-calculated\" style=\"margin:0;--fontSize:20;--minFontSize:20;line-height:1.5;\">Visita di scambio<\/h6><\/div><div class=\"fusion-title title fusion-title-2 fusion-sep-none fusion-title-center fusion-title-text fusion-title-size-one\"><h1 class=\"title-heading-center fusion-responsive-typography-calculated\" style=\"margin:0;--fontSize:72;line-height:var(--awb-typography1-line-height);\">Seconda visita di scambio, Antalya<\/h1><\/div><div class=\"fusion-text fusion-text-1\" style=\"--awb-content-alignment:center;--awb-font-size:30px;--awb-line-height:1.4em;--awb-letter-spacing:-0.02em;\"><p><b>La promozione del turismo sostenibile in Europa attraverso il Progetto Erasmus+ Silver Tourism: Condivisione delle Buone Pratiche Durante la Prima Visita di Scambio ad Antalya, Turchia<\/b><\/p>\n<\/div><\/div><\/div><div class=\"fusion-layout-column fusion_builder_column fusion-builder-column-1 fusion_builder_column_1_2 1_2 fusion-flex-column fusion-animated\" style=\"--awb-bg-size:cover;--awb-width-large:50%;--awb-margin-top-large:20px;--awb-spacing-right-large:3.84%;--awb-margin-bottom-large:20px;--awb-spacing-left-large:3.84%;--awb-width-medium:50%;--awb-order-medium:0;--awb-spacing-right-medium:3.84%;--awb-margin-bottom-medium:60px;--awb-spacing-left-medium:3.84%;--awb-width-small:100%;--awb-order-small:0;--awb-spacing-right-small:1.92%;--awb-margin-bottom-small:20px;--awb-spacing-left-small:1.92%;\" data-animationType=\"fadeInUp\" data-animationDuration=\"1.2\" data-animationOffset=\"top-into-view\"><div class=\"fusion-column-wrapper fusion-column-has-shadow fusion-flex-justify-content-flex-start fusion-content-layout-column\"><div class=\"fusion-image-element \" style=\"--awb-caption-title-font-family:var(--h2_typography-font-family);--awb-caption-title-font-weight:var(--h2_typography-font-weight);--awb-caption-title-font-style:var(--h2_typography-font-style);--awb-caption-title-size:var(--h2_typography-font-size);--awb-caption-title-transform:var(--h2_typography-text-transform);--awb-caption-title-line-height:var(--h2_typography-line-height);--awb-caption-title-letter-spacing:var(--h2_typography-letter-spacing);\"><span class=\" fusion-imageframe imageframe-none imageframe-1 hover-type-none\" class=\"image-magnify\" class=\"image-scroll\"><img decoding=\"async\" width=\"1024\" height=\"1024\" title=\"Insit Turchia\" src=\"https:\/\/www.in-sit.eu\/wp-content\/uploads\/2024\/06\/Insit-Turchia.jpg\" data-orig-src=\"https:\/\/www.in-sit.eu\/wp-content\/uploads\/2024\/06\/Insit-Turchia-1024x1024.jpg\" alt class=\"lazyload img-responsive wp-image-3370\" srcset=\"data:image\/svg+xml,%3Csvg%20xmlns%3D%27http%3A%2F%2Fwww.w3.org%2F2000%2Fsvg%27%20width%3D%271080%27%20height%3D%271080%27%20viewBox%3D%270%200%201080%201080%27%3E%3Crect%20width%3D%271080%27%20height%3D%271080%27%20fill-opacity%3D%220%22%2F%3E%3C%2Fsvg%3E\" data-srcset=\"https:\/\/www.in-sit.eu\/wp-content\/uploads\/2024\/06\/Insit-Turchia-200x200.jpg 200w, https:\/\/www.in-sit.eu\/wp-content\/uploads\/2024\/06\/Insit-Turchia-400x400.jpg 400w, https:\/\/www.in-sit.eu\/wp-content\/uploads\/2024\/06\/Insit-Turchia-600x600.jpg 600w, https:\/\/www.in-sit.eu\/wp-content\/uploads\/2024\/06\/Insit-Turchia-800x800.jpg 800w, https:\/\/www.in-sit.eu\/wp-content\/uploads\/2024\/06\/Insit-Turchia.jpg 1080w\" data-sizes=\"auto\" data-orig-sizes=\"(max-width: 640px) 100vw, 600px\" \/><\/span><\/div><\/div><\/div><\/div><\/div><div class=\"fusion-fullwidth fullwidth-box fusion-builder-row-2 fusion-flex-container nonhundred-percent-fullwidth non-hundred-percent-height-scrolling\" style=\"--awb-border-radius-top-left:0px;--awb-border-radius-top-right:0px;--awb-border-radius-bottom-right:0px;--awb-border-radius-bottom-left:0px;--awb-padding-top:0px;--awb-padding-bottom:0px;--awb-padding-top-medium:20px;--awb-padding-bottom-medium:20px;--awb-padding-top-small:40px;--awb-padding-bottom-small:40px;--awb-background-color:var(--awb-color1);\" ><div class=\"fusion-builder-row fusion-row fusion-flex-align-items-center fusion-flex-justify-content-center\" style=\"max-width:1248px;margin-left: calc(-4% \/ 2 );margin-right: calc(-4% \/ 2 );\"><div class=\"fusion-layout-column fusion_builder_column fusion-builder-column-2 fusion_builder_column_1_1 1_1 fusion-flex-column fusion-flex-align-self-center fusion-animated\" style=\"--awb-padding-top:50px;--awb-padding-right:50px;--awb-padding-left:50px;--awb-overflow:hidden;--awb-bg-color:var(--awb-color1);--awb-bg-color-hover:var(--awb-color1);--awb-bg-size:cover;--awb-border-radius:12px 12px 12px 12px;--awb-filter:opacity(93%);--awb-filter-transition:filter 0.3s ease;--awb-filter-hover:opacity(100%);--awb-width-large:100%;--awb-margin-top-large:50px;--awb-spacing-right-large:1.92%;--awb-margin-bottom-large:50px;--awb-spacing-left-large:1.92%;--awb-width-medium:100%;--awb-order-medium:0;--awb-spacing-right-medium:1.92%;--awb-spacing-left-medium:1.92%;--awb-width-small:100%;--awb-order-small:0;--awb-spacing-right-small:1.92%;--awb-spacing-left-small:1.92%;\" data-animationType=\"fadeInDown\" data-animationDuration=\"1.6\" data-animationOffset=\"top-into-view\"><div class=\"fusion-column-wrapper fusion-column-has-shadow fusion-flex-justify-content-space-evenly fusion-content-layout-column\"><div class=\"fusion-text fusion-text-2\" style=\"--awb-content-alignment:center;\"><p><span style=\"font-weight: 400;\">Uno dei migliori centri turistici in Europa nella regione mediterranea della Turchia \u00e8 Antalya, nella regione turistica di Belek. Dal 19 al 23 febbraio 2024, la citt\u00e0 ha ospitato partner europei per il secondo incontro di scambio del progetto, che rappresenta un passo importante verso la promozione del turismo per gli anziani. Questo evento faceva parte del progetto Erasmus+ Silver Tourism KA210-ADU-2022-2-IT02-KA210-ADU-000096966, che mira a raccogliere e condividere le migliori pratiche nel turismo di alto livello nei tre paesi coinvolti (Turchia, Belgio, Italia) e a fornire supporto a chi lavora nel settore turistico per migliorare l&#8217;offerta per gli anziani.<\/span><\/p>\n<p><span style=\"font-weight: 400;\">Il progetto Silver Tourism, gestito dal Consorzio Solco Citt\u00e0 Aperta di Bergamo, Italia, in partenariato con SERGED dalla Turchia e Logospaycom dal Belgio, mira a fornire un forte sostegno a chi lavora nel settore turistico per offrire esperienze speciali e offerte per individui oltre i 65 anni. Riconoscendo l&#8217;interesse crescente per questa demografia, il progetto si propone di dotare le aziende degli strumenti necessari per creare esperienze di viaggio memorabili per gli anziani.<\/span><\/p>\n<p><span style=\"font-weight: 400;\">Durante l&#8217;evento, i partner belgi e italiani hanno avuto l&#8217;opportunit\u00e0 di esplorare iniziative che contribuiscono a rendere Antalya una destinazione ideale per i viaggiatori pi\u00f9 anziani.<\/span><\/p>\n<p><span style=\"font-weight: 400;\">Uno dei momenti salienti dell&#8217;evento \u00e8 stato osservare e scoprire le migliori pratiche per il soggiorno a lungo termine e la socializzazione degli anziani in hotel a 5 stelle. Sono state condivise le misure adottate per l&#8217;alloggio di ospiti anziani e disabili negli hotel a cinque stelle e le misure per rendere pi\u00f9 facile la loro vita.<\/span><\/p>\n<p><span style=\"font-weight: 400;\">Abbiamo osservato che l&#8217;hotel dispone di camere e aree sociali appositamente allestite per gli anziani e disabili e di servizi navetta professionali per soddisfare tutte le necessit\u00e0.<\/span><\/p>\n<p><span style=\"font-weight: 400;\">Nella regione, i decisori del turismo di BETUYAB, l&#8217;Accademico della Facolt\u00e0 di Turismo dell&#8217;Universit\u00e0 Akdeniz, il Governatore del Distretto e Silver Tourism hanno condiviso le loro opinioni e suggerimenti sul trasferimento delle buone pratiche in Europa nel settore.<\/span><\/p>\n<p><span style=\"font-weight: 400;\">Sono stati fatti suggerimenti per rendere la regione turistica pi\u00f9 inclusiva delle attivit\u00e0 turistiche per il turismo disabili e anziani e per contribuire alla socializzazione degli anziani organizzando attivit\u00e0 giornaliere al di fuori dell&#8217;hotel.<\/span><\/p>\n<p><span style=\"font-weight: 400;\">Abbiamo osservato che il clima, l&#8217;ecosistema, la cultura locale e le opportunit\u00e0 naturali della regione offrono ottime opportunit\u00e0 di mobilit\u00e0 per gli anziani tra novembre e aprile. \u00c8 stato deciso di continuare gli sforzi congiunti per queste necessit\u00e0 scoprendo l&#8217;esistenza di aree aperte a una maggiore collaborazione dove i nostri partner necessitano di nuovi progetti in termini di formazione della forza lavoro necessaria al settore e il trasferimento di buoni esempi.<\/span><\/p>\n<p><span style=\"font-weight: 400;\">Un&#8217;altra caratteristica prominente dell&#8217;evento \u00e8 stata che il turismo sanitario in Turchia \u00e8 principalmente preferito dagli anziani. Le opportunit\u00e0 di turismo termale della Turchia e il fatto che sia meno costoso rispetto all&#8217;Europa in termini di diagnosi e trattamento nel campo della salute sono tra le principali ragioni di questa preferenza.<\/span><\/p>\n<p><span style=\"font-weight: 400;\">Tra i prossimi passi del progetto ci sono visite in Belgio nell&#8217;agosto 2024. Durante queste visite, i partner del progetto e gli stakeholder avranno l&#8217;opportunit\u00e0 di conoscere le migliori pratiche nel turismo di alto livello in questo paese. Queste esperienze saranno<\/span><\/p>\n<p><span style=\"font-weight: 400;\">\u00a0fondamentali nella creazione di una guida di riferimento per assistere gli operatori del settore nell&#8217;implementazione di proposte per demografie di alto livello a livello europeo.<\/span><\/p>\n<p><span style=\"font-weight: 400;\">Con la continua collaborazione tra i paesi partner e la guida imminente, il turismo di alto livello pu\u00f2 solo crescere e svilupparsi, offrendo esperienze indimenticabili a una generazione che merita di essere celebrata con viaggi eccezionali.<\/span><\/p>\n<\/div><\/div><\/div><\/div><\/div><\/p>\n","protected":false},"excerpt":{"rendered":"","protected":false},"author":1,"featured_media":0,"parent":0,"menu_order":0,"comment_status":"closed","ping_status":"closed","template":"100-width.php","meta":{"content-type":"","footnotes":""},"class_list":["post-3369","page","type-page","status-publish","hentry"],"acf":[],"yoast_head":"<!-- This site is optimized with the Yoast SEO plugin v20.9 - https:\/\/yoast.com\/wordpress\/plugins\/seo\/ -->\n<title>Seconda visita di scambio, Antalya - In-Sit<\/title>\n<meta name=\"robots\" content=\"index, follow, max-snippet:-1, max-image-preview:large, max-video-preview:-1\" \/>\n<link rel=\"canonical\" href=\"https:\/\/www.in-sit.eu\/seconda-visita-di-scambio-antalya\/\" \/>\n<meta property=\"og:locale\" content=\"it_IT\" \/>\n<meta property=\"og:type\" content=\"article\" \/>\n<meta property=\"og:title\" content=\"Seconda visita di scambio, Antalya - In-Sit\" \/>\n<meta property=\"og:url\" content=\"https:\/\/www.in-sit.eu\/seconda-visita-di-scambio-antalya\/\" \/>\n<meta property=\"og:site_name\" content=\"In-Sit\" \/>\n<meta name=\"twitter:card\" content=\"summary_large_image\" \/>\n<meta name=\"twitter:label1\" content=\"Tempo di lettura stimato\" \/>\n\t<meta name=\"twitter:data1\" content=\"6 minuti\" \/>\n<script type=\"application\/ld+json\" class=\"yoast-schema-graph\">{\"@context\":\"https:\/\/schema.org\",\"@graph\":[{\"@type\":\"WebPage\",\"@id\":\"https:\/\/www.in-sit.eu\/seconda-visita-di-scambio-antalya\/\",\"url\":\"https:\/\/www.in-sit.eu\/seconda-visita-di-scambio-antalya\/\",\"name\":\"Seconda visita di scambio, Antalya - In-Sit\",\"isPartOf\":{\"@id\":\"https:\/\/www.in-sit.eu\/#website\"},\"datePublished\":\"2024-06-26T08:16:44+00:00\",\"dateModified\":\"2024-06-26T08:16:44+00:00\",\"breadcrumb\":{\"@id\":\"https:\/\/www.in-sit.eu\/seconda-visita-di-scambio-antalya\/#breadcrumb\"},\"inLanguage\":\"it-IT\",\"potentialAction\":[{\"@type\":\"ReadAction\",\"target\":[\"https:\/\/www.in-sit.eu\/seconda-visita-di-scambio-antalya\/\"]}]},{\"@type\":\"BreadcrumbList\",\"@id\":\"https:\/\/www.in-sit.eu\/seconda-visita-di-scambio-antalya\/#breadcrumb\",\"itemListElement\":[{\"@type\":\"ListItem\",\"position\":1,\"name\":\"Home\",\"item\":\"https:\/\/www.in-sit.eu\/it\/\"},{\"@type\":\"ListItem\",\"position\":2,\"name\":\"Seconda visita di scambio, Antalya\"}]},{\"@type\":\"WebSite\",\"@id\":\"https:\/\/www.in-sit.eu\/#website\",\"url\":\"https:\/\/www.in-sit.eu\/\",\"name\":\"In-Sit\",\"description\":\"Silver tourism\",\"potentialAction\":[{\"@type\":\"SearchAction\",\"target\":{\"@type\":\"EntryPoint\",\"urlTemplate\":\"https:\/\/www.in-sit.eu\/?s={search_term_string}\"},\"query-input\":\"required name=search_term_string\"}],\"inLanguage\":\"it-IT\"}]}<\/script>\n<!-- \/ Yoast SEO plugin. -->","yoast_head_json":{"title":"Seconda visita di scambio, Antalya - In-Sit","robots":{"index":"index","follow":"follow","max-snippet":"max-snippet:-1","max-image-preview":"max-image-preview:large","max-video-preview":"max-video-preview:-1"},"canonical":"https:\/\/www.in-sit.eu\/seconda-visita-di-scambio-antalya\/","og_locale":"it_IT","og_type":"article","og_title":"Seconda visita di scambio, Antalya - In-Sit","og_url":"https:\/\/www.in-sit.eu\/seconda-visita-di-scambio-antalya\/","og_site_name":"In-Sit","twitter_card":"summary_large_image","twitter_misc":{"Tempo di lettura stimato":"6 minuti"},"schema":{"@context":"https:\/\/schema.org","@graph":[{"@type":"WebPage","@id":"https:\/\/www.in-sit.eu\/seconda-visita-di-scambio-antalya\/","url":"https:\/\/www.in-sit.eu\/seconda-visita-di-scambio-antalya\/","name":"Seconda visita di scambio, Antalya - In-Sit","isPartOf":{"@id":"https:\/\/www.in-sit.eu\/#website"},"datePublished":"2024-06-26T08:16:44+00:00","dateModified":"2024-06-26T08:16:44+00:00","breadcrumb":{"@id":"https:\/\/www.in-sit.eu\/seconda-visita-di-scambio-antalya\/#breadcrumb"},"inLanguage":"it-IT","potentialAction":[{"@type":"ReadAction","target":["https:\/\/www.in-sit.eu\/seconda-visita-di-scambio-antalya\/"]}]},{"@type":"BreadcrumbList","@id":"https:\/\/www.in-sit.eu\/seconda-visita-di-scambio-antalya\/#breadcrumb","itemListElement":[{"@type":"ListItem","position":1,"name":"Home","item":"https:\/\/www.in-sit.eu\/it\/"},{"@type":"ListItem","position":2,"name":"Seconda visita di scambio, Antalya"}]},{"@type":"WebSite","@id":"https:\/\/www.in-sit.eu\/#website","url":"https:\/\/www.in-sit.eu\/","name":"In-Sit","description":"Silver tourism","potentialAction":[{"@type":"SearchAction","target":{"@type":"EntryPoint","urlTemplate":"https:\/\/www.in-sit.eu\/?s={search_term_string}"},"query-input":"required name=search_term_string"}],"inLanguage":"it-IT"}]}},"_links":{"self":[{"href":"https:\/\/www.in-sit.eu\/it\/wp-json\/wp\/v2\/pages\/3369","targetHints":{"allow":["GET"]}}],"collection":[{"href":"https:\/\/www.in-sit.eu\/it\/wp-json\/wp\/v2\/pages"}],"about":[{"href":"https:\/\/www.in-sit.eu\/it\/wp-json\/wp\/v2\/types\/page"}],"author":[{"embeddable":true,"href":"https:\/\/www.in-sit.eu\/it\/wp-json\/wp\/v2\/users\/1"}],"replies":[{"embeddable":true,"href":"https:\/\/www.in-sit.eu\/it\/wp-json\/wp\/v2\/comments?post=3369"}],"version-history":[{"count":1,"href":"https:\/\/www.in-sit.eu\/it\/wp-json\/wp\/v2\/pages\/3369\/revisions"}],"predecessor-version":[{"id":3374,"href":"https:\/\/www.in-sit.eu\/it\/wp-json\/wp\/v2\/pages\/3369\/revisions\/3374"}],"wp:attachment":[{"href":"https:\/\/www.in-sit.eu\/it\/wp-json\/wp\/v2\/media?parent=3369"}],"curies":[{"name":"wp","href":"https:\/\/api.w.org\/{rel}","templated":true}]}}