{"id":3179,"date":"2024-05-14T16:25:51","date_gmt":"2024-05-14T16:25:51","guid":{"rendered":"https:\/\/www.in-sit.eu\/?page_id=3179"},"modified":"2024-06-26T14:49:48","modified_gmt":"2024-06-26T14:49:48","slug":"prima-visita-di-scambio-bergamo","status":"publish","type":"page","link":"https:\/\/www.in-sit.eu\/it\/prima-visita-di-scambio-bergamo\/","title":{"rendered":"Prima visita di scambio, Bergamo"},"content":{"rendered":"<p><div class=\"fusion-fullwidth fullwidth-box fusion-builder-row-1 fusion-flex-container nonhundred-percent-fullwidth non-hundred-percent-height-scrolling\" style=\"--awb-border-radius-top-left:0px;--awb-border-radius-top-right:0px;--awb-border-radius-bottom-right:0px;--awb-border-radius-bottom-left:0px;--awb-padding-top:60px;--awb-padding-top-medium:32px;--awb-padding-top-small:20px;--awb-background-image:radial-gradient(circle at center top, hsla(var(--awb-color8-h),calc(var(--awb-color8-s) + 20%),var(--awb-color8-l),calc(var(--awb-color8-a) - 90%)) 62%,var(--awb-color1) 62%);\" ><div class=\"fusion-builder-row fusion-row fusion-flex-align-items-flex-start fusion-flex-justify-content-center\" style=\"max-width:1248px;margin-left: calc(-4% \/ 2 );margin-right: calc(-4% \/ 2 );\"><div class=\"fusion-layout-column fusion_builder_column fusion-builder-column-0 fusion_builder_column_3_5 3_5 fusion-flex-column fusion-animated\" style=\"--awb-bg-size:cover;--awb-width-large:60%;--awb-margin-top-large:20px;--awb-spacing-right-large:3.2%;--awb-margin-bottom-large:48px;--awb-spacing-left-large:3.2%;--awb-width-medium:75%;--awb-spacing-right-medium:2.56%;--awb-margin-bottom-medium:40px;--awb-spacing-left-medium:2.56%;--awb-width-small:100%;--awb-spacing-right-small:1.92%;--awb-spacing-left-small:1.92%;\" data-animationType=\"fadeInDown\" data-animationDuration=\"1.6\" data-animationOffset=\"top-into-view\"><div class=\"fusion-column-wrapper fusion-column-has-shadow fusion-flex-justify-content-flex-start fusion-content-layout-column\"><i class=\"fb-icon-element-1 fb-icon-element fontawesome-icon icon-mkb-group circle-yes\" style=\"--awb-iconcolor:var(--awb-color4);--awb-iconcolor-hover:var(--awb-color1);--awb-circlecolor:var(--awb-color1);--awb-circlecolor-hover:var(--awb-color4);--awb-circlebordercolor-hover:hsla(var(--awb-color5-h),var(--awb-color5-s),var(--awb-color5-l),calc(var(--awb-color5-a) - 90%));--awb-circlebordersize:0px;--awb-font-size:36.96px;--awb-width:73.92px;--awb-height:73.92px;--awb-line-height:73.92px;--awb-align-self:center;--awb-margin-top:0px;--awb-margin-right:0px;--awb-margin-bottom:12px;--awb-margin-left:0px;\"><\/i><div class=\"fusion-title title fusion-title-1 fusion-sep-none fusion-title-center fusion-title-text fusion-title-size-six\" style=\"--awb-margin-bottom:4px;--awb-margin-top-small:4px;--awb-margin-bottom-small:4px;--awb-margin-top-medium:4px;--awb-margin-bottom-medium:4px;\"><h6 class=\"title-heading-center fusion-responsive-typography-calculated\" style=\"margin:0;--fontSize:20;--minFontSize:20;line-height:1.5;\">Visita di scambio<\/h6><\/div><div class=\"fusion-title title fusion-title-2 fusion-sep-none fusion-title-center fusion-title-text fusion-title-size-one\"><h1 class=\"title-heading-center fusion-responsive-typography-calculated\" style=\"margin:0;--fontSize:72;line-height:var(--awb-typography1-line-height);\">Prima visita di scambio, Bergamo<\/h1><\/div><div class=\"fusion-text fusion-text-1\" style=\"--awb-content-alignment:center;--awb-font-size:30px;--awb-line-height:1.4em;--awb-letter-spacing:-0.02em;\"><p><b>La promozione del turismo sostenibile in Europa attraverso il Progetto Erasmus+ Silver Tourism: Condivisione delle Buone Pratiche durante la prima visita di scambio a Bergamo, Italia<\/b><\/p>\n<\/div><\/div><\/div><div class=\"fusion-layout-column fusion_builder_column fusion-builder-column-1 fusion_builder_column_1_2 1_2 fusion-flex-column fusion-animated\" style=\"--awb-bg-size:cover;--awb-width-large:50%;--awb-margin-top-large:20px;--awb-spacing-right-large:3.84%;--awb-margin-bottom-large:20px;--awb-spacing-left-large:3.84%;--awb-width-medium:50%;--awb-order-medium:0;--awb-spacing-right-medium:3.84%;--awb-margin-bottom-medium:60px;--awb-spacing-left-medium:3.84%;--awb-width-small:100%;--awb-order-small:0;--awb-spacing-right-small:1.92%;--awb-margin-bottom-small:20px;--awb-spacing-left-small:1.92%;\" data-animationType=\"fadeInUp\" data-animationDuration=\"1.2\" data-animationOffset=\"top-into-view\"><div class=\"fusion-column-wrapper fusion-column-has-shadow fusion-flex-justify-content-flex-start fusion-content-layout-column\"><div class=\"fusion-image-element \" style=\"--awb-caption-title-font-family:var(--h2_typography-font-family);--awb-caption-title-font-weight:var(--h2_typography-font-weight);--awb-caption-title-font-style:var(--h2_typography-font-style);--awb-caption-title-size:var(--h2_typography-font-size);--awb-caption-title-transform:var(--h2_typography-text-transform);--awb-caption-title-line-height:var(--h2_typography-line-height);--awb-caption-title-letter-spacing:var(--h2_typography-letter-spacing);\"><span class=\" fusion-imageframe imageframe-none imageframe-1 hover-type-none\" class=\"image-magnify\" class=\"image-scroll\"><img decoding=\"async\" width=\"1024\" height=\"1024\" title=\"in-sit_exchange_visits\" src=\"https:\/\/www.in-sit.eu\/wp-content\/uploads\/2024\/05\/in-sit_exchange_visits.jpg\" data-orig-src=\"https:\/\/www.in-sit.eu\/wp-content\/uploads\/2024\/05\/in-sit_exchange_visits-1024x1024.jpg\" alt class=\"lazyload img-responsive wp-image-3218\" srcset=\"data:image\/svg+xml,%3Csvg%20xmlns%3D%27http%3A%2F%2Fwww.w3.org%2F2000%2Fsvg%27%20width%3D%271500%27%20height%3D%271500%27%20viewBox%3D%270%200%201500%201500%27%3E%3Crect%20width%3D%271500%27%20height%3D%271500%27%20fill-opacity%3D%220%22%2F%3E%3C%2Fsvg%3E\" data-srcset=\"https:\/\/www.in-sit.eu\/wp-content\/uploads\/2024\/05\/in-sit_exchange_visits-200x200.jpg 200w, https:\/\/www.in-sit.eu\/wp-content\/uploads\/2024\/05\/in-sit_exchange_visits-400x400.jpg 400w, https:\/\/www.in-sit.eu\/wp-content\/uploads\/2024\/05\/in-sit_exchange_visits-600x600.jpg 600w, https:\/\/www.in-sit.eu\/wp-content\/uploads\/2024\/05\/in-sit_exchange_visits-800x800.jpg 800w, https:\/\/www.in-sit.eu\/wp-content\/uploads\/2024\/05\/in-sit_exchange_visits-1200x1200.jpg 1200w, https:\/\/www.in-sit.eu\/wp-content\/uploads\/2024\/05\/in-sit_exchange_visits.jpg 1500w\" data-sizes=\"auto\" data-orig-sizes=\"(max-width: 640px) 100vw, 600px\" \/><\/span><\/div><\/div><\/div><\/div><\/div><div class=\"fusion-fullwidth fullwidth-box fusion-builder-row-2 fusion-flex-container nonhundred-percent-fullwidth non-hundred-percent-height-scrolling\" style=\"--awb-border-radius-top-left:0px;--awb-border-radius-top-right:0px;--awb-border-radius-bottom-right:0px;--awb-border-radius-bottom-left:0px;--awb-padding-top:0px;--awb-padding-bottom:0px;--awb-padding-top-medium:20px;--awb-padding-bottom-medium:20px;--awb-padding-top-small:40px;--awb-padding-bottom-small:40px;--awb-background-color:var(--awb-color1);\" ><div class=\"fusion-builder-row fusion-row fusion-flex-align-items-center fusion-flex-justify-content-center\" style=\"max-width:1248px;margin-left: calc(-4% \/ 2 );margin-right: calc(-4% \/ 2 );\"><div class=\"fusion-layout-column fusion_builder_column fusion-builder-column-2 fusion_builder_column_1_1 1_1 fusion-flex-column fusion-flex-align-self-center fusion-animated\" style=\"--awb-padding-top:50px;--awb-padding-right:50px;--awb-padding-left:50px;--awb-overflow:hidden;--awb-bg-color:var(--awb-color1);--awb-bg-color-hover:var(--awb-color1);--awb-bg-size:cover;--awb-border-radius:12px 12px 12px 12px;--awb-filter:opacity(93%);--awb-filter-transition:filter 0.3s ease;--awb-filter-hover:opacity(100%);--awb-width-large:100%;--awb-margin-top-large:50px;--awb-spacing-right-large:1.92%;--awb-margin-bottom-large:50px;--awb-spacing-left-large:1.92%;--awb-width-medium:100%;--awb-order-medium:0;--awb-spacing-right-medium:1.92%;--awb-spacing-left-medium:1.92%;--awb-width-small:100%;--awb-order-small:0;--awb-spacing-right-small:1.92%;--awb-spacing-left-small:1.92%;\" data-animationType=\"fadeInDown\" data-animationDuration=\"1.6\" data-animationOffset=\"top-into-view\"><div class=\"fusion-column-wrapper fusion-column-has-shadow fusion-flex-justify-content-space-evenly fusion-content-layout-column\"><div class=\"fusion-text fusion-text-2\" style=\"--awb-content-alignment:center;\"><p><span style=\"font-weight: 400;\">Nel cuore di Bergamo, un evento importante ha evidenziato il significato del turismo senior e delle relative buone pratiche. Dal 21 al 23 novembre, la citt\u00e0 ha accolto partner europei per un incontro che ha segnato un passo significativo verso la promozione del turismo per gli anziani. Questo evento faceva parte del progetto Erasmus+ Silver Tourism KA210-ADU-383EAA9A, mirato a raccogliere e condividere le buone pratiche nel turismo senior nei tre paesi coinvolti (Italia, Belgio, Turchia) e a fornire supporto a chi lavora nel settore turistico per migliorare l&#8217;offerta per gli anziani.<\/span><\/p>\n<p><span style=\"font-weight: 400;\">Il progetto Silver Tourism, guidato dal Consorzio Solco Citt\u00e0 Aperta, \u00e8 fortemente orientato a sostenere chi lavora nel settore turistico nell&#8217;implementare esperienze e offerte dedicate agli individui oltre i 65 anni. Riconoscendo l&#8217;interesse crescente per questa demografia, il progetto mira a equipaggiare le aziende con gli strumenti necessari per creare esperienze di viaggio indimenticabili per gli anziani.<\/span><\/p>\n<p><span style=\"font-weight: 400;\">Durante l&#8217;evento, i partner belgi e turchi hanno avuto l&#8217;opportunit\u00e0 di esplorare iniziative a Bergamo che stanno contribuendo a rendere la citt\u00e0 una destinazione ideale per i viaggiatori pi\u00f9 anziani.<\/span><\/p>\n<p><span style=\"font-weight: 400;\">Uno dei momenti salienti dell&#8217;evento \u00e8 stata la presentazione del progetto &#8220;Migrantour Bergamo&#8221;, un&#8217;iniziativa che offre esperienze turistiche uniche guidate da guide migranti che condividono le loro storie e culture con i visitatori. Questo approccio inclusivo e interculturale \u00e8 diventato un modello ispiratore per generare interesse tra gli anziani nel turismo.<\/span><\/p>\n<p><span style=\"font-weight: 400;\">Inoltre, i partner europei hanno avuto la possibilit\u00e0 di esplorare &#8220;Nat Space\/La Porta del Parco&#8221;, un progetto promosso dalla Cooperativa Alchimia. Questo luogo, immerso nella natura, promuove l&#8217;ecoturismo e il benessere degli anziani attraverso attivit\u00e0 all&#8217;aperto. Questa tappa ha sottolineato l&#8217;importanza di promuovere un turismo sostenibile che rispetti l&#8217;ambiente e sia accessibile a persone di tutte le et\u00e0.<\/span><\/p>\n<p><span style=\"font-weight: 400;\">Un altro momento saliente dell&#8217;evento \u00e8 stata l&#8217;introduzione al marchio Turismo senza Barriere promosso da Welfare Links. Questa iniziativa locale premia le imprese e le attivit\u00e0 turistiche che adottano pratiche ecocompatibili e orientate alla comunit\u00e0. Questo marchio ha dimostrato come il turismo senior possa essere sia gratificante sia rispettoso dell&#8217;ambiente.<\/span><\/p>\n<p><span style=\"font-weight: 400;\">Infine, i partecipanti hanno avuto l&#8217;opportunit\u00e0 di sperimentare &#8220;Story City&#8221;, un progetto promosso dalla Cooperativa Bergamo Lavoro che offre una visita guidata speciale nella Citt\u00e0 Alta di Bergamo. Questo tour \u00e8 stato progettato per essere accessibile a persone con esigenze speciali, con guide professionali accompagnate da assistenti con diverse abilit\u00e0. Questa esperienza ha sottolineato l&#8217;importanza di creare un turismo inclusivo che accolga tutti, indipendentemente dalle loro esigenze.<\/span><\/p>\n<p><span style=\"font-weight: 400;\">I prossimi passi del progetto includono visite in Turchia nel febbraio 2024 e in Belgio nell&#8217;agosto 2024. Durante queste visite, i partner del progetto e gli stakeholder avranno l&#8217;opportunit\u00e0 di apprendere le buone pratiche nel turismo senior in quei paesi. Queste esperienze saranno fondamentali nella creazione di una guida di riferimento per assistere gli operatori del settore nell&#8217;implementazione di offerte per il target demografico senior a livello europeo.<\/span><\/p>\n<p><span style=\"font-weight: 400;\">L&#8217;incontro dei partner europei a Bergamo, guidato dal Consorzio Solco Citt\u00e0 Aperta, \u00e8 stato un passo cruciale verso l&#8217;obiettivo del progetto Silver Tourism nel promuovere il turismo senior e condividere le buone pratiche tra i paesi coinvolti. Bergamo si \u00e8 dimostrata all&#8217;avanguardia nell&#8217;accoglienza di viaggiatori anziani e nella promozione di un turismo inclusivo e sostenibile. Con la continua collaborazione tra i paesi partner e la guida imminente, il turismo senior pu\u00f2 solo crescere e migliorare, offrendo esperienze indimenticabili a una generazione che merita di essere celebrata attraverso viaggi straordinari.<\/span><\/p>\n<\/div><\/div><\/div><\/div><\/div><\/p>\n","protected":false},"excerpt":{"rendered":"","protected":false},"author":1,"featured_media":0,"parent":0,"menu_order":0,"comment_status":"closed","ping_status":"closed","template":"100-width.php","meta":{"content-type":"","footnotes":""},"class_list":["post-3179","page","type-page","status-publish","hentry"],"acf":[],"yoast_head":"<!-- This site is optimized with the Yoast SEO plugin v20.9 - https:\/\/yoast.com\/wordpress\/plugins\/seo\/ -->\n<title>Prima visita di scambio, Bergamo - In-Sit<\/title>\n<meta name=\"robots\" content=\"index, follow, max-snippet:-1, max-image-preview:large, max-video-preview:-1\" \/>\n<link rel=\"canonical\" href=\"https:\/\/www.in-sit.eu\/prima-visita-di-scambio-bergamo\/\" \/>\n<meta property=\"og:locale\" content=\"it_IT\" \/>\n<meta property=\"og:type\" content=\"article\" \/>\n<meta property=\"og:title\" content=\"Prima visita di scambio, Bergamo - In-Sit\" \/>\n<meta property=\"og:url\" content=\"https:\/\/www.in-sit.eu\/prima-visita-di-scambio-bergamo\/\" \/>\n<meta property=\"og:site_name\" content=\"In-Sit\" \/>\n<meta property=\"article:modified_time\" content=\"2024-06-26T14:49:48+00:00\" \/>\n<meta name=\"twitter:card\" content=\"summary_large_image\" \/>\n<meta name=\"twitter:label1\" content=\"Tempo di lettura stimato\" \/>\n\t<meta name=\"twitter:data1\" content=\"6 minuti\" \/>\n<script type=\"application\/ld+json\" class=\"yoast-schema-graph\">{\"@context\":\"https:\/\/schema.org\",\"@graph\":[{\"@type\":\"WebPage\",\"@id\":\"https:\/\/www.in-sit.eu\/prima-visita-di-scambio-bergamo\/\",\"url\":\"https:\/\/www.in-sit.eu\/prima-visita-di-scambio-bergamo\/\",\"name\":\"Prima visita di scambio, Bergamo - In-Sit\",\"isPartOf\":{\"@id\":\"https:\/\/www.in-sit.eu\/#website\"},\"datePublished\":\"2024-05-14T16:25:51+00:00\",\"dateModified\":\"2024-06-26T14:49:48+00:00\",\"breadcrumb\":{\"@id\":\"https:\/\/www.in-sit.eu\/prima-visita-di-scambio-bergamo\/#breadcrumb\"},\"inLanguage\":\"it-IT\",\"potentialAction\":[{\"@type\":\"ReadAction\",\"target\":[\"https:\/\/www.in-sit.eu\/prima-visita-di-scambio-bergamo\/\"]}]},{\"@type\":\"BreadcrumbList\",\"@id\":\"https:\/\/www.in-sit.eu\/prima-visita-di-scambio-bergamo\/#breadcrumb\",\"itemListElement\":[{\"@type\":\"ListItem\",\"position\":1,\"name\":\"Home\",\"item\":\"https:\/\/www.in-sit.eu\/it\/\"},{\"@type\":\"ListItem\",\"position\":2,\"name\":\"Prima visita di scambio, Bergamo\"}]},{\"@type\":\"WebSite\",\"@id\":\"https:\/\/www.in-sit.eu\/#website\",\"url\":\"https:\/\/www.in-sit.eu\/\",\"name\":\"In-Sit\",\"description\":\"Silver tourism\",\"potentialAction\":[{\"@type\":\"SearchAction\",\"target\":{\"@type\":\"EntryPoint\",\"urlTemplate\":\"https:\/\/www.in-sit.eu\/?s={search_term_string}\"},\"query-input\":\"required name=search_term_string\"}],\"inLanguage\":\"it-IT\"}]}<\/script>\n<!-- \/ Yoast SEO plugin. -->","yoast_head_json":{"title":"Prima visita di scambio, Bergamo - In-Sit","robots":{"index":"index","follow":"follow","max-snippet":"max-snippet:-1","max-image-preview":"max-image-preview:large","max-video-preview":"max-video-preview:-1"},"canonical":"https:\/\/www.in-sit.eu\/prima-visita-di-scambio-bergamo\/","og_locale":"it_IT","og_type":"article","og_title":"Prima visita di scambio, Bergamo - In-Sit","og_url":"https:\/\/www.in-sit.eu\/prima-visita-di-scambio-bergamo\/","og_site_name":"In-Sit","article_modified_time":"2024-06-26T14:49:48+00:00","twitter_card":"summary_large_image","twitter_misc":{"Tempo di lettura stimato":"6 minuti"},"schema":{"@context":"https:\/\/schema.org","@graph":[{"@type":"WebPage","@id":"https:\/\/www.in-sit.eu\/prima-visita-di-scambio-bergamo\/","url":"https:\/\/www.in-sit.eu\/prima-visita-di-scambio-bergamo\/","name":"Prima visita di scambio, Bergamo - In-Sit","isPartOf":{"@id":"https:\/\/www.in-sit.eu\/#website"},"datePublished":"2024-05-14T16:25:51+00:00","dateModified":"2024-06-26T14:49:48+00:00","breadcrumb":{"@id":"https:\/\/www.in-sit.eu\/prima-visita-di-scambio-bergamo\/#breadcrumb"},"inLanguage":"it-IT","potentialAction":[{"@type":"ReadAction","target":["https:\/\/www.in-sit.eu\/prima-visita-di-scambio-bergamo\/"]}]},{"@type":"BreadcrumbList","@id":"https:\/\/www.in-sit.eu\/prima-visita-di-scambio-bergamo\/#breadcrumb","itemListElement":[{"@type":"ListItem","position":1,"name":"Home","item":"https:\/\/www.in-sit.eu\/it\/"},{"@type":"ListItem","position":2,"name":"Prima visita di scambio, Bergamo"}]},{"@type":"WebSite","@id":"https:\/\/www.in-sit.eu\/#website","url":"https:\/\/www.in-sit.eu\/","name":"In-Sit","description":"Silver tourism","potentialAction":[{"@type":"SearchAction","target":{"@type":"EntryPoint","urlTemplate":"https:\/\/www.in-sit.eu\/?s={search_term_string}"},"query-input":"required name=search_term_string"}],"inLanguage":"it-IT"}]}},"_links":{"self":[{"href":"https:\/\/www.in-sit.eu\/it\/wp-json\/wp\/v2\/pages\/3179","targetHints":{"allow":["GET"]}}],"collection":[{"href":"https:\/\/www.in-sit.eu\/it\/wp-json\/wp\/v2\/pages"}],"about":[{"href":"https:\/\/www.in-sit.eu\/it\/wp-json\/wp\/v2\/types\/page"}],"author":[{"embeddable":true,"href":"https:\/\/www.in-sit.eu\/it\/wp-json\/wp\/v2\/users\/1"}],"replies":[{"embeddable":true,"href":"https:\/\/www.in-sit.eu\/it\/wp-json\/wp\/v2\/comments?post=3179"}],"version-history":[{"count":5,"href":"https:\/\/www.in-sit.eu\/it\/wp-json\/wp\/v2\/pages\/3179\/revisions"}],"predecessor-version":[{"id":3386,"href":"https:\/\/www.in-sit.eu\/it\/wp-json\/wp\/v2\/pages\/3179\/revisions\/3386"}],"wp:attachment":[{"href":"https:\/\/www.in-sit.eu\/it\/wp-json\/wp\/v2\/media?parent=3179"}],"curies":[{"name":"wp","href":"https:\/\/api.w.org\/{rel}","templated":true}]}}