{"id":3823,"date":"2024-12-19T13:16:15","date_gmt":"2024-12-19T13:16:15","guid":{"rendered":"https:\/\/www.in-sit.eu\/?page_id=3823"},"modified":"2025-01-22T15:00:07","modified_gmt":"2025-01-22T15:00:07","slug":"des-vacances-sans-soucis","status":"publish","type":"page","link":"https:\/\/www.in-sit.eu\/fr\/des-vacances-sans-soucis\/","title":{"rendered":"Des vacances sans soucis"},"content":{"rendered":"<p><div class=\"fusion-fullwidth fullwidth-box fusion-builder-row-1 fusion-flex-container nonhundred-percent-fullwidth non-hundred-percent-height-scrolling\" style=\"--awb-border-radius-top-left:0px;--awb-border-radius-top-right:0px;--awb-border-radius-bottom-right:0px;--awb-border-radius-bottom-left:0px;--awb-padding-top:60px;--awb-padding-top-medium:32px;--awb-padding-top-small:20px;--awb-background-image:radial-gradient(circle at center top, hsla(var(--awb-color4-h),calc(var(--awb-color4-s) + 20%),var(--awb-color4-l),calc(var(--awb-color4-a) - 90%)) 62%,var(--awb-color1) 62%);\" ><div class=\"fusion-builder-row fusion-row fusion-flex-align-items-flex-start fusion-flex-justify-content-center\" style=\"max-width:1248px;margin-left: calc(-4% \/ 2 );margin-right: calc(-4% \/ 2 );\"><div class=\"fusion-layout-column fusion_builder_column fusion-builder-column-0 fusion_builder_column_3_5 3_5 fusion-flex-column fusion-animated\" style=\"--awb-bg-size:cover;--awb-width-large:60%;--awb-margin-top-large:20px;--awb-spacing-right-large:3.2%;--awb-margin-bottom-large:48px;--awb-spacing-left-large:3.2%;--awb-width-medium:75%;--awb-spacing-right-medium:2.56%;--awb-margin-bottom-medium:40px;--awb-spacing-left-medium:2.56%;--awb-width-small:100%;--awb-spacing-right-small:1.92%;--awb-spacing-left-small:1.92%;\" data-animationType=\"fadeInDown\" data-animationDuration=\"1.6\" data-animationOffset=\"top-into-view\"><div class=\"fusion-column-wrapper fusion-column-has-shadow fusion-flex-justify-content-flex-start fusion-content-layout-column\"><i class=\"fb-icon-element-1 fb-icon-element fontawesome-icon icon-mkb-group circle-yes\" style=\"--awb-iconcolor:var(--awb-color4);--awb-iconcolor-hover:var(--awb-color1);--awb-circlecolor:var(--awb-color1);--awb-circlecolor-hover:var(--awb-color4);--awb-circlebordercolor-hover:hsla(var(--awb-color5-h),var(--awb-color5-s),var(--awb-color5-l),calc(var(--awb-color5-a) - 90%));--awb-circlebordersize:0px;--awb-font-size:36.96px;--awb-width:73.92px;--awb-height:73.92px;--awb-line-height:73.92px;--awb-align-self:center;--awb-margin-top:0px;--awb-margin-right:0px;--awb-margin-bottom:12px;--awb-margin-left:0px;\"><\/i><div class=\"fusion-title title fusion-title-1 fusion-sep-none fusion-title-center fusion-title-text fusion-title-size-six\" style=\"--awb-margin-bottom:4px;--awb-margin-top-small:4px;--awb-margin-bottom-small:4px;--awb-margin-top-medium:4px;--awb-margin-bottom-medium:4px;\"><h6 class=\"title-heading-center fusion-responsive-typography-calculated\" style=\"margin:0;--fontSize:20;--minFontSize:20;line-height:1.5;\">Bonnes pratiques<\/h6><\/div><div class=\"fusion-title title fusion-title-2 fusion-sep-none fusion-title-center fusion-title-text fusion-title-size-one\"><h1 class=\"title-heading-center fusion-responsive-typography-calculated\" style=\"margin:0;--fontSize:72;line-height:var(--awb-typography1-line-height);\">Des vacances sans soucis<\/h1><\/div><div class=\"fusion-text fusion-text-1\" style=\"--awb-content-alignment:center;--awb-font-size:30px;--awb-line-height:1.4em;--awb-letter-spacing:-0.02em;\"><p><strong>Vacances sans souci: garantir l&rsquo;accessibilit\u00e9 des voyages pour les personnes \u00e2g\u00e9es en Belgique<\/strong><\/p>\n<\/div><\/div><\/div><div class=\"fusion-layout-column fusion_builder_column fusion-builder-column-1 fusion_builder_column_1_2 1_2 fusion-flex-column fusion-animated\" style=\"--awb-bg-size:cover;--awb-width-large:50%;--awb-margin-top-large:20px;--awb-spacing-right-large:3.84%;--awb-margin-bottom-large:20px;--awb-spacing-left-large:3.84%;--awb-width-medium:50%;--awb-order-medium:0;--awb-spacing-right-medium:3.84%;--awb-margin-bottom-medium:60px;--awb-spacing-left-medium:3.84%;--awb-width-small:100%;--awb-order-small:0;--awb-spacing-right-small:1.92%;--awb-margin-bottom-small:20px;--awb-spacing-left-small:1.92%;\" data-animationType=\"fadeInUp\" data-animationDuration=\"1.2\" data-animationOffset=\"top-into-view\"><div class=\"fusion-column-wrapper fusion-column-has-shadow fusion-flex-justify-content-flex-start fusion-content-layout-column\"><div class=\"fusion-image-element \" style=\"--awb-caption-title-font-family:var(--h2_typography-font-family);--awb-caption-title-font-weight:var(--h2_typography-font-weight);--awb-caption-title-font-style:var(--h2_typography-font-style);--awb-caption-title-size:var(--h2_typography-font-size);--awb-caption-title-transform:var(--h2_typography-text-transform);--awb-caption-title-line-height:var(--h2_typography-line-height);--awb-caption-title-letter-spacing:var(--h2_typography-letter-spacing);\"><span class=\" fusion-imageframe imageframe-none imageframe-1 hover-type-none\" class=\"image-magnify\" class=\"image-scroll\"><img decoding=\"async\" width=\"899\" height=\"899\" title=\"belgio\" src=\"https:\/\/www.in-sit.eu\/wp-content\/uploads\/2024\/12\/belgio.webp\" data-orig-src=\"https:\/\/www.in-sit.eu\/wp-content\/uploads\/2024\/12\/belgio.webp\" alt class=\"lazyload img-responsive wp-image-3720\" srcset=\"data:image\/svg+xml,%3Csvg%20xmlns%3D%27http%3A%2F%2Fwww.w3.org%2F2000%2Fsvg%27%20width%3D%27899%27%20height%3D%27899%27%20viewBox%3D%270%200%20899%20899%27%3E%3Crect%20width%3D%27899%27%20height%3D%27899%27%20fill-opacity%3D%220%22%2F%3E%3C%2Fsvg%3E\" data-srcset=\"https:\/\/www.in-sit.eu\/wp-content\/uploads\/2024\/12\/belgio-66x66.webp 66w, https:\/\/www.in-sit.eu\/wp-content\/uploads\/2024\/12\/belgio-150x150.webp 150w, https:\/\/www.in-sit.eu\/wp-content\/uploads\/2024\/12\/belgio-200x200.webp 200w, https:\/\/www.in-sit.eu\/wp-content\/uploads\/2024\/12\/belgio-300x300.webp 300w, https:\/\/www.in-sit.eu\/wp-content\/uploads\/2024\/12\/belgio-400x400.webp 400w, https:\/\/www.in-sit.eu\/wp-content\/uploads\/2024\/12\/belgio-600x600.webp 600w, https:\/\/www.in-sit.eu\/wp-content\/uploads\/2024\/12\/belgio-768x768.webp 768w, https:\/\/www.in-sit.eu\/wp-content\/uploads\/2024\/12\/belgio-800x800.webp 800w, https:\/\/www.in-sit.eu\/wp-content\/uploads\/2024\/12\/belgio.webp 899w\" data-sizes=\"auto\" data-orig-sizes=\"(max-width: 640px) 100vw, 600px\" \/><\/span><\/div><\/div><\/div><\/div><\/div><div class=\"fusion-fullwidth fullwidth-box fusion-builder-row-2 fusion-flex-container nonhundred-percent-fullwidth non-hundred-percent-height-scrolling\" style=\"--awb-border-radius-top-left:0px;--awb-border-radius-top-right:0px;--awb-border-radius-bottom-right:0px;--awb-border-radius-bottom-left:0px;--awb-padding-top:0px;--awb-padding-bottom:0px;--awb-padding-top-medium:20px;--awb-padding-bottom-medium:20px;--awb-padding-top-small:40px;--awb-padding-bottom-small:40px;--awb-background-color:var(--awb-color1);\" ><div class=\"fusion-builder-row fusion-row fusion-flex-align-items-center fusion-flex-justify-content-center\" style=\"max-width:1248px;margin-left: calc(-4% \/ 2 );margin-right: calc(-4% \/ 2 );\"><div class=\"fusion-layout-column fusion_builder_column fusion-builder-column-2 fusion_builder_column_1_1 1_1 fusion-flex-column fusion-flex-align-self-center fusion-animated\" style=\"--awb-padding-top:50px;--awb-padding-right:50px;--awb-padding-left:50px;--awb-overflow:hidden;--awb-bg-color:var(--awb-color1);--awb-bg-color-hover:var(--awb-color1);--awb-bg-size:cover;--awb-border-radius:12px 12px 12px 12px;--awb-filter:opacity(93%);--awb-filter-transition:filter 0.3s ease;--awb-filter-hover:opacity(100%);--awb-width-large:100%;--awb-margin-top-large:50px;--awb-spacing-right-large:1.92%;--awb-margin-bottom-large:50px;--awb-spacing-left-large:1.92%;--awb-width-medium:100%;--awb-order-medium:0;--awb-spacing-right-medium:1.92%;--awb-spacing-left-medium:1.92%;--awb-width-small:100%;--awb-order-small:0;--awb-spacing-right-small:1.92%;--awb-spacing-left-small:1.92%;\" data-animationType=\"fadeInDown\" data-animationDuration=\"1.6\" data-animationOffset=\"top-into-view\"><div class=\"fusion-column-wrapper fusion-column-has-shadow fusion-flex-justify-content-space-evenly fusion-content-layout-column\"><div class=\"fusion-text fusion-text-2\" style=\"--awb-content-alignment:center;\"><p><span style=\"font-weight: 400;\">T\u00e9l\u00e9-Secours &#8211; Vacances se distingue comme une initiative pionni\u00e8re dans le Silver Tourism, en proposant des vacances sur mesure pour les personnes \u00e2g\u00e9es, en particulier celles de 80 ans et plus. Ce programme innovant, reconnu lors de la phase de recherche de bonnes pratiques du projet In-Sit, r\u00e9pond aux d\u00e9fis uniques auxquels sont confront\u00e9s les seniors ayant des probl\u00e8mes de sant\u00e9 ou de mobilit\u00e9. En proposant des options de voyage accessibles et sans souci, T\u00e9l\u00e9-Secours permet aux personnes \u00e2g\u00e9es de continuer \u00e0 explorer le monde et \u00e0 nouer des liens sociaux significatifs dans un environnement s\u00fbr et favorable.<\/span><\/p>\n<p><span style=\"font-weight: 400;\">Le c\u0153ur de cette initiative tourne autour des vacances qui r\u00e9pondent aux besoins sp\u00e9cifiques des seniors de plus de 80 ans. Ces voyages, tant en Belgique qu&rsquo;\u00e0 l&rsquo;\u00e9tranger, sont soigneusement organis\u00e9s pour que chaque participant se sente \u00e0 l&rsquo;aise et pris en charge, quelles que soient ses limitations physiques. Les destinations sont choisies en fonction de leur accessibilit\u00e9 et des services sp\u00e9cialis\u00e9s, tels que l&rsquo;assistance m\u00e9dicale, l&rsquo;aide \u00e0 la mobilit\u00e9 et m\u00eame la dialyse, peuvent \u00eatre organis\u00e9s sur place. En outre, les participants sont \u00e9quip\u00e9s d&rsquo;un bouton de s\u00e9curit\u00e9 qui leur permet d&rsquo;appeler de l&rsquo;aide \u00e0 tout moment, ce qui leur assure une tranquillit\u00e9 d&rsquo;esprit tout au long de leur s\u00e9jour.<\/span><\/p>\n<p><span style=\"font-weight: 400;\">Les vacances offrent un large \u00e9ventail d&rsquo;exp\u00e9riences, depuis les s\u00e9jours de d\u00e9tente \u00e0 la c\u00f4te belge jusqu&rsquo;aux voyages internationaux dans des pays comme la Gr\u00e8ce et Malte. Pour ceux qui recherchent plus que de la d\u00e9tente, des voyages \u00e0 th\u00e8me sont propos\u00e9s, comme le \u00ab s\u00e9jour num\u00e9rique \u00bb, o\u00f9 les participants peuvent acqu\u00e9rir de nouvelles comp\u00e9tences. La diversit\u00e9 des destinations et des th\u00e8mes permet \u00e0 chaque senior de trouver des vacances qui correspondent \u00e0 ses int\u00e9r\u00eats, \u00e0 ses capacit\u00e9s physiques et \u00e0 ses besoins en mati\u00e8re de sant\u00e9.<\/span><\/p>\n<p><span style=\"font-weight: 400;\">Ce qui rend T\u00e9l\u00e9-Secours particuli\u00e8rement unique, c&rsquo;est son approche globale du soutien aux personnes \u00e2g\u00e9es. Du transport porte-\u00e0-porte aux soins m\u00e9dicaux sur place, chaque d\u00e9tail est minutieusement planifi\u00e9 pour que les participants puissent profiter de leurs vacances en toute s\u00e9r\u00e9nit\u00e9. Un guide b\u00e9n\u00e9vole accompagne le groupe lors de chaque voyage, fournissant une assistance personnelle et veillant \u00e0 ce que tout le monde soit bien trait\u00e9. Ce souci de personnalisation des soins garantit non seulement la s\u00e9curit\u00e9, mais favorise \u00e9galement le sentiment d&rsquo;appartenance des participants.<\/span><\/p>\n<p><span style=\"font-weight: 400;\">Depuis 2009, chaque ann\u00e9e, T\u00e9l\u00e9-Secours organise avec succ\u00e8s trois voyages internationaux et dix vacances locales, avec un maximum de 16 participants par groupe afin de garantir une attention personnalis\u00e9e. Le succ\u00e8s du programme se refl\u00e8te dans les r\u00e9actions positives des personnes \u00e2g\u00e9es, dont beaucoup expriment leur gratitude pour l&rsquo;opportunit\u00e9 de voyager et de socialiser malgr\u00e9 leur \u00e2ge ou leur \u00e9tat de sant\u00e9. Un participant a d\u00e9clar\u00e9 : \u00ab Si seulement mes enfants savaient qu&rsquo;ici, je marche, je nage et je joue aux cartes avec d&rsquo;autres personnes&#8230; Chez moi, je ne descends m\u00eame plus au village \u00bb.<\/span><\/p>\n<p><span style=\"font-weight: 400;\">Bien que l&rsquo;initiative ait \u00e9t\u00e9 couronn\u00e9e de succ\u00e8s, elle est \u00e9galement confront\u00e9e \u00e0 certains d\u00e9fis. Il peut \u00eatre difficile de trouver des lieux adapt\u00e9s et accessibles aux personnes \u00e2g\u00e9es de plus de 80 ans, et les co\u00fbts d&rsquo;organisation de ces voyages peuvent \u00eatre \u00e9lev\u00e9s, en particulier lorsque des chambres priv\u00e9es sont n\u00e9cessaires pour assurer le confort. Malgr\u00e9 ces difficult\u00e9s, T\u00e9l\u00e9-Secours continue de prosp\u00e9rer, offrant aux personnes \u00e2g\u00e9es une occasion unique de vivre des exp\u00e9riences de voyage qui sont g\u00e9n\u00e9ralement hors de port\u00e9e pour leur groupe d&rsquo;\u00e2ge.<\/span><\/p>\n<p><span style=\"font-weight: 400;\">T\u00e9l\u00e9-Secours &#8211; Vacances est un exemple inspirant de la mani\u00e8re dont le tourisme accessible peut \u00eatre mis en \u0153uvre pour les personnes \u00e2g\u00e9es ayant des besoins sp\u00e9cifiques en mati\u00e8re de sant\u00e9 et de mobilit\u00e9. Soutenue par la Commission communautaire fran\u00e7aise, cette pratique d\u00e9montre qu&rsquo;avec une planification minutieuse et un engagement en faveur de l&rsquo;inclusion, les personnes \u00e2g\u00e9es peuvent continuer \u00e0 profiter d&rsquo;exp\u00e9riences de voyage riches et enrichissantes jusqu&rsquo;\u00e0 un \u00e2ge avanc\u00e9.<\/span><\/p>\n<\/div><\/div><\/div><\/div><\/div><\/p>\n","protected":false},"excerpt":{"rendered":"","protected":false},"author":1,"featured_media":0,"parent":0,"menu_order":0,"comment_status":"closed","ping_status":"closed","template":"100-width.php","meta":{"content-type":"","footnotes":""},"class_list":["post-3823","page","type-page","status-publish","hentry"],"acf":[],"yoast_head":"<!-- This site is optimized with the Yoast SEO plugin v20.9 - https:\/\/yoast.com\/wordpress\/plugins\/seo\/ -->\n<title>Des vacances sans soucis - In-Sit<\/title>\n<meta name=\"robots\" content=\"index, follow, max-snippet:-1, max-image-preview:large, max-video-preview:-1\" \/>\n<link rel=\"canonical\" href=\"https:\/\/www.in-sit.eu\/fr\/des-vacances-sans-soucis\/\" \/>\n<meta property=\"og:locale\" content=\"fr_FR\" \/>\n<meta property=\"og:type\" content=\"article\" \/>\n<meta property=\"og:title\" content=\"Des vacances sans soucis - In-Sit\" \/>\n<meta property=\"og:url\" content=\"https:\/\/www.in-sit.eu\/fr\/des-vacances-sans-soucis\/\" \/>\n<meta property=\"og:site_name\" content=\"In-Sit\" \/>\n<meta property=\"article:modified_time\" content=\"2025-01-22T15:00:07+00:00\" \/>\n<meta name=\"twitter:card\" content=\"summary_large_image\" \/>\n<meta name=\"twitter:label1\" content=\"Dur\u00e9e de lecture estim\u00e9e\" \/>\n\t<meta name=\"twitter:data1\" content=\"6 minutes\" \/>\n<script type=\"application\/ld+json\" class=\"yoast-schema-graph\">{\"@context\":\"https:\/\/schema.org\",\"@graph\":[{\"@type\":\"WebPage\",\"@id\":\"https:\/\/www.in-sit.eu\/fr\/des-vacances-sans-soucis\/\",\"url\":\"https:\/\/www.in-sit.eu\/fr\/des-vacances-sans-soucis\/\",\"name\":\"Des vacances sans soucis - In-Sit\",\"isPartOf\":{\"@id\":\"https:\/\/www.in-sit.eu\/#website\"},\"datePublished\":\"2024-12-19T13:16:15+00:00\",\"dateModified\":\"2025-01-22T15:00:07+00:00\",\"breadcrumb\":{\"@id\":\"https:\/\/www.in-sit.eu\/fr\/des-vacances-sans-soucis\/#breadcrumb\"},\"inLanguage\":\"fr-FR\",\"potentialAction\":[{\"@type\":\"ReadAction\",\"target\":[\"https:\/\/www.in-sit.eu\/fr\/des-vacances-sans-soucis\/\"]}]},{\"@type\":\"BreadcrumbList\",\"@id\":\"https:\/\/www.in-sit.eu\/fr\/des-vacances-sans-soucis\/#breadcrumb\",\"itemListElement\":[{\"@type\":\"ListItem\",\"position\":1,\"name\":\"Home\",\"item\":\"https:\/\/www.in-sit.eu\/fr\/\"},{\"@type\":\"ListItem\",\"position\":2,\"name\":\"Des vacances sans soucis\"}]},{\"@type\":\"WebSite\",\"@id\":\"https:\/\/www.in-sit.eu\/#website\",\"url\":\"https:\/\/www.in-sit.eu\/\",\"name\":\"In-Sit\",\"description\":\"Silver tourism\",\"potentialAction\":[{\"@type\":\"SearchAction\",\"target\":{\"@type\":\"EntryPoint\",\"urlTemplate\":\"https:\/\/www.in-sit.eu\/?s={search_term_string}\"},\"query-input\":\"required name=search_term_string\"}],\"inLanguage\":\"fr-FR\"}]}<\/script>\n<!-- \/ Yoast SEO plugin. -->","yoast_head_json":{"title":"Des vacances sans soucis - In-Sit","robots":{"index":"index","follow":"follow","max-snippet":"max-snippet:-1","max-image-preview":"max-image-preview:large","max-video-preview":"max-video-preview:-1"},"canonical":"https:\/\/www.in-sit.eu\/fr\/des-vacances-sans-soucis\/","og_locale":"fr_FR","og_type":"article","og_title":"Des vacances sans soucis - In-Sit","og_url":"https:\/\/www.in-sit.eu\/fr\/des-vacances-sans-soucis\/","og_site_name":"In-Sit","article_modified_time":"2025-01-22T15:00:07+00:00","twitter_card":"summary_large_image","twitter_misc":{"Dur\u00e9e de lecture estim\u00e9e":"6 minutes"},"schema":{"@context":"https:\/\/schema.org","@graph":[{"@type":"WebPage","@id":"https:\/\/www.in-sit.eu\/fr\/des-vacances-sans-soucis\/","url":"https:\/\/www.in-sit.eu\/fr\/des-vacances-sans-soucis\/","name":"Des vacances sans soucis - In-Sit","isPartOf":{"@id":"https:\/\/www.in-sit.eu\/#website"},"datePublished":"2024-12-19T13:16:15+00:00","dateModified":"2025-01-22T15:00:07+00:00","breadcrumb":{"@id":"https:\/\/www.in-sit.eu\/fr\/des-vacances-sans-soucis\/#breadcrumb"},"inLanguage":"fr-FR","potentialAction":[{"@type":"ReadAction","target":["https:\/\/www.in-sit.eu\/fr\/des-vacances-sans-soucis\/"]}]},{"@type":"BreadcrumbList","@id":"https:\/\/www.in-sit.eu\/fr\/des-vacances-sans-soucis\/#breadcrumb","itemListElement":[{"@type":"ListItem","position":1,"name":"Home","item":"https:\/\/www.in-sit.eu\/fr\/"},{"@type":"ListItem","position":2,"name":"Des vacances sans soucis"}]},{"@type":"WebSite","@id":"https:\/\/www.in-sit.eu\/#website","url":"https:\/\/www.in-sit.eu\/","name":"In-Sit","description":"Silver tourism","potentialAction":[{"@type":"SearchAction","target":{"@type":"EntryPoint","urlTemplate":"https:\/\/www.in-sit.eu\/?s={search_term_string}"},"query-input":"required name=search_term_string"}],"inLanguage":"fr-FR"}]}},"_links":{"self":[{"href":"https:\/\/www.in-sit.eu\/fr\/wp-json\/wp\/v2\/pages\/3823","targetHints":{"allow":["GET"]}}],"collection":[{"href":"https:\/\/www.in-sit.eu\/fr\/wp-json\/wp\/v2\/pages"}],"about":[{"href":"https:\/\/www.in-sit.eu\/fr\/wp-json\/wp\/v2\/types\/page"}],"author":[{"embeddable":true,"href":"https:\/\/www.in-sit.eu\/fr\/wp-json\/wp\/v2\/users\/1"}],"replies":[{"embeddable":true,"href":"https:\/\/www.in-sit.eu\/fr\/wp-json\/wp\/v2\/comments?post=3823"}],"version-history":[{"count":3,"href":"https:\/\/www.in-sit.eu\/fr\/wp-json\/wp\/v2\/pages\/3823\/revisions"}],"predecessor-version":[{"id":3916,"href":"https:\/\/www.in-sit.eu\/fr\/wp-json\/wp\/v2\/pages\/3823\/revisions\/3916"}],"wp:attachment":[{"href":"https:\/\/www.in-sit.eu\/fr\/wp-json\/wp\/v2\/media?parent=3823"}],"curies":[{"name":"wp","href":"https:\/\/api.w.org\/{rel}","templated":true}]}}