{"id":3818,"date":"2024-12-19T13:18:41","date_gmt":"2024-12-19T13:18:41","guid":{"rendered":"https:\/\/www.in-sit.eu\/?page_id=3818"},"modified":"2025-01-22T15:05:04","modified_gmt":"2025-01-22T15:05:04","slug":"promenade-thematique-gratuite","status":"publish","type":"page","link":"https:\/\/www.in-sit.eu\/fr\/promenade-thematique-gratuite\/","title":{"rendered":"Promenade th\u00e9matique gratuite"},"content":{"rendered":"<p><div class=\"fusion-fullwidth fullwidth-box fusion-builder-row-1 fusion-flex-container nonhundred-percent-fullwidth non-hundred-percent-height-scrolling\" style=\"--awb-border-radius-top-left:0px;--awb-border-radius-top-right:0px;--awb-border-radius-bottom-right:0px;--awb-border-radius-bottom-left:0px;--awb-padding-top:60px;--awb-padding-top-medium:32px;--awb-padding-top-small:20px;--awb-background-image:radial-gradient(circle at center top, hsla(var(--awb-color4-h),calc(var(--awb-color4-s) + 20%),var(--awb-color4-l),calc(var(--awb-color4-a) - 90%)) 62%,var(--awb-color1) 62%);\" ><div class=\"fusion-builder-row fusion-row fusion-flex-align-items-flex-start fusion-flex-justify-content-center\" style=\"max-width:1248px;margin-left: calc(-4% \/ 2 );margin-right: calc(-4% \/ 2 );\"><div class=\"fusion-layout-column fusion_builder_column fusion-builder-column-0 fusion_builder_column_3_5 3_5 fusion-flex-column fusion-animated\" style=\"--awb-bg-size:cover;--awb-width-large:60%;--awb-margin-top-large:20px;--awb-spacing-right-large:3.2%;--awb-margin-bottom-large:48px;--awb-spacing-left-large:3.2%;--awb-width-medium:75%;--awb-spacing-right-medium:2.56%;--awb-margin-bottom-medium:40px;--awb-spacing-left-medium:2.56%;--awb-width-small:100%;--awb-spacing-right-small:1.92%;--awb-spacing-left-small:1.92%;\" data-animationType=\"fadeInDown\" data-animationDuration=\"1.6\" data-animationOffset=\"top-into-view\"><div class=\"fusion-column-wrapper fusion-column-has-shadow fusion-flex-justify-content-flex-start fusion-content-layout-column\"><i class=\"fb-icon-element-1 fb-icon-element fontawesome-icon icon-mkb-group circle-yes\" style=\"--awb-iconcolor:var(--awb-color4);--awb-iconcolor-hover:var(--awb-color1);--awb-circlecolor:var(--awb-color1);--awb-circlecolor-hover:var(--awb-color4);--awb-circlebordercolor-hover:hsla(var(--awb-color5-h),var(--awb-color5-s),var(--awb-color5-l),calc(var(--awb-color5-a) - 90%));--awb-circlebordersize:0px;--awb-font-size:36.96px;--awb-width:73.92px;--awb-height:73.92px;--awb-line-height:73.92px;--awb-align-self:center;--awb-margin-top:0px;--awb-margin-right:0px;--awb-margin-bottom:12px;--awb-margin-left:0px;\"><\/i><div class=\"fusion-title title fusion-title-1 fusion-sep-none fusion-title-center fusion-title-text fusion-title-size-six\" style=\"--awb-margin-bottom:4px;--awb-margin-top-small:4px;--awb-margin-bottom-small:4px;--awb-margin-top-medium:4px;--awb-margin-bottom-medium:4px;\"><h6 class=\"title-heading-center fusion-responsive-typography-calculated\" style=\"margin:0;--fontSize:20;--minFontSize:20;line-height:1.5;\">Bonnes pratiques<\/h6><\/div><div class=\"fusion-title title fusion-title-2 fusion-sep-none fusion-title-center fusion-title-text fusion-title-size-one\"><h1 class=\"title-heading-center fusion-responsive-typography-calculated\" style=\"margin:0;--fontSize:72;line-height:var(--awb-typography1-line-height);\">Promenade th\u00e9matique gratuite<\/h1><\/div><div class=\"fusion-text fusion-text-1\" style=\"--awb-content-alignment:center;--awb-font-size:30px;--awb-line-height:1.4em;--awb-letter-spacing:-0.02em;\"><p><b>Vacances inclusives et randonn\u00e9es th\u00e9matiques: une exp\u00e9rience de Silver Tourism en Belgique<\/b><\/p>\n<\/div><\/div><\/div><div class=\"fusion-layout-column fusion_builder_column fusion-builder-column-1 fusion_builder_column_1_2 1_2 fusion-flex-column fusion-animated\" style=\"--awb-bg-size:cover;--awb-width-large:50%;--awb-margin-top-large:20px;--awb-spacing-right-large:3.84%;--awb-margin-bottom-large:20px;--awb-spacing-left-large:3.84%;--awb-width-medium:50%;--awb-order-medium:0;--awb-spacing-right-medium:3.84%;--awb-margin-bottom-medium:60px;--awb-spacing-left-medium:3.84%;--awb-width-small:100%;--awb-order-small:0;--awb-spacing-right-small:1.92%;--awb-margin-bottom-small:20px;--awb-spacing-left-small:1.92%;\" data-animationType=\"fadeInUp\" data-animationDuration=\"1.2\" data-animationOffset=\"top-into-view\"><div class=\"fusion-column-wrapper fusion-column-has-shadow fusion-flex-justify-content-flex-start fusion-content-layout-column\"><div class=\"fusion-image-element \" style=\"text-align:center;--awb-caption-title-font-family:var(--h2_typography-font-family);--awb-caption-title-font-weight:var(--h2_typography-font-weight);--awb-caption-title-font-style:var(--h2_typography-font-style);--awb-caption-title-size:var(--h2_typography-font-size);--awb-caption-title-transform:var(--h2_typography-text-transform);--awb-caption-title-line-height:var(--h2_typography-line-height);--awb-caption-title-letter-spacing:var(--h2_typography-letter-spacing);\"><span class=\" fusion-imageframe imageframe-none imageframe-1 hover-type-none\" class=\"image-magnify\" class=\"image-scroll\"><img decoding=\"async\" width=\"400\" height=\"400\" title=\"Happy senior couple traveling in Europe\" src=\"https:\/\/www.in-sit.eu\/wp-content\/uploads\/2024\/12\/AdobeStock_74955067.jpeg\" data-orig-src=\"https:\/\/www.in-sit.eu\/wp-content\/uploads\/2024\/12\/AdobeStock_74955067.jpeg\" alt class=\"lazyload img-responsive wp-image-3729\" srcset=\"data:image\/svg+xml,%3Csvg%20xmlns%3D%27http%3A%2F%2Fwww.w3.org%2F2000%2Fsvg%27%20width%3D%27400%27%20height%3D%27400%27%20viewBox%3D%270%200%20400%20400%27%3E%3Crect%20width%3D%27400%27%20height%3D%27400%27%20fill-opacity%3D%220%22%2F%3E%3C%2Fsvg%3E\" data-srcset=\"https:\/\/www.in-sit.eu\/wp-content\/uploads\/2024\/12\/AdobeStock_74955067-200x200.jpeg 200w, https:\/\/www.in-sit.eu\/wp-content\/uploads\/2024\/12\/AdobeStock_74955067.jpeg 400w\" data-sizes=\"auto\" data-orig-sizes=\"(max-width: 640px) 100vw, 400px\" \/><\/span><\/div><\/div><\/div><\/div><\/div><div class=\"fusion-fullwidth fullwidth-box fusion-builder-row-2 fusion-flex-container nonhundred-percent-fullwidth non-hundred-percent-height-scrolling\" style=\"--awb-border-radius-top-left:0px;--awb-border-radius-top-right:0px;--awb-border-radius-bottom-right:0px;--awb-border-radius-bottom-left:0px;--awb-padding-top:0px;--awb-padding-bottom:0px;--awb-padding-top-medium:20px;--awb-padding-bottom-medium:20px;--awb-padding-top-small:40px;--awb-padding-bottom-small:40px;--awb-background-color:var(--awb-color1);\" ><div class=\"fusion-builder-row fusion-row fusion-flex-align-items-center fusion-flex-justify-content-center\" style=\"max-width:1248px;margin-left: calc(-4% \/ 2 );margin-right: calc(-4% \/ 2 );\"><div class=\"fusion-layout-column fusion_builder_column fusion-builder-column-2 fusion_builder_column_1_1 1_1 fusion-flex-column fusion-flex-align-self-center fusion-animated\" style=\"--awb-padding-top:50px;--awb-padding-right:50px;--awb-padding-left:50px;--awb-overflow:hidden;--awb-bg-color:var(--awb-color1);--awb-bg-color-hover:var(--awb-color1);--awb-bg-size:cover;--awb-border-radius:12px 12px 12px 12px;--awb-filter:opacity(93%);--awb-filter-transition:filter 0.3s ease;--awb-filter-hover:opacity(100%);--awb-width-large:100%;--awb-margin-top-large:50px;--awb-spacing-right-large:1.92%;--awb-margin-bottom-large:50px;--awb-spacing-left-large:1.92%;--awb-width-medium:100%;--awb-order-medium:0;--awb-spacing-right-medium:1.92%;--awb-spacing-left-medium:1.92%;--awb-width-small:100%;--awb-order-small:0;--awb-spacing-right-small:1.92%;--awb-spacing-left-small:1.92%;\" data-animationType=\"fadeInDown\" data-animationDuration=\"1.6\" data-animationOffset=\"top-into-view\"><div class=\"fusion-column-wrapper fusion-column-has-shadow fusion-flex-justify-content-space-evenly fusion-content-layout-column\"><div class=\"fusion-text fusion-text-2\" style=\"--awb-content-alignment:center;\"><p><span style=\"font-weight: 400;\">Au cours de la phase de recherche de bonnes pratiques men\u00e9e par le partenaire belge du projet In-Sit, La F\u00e9d\u00e9ration Ind\u00e9pendante des Seniors (La FIS) est apparue comme un exemple cl\u00e9 de Silver Tourism. Cette initiative propose \u00e0 la fois des s\u00e9jours inclusifs et des promenades th\u00e9matiques gratuites pour les seniors, favorisant l&rsquo;inclusion sociale, l&rsquo;activit\u00e9 physique et l&rsquo;exploration culturelle. Le projet In-Sit, qui vise \u00e0 am\u00e9liorer les possibilit\u00e9s de tourisme pour les personnes \u00e2g\u00e9es, a mis en \u00e9vidence ces pratiques en tant que mod\u00e8le pour la cr\u00e9ation d&rsquo;exp\u00e9riences de voyage enrichissantes et accessibles aux personnes \u00e2g\u00e9es.<\/span><\/p>\n<p><span style=\"font-weight: 400;\">La FIS se distingue par son approche personnalis\u00e9e, en proposant des vacances avec trois niveaux d&rsquo;accessibilit\u00e9 distincts : facile, moyen et avanc\u00e9. Cela permet aux personnes \u00e2g\u00e9es de choisir des voyages qui correspondent \u00e0 leurs capacit\u00e9s physiques, garantissant que chaque participant peut profiter des vacances sans se sentir limit\u00e9 par sa mobilit\u00e9. Avant le d\u00e9part, les participants remplissent un formulaire m\u00e9dical pour s&rsquo;assurer qu&rsquo;ils sont plac\u00e9s dans un groupe adapt\u00e9 \u00e0 leurs besoins, ce qui garantit leur confort et leur s\u00e9curit\u00e9 tout au long du voyage.<\/span><\/p>\n<p><span style=\"font-weight: 400;\">En plus des voyages de vacances, La FIS organise des promenades th\u00e9matiques gratuites dans toute la Belgique, conduites par des b\u00e9n\u00e9voles motiv\u00e9s. Ces promenades explorent des th\u00e8mes tels que l&rsquo;\u00e9cologie, la durabilit\u00e9 et le patrimoine local, offrant aux personnes \u00e2g\u00e9es l&rsquo;occasion de s&rsquo;engager dans leur environnement tout en pratiquant une activit\u00e9 physique \u00e0 faible impact. Ces promenades favorisent non seulement la sant\u00e9 et le bien-\u00eatre, mais cr\u00e9ent \u00e9galement des opportunit\u00e9s d&rsquo;interaction sociale et de renforcement de la communaut\u00e9.<\/span><\/p>\n<p><span style=\"font-weight: 400;\">La v\u00e9ritable force de ces initiatives r\u00e9side dans leur capacit\u00e9 \u00e0 favoriser les liens entre les participants. Apr\u00e8s chaque promenade, les personnes \u00e2g\u00e9es sont encourag\u00e9es \u00e0 poursuivre leur rencontre en partageant un repas ou une boisson, ce qui renforce leur sentiment de communaut\u00e9 et d&rsquo;appartenance. De nombreuses personnes \u00e2g\u00e9es reviennent chaque ann\u00e9e, attir\u00e9es par la possibilit\u00e9 de participer \u00e0 des activit\u00e9s agr\u00e9ables, accessibles et socialement gratifiantes.<\/span><\/p>\n<p><span style=\"font-weight: 400;\">Les efforts de la FIS en mati\u00e8re de Silver Tourisme ont \u00e9t\u00e9 couronn\u00e9s de succ\u00e8s. Soutenue par la F\u00e9d\u00e9ration Wallonie-Bruxelles et la R\u00e9gion de Bruxelles-Capitale, l&rsquo;organisation organise chaque ann\u00e9e quatre s\u00e9jours et quatre randonn\u00e9es th\u00e9matiques, avec environ 40 participants pour les s\u00e9jours et 15 pour les randonn\u00e9es. Ces initiatives sont devenues la pierre angulaire du tourisme adapt\u00e9 aux seniors en Belgique, offrant des exp\u00e9riences pr\u00e9cieuses qui r\u00e9pondent aux besoins sp\u00e9cifiques des voyageurs seniors..<\/span><\/p>\n<p><span style=\"font-weight: 400;\">Cette initiative, observ\u00e9e dans le cadre du projet In-Sit, montre que d&rsquo;autres r\u00e9gions peuvent mettre en \u0153uvre des pratiques similaires pour promouvoir le tourisme accessible aux personnes \u00e2g\u00e9es. En donnant la priorit\u00e9 \u00e0 l&rsquo;inclusion, La FIS montre que le voyage peut \u00eatre \u00e0 la fois enrichissant et confortable, en veillant \u00e0 ce que les personnes \u00e2g\u00e9es puissent profiter pleinement de leurs aventures dans le respect de leurs capacit\u00e9s physiques et de leurs int\u00e9r\u00eats personnels.<\/span><\/p>\n<\/div><\/div><\/div><\/div><\/div><\/p>\n","protected":false},"excerpt":{"rendered":"","protected":false},"author":1,"featured_media":0,"parent":0,"menu_order":0,"comment_status":"closed","ping_status":"closed","template":"100-width.php","meta":{"content-type":"","footnotes":""},"class_list":["post-3818","page","type-page","status-publish","hentry"],"acf":[],"yoast_head":"<!-- This site is optimized with the Yoast SEO plugin v20.9 - https:\/\/yoast.com\/wordpress\/plugins\/seo\/ -->\n<title>Promenade th\u00e9matique gratuite - In-Sit<\/title>\n<meta name=\"robots\" content=\"index, follow, max-snippet:-1, max-image-preview:large, max-video-preview:-1\" \/>\n<link rel=\"canonical\" href=\"https:\/\/www.in-sit.eu\/fr\/promenade-thematique-gratuite\/\" \/>\n<meta property=\"og:locale\" content=\"fr_FR\" \/>\n<meta property=\"og:type\" content=\"article\" \/>\n<meta property=\"og:title\" content=\"Promenade th\u00e9matique gratuite - In-Sit\" \/>\n<meta property=\"og:url\" content=\"https:\/\/www.in-sit.eu\/fr\/promenade-thematique-gratuite\/\" \/>\n<meta property=\"og:site_name\" content=\"In-Sit\" \/>\n<meta property=\"article:modified_time\" content=\"2025-01-22T15:05:04+00:00\" \/>\n<meta name=\"twitter:card\" content=\"summary_large_image\" \/>\n<meta name=\"twitter:label1\" content=\"Dur\u00e9e de lecture estim\u00e9e\" \/>\n\t<meta name=\"twitter:data1\" content=\"5 minutes\" \/>\n<script type=\"application\/ld+json\" class=\"yoast-schema-graph\">{\"@context\":\"https:\/\/schema.org\",\"@graph\":[{\"@type\":\"WebPage\",\"@id\":\"https:\/\/www.in-sit.eu\/fr\/promenade-thematique-gratuite\/\",\"url\":\"https:\/\/www.in-sit.eu\/fr\/promenade-thematique-gratuite\/\",\"name\":\"Promenade th\u00e9matique gratuite - In-Sit\",\"isPartOf\":{\"@id\":\"https:\/\/www.in-sit.eu\/#website\"},\"datePublished\":\"2024-12-19T13:18:41+00:00\",\"dateModified\":\"2025-01-22T15:05:04+00:00\",\"breadcrumb\":{\"@id\":\"https:\/\/www.in-sit.eu\/fr\/promenade-thematique-gratuite\/#breadcrumb\"},\"inLanguage\":\"fr-FR\",\"potentialAction\":[{\"@type\":\"ReadAction\",\"target\":[\"https:\/\/www.in-sit.eu\/fr\/promenade-thematique-gratuite\/\"]}]},{\"@type\":\"BreadcrumbList\",\"@id\":\"https:\/\/www.in-sit.eu\/fr\/promenade-thematique-gratuite\/#breadcrumb\",\"itemListElement\":[{\"@type\":\"ListItem\",\"position\":1,\"name\":\"Home\",\"item\":\"https:\/\/www.in-sit.eu\/fr\/\"},{\"@type\":\"ListItem\",\"position\":2,\"name\":\"Promenade th\u00e9matique gratuite\"}]},{\"@type\":\"WebSite\",\"@id\":\"https:\/\/www.in-sit.eu\/#website\",\"url\":\"https:\/\/www.in-sit.eu\/\",\"name\":\"In-Sit\",\"description\":\"Silver tourism\",\"potentialAction\":[{\"@type\":\"SearchAction\",\"target\":{\"@type\":\"EntryPoint\",\"urlTemplate\":\"https:\/\/www.in-sit.eu\/?s={search_term_string}\"},\"query-input\":\"required name=search_term_string\"}],\"inLanguage\":\"fr-FR\"}]}<\/script>\n<!-- \/ Yoast SEO plugin. -->","yoast_head_json":{"title":"Promenade th\u00e9matique gratuite - In-Sit","robots":{"index":"index","follow":"follow","max-snippet":"max-snippet:-1","max-image-preview":"max-image-preview:large","max-video-preview":"max-video-preview:-1"},"canonical":"https:\/\/www.in-sit.eu\/fr\/promenade-thematique-gratuite\/","og_locale":"fr_FR","og_type":"article","og_title":"Promenade th\u00e9matique gratuite - In-Sit","og_url":"https:\/\/www.in-sit.eu\/fr\/promenade-thematique-gratuite\/","og_site_name":"In-Sit","article_modified_time":"2025-01-22T15:05:04+00:00","twitter_card":"summary_large_image","twitter_misc":{"Dur\u00e9e de lecture estim\u00e9e":"5 minutes"},"schema":{"@context":"https:\/\/schema.org","@graph":[{"@type":"WebPage","@id":"https:\/\/www.in-sit.eu\/fr\/promenade-thematique-gratuite\/","url":"https:\/\/www.in-sit.eu\/fr\/promenade-thematique-gratuite\/","name":"Promenade th\u00e9matique gratuite - In-Sit","isPartOf":{"@id":"https:\/\/www.in-sit.eu\/#website"},"datePublished":"2024-12-19T13:18:41+00:00","dateModified":"2025-01-22T15:05:04+00:00","breadcrumb":{"@id":"https:\/\/www.in-sit.eu\/fr\/promenade-thematique-gratuite\/#breadcrumb"},"inLanguage":"fr-FR","potentialAction":[{"@type":"ReadAction","target":["https:\/\/www.in-sit.eu\/fr\/promenade-thematique-gratuite\/"]}]},{"@type":"BreadcrumbList","@id":"https:\/\/www.in-sit.eu\/fr\/promenade-thematique-gratuite\/#breadcrumb","itemListElement":[{"@type":"ListItem","position":1,"name":"Home","item":"https:\/\/www.in-sit.eu\/fr\/"},{"@type":"ListItem","position":2,"name":"Promenade th\u00e9matique gratuite"}]},{"@type":"WebSite","@id":"https:\/\/www.in-sit.eu\/#website","url":"https:\/\/www.in-sit.eu\/","name":"In-Sit","description":"Silver tourism","potentialAction":[{"@type":"SearchAction","target":{"@type":"EntryPoint","urlTemplate":"https:\/\/www.in-sit.eu\/?s={search_term_string}"},"query-input":"required name=search_term_string"}],"inLanguage":"fr-FR"}]}},"_links":{"self":[{"href":"https:\/\/www.in-sit.eu\/fr\/wp-json\/wp\/v2\/pages\/3818","targetHints":{"allow":["GET"]}}],"collection":[{"href":"https:\/\/www.in-sit.eu\/fr\/wp-json\/wp\/v2\/pages"}],"about":[{"href":"https:\/\/www.in-sit.eu\/fr\/wp-json\/wp\/v2\/types\/page"}],"author":[{"embeddable":true,"href":"https:\/\/www.in-sit.eu\/fr\/wp-json\/wp\/v2\/users\/1"}],"replies":[{"embeddable":true,"href":"https:\/\/www.in-sit.eu\/fr\/wp-json\/wp\/v2\/comments?post=3818"}],"version-history":[{"count":5,"href":"https:\/\/www.in-sit.eu\/fr\/wp-json\/wp\/v2\/pages\/3818\/revisions"}],"predecessor-version":[{"id":3918,"href":"https:\/\/www.in-sit.eu\/fr\/wp-json\/wp\/v2\/pages\/3818\/revisions\/3918"}],"wp:attachment":[{"href":"https:\/\/www.in-sit.eu\/fr\/wp-json\/wp\/v2\/media?parent=3818"}],"curies":[{"name":"wp","href":"https:\/\/api.w.org\/{rel}","templated":true}]}}