{"id":3687,"date":"2024-12-19T10:52:13","date_gmt":"2024-12-19T10:52:13","guid":{"rendered":"https:\/\/www.in-sit.eu\/?page_id=3687"},"modified":"2024-12-19T15:33:48","modified_gmt":"2024-12-19T15:33:48","slug":"deuxieme-visite-dechange-mons","status":"publish","type":"page","link":"https:\/\/www.in-sit.eu\/fr\/deuxieme-visite-dechange-mons\/","title":{"rendered":"Promouvoir le Silver Tourism en Europe par le biais du projet Erasmus+ In-Sit"},"content":{"rendered":"<p><div class=\"fusion-fullwidth fullwidth-box fusion-builder-row-1 fusion-flex-container nonhundred-percent-fullwidth non-hundred-percent-height-scrolling\" style=\"--awb-border-radius-top-left:0px;--awb-border-radius-top-right:0px;--awb-border-radius-bottom-right:0px;--awb-border-radius-bottom-left:0px;--awb-padding-top:60px;--awb-padding-top-medium:32px;--awb-padding-top-small:20px;--awb-background-image:radial-gradient(circle at center top, hsla(var(--awb-color8-h),calc(var(--awb-color8-s) + 20%),var(--awb-color8-l),calc(var(--awb-color8-a) - 90%)) 62%,var(--awb-color1) 62%);\" ><div class=\"fusion-builder-row fusion-row fusion-flex-align-items-flex-start fusion-flex-justify-content-center\" style=\"max-width:1248px;margin-left: calc(-4% \/ 2 );margin-right: calc(-4% \/ 2 );\"><div class=\"fusion-layout-column fusion_builder_column fusion-builder-column-0 fusion_builder_column_3_5 3_5 fusion-flex-column fusion-animated\" style=\"--awb-bg-size:cover;--awb-width-large:60%;--awb-margin-top-large:20px;--awb-spacing-right-large:3.2%;--awb-margin-bottom-large:48px;--awb-spacing-left-large:3.2%;--awb-width-medium:75%;--awb-spacing-right-medium:2.56%;--awb-margin-bottom-medium:40px;--awb-spacing-left-medium:2.56%;--awb-width-small:100%;--awb-spacing-right-small:1.92%;--awb-spacing-left-small:1.92%;\" data-animationType=\"fadeInDown\" data-animationDuration=\"1.6\" data-animationOffset=\"top-into-view\"><div class=\"fusion-column-wrapper fusion-column-has-shadow fusion-flex-justify-content-flex-start fusion-content-layout-column\"><i class=\"fb-icon-element-1 fb-icon-element fontawesome-icon icon-mkb-group circle-yes\" style=\"--awb-iconcolor:var(--awb-color4);--awb-iconcolor-hover:var(--awb-color1);--awb-circlecolor:var(--awb-color1);--awb-circlecolor-hover:var(--awb-color4);--awb-circlebordercolor-hover:hsla(var(--awb-color5-h),var(--awb-color5-s),var(--awb-color5-l),calc(var(--awb-color5-a) - 90%));--awb-circlebordersize:0px;--awb-font-size:36.96px;--awb-width:73.92px;--awb-height:73.92px;--awb-line-height:73.92px;--awb-align-self:center;--awb-margin-top:0px;--awb-margin-right:0px;--awb-margin-bottom:12px;--awb-margin-left:0px;\"><\/i><div class=\"fusion-title title fusion-title-1 fusion-sep-none fusion-title-center fusion-title-text fusion-title-size-six\" style=\"--awb-margin-bottom:4px;--awb-margin-top-small:4px;--awb-margin-bottom-small:4px;--awb-margin-top-medium:4px;--awb-margin-bottom-medium:4px;\"><h6 class=\"title-heading-center fusion-responsive-typography-calculated\" style=\"margin:0;--fontSize:20;--minFontSize:20;line-height:1.5;\">Exchange Visit<\/h6><\/div><div class=\"fusion-title title fusion-title-2 fusion-sep-none fusion-title-center fusion-title-text fusion-title-size-one\"><h1 class=\"title-heading-center fusion-responsive-typography-calculated\" style=\"margin:0;--fontSize:72;line-height:var(--awb-typography1-line-height);\">Promouvoir le Silver Tourism en Europe par le biais du projet Erasmus+ In-Sit<\/h1><\/div><div class=\"fusion-text fusion-text-1\" style=\"--awb-content-alignment:center;--awb-font-size:30px;--awb-line-height:1.4em;--awb-letter-spacing:-0.02em;\"><p><b>Promouvoir le Silver Tourism en Europe par le biais du projet Erasmus+ In-Sit : Partage des bonnes pratiques lors de la troisi\u00e8me et derni\u00e8re visite d&rsquo;\u00e9change \u00e0 Mons, Belgique<\/b><\/p>\n<\/div><\/div><\/div><div class=\"fusion-layout-column fusion_builder_column fusion-builder-column-1 fusion_builder_column_1_2 1_2 fusion-flex-column fusion-animated\" style=\"--awb-bg-size:cover;--awb-width-large:50%;--awb-margin-top-large:20px;--awb-spacing-right-large:3.84%;--awb-margin-bottom-large:20px;--awb-spacing-left-large:3.84%;--awb-width-medium:50%;--awb-order-medium:0;--awb-spacing-right-medium:3.84%;--awb-margin-bottom-medium:60px;--awb-spacing-left-medium:3.84%;--awb-width-small:100%;--awb-order-small:0;--awb-spacing-right-small:1.92%;--awb-margin-bottom-small:20px;--awb-spacing-left-small:1.92%;\" data-animationType=\"fadeInUp\" data-animationDuration=\"1.2\" data-animationOffset=\"top-into-view\"><div class=\"fusion-column-wrapper fusion-column-has-shadow fusion-flex-justify-content-flex-start fusion-content-layout-column\"><div class=\"fusion-image-element \" style=\"--awb-caption-title-font-family:var(--h2_typography-font-family);--awb-caption-title-font-weight:var(--h2_typography-font-weight);--awb-caption-title-font-style:var(--h2_typography-font-style);--awb-caption-title-size:var(--h2_typography-font-size);--awb-caption-title-transform:var(--h2_typography-text-transform);--awb-caption-title-line-height:var(--h2_typography-line-height);--awb-caption-title-letter-spacing:var(--h2_typography-letter-spacing);\"><span class=\" fusion-imageframe imageframe-none imageframe-1 hover-type-none\" class=\"image-magnify\" class=\"image-scroll\"><img decoding=\"async\" width=\"972\" height=\"1024\" title=\"mons_belgio\" src=\"https:\/\/www.in-sit.eu\/wp-content\/uploads\/2024\/12\/mons_belgio.jpg\" data-orig-src=\"https:\/\/www.in-sit.eu\/wp-content\/uploads\/2024\/12\/mons_belgio-972x1024.jpg\" alt class=\"lazyload img-responsive wp-image-3681\" srcset=\"data:image\/svg+xml,%3Csvg%20xmlns%3D%27http%3A%2F%2Fwww.w3.org%2F2000%2Fsvg%27%20width%3D%271224%27%20height%3D%271290%27%20viewBox%3D%270%200%201224%201290%27%3E%3Crect%20width%3D%271224%27%20height%3D%271290%27%20fill-opacity%3D%220%22%2F%3E%3C%2Fsvg%3E\" data-srcset=\"https:\/\/www.in-sit.eu\/wp-content\/uploads\/2024\/12\/mons_belgio-200x211.jpg 200w, https:\/\/www.in-sit.eu\/wp-content\/uploads\/2024\/12\/mons_belgio-400x422.jpg 400w, https:\/\/www.in-sit.eu\/wp-content\/uploads\/2024\/12\/mons_belgio-600x632.jpg 600w, https:\/\/www.in-sit.eu\/wp-content\/uploads\/2024\/12\/mons_belgio-800x843.jpg 800w, https:\/\/www.in-sit.eu\/wp-content\/uploads\/2024\/12\/mons_belgio-1200x1265.jpg 1200w, https:\/\/www.in-sit.eu\/wp-content\/uploads\/2024\/12\/mons_belgio.jpg 1224w\" data-sizes=\"auto\" data-orig-sizes=\"(max-width: 640px) 100vw, 600px\" \/><\/span><\/div><\/div><\/div><\/div><\/div><div class=\"fusion-fullwidth fullwidth-box fusion-builder-row-2 fusion-flex-container nonhundred-percent-fullwidth non-hundred-percent-height-scrolling\" style=\"--awb-border-radius-top-left:0px;--awb-border-radius-top-right:0px;--awb-border-radius-bottom-right:0px;--awb-border-radius-bottom-left:0px;--awb-padding-top:0px;--awb-padding-bottom:0px;--awb-padding-top-medium:20px;--awb-padding-bottom-medium:20px;--awb-padding-top-small:40px;--awb-padding-bottom-small:40px;--awb-background-color:var(--awb-color1);\" ><div class=\"fusion-builder-row fusion-row fusion-flex-align-items-center fusion-flex-justify-content-center\" style=\"max-width:1248px;margin-left: calc(-4% \/ 2 );margin-right: calc(-4% \/ 2 );\"><div class=\"fusion-layout-column fusion_builder_column fusion-builder-column-2 fusion_builder_column_1_1 1_1 fusion-flex-column fusion-flex-align-self-center fusion-animated\" style=\"--awb-padding-top:50px;--awb-padding-right:50px;--awb-padding-left:50px;--awb-overflow:hidden;--awb-bg-color:var(--awb-color1);--awb-bg-color-hover:var(--awb-color1);--awb-bg-size:cover;--awb-border-radius:12px 12px 12px 12px;--awb-filter:opacity(93%);--awb-filter-transition:filter 0.3s ease;--awb-filter-hover:opacity(100%);--awb-width-large:100%;--awb-margin-top-large:50px;--awb-spacing-right-large:1.92%;--awb-margin-bottom-large:50px;--awb-spacing-left-large:1.92%;--awb-width-medium:100%;--awb-order-medium:0;--awb-spacing-right-medium:1.92%;--awb-spacing-left-medium:1.92%;--awb-width-small:100%;--awb-order-small:0;--awb-spacing-right-small:1.92%;--awb-spacing-left-small:1.92%;\" data-animationType=\"fadeInDown\" data-animationDuration=\"1.6\" data-animationOffset=\"top-into-view\"><div class=\"fusion-column-wrapper fusion-column-has-shadow fusion-flex-justify-content-space-evenly fusion-content-layout-column\"><div class=\"fusion-text fusion-text-2\" style=\"--awb-content-alignment:center;\"><p><span style=\"font-weight: 400;\">Du 30 juillet au 2 ao\u00fbt 2024, la ville de Mons, en Belgique, a accueilli la troisi\u00e8me et derni\u00e8re visite d&rsquo;\u00e9change du projet Erasmus+ Silver Tourism, en accueillant des partenaires d&rsquo;Italie (Consortium Solco Citt\u00e0 Aperta) et de Turquie (SERGED). Cet \u00e9change a marqu\u00e9 une \u00e9tape cl\u00e9 du projet, qui vise \u00e0 promouvoir le tourisme inclusif pour les seniors et \u00e0 partager les meilleures pratiques dans l&rsquo;industrie du tourisme.<\/span><\/p>\n<p><b>Jour 1 \u2013 Exploration de Mons \u00e0 travers le Street Art<\/b><span style=\"font-weight: 400;\"><br \/>\n<\/span><span style=\"font-weight: 400;\">Le mercredi 31 juillet, le voyage d&rsquo;\u00e9change a commenc\u00e9 par une visite unique intitul\u00e9e <\/span><b>\u00ab L&rsquo;art habite la ville \u00bb<\/b><span style=\"font-weight: 400;\">, une visite guid\u00e9e des rues de Mons par un senior retrait\u00e9.<\/span><\/p>\n<p><span style=\"font-weight: 400;\">\u00a0Cette exp\u00e9rience a permis aux partenaires turcs et italiens de d\u00e9couvrir l&rsquo;art vibrant qui donne vie \u00e0 la ville, tout en soulignant l&rsquo;implication des seniors dans la promotion du tourisme culturel. La visite a mis en \u00e9vidence le m\u00e9lange de la cr\u00e9ativit\u00e9 contemporaine et de la riche histoire de la ville, ce qui en fait une destination id\u00e9ale pour les voyageurs seniors \u00e0 la recherche d&rsquo;exp\u00e9riences artistiques et culturelles.<\/span><\/p>\n<p><span style=\"font-weight: 400;\">After the tour, the group was welcomed at <\/span><b>VisitMons<\/b><span style=\"font-weight: 400;\">, the city\u2019s tourism office, where the assistant director and the reception and shop coordinator greeted them. These representatives, who interact closely with tourists, presented Mons as a senior-friendly destination. They highlighted the city\u2019s initiatives in <\/span><b>Silver Tourism<\/b><span style=\"font-weight: 400;\">, as well as its offerings for people with disabilities or reduced mobility, ensuring that all visitors, regardless of age or physical ability, can fully enjoy the Mons experience.<\/span><\/p>\n<p><b>Jour 2 \u2013 D\u00e9veloppement du projet en coop\u00e9ration<\/b><span style=\"font-weight: 400;\"><br \/>\n<\/span><span style=\"font-weight: 400;\">Le jeudi 1er ao\u00fbt, les partenaires se sont r\u00e9unis \u00e0 SkyLabMons, dans les bureaux de Logopsycom, pour une session de travail. La journ\u00e9e a \u00e9t\u00e9 consacr\u00e9e \u00e0 l&rsquo;avancement des objectifs du projet, notamment :<\/span><\/p>\n<ul>\n<li style=\"font-weight: 400;\" aria-level=\"1\"><b>Finaliser les bonnes pratiques : <\/b><span style=\"font-weight: 400;\">Les partenaires ont \u00e9chang\u00e9 des id\u00e9es et des approches innovantes pour am\u00e9liorer l&rsquo;offre touristique destin\u00e9e aux seniors, en s&rsquo;appuyant sur les exp\u00e9riences acquises lors des visites d&rsquo;\u00e9change pr\u00e9c\u00e9dentes.<\/span><\/li>\n<li style=\"font-weight: 400;\" aria-level=\"1\"><b>Finalisation du guide : <\/b><span style=\"font-weight: 400;\">Une \u00e9tape cruciale vers la cr\u00e9ation d&rsquo;un guide complet pour les op\u00e9rateurs touristiques sur la mani\u00e8re de mieux servir les voyageurs seniors en Europe.<\/span><\/li>\n<li style=\"font-weight: 400;\" aria-level=\"1\"><b>Planification des ateliers : <\/b><span style=\"font-weight: 400;\">Les partenaires ont discut\u00e9 des prochains ateliers participatifs impliquant plusieurs parties prenantes, au cours desquels les tour-op\u00e9rateurs, les entreprises h\u00f4teli\u00e8res locales et les d\u00e9cideurs contribueront \u00e0 valider et \u00e0 am\u00e9liorer le contenu du guide, dans le but de moderniser les services, d&rsquo;am\u00e9liorer les installations pour les touristes seniors et de renforcer les comp\u00e9tences de l&rsquo;\u00e9quipe.<\/span><\/li>\n<\/ul>\n<p><span style=\"font-weight: 400;\">Les discussions de l&rsquo;apr\u00e8s-midi ont port\u00e9 sur la <\/span><b>gestion de la qualit\u00e9<\/b><span style=\"font-weight: 400;\">, la <\/span><b>communication des r\u00e9sultats<\/b><span style=\"font-weight: 400;\"> et le <\/span><b>financement du projet<\/b><span style=\"font-weight: 400;\">, afin de garantir que les r\u00e9sultats du projet aient un impact et soient durables. La journ\u00e9e s&rsquo;est achev\u00e9e par un repas commun, offrant un environnement d\u00e9tendu propice \u00e0 l&rsquo;\u00e9change d&rsquo;id\u00e9es et d&rsquo;exp\u00e9riences.<\/span><\/p>\n<p><b>Dernier \u00e9change et perspectives d&rsquo;avenir<\/b><span style=\"font-weight: 400;\"><br \/>\n<\/span><span style=\"font-weight: 400;\">Derni\u00e8re visite d&rsquo;\u00e9change dans le cadre du projet Erasmus+ In-Sit : Silver Tourism, la visite de Mons a \u00e9t\u00e9 une conclusion appropri\u00e9e au voyage de collaboration entre les partenaires belges, italiens et turcs. Le projet, \u00e0 travers ses diff\u00e9rentes visites d&rsquo;\u00e9change, a permis de recueillir des informations pr\u00e9cieuses et des bonnes pratiques pour am\u00e9liorer le tourisme des seniors en Europe.<\/span><\/p>\n<p><span style=\"font-weight: 400;\">Avec la finalisation des outils et du guide du projet, les professionnels du tourisme disposeront d\u00e9sormais d&rsquo;un cadre pour offrir aux seniors des exp\u00e9riences inclusives et m\u00e9morables. Mons, qui met l&rsquo;accent sur l&rsquo;accessibilit\u00e9, la culture et la cr\u00e9ativit\u00e9, a servi de toile de fond \u00e0 cette derni\u00e8re \u00e9tape du projet. L&rsquo;initiative Silver Tourism est d\u00e9sormais pr\u00eate \u00e0 avoir un impact durable sur l&rsquo;industrie europ\u00e9enne du tourisme, en veillant \u00e0 ce que les voyageurs seniors soient non seulement accueillis, mais aussi c\u00e9l\u00e9br\u00e9s par des exp\u00e9riences de voyage exceptionnelles.<\/span><\/p>\n<\/div><\/div><\/div><\/div><\/div><\/p>\n","protected":false},"excerpt":{"rendered":"","protected":false},"author":1,"featured_media":0,"parent":0,"menu_order":0,"comment_status":"closed","ping_status":"closed","template":"100-width.php","meta":{"content-type":"","footnotes":""},"class_list":["post-3687","page","type-page","status-publish","hentry"],"acf":[],"yoast_head":"<!-- This site is optimized with the Yoast SEO plugin v20.9 - https:\/\/yoast.com\/wordpress\/plugins\/seo\/ -->\n<title>Promouvoir le Silver Tourism en Europe par le biais du projet Erasmus+ In-Sit - In-Sit<\/title>\n<meta name=\"robots\" content=\"index, follow, max-snippet:-1, max-image-preview:large, max-video-preview:-1\" \/>\n<link rel=\"canonical\" href=\"https:\/\/www.in-sit.eu\/fr\/deuxieme-visite-dechange-mons\/\" \/>\n<meta property=\"og:locale\" content=\"fr_FR\" \/>\n<meta property=\"og:type\" content=\"article\" \/>\n<meta property=\"og:title\" content=\"Promouvoir le Silver Tourism en Europe par le biais du projet Erasmus+ In-Sit - In-Sit\" \/>\n<meta property=\"og:url\" content=\"https:\/\/www.in-sit.eu\/fr\/deuxieme-visite-dechange-mons\/\" \/>\n<meta property=\"og:site_name\" content=\"In-Sit\" \/>\n<meta property=\"article:modified_time\" content=\"2024-12-19T15:33:48+00:00\" \/>\n<meta name=\"twitter:card\" content=\"summary_large_image\" \/>\n<meta name=\"twitter:label1\" content=\"Dur\u00e9e de lecture estim\u00e9e\" \/>\n\t<meta name=\"twitter:data1\" content=\"6 minutes\" \/>\n<script type=\"application\/ld+json\" class=\"yoast-schema-graph\">{\"@context\":\"https:\/\/schema.org\",\"@graph\":[{\"@type\":\"WebPage\",\"@id\":\"https:\/\/www.in-sit.eu\/fr\/deuxieme-visite-dechange-mons\/\",\"url\":\"https:\/\/www.in-sit.eu\/fr\/deuxieme-visite-dechange-mons\/\",\"name\":\"Promouvoir le Silver Tourism en Europe par le biais du projet Erasmus+ In-Sit - In-Sit\",\"isPartOf\":{\"@id\":\"https:\/\/www.in-sit.eu\/#website\"},\"datePublished\":\"2024-12-19T10:52:13+00:00\",\"dateModified\":\"2024-12-19T15:33:48+00:00\",\"breadcrumb\":{\"@id\":\"https:\/\/www.in-sit.eu\/fr\/deuxieme-visite-dechange-mons\/#breadcrumb\"},\"inLanguage\":\"fr-FR\",\"potentialAction\":[{\"@type\":\"ReadAction\",\"target\":[\"https:\/\/www.in-sit.eu\/fr\/deuxieme-visite-dechange-mons\/\"]}]},{\"@type\":\"BreadcrumbList\",\"@id\":\"https:\/\/www.in-sit.eu\/fr\/deuxieme-visite-dechange-mons\/#breadcrumb\",\"itemListElement\":[{\"@type\":\"ListItem\",\"position\":1,\"name\":\"Home\",\"item\":\"https:\/\/www.in-sit.eu\/fr\/\"},{\"@type\":\"ListItem\",\"position\":2,\"name\":\"Promouvoir le Silver Tourism en Europe par le biais du projet Erasmus+ In-Sit\"}]},{\"@type\":\"WebSite\",\"@id\":\"https:\/\/www.in-sit.eu\/#website\",\"url\":\"https:\/\/www.in-sit.eu\/\",\"name\":\"In-Sit\",\"description\":\"Silver tourism\",\"potentialAction\":[{\"@type\":\"SearchAction\",\"target\":{\"@type\":\"EntryPoint\",\"urlTemplate\":\"https:\/\/www.in-sit.eu\/?s={search_term_string}\"},\"query-input\":\"required name=search_term_string\"}],\"inLanguage\":\"fr-FR\"}]}<\/script>\n<!-- \/ Yoast SEO plugin. -->","yoast_head_json":{"title":"Promouvoir le Silver Tourism en Europe par le biais du projet Erasmus+ In-Sit - In-Sit","robots":{"index":"index","follow":"follow","max-snippet":"max-snippet:-1","max-image-preview":"max-image-preview:large","max-video-preview":"max-video-preview:-1"},"canonical":"https:\/\/www.in-sit.eu\/fr\/deuxieme-visite-dechange-mons\/","og_locale":"fr_FR","og_type":"article","og_title":"Promouvoir le Silver Tourism en Europe par le biais du projet Erasmus+ In-Sit - In-Sit","og_url":"https:\/\/www.in-sit.eu\/fr\/deuxieme-visite-dechange-mons\/","og_site_name":"In-Sit","article_modified_time":"2024-12-19T15:33:48+00:00","twitter_card":"summary_large_image","twitter_misc":{"Dur\u00e9e de lecture estim\u00e9e":"6 minutes"},"schema":{"@context":"https:\/\/schema.org","@graph":[{"@type":"WebPage","@id":"https:\/\/www.in-sit.eu\/fr\/deuxieme-visite-dechange-mons\/","url":"https:\/\/www.in-sit.eu\/fr\/deuxieme-visite-dechange-mons\/","name":"Promouvoir le Silver Tourism en Europe par le biais du projet Erasmus+ In-Sit - In-Sit","isPartOf":{"@id":"https:\/\/www.in-sit.eu\/#website"},"datePublished":"2024-12-19T10:52:13+00:00","dateModified":"2024-12-19T15:33:48+00:00","breadcrumb":{"@id":"https:\/\/www.in-sit.eu\/fr\/deuxieme-visite-dechange-mons\/#breadcrumb"},"inLanguage":"fr-FR","potentialAction":[{"@type":"ReadAction","target":["https:\/\/www.in-sit.eu\/fr\/deuxieme-visite-dechange-mons\/"]}]},{"@type":"BreadcrumbList","@id":"https:\/\/www.in-sit.eu\/fr\/deuxieme-visite-dechange-mons\/#breadcrumb","itemListElement":[{"@type":"ListItem","position":1,"name":"Home","item":"https:\/\/www.in-sit.eu\/fr\/"},{"@type":"ListItem","position":2,"name":"Promouvoir le Silver Tourism en Europe par le biais du projet Erasmus+ In-Sit"}]},{"@type":"WebSite","@id":"https:\/\/www.in-sit.eu\/#website","url":"https:\/\/www.in-sit.eu\/","name":"In-Sit","description":"Silver tourism","potentialAction":[{"@type":"SearchAction","target":{"@type":"EntryPoint","urlTemplate":"https:\/\/www.in-sit.eu\/?s={search_term_string}"},"query-input":"required name=search_term_string"}],"inLanguage":"fr-FR"}]}},"_links":{"self":[{"href":"https:\/\/www.in-sit.eu\/fr\/wp-json\/wp\/v2\/pages\/3687","targetHints":{"allow":["GET"]}}],"collection":[{"href":"https:\/\/www.in-sit.eu\/fr\/wp-json\/wp\/v2\/pages"}],"about":[{"href":"https:\/\/www.in-sit.eu\/fr\/wp-json\/wp\/v2\/types\/page"}],"author":[{"embeddable":true,"href":"https:\/\/www.in-sit.eu\/fr\/wp-json\/wp\/v2\/users\/1"}],"replies":[{"embeddable":true,"href":"https:\/\/www.in-sit.eu\/fr\/wp-json\/wp\/v2\/comments?post=3687"}],"version-history":[{"count":6,"href":"https:\/\/www.in-sit.eu\/fr\/wp-json\/wp\/v2\/pages\/3687\/revisions"}],"predecessor-version":[{"id":3739,"href":"https:\/\/www.in-sit.eu\/fr\/wp-json\/wp\/v2\/pages\/3687\/revisions\/3739"}],"wp:attachment":[{"href":"https:\/\/www.in-sit.eu\/fr\/wp-json\/wp\/v2\/media?parent=3687"}],"curies":[{"name":"wp","href":"https:\/\/api.w.org\/{rel}","templated":true}]}}