{"id":3557,"date":"2024-06-26T08:16:44","date_gmt":"2024-06-26T08:16:44","guid":{"rendered":"https:\/\/www.in-sit.eu\/second-visit-exchange-antalya\/"},"modified":"2024-11-14T23:21:02","modified_gmt":"2024-11-14T23:21:02","slug":"deuxieme-visite-dechange-antalya","status":"publish","type":"page","link":"https:\/\/www.in-sit.eu\/fr\/deuxieme-visite-dechange-antalya\/","title":{"rendered":"Deuxi\u00e8me visite d&rsquo;\u00e9change, Antalya"},"content":{"rendered":"<p><div class=\"fusion-fullwidth fullwidth-box fusion-builder-row-1 fusion-flex-container nonhundred-percent-fullwidth non-hundred-percent-height-scrolling\" style=\"--awb-border-radius-top-left:0px;--awb-border-radius-top-right:0px;--awb-border-radius-bottom-right:0px;--awb-border-radius-bottom-left:0px;--awb-padding-top:60px;--awb-padding-top-medium:32px;--awb-padding-top-small:20px;--awb-background-image:radial-gradient(circle at center top, hsla(var(--awb-color8-h),calc(var(--awb-color8-s) + 20%),var(--awb-color8-l),calc(var(--awb-color8-a) - 90%)) 62%,var(--awb-color1) 62%);\" ><div class=\"fusion-builder-row fusion-row fusion-flex-align-items-flex-start fusion-flex-justify-content-center\" style=\"max-width:1248px;margin-left: calc(-4% \/ 2 );margin-right: calc(-4% \/ 2 );\"><div class=\"fusion-layout-column fusion_builder_column fusion-builder-column-0 fusion_builder_column_3_5 3_5 fusion-flex-column fusion-animated\" style=\"--awb-bg-size:cover;--awb-width-large:60%;--awb-margin-top-large:20px;--awb-spacing-right-large:3.2%;--awb-margin-bottom-large:48px;--awb-spacing-left-large:3.2%;--awb-width-medium:75%;--awb-spacing-right-medium:2.56%;--awb-margin-bottom-medium:40px;--awb-spacing-left-medium:2.56%;--awb-width-small:100%;--awb-spacing-right-small:1.92%;--awb-spacing-left-small:1.92%;\" data-animationType=\"fadeInDown\" data-animationDuration=\"1.6\" data-animationOffset=\"top-into-view\"><div class=\"fusion-column-wrapper fusion-column-has-shadow fusion-flex-justify-content-flex-start fusion-content-layout-column\"><i class=\"fb-icon-element-1 fb-icon-element fontawesome-icon icon-mkb-group circle-yes\" style=\"--awb-iconcolor:var(--awb-color4);--awb-iconcolor-hover:var(--awb-color1);--awb-circlecolor:var(--awb-color1);--awb-circlecolor-hover:var(--awb-color4);--awb-circlebordercolor-hover:hsla(var(--awb-color5-h),var(--awb-color5-s),var(--awb-color5-l),calc(var(--awb-color5-a) - 90%));--awb-circlebordersize:0px;--awb-font-size:36.96px;--awb-width:73.92px;--awb-height:73.92px;--awb-line-height:73.92px;--awb-align-self:center;--awb-margin-top:0px;--awb-margin-right:0px;--awb-margin-bottom:12px;--awb-margin-left:0px;\"><\/i><div class=\"fusion-title title fusion-title-1 fusion-sep-none fusion-title-center fusion-title-text fusion-title-size-six\" style=\"--awb-margin-bottom:4px;--awb-margin-top-small:4px;--awb-margin-bottom-small:4px;--awb-margin-top-medium:4px;--awb-margin-bottom-medium:4px;\"><h6 class=\"title-heading-center fusion-responsive-typography-calculated\" style=\"margin:0;--fontSize:20;--minFontSize:20;line-height:1.5;\">Visite d&rsquo;\u00e9change<\/h6><\/div><div class=\"fusion-title title fusion-title-2 fusion-sep-none fusion-title-center fusion-title-text fusion-title-size-one\"><h1 class=\"title-heading-center fusion-responsive-typography-calculated\" style=\"margin:0;--fontSize:72;line-height:var(--awb-typography1-line-height);\">Deuxi\u00e8me visite d&rsquo;\u00e9change, Antalya<\/h1><\/div><div class=\"fusion-text fusion-text-1\" style=\"--awb-content-alignment:center;--awb-font-size:30px;--awb-line-height:1.4em;--awb-letter-spacing:-0.02em;\"><p><b>\u00ab\u00a0Promouvoir le Silver Tourism en Europe par le biais du projet Erasmus + Silver Tourism: partage de bonnes pratiques lors de la premi\u00e8re visite d&rsquo;\u00e9change \u00e0 Antalya, en Turquie\u00a0\u00bb<\/b><\/p>\n<\/div><\/div><\/div><div class=\"fusion-layout-column fusion_builder_column fusion-builder-column-1 fusion_builder_column_1_2 1_2 fusion-flex-column fusion-animated\" style=\"--awb-bg-size:cover;--awb-width-large:50%;--awb-margin-top-large:20px;--awb-spacing-right-large:3.84%;--awb-margin-bottom-large:20px;--awb-spacing-left-large:3.84%;--awb-width-medium:50%;--awb-order-medium:0;--awb-spacing-right-medium:3.84%;--awb-margin-bottom-medium:60px;--awb-spacing-left-medium:3.84%;--awb-width-small:100%;--awb-order-small:0;--awb-spacing-right-small:1.92%;--awb-margin-bottom-small:20px;--awb-spacing-left-small:1.92%;\" data-animationType=\"fadeInUp\" data-animationDuration=\"1.2\" data-animationOffset=\"top-into-view\"><div class=\"fusion-column-wrapper fusion-column-has-shadow fusion-flex-justify-content-flex-start fusion-content-layout-column\"><div class=\"fusion-image-element \" style=\"text-align:center;--awb-caption-title-font-family:var(--h2_typography-font-family);--awb-caption-title-font-weight:var(--h2_typography-font-weight);--awb-caption-title-font-style:var(--h2_typography-font-style);--awb-caption-title-size:var(--h2_typography-font-size);--awb-caption-title-transform:var(--h2_typography-text-transform);--awb-caption-title-line-height:var(--h2_typography-line-height);--awb-caption-title-letter-spacing:var(--h2_typography-letter-spacing);\"><span class=\" fusion-imageframe imageframe-none imageframe-1 hover-type-none\" class=\"image-magnify\" class=\"image-scroll\"><img decoding=\"async\" width=\"1024\" height=\"1024\" title=\"Insit Turchia\" src=\"https:\/\/www.in-sit.eu\/wp-content\/uploads\/2024\/06\/Insit-Turchia.jpg\" data-orig-src=\"https:\/\/www.in-sit.eu\/wp-content\/uploads\/2024\/06\/Insit-Turchia-1024x1024.jpg\" alt class=\"lazyload img-responsive wp-image-3372\" srcset=\"data:image\/svg+xml,%3Csvg%20xmlns%3D%27http%3A%2F%2Fwww.w3.org%2F2000%2Fsvg%27%20width%3D%271080%27%20height%3D%271080%27%20viewBox%3D%270%200%201080%201080%27%3E%3Crect%20width%3D%271080%27%20height%3D%271080%27%20fill-opacity%3D%220%22%2F%3E%3C%2Fsvg%3E\" data-srcset=\"https:\/\/www.in-sit.eu\/wp-content\/uploads\/2024\/06\/Insit-Turchia-200x200.jpg 200w, https:\/\/www.in-sit.eu\/wp-content\/uploads\/2024\/06\/Insit-Turchia-400x400.jpg 400w, https:\/\/www.in-sit.eu\/wp-content\/uploads\/2024\/06\/Insit-Turchia-600x600.jpg 600w, https:\/\/www.in-sit.eu\/wp-content\/uploads\/2024\/06\/Insit-Turchia-800x800.jpg 800w, https:\/\/www.in-sit.eu\/wp-content\/uploads\/2024\/06\/Insit-Turchia.jpg 1080w\" data-sizes=\"auto\" data-orig-sizes=\"(max-width: 640px) 100vw, 600px\" \/><\/span><\/div><\/div><\/div><\/div><\/div><div class=\"fusion-fullwidth fullwidth-box fusion-builder-row-2 fusion-flex-container nonhundred-percent-fullwidth non-hundred-percent-height-scrolling\" style=\"--awb-border-radius-top-left:0px;--awb-border-radius-top-right:0px;--awb-border-radius-bottom-right:0px;--awb-border-radius-bottom-left:0px;--awb-padding-top:0px;--awb-padding-bottom:0px;--awb-padding-top-medium:20px;--awb-padding-bottom-medium:20px;--awb-padding-top-small:40px;--awb-padding-bottom-small:40px;--awb-background-color:var(--awb-color1);\" ><div class=\"fusion-builder-row fusion-row fusion-flex-align-items-center fusion-flex-justify-content-center\" style=\"max-width:1248px;margin-left: calc(-4% \/ 2 );margin-right: calc(-4% \/ 2 );\"><div class=\"fusion-layout-column fusion_builder_column fusion-builder-column-2 fusion_builder_column_1_1 1_1 fusion-flex-column fusion-flex-align-self-center fusion-animated\" style=\"--awb-padding-top:50px;--awb-padding-right:50px;--awb-padding-left:50px;--awb-overflow:hidden;--awb-bg-color:var(--awb-color1);--awb-bg-color-hover:var(--awb-color1);--awb-bg-size:cover;--awb-border-radius:12px 12px 12px 12px;--awb-filter:opacity(93%);--awb-filter-transition:filter 0.3s ease;--awb-filter-hover:opacity(100%);--awb-width-large:100%;--awb-margin-top-large:50px;--awb-spacing-right-large:1.92%;--awb-margin-bottom-large:50px;--awb-spacing-left-large:1.92%;--awb-width-medium:100%;--awb-order-medium:0;--awb-spacing-right-medium:1.92%;--awb-spacing-left-medium:1.92%;--awb-width-small:100%;--awb-order-small:0;--awb-spacing-right-small:1.92%;--awb-spacing-left-small:1.92%;\" data-animationType=\"fadeInDown\" data-animationDuration=\"1.6\" data-animationOffset=\"top-into-view\"><div class=\"fusion-column-wrapper fusion-column-has-shadow fusion-flex-justify-content-space-evenly fusion-content-layout-column\"><div class=\"fusion-text fusion-text-2\" style=\"--awb-content-alignment:center;\"><p><span style=\"font-weight: 400;\">Antalya, dans la r\u00e9gion touristique de Belek, est l&rsquo;un des meilleurs centres touristiques d&rsquo;Europe dans la r\u00e9gion m\u00e9diterran\u00e9enne de la Turquie. Du 19 au 23 f\u00e9vrier 2024, la ville a accueilli des partenaires europ\u00e9ens pour la deuxi\u00e8me r\u00e9union d&rsquo;\u00e9change du projet, qui est une \u00e9tape importante vers la promotion du tourisme pour les personnes \u00e2g\u00e9es. Cet \u00e9v\u00e9nement s&rsquo;inscrivait dans le cadre du projet Erasmus+ Silver Tourism KA210-ADU-2022-2-IT02-KA210-ADU-000096966, vise \u00e0 rassembler et \u00e0 partager les meilleures pratiques en mati\u00e8re de tourisme de haut niveau dans les trois pays concern\u00e9s (Turquie, Belgique et Italie) et \u00e0 apporter un soutien aux personnes travaillant dans l&rsquo;industrie du tourisme afin d&rsquo;am\u00e9liorer les offres destin\u00e9es aux seniors.<\/span><\/p>\n<p><span style=\"font-weight: 400;\">Le projet Silver Tourism, g\u00e9r\u00e9 par le consortium Solco Citt\u00e0 Aperta de Bergame, en Italie, en partenariat avec SERGED de Turquie et Logospaycom de Belgique, vise \u00e0 apporter un soutien solide aux personnes travaillant dans l&rsquo;industrie du tourisme afin qu&rsquo;elles puissent proposer des exp\u00e9riences et des offres sp\u00e9ciales aux personnes \u00e2g\u00e9es de plus de 65 ans. Reconnaissant l&rsquo;int\u00e9r\u00eat croissant pour cette population, le projet vise \u00e0 doter les entreprises des outils n\u00e9cessaires pour cr\u00e9er des voyages m\u00e9morables pour les personnes plus \u00e2g\u00e9es.<\/span><\/p>\n<p><span style=\"font-weight: 400;\">Au cours de l&rsquo;\u00e9v\u00e9nement, les partenaires belges et italiens ont eu l&rsquo;occasion d&rsquo;explorer les initiatives qui contribuent \u00e0 faire d&rsquo;Antalya une destination id\u00e9ale pour les voyageurs plus \u00e2g\u00e9s.<\/span><\/p>\n<p><span style=\"font-weight: 400;\">L&rsquo;un des points forts de l&rsquo;\u00e9v\u00e9nement a \u00e9t\u00e9 d&rsquo;observer et de d\u00e9couvrir les meilleures pratiques pour les s\u00e9jours de longue dur\u00e9e et la socialisation des personnes \u00e2g\u00e9es dans les h\u00f4tels 5*. Les mesures prises pour l&rsquo;h\u00e9bergement des personnes \u00e2g\u00e9es et des personnes handicap\u00e9es dans les h\u00f4tels cinq \u00e9toiles et pour leur faciliter la vie ont \u00e9t\u00e9 partag\u00e9es avec les participants du meeting.<\/span><\/p>\n<p><span style=\"font-weight: 400;\">Nous avons constat\u00e9 que l&rsquo;h\u00f4tel dispose de chambres et d&rsquo;espaces sociaux sp\u00e9cialement am\u00e9nag\u00e9s pour les personnes \u00e2g\u00e9es et les personnes handicap\u00e9es, ainsi que de services de navette professionnels pour r\u00e9pondre \u00e0 tous les besoins.<\/span><\/p>\n<p><span style=\"font-weight: 400;\">Les repr\u00e9sentants de BETUYAB Tourism, le professeur de tourisme de l&rsquo;universit\u00e9 d&rsquo;Akdeniz, le gouverneur du district et les membres du projet Silver Tourism ont fait part de leurs opinions et de leurs suggestions sur le d\u00e9veloppement des bonnes pratiques europ\u00e9ennes dans le secteur touristique en Europe.<\/span><\/p>\n<p><span style=\"font-weight: 400;\">Des suggestions ont \u00e9t\u00e9 faites pour que la r\u00e9gion touristique int\u00e8gre davantage d&rsquo;activit\u00e9s touristiques pour les personnes handicap\u00e9es et les personnes \u00e2g\u00e9es, et pour contribuer \u00e0 la socialisation des personnes \u00e2g\u00e9es en organisant des activit\u00e9s quotidiennes en dehors de l&rsquo;h\u00f4tel.<\/span><\/p>\n<p><span style=\"font-weight: 400;\">Nous avons observ\u00e9 que l&rsquo;\u00e9cosyst\u00e8me climatique, la culture locale et les opportunit\u00e9s naturelles de la r\u00e9gion offrent de tr\u00e8s bonnes possibilit\u00e9s de mobilit\u00e9 pour les personnes \u00e2g\u00e9es entre novembre et avril. Il a \u00e9t\u00e9 d\u00e9cid\u00e9 de poursuivre les efforts conjoints pour ces besoins en identifiant des secteurs ouverts \u00e0 une plus grande collaboration, o\u00f9 nos partenaires ont besoin de nouveaux projets en termes de formation de la main d&rsquo;\u0153uvre n\u00e9cessaire au secteur et de transfert de bons exemples.<\/span><\/p>\n<p><span style=\"font-weight: 400;\">Un autre \u00e9l\u00e9ment marquant de l&rsquo;\u00e9v\u00e9nement est que le tourisme de sant\u00e9 en Turquie est principalement pr\u00e9f\u00e9r\u00e9 par les personnes \u00e2g\u00e9es. Les possibilit\u00e9s de tourisme thermal qu&rsquo;offre la Turquie et le fait qu&rsquo;elle soit moins ch\u00e8re qu&rsquo;en Europe en termes de diagnostic et de traitement dans le domaine de la sant\u00e9 figurent parmi les principales raisons de cette pr\u00e9f\u00e9rence.<\/span><\/p>\n<p><span style=\"font-weight: 400;\">Parmi les prochaines \u00e9tapes du projet figurent des visites en Belgique en ao\u00fbt 2024. Au cours de cet \u00e9v\u00e9nement, les partenaires du projet et les parties prenantes auront l&rsquo;occasion de se familiariser avec les meilleures pratiques en mati\u00e8re de tourisme haut de gamme dans ce pays. Ces exp\u00e9riences seront cruciales pour la cr\u00e9ation d&rsquo;un guide de r\u00e9f\u00e9rence destin\u00e9 \u00e0 aider les op\u00e9rateurs du secteur \u00e0 mettre en \u0153uvre des propositions en faveur de la d\u00e9mographie haut de gamme au niveau europ\u00e9en.<\/span><\/p>\n<p><span style=\"font-weight: 400;\">Gr\u00e2ce \u00e0 la collaboration continue entre les pays partenaires et au guide \u00e0 venir, le tourisme haut de gamme ne peut que se d\u00e9velopper et offrir des exp\u00e9riences inoubliables \u00e0 une g\u00e9n\u00e9ration qui m\u00e9rite d&rsquo;\u00eatre c\u00e9l\u00e9br\u00e9e par des voyages exceptionnels.<\/span><\/p>\n<\/div><\/div><\/div><\/div><\/div><\/p>\n","protected":false},"excerpt":{"rendered":"","protected":false},"author":1,"featured_media":0,"parent":0,"menu_order":0,"comment_status":"closed","ping_status":"closed","template":"100-width.php","meta":{"content-type":"","footnotes":""},"class_list":["post-3557","page","type-page","status-publish","hentry"],"acf":[],"yoast_head":"<!-- This site is optimized with the Yoast SEO plugin v20.9 - https:\/\/yoast.com\/wordpress\/plugins\/seo\/ -->\n<title>Deuxi\u00e8me visite d&#039;\u00e9change, Antalya - In-Sit<\/title>\n<meta name=\"robots\" content=\"index, follow, max-snippet:-1, max-image-preview:large, max-video-preview:-1\" \/>\n<link rel=\"canonical\" href=\"https:\/\/www.in-sit.eu\/fr\/deuxieme-visite-dechange-antalya\/\" \/>\n<meta property=\"og:locale\" content=\"fr_FR\" \/>\n<meta property=\"og:type\" content=\"article\" \/>\n<meta property=\"og:title\" content=\"Deuxi\u00e8me visite d&#039;\u00e9change, Antalya - In-Sit\" \/>\n<meta property=\"og:url\" content=\"https:\/\/www.in-sit.eu\/fr\/deuxieme-visite-dechange-antalya\/\" \/>\n<meta property=\"og:site_name\" content=\"In-Sit\" \/>\n<meta property=\"article:modified_time\" content=\"2024-11-14T23:21:02+00:00\" \/>\n<meta name=\"twitter:card\" content=\"summary_large_image\" \/>\n<meta name=\"twitter:label1\" content=\"Dur\u00e9e de lecture estim\u00e9e\" \/>\n\t<meta name=\"twitter:data1\" content=\"6 minutes\" \/>\n<script type=\"application\/ld+json\" class=\"yoast-schema-graph\">{\"@context\":\"https:\/\/schema.org\",\"@graph\":[{\"@type\":\"WebPage\",\"@id\":\"https:\/\/www.in-sit.eu\/fr\/deuxieme-visite-dechange-antalya\/\",\"url\":\"https:\/\/www.in-sit.eu\/fr\/deuxieme-visite-dechange-antalya\/\",\"name\":\"Deuxi\u00e8me visite d'\u00e9change, Antalya - In-Sit\",\"isPartOf\":{\"@id\":\"https:\/\/www.in-sit.eu\/#website\"},\"datePublished\":\"2024-06-26T08:16:44+00:00\",\"dateModified\":\"2024-11-14T23:21:02+00:00\",\"breadcrumb\":{\"@id\":\"https:\/\/www.in-sit.eu\/fr\/deuxieme-visite-dechange-antalya\/#breadcrumb\"},\"inLanguage\":\"fr-FR\",\"potentialAction\":[{\"@type\":\"ReadAction\",\"target\":[\"https:\/\/www.in-sit.eu\/fr\/deuxieme-visite-dechange-antalya\/\"]}]},{\"@type\":\"BreadcrumbList\",\"@id\":\"https:\/\/www.in-sit.eu\/fr\/deuxieme-visite-dechange-antalya\/#breadcrumb\",\"itemListElement\":[{\"@type\":\"ListItem\",\"position\":1,\"name\":\"Home\",\"item\":\"https:\/\/www.in-sit.eu\/fr\/\"},{\"@type\":\"ListItem\",\"position\":2,\"name\":\"Deuxi\u00e8me visite d&#8217;\u00e9change, Antalya\"}]},{\"@type\":\"WebSite\",\"@id\":\"https:\/\/www.in-sit.eu\/#website\",\"url\":\"https:\/\/www.in-sit.eu\/\",\"name\":\"In-Sit\",\"description\":\"Silver tourism\",\"potentialAction\":[{\"@type\":\"SearchAction\",\"target\":{\"@type\":\"EntryPoint\",\"urlTemplate\":\"https:\/\/www.in-sit.eu\/?s={search_term_string}\"},\"query-input\":\"required name=search_term_string\"}],\"inLanguage\":\"fr-FR\"}]}<\/script>\n<!-- \/ Yoast SEO plugin. -->","yoast_head_json":{"title":"Deuxi\u00e8me visite d'\u00e9change, Antalya - In-Sit","robots":{"index":"index","follow":"follow","max-snippet":"max-snippet:-1","max-image-preview":"max-image-preview:large","max-video-preview":"max-video-preview:-1"},"canonical":"https:\/\/www.in-sit.eu\/fr\/deuxieme-visite-dechange-antalya\/","og_locale":"fr_FR","og_type":"article","og_title":"Deuxi\u00e8me visite d'\u00e9change, Antalya - In-Sit","og_url":"https:\/\/www.in-sit.eu\/fr\/deuxieme-visite-dechange-antalya\/","og_site_name":"In-Sit","article_modified_time":"2024-11-14T23:21:02+00:00","twitter_card":"summary_large_image","twitter_misc":{"Dur\u00e9e de lecture estim\u00e9e":"6 minutes"},"schema":{"@context":"https:\/\/schema.org","@graph":[{"@type":"WebPage","@id":"https:\/\/www.in-sit.eu\/fr\/deuxieme-visite-dechange-antalya\/","url":"https:\/\/www.in-sit.eu\/fr\/deuxieme-visite-dechange-antalya\/","name":"Deuxi\u00e8me visite d'\u00e9change, Antalya - In-Sit","isPartOf":{"@id":"https:\/\/www.in-sit.eu\/#website"},"datePublished":"2024-06-26T08:16:44+00:00","dateModified":"2024-11-14T23:21:02+00:00","breadcrumb":{"@id":"https:\/\/www.in-sit.eu\/fr\/deuxieme-visite-dechange-antalya\/#breadcrumb"},"inLanguage":"fr-FR","potentialAction":[{"@type":"ReadAction","target":["https:\/\/www.in-sit.eu\/fr\/deuxieme-visite-dechange-antalya\/"]}]},{"@type":"BreadcrumbList","@id":"https:\/\/www.in-sit.eu\/fr\/deuxieme-visite-dechange-antalya\/#breadcrumb","itemListElement":[{"@type":"ListItem","position":1,"name":"Home","item":"https:\/\/www.in-sit.eu\/fr\/"},{"@type":"ListItem","position":2,"name":"Deuxi\u00e8me visite d&#8217;\u00e9change, Antalya"}]},{"@type":"WebSite","@id":"https:\/\/www.in-sit.eu\/#website","url":"https:\/\/www.in-sit.eu\/","name":"In-Sit","description":"Silver tourism","potentialAction":[{"@type":"SearchAction","target":{"@type":"EntryPoint","urlTemplate":"https:\/\/www.in-sit.eu\/?s={search_term_string}"},"query-input":"required name=search_term_string"}],"inLanguage":"fr-FR"}]}},"_links":{"self":[{"href":"https:\/\/www.in-sit.eu\/fr\/wp-json\/wp\/v2\/pages\/3557","targetHints":{"allow":["GET"]}}],"collection":[{"href":"https:\/\/www.in-sit.eu\/fr\/wp-json\/wp\/v2\/pages"}],"about":[{"href":"https:\/\/www.in-sit.eu\/fr\/wp-json\/wp\/v2\/types\/page"}],"author":[{"embeddable":true,"href":"https:\/\/www.in-sit.eu\/fr\/wp-json\/wp\/v2\/users\/1"}],"replies":[{"embeddable":true,"href":"https:\/\/www.in-sit.eu\/fr\/wp-json\/wp\/v2\/comments?post=3557"}],"version-history":[{"count":2,"href":"https:\/\/www.in-sit.eu\/fr\/wp-json\/wp\/v2\/pages\/3557\/revisions"}],"predecessor-version":[{"id":3559,"href":"https:\/\/www.in-sit.eu\/fr\/wp-json\/wp\/v2\/pages\/3557\/revisions\/3559"}],"wp:attachment":[{"href":"https:\/\/www.in-sit.eu\/fr\/wp-json\/wp\/v2\/media?parent=3557"}],"curies":[{"name":"wp","href":"https:\/\/api.w.org\/{rel}","templated":true}]}}