{"id":3541,"date":"2024-06-27T12:37:08","date_gmt":"2024-06-27T12:37:08","guid":{"rendered":"https:\/\/www.in-sit.eu\/turism-for-all\/"},"modified":"2025-01-22T13:36:20","modified_gmt":"2025-01-22T13:36:20","slug":"tourisme-pour-tous","status":"publish","type":"page","link":"https:\/\/www.in-sit.eu\/fr\/tourisme-pour-tous\/","title":{"rendered":"Tourisme pour tous"},"content":{"rendered":"<p><div class=\"fusion-fullwidth fullwidth-box fusion-builder-row-1 fusion-flex-container nonhundred-percent-fullwidth non-hundred-percent-height-scrolling\" style=\"--awb-border-radius-top-left:0px;--awb-border-radius-top-right:0px;--awb-border-radius-bottom-right:0px;--awb-border-radius-bottom-left:0px;--awb-padding-top:60px;--awb-padding-top-medium:32px;--awb-padding-top-small:20px;--awb-background-image:radial-gradient(circle at center top, hsla(var(--awb-color4-h),calc(var(--awb-color4-s) + 20%),var(--awb-color4-l),calc(var(--awb-color4-a) - 90%)) 62%,var(--awb-color1) 62%);\" ><div class=\"fusion-builder-row fusion-row fusion-flex-align-items-flex-start fusion-flex-justify-content-center\" style=\"max-width:1248px;margin-left: calc(-4% \/ 2 );margin-right: calc(-4% \/ 2 );\"><div class=\"fusion-layout-column fusion_builder_column fusion-builder-column-0 fusion_builder_column_3_5 3_5 fusion-flex-column fusion-animated\" style=\"--awb-bg-size:cover;--awb-width-large:60%;--awb-margin-top-large:20px;--awb-spacing-right-large:3.2%;--awb-margin-bottom-large:48px;--awb-spacing-left-large:3.2%;--awb-width-medium:75%;--awb-spacing-right-medium:2.56%;--awb-margin-bottom-medium:40px;--awb-spacing-left-medium:2.56%;--awb-width-small:100%;--awb-spacing-right-small:1.92%;--awb-spacing-left-small:1.92%;\" data-animationType=\"fadeInDown\" data-animationDuration=\"1.6\" data-animationOffset=\"top-into-view\"><div class=\"fusion-column-wrapper fusion-column-has-shadow fusion-flex-justify-content-flex-start fusion-content-layout-column\"><i class=\"fb-icon-element-1 fb-icon-element fontawesome-icon icon-mkb-group circle-yes\" style=\"--awb-iconcolor:var(--awb-color4);--awb-iconcolor-hover:var(--awb-color1);--awb-circlecolor:var(--awb-color1);--awb-circlecolor-hover:var(--awb-color4);--awb-circlebordercolor-hover:hsla(var(--awb-color5-h),var(--awb-color5-s),var(--awb-color5-l),calc(var(--awb-color5-a) - 90%));--awb-circlebordersize:0px;--awb-font-size:36.96px;--awb-width:73.92px;--awb-height:73.92px;--awb-line-height:73.92px;--awb-align-self:center;--awb-margin-top:0px;--awb-margin-right:0px;--awb-margin-bottom:12px;--awb-margin-left:0px;\"><\/i><div class=\"fusion-title title fusion-title-1 fusion-sep-none fusion-title-center fusion-title-text fusion-title-size-six\" style=\"--awb-margin-bottom:4px;--awb-margin-top-small:4px;--awb-margin-bottom-small:4px;--awb-margin-top-medium:4px;--awb-margin-bottom-medium:4px;\"><h6 class=\"title-heading-center fusion-responsive-typography-calculated\" style=\"margin:0;--fontSize:20;--minFontSize:20;line-height:1.5;\">Bonnes pratiques<\/h6><\/div><div class=\"fusion-title title fusion-title-2 fusion-sep-none fusion-title-center fusion-title-text fusion-title-size-one\"><h1 class=\"title-heading-center fusion-responsive-typography-calculated\" style=\"margin:0;--fontSize:72;line-height:var(--awb-typography1-line-height);\">Tourisme pour tous<\/h1><\/div><div class=\"fusion-text fusion-text-1\" style=\"--awb-content-alignment:center;--awb-font-size:30px;--awb-line-height:1.4em;--awb-letter-spacing:-0.02em;\"><p><strong>Tourisme pour tous<\/strong><\/p>\n<\/div><\/div><\/div><div class=\"fusion-layout-column fusion_builder_column fusion-builder-column-1 fusion_builder_column_1_2 1_2 fusion-flex-column fusion-animated\" style=\"--awb-bg-size:cover;--awb-width-large:50%;--awb-margin-top-large:20px;--awb-spacing-right-large:3.84%;--awb-margin-bottom-large:20px;--awb-spacing-left-large:3.84%;--awb-width-medium:50%;--awb-order-medium:0;--awb-spacing-right-medium:3.84%;--awb-margin-bottom-medium:60px;--awb-spacing-left-medium:3.84%;--awb-width-small:100%;--awb-order-small:0;--awb-spacing-right-small:1.92%;--awb-margin-bottom-small:20px;--awb-spacing-left-small:1.92%;\" data-animationType=\"fadeInUp\" data-animationDuration=\"1.2\" data-animationOffset=\"top-into-view\"><div class=\"fusion-column-wrapper fusion-column-has-shadow fusion-flex-justify-content-flex-start fusion-content-layout-column\"><\/div><\/div><\/div><\/div><div class=\"fusion-fullwidth fullwidth-box fusion-builder-row-2 fusion-flex-container nonhundred-percent-fullwidth non-hundred-percent-height-scrolling\" style=\"--awb-border-radius-top-left:0px;--awb-border-radius-top-right:0px;--awb-border-radius-bottom-right:0px;--awb-border-radius-bottom-left:0px;--awb-padding-top:0px;--awb-padding-bottom:0px;--awb-padding-top-medium:20px;--awb-padding-bottom-medium:20px;--awb-padding-top-small:40px;--awb-padding-bottom-small:40px;--awb-background-color:var(--awb-color1);\" ><div class=\"fusion-builder-row fusion-row fusion-flex-align-items-center fusion-flex-justify-content-center\" style=\"max-width:1248px;margin-left: calc(-4% \/ 2 );margin-right: calc(-4% \/ 2 );\"><div class=\"fusion-layout-column fusion_builder_column fusion-builder-column-2 fusion_builder_column_1_1 1_1 fusion-flex-column fusion-flex-align-self-center fusion-animated\" style=\"--awb-padding-top:50px;--awb-padding-right:50px;--awb-padding-left:50px;--awb-overflow:hidden;--awb-bg-color:var(--awb-color1);--awb-bg-color-hover:var(--awb-color1);--awb-bg-size:cover;--awb-border-radius:12px 12px 12px 12px;--awb-filter:opacity(93%);--awb-filter-transition:filter 0.3s ease;--awb-filter-hover:opacity(100%);--awb-width-large:100%;--awb-margin-top-large:50px;--awb-spacing-right-large:1.92%;--awb-margin-bottom-large:50px;--awb-spacing-left-large:1.92%;--awb-width-medium:100%;--awb-order-medium:0;--awb-spacing-right-medium:1.92%;--awb-spacing-left-medium:1.92%;--awb-width-small:100%;--awb-order-small:0;--awb-spacing-right-small:1.92%;--awb-spacing-left-small:1.92%;\" data-animationType=\"fadeInDown\" data-animationDuration=\"1.6\" data-animationOffset=\"top-into-view\"><div class=\"fusion-column-wrapper fusion-column-has-shadow fusion-flex-justify-content-space-evenly fusion-content-layout-column\"><div class=\"fusion-text fusion-text-2\" style=\"--awb-content-alignment:center;\"><p><em><span style=\"font-weight: 400;\">Cette \u00e9tude porte sur le tourisme des personnes handicap\u00e9es dans les \u00e9tablissements h\u00f4teliers quatre et cinq \u00e9toiles d&rsquo;Antalya, qui dispose du plus grand nombre de lits pour personnes en situation de handicap en Turquie. Deux questionnaires distincts ont \u00e9t\u00e9 utilis\u00e9s : le questionnaire destin\u00e9 aux responsables et celui destin\u00e9 aux clients qui ont un handicap. 326 h\u00f4teliers et 232 personnes handicap\u00e9es ont particip\u00e9 \u00e0 l&rsquo;enqu\u00eate. Les opinions de 90 h\u00f4teliers et de 232 personnes handicap\u00e9es s\u00e9journant dans ces h\u00f4tels ont \u00e9t\u00e9 compar\u00e9es. L&rsquo;objectif est donc de r\u00e9v\u00e9ler les niveaux d&rsquo;ad\u00e9quation des services offerts aux touristes handicap\u00e9s en Turquie.<\/span><\/em><\/p>\n<p><strong>Introduction<\/strong><\/p>\n<p><span style=\"font-weight: 400;\">Aujourd&rsquo;hui, outre les effets \u00e9conomiques, sociaux, culturels et politiques positifs du tourisme, le r\u00f4le du tourisme dans les relations \u00e9conomiques et politiques internationales prend de plus en plus d&rsquo;importance. Le tourisme est un secteur qui cr\u00e9e de nombreuses opportunit\u00e9s d&#8217;emploi \u00e0 l&rsquo;\u00e9chelle internationale. Selon les rapports de l&rsquo;OMT sur les faits marquants, un emploi sur onze se trouve dans le secteur du tourisme. Il emploie environ 300 millions de personnes dans le monde. Dans ce contexte, alors que l&rsquo;importance accord\u00e9e au tourisme dans le monde et en Turquie augmente, les tendances touristiques se diversifient \u00e9galement et les mouvements touristiques alternatifs attirent l&rsquo;attention des gens (Emekli, 2005 : 100). Le tourisme pour les personnes handicap\u00e9es, qui reste d&rsquo;actualit\u00e9 en tant que nouveau type de tourisme et qui a presque doubl\u00e9 sa part du g\u00e2teau touristique, a commenc\u00e9 \u00e0 attirer l&rsquo;attention de tous les pays du monde. Participer \u00e0 des activit\u00e9s touristiques est un droit dont tous les individus de la soci\u00e9t\u00e9 devraient b\u00e9n\u00e9ficier. Il est donc important d&rsquo;encourager la participation de ceux qui ne peuvent pas voyager en raison d&rsquo;un handicap (Toskay, 1989 : 158). <\/span><\/p>\n<p><b>Tourisme pour les personnes handicap\u00e9es en Turquie<\/b><\/p>\n<p><span style=\"font-weight: 400;\">Dans une \u00e9tude men\u00e9e par T\u00dcRSAB en Turquie (2020), le nombre de chambres pour personnes porteuses de handicap \u00e0 Antalya arrive en t\u00eate avec 605. Ce nombre est suivi par Mu\u011fla avec 159 chambres pour handicap\u00e9s et Istanbul avec une capacit\u00e9 de 147 lits (T\u00dcRSAB, 20020). Par ailleurs, le plus grand h\u00f4tel pour handicap\u00e9s d&rsquo;Europe et le premier h\u00f4tel pour handicap\u00e9s de Turquie a \u00e9t\u00e9 ouvert dans le district de Marmaris, dans la province de Mu\u011fla. <\/span><\/p>\n<p><b>R\u00e9glementation dans les chambres d&rsquo;h\u00f4tellerie<\/b><\/p>\n<p><span style=\"font-weight: 400;\">Lors de l&rsquo;am\u00e9nagement des chambres pour personnes handicap\u00e9es, le num\u00e9ro de la porte doit \u00eatre dispos\u00e9 de telle sorte qu&rsquo;il contraste clairement avec la porte, en tenant compte des personnes qui ont des probl\u00e8mes de vue. Le judas plac\u00e9 sur la porte \u00e0 hauteur des personnes se d\u00e9pla\u00e7ant en fauteuil roulant est \u00e9galement un d\u00e9tail important \u00e0 prendre en compte. De plus, en fonction de la demande \u00ab\u00a0ne pas d\u00e9ranger\u00a0\u00bb ou \u00ab\u00a0nettoyer la chambre\u00a0\u00bb \u00e0 placer \u00e0 la porte de la chambre, la conception d&rsquo;un autre bouton lumineux \u00e0 l&rsquo;int\u00e9rieur, pr\u00e8s du lit, associ\u00e9 \u00e0 la porte de la chambre, est une disposition importante pour assurer l&rsquo;accessibilit\u00e9 des personnes handicap\u00e9es au point d&rsquo;acc\u00e8s des services. Pour les personnes malentendantes, la pr\u00e9sence de syst\u00e8mes auditifs reli\u00e9s \u00e0 la t\u00e9l\u00e9vision dans les chambres est une mesure qui peut \u00eatre prise pour que tous les clients aient la possibilit\u00e9 de regarder la t\u00e9l\u00e9vision en fonction de leur handicap (Pehlivano\u011flu, 2012 : 29-30).<\/span><\/p>\n<p><b>Arrangements des r\u00e9ceptions<\/b><\/p>\n<p><span style=\"font-weight: 400;\">Le nombre \u00e9lev\u00e9 de comptoirs de r\u00e9ception dans les grands \u00e9tablissements h\u00f4teliers rend l&rsquo;acc\u00e8s \u00e0 cette zone difficile pour les personnes souffrant d&rsquo;un handicap. C&rsquo;est pourquoi cet \u00e9l\u00e9ment facilitera le transport en pr\u00e9voyant une partie sp\u00e9cialement basse aux guichets de r\u00e9ception pour les personnes \u00e0 mobilit\u00e9 r\u00e9duite qui souhaitent s&rsquo;enregistrer ou quitter l&rsquo;h\u00f4tel en \u00e9tant assises.<\/span><\/p>\n<p><span style=\"font-weight: 400;\">S&rsquo;il n&rsquo;est pas possible de se rendre dans ce b\u00e2timent, le r\u00e9ceptionniste devrait \u00eatre en mesure de venir voir le client porteur de handicap avec les documents n\u00e9cessaires depuis son bureau et d&rsquo;effectuer ces formalit\u00e9s dans un endroit appropri\u00e9. En outre, un \u00e9clairage puissant dans la zone de r\u00e9ception est un d\u00e9tail important pour les clients ayant des difficult\u00e9s visuelles ainsi que pour les clients qui lisent sur les l\u00e8vres. <\/span><\/p>\n<p><b>R\u00e9glementation dans les espaces publics<\/b><\/p>\n<p><span style=\"font-weight: 400;\">Les dispositions les plus importantes \u00e0 prendre en mati\u00e8re de gestion h\u00f4teli\u00e8re pour les personnes en situation de handicap sont peut-\u00eatre les dispositions \u00e0 prendre dans les espaces communs. En effet, les entreprises h\u00f4teli\u00e8res sont cr\u00e9\u00e9es pour r\u00e9pondre aux besoins d&rsquo;h\u00e9bergement en premier lieu, mais ce sont aussi des entreprises qui r\u00e9pondent aux besoins de restauration, de loisirs et de divertissement. Les dispositions \u00e0 prendre dans ces domaines sont \u00e9num\u00e9r\u00e9es ci-dessous.<\/span><\/p>\n<p><b>Couloir <\/b><\/p>\n<p><span style=\"font-weight: 400;\">Les couloirs et les passages doivent \u00eatre am\u00e9nag\u00e9s de mani\u00e8re \u00e0 permettre le passage mutuel de deux fauteuils roulants. Il convient d&rsquo;\u00e9viter les d\u00e9corations et les am\u00e9nagements susceptibles de nuire aux personnes handicap\u00e9es dans ces zones. Par exemple, il faut veiller \u00e0 ce qu&rsquo;il n&rsquo;y ait pas d&rsquo;extincteurs muraux, de vases d\u00e9coratifs, de tableaux et d&rsquo;autres objets qui rendent l&rsquo;acc\u00e8s difficile aux personnes porteuses de handicap. La pr\u00e9sence de barres d&rsquo;appui dans les couloirs est importante car elle facilite les d\u00e9placements (Artar et Karabacako\u011flu, 2003 : 17).<\/span><\/p>\n<p><strong><b>Ascenseur <\/b> <\/strong><\/p>\n<p><span style=\"font-weight: 400;\">Si la chambre ou la salle de restaurant utilis\u00e9 par des personnes qui ont un handicap physique se trouve \u00e0 un \u00e9tage diff\u00e9rent du rez-de-chauss\u00e9e, le passage d&rsquo;un endroit \u00e0 l&rsquo;autre doit \u00eatre organis\u00e9 de mani\u00e8re \u00e0 ce qu&rsquo;il soit pourvu d&rsquo;un \u00e9quipement appropri\u00e9. <\/span><\/p>\n<p><strong>Escalier<\/strong><\/p>\n<p><span style=\"font-weight: 400;\">Les escaliers constituent le principal probl\u00e8me pour les personnes \u00e0 mobilit\u00e9 r\u00e9duite. Afin de faciliter l&rsquo;acc\u00e8s des personnes handicap\u00e9es dans les \u00e9tablissements h\u00f4teliers, les bords des escaliers devraient \u00eatre mis en \u00e9vidence par des lignes de couleurs contrast\u00e9es, et leur hauteur et leur profondeur devraient \u00eatre am\u00e9nag\u00e9es de mani\u00e8re \u00e0 ce que des personnes handicap\u00e9es puissent les utiliser. Des rampes doivent \u00eatre install\u00e9es sur les escaliers de plus de deux marches (Artar et Karabacako\u011flu, 2003 : 17). <\/span><\/p>\n<p><strong><b>Rampes<\/b> <\/strong><\/p>\n<p><span style=\"font-weight: 400;\">L&rsquo;entr\u00e9e de nombreux \u00e9tablissements h\u00f4teliers est sem\u00e9e d&#8217;emb\u00fbches pour les personnes souffrant d&rsquo;un handicap et pr\u00e9sente une infrastructure difficile pour permettre aux personnes handicap\u00e9es d&rsquo;acc\u00e9der facilement \u00e0 l&rsquo;h\u00f4tel. S&rsquo;il y a un escalier \u00e0 l&rsquo;entr\u00e9e de l&rsquo;h\u00f4tel, il faut y pr\u00e9voir une rampe d&rsquo;acc\u00e8s. \u00c9tant donn\u00e9 que les h\u00f4tels d&rsquo;aujourd&rsquo;hui sont construits sur des terrains tr\u00e8s vastes, il convient de planifier l&rsquo;installation de rampes aux endroits n\u00e9cessaires afin que les personnes handicap\u00e9es puissent facilement circuler dans les passages souterrains et les passerelles de cette structure. <\/span><\/p>\n<p><b>Arrangements dans les piscines, les saunas et les bains <\/b><\/p>\n<p><span style=\"font-weight: 400;\">L&rsquo;accessibilit\u00e9 est aussi importante dans des lieux tels que les piscines, les saunas et les bains turcs dans les \u00e9tablissements h\u00f4teliers. En particulier, les sols des saunas et des bains ne doivent pas \u00eatre sur\u00e9lev\u00e9s inutilement. Des dispositions doivent \u00eatre prises pour laisser autant d&rsquo;espace que le fauteuil roulant peut en utiliser pour man\u0153uvrer. <\/span><\/p>\n<p><b>R\u00e9sultats<\/b><\/p>\n<p><span style=\"font-weight: 400;\">\u00c0 la fin de 2020, il y a un total de 2982 installations et 749 299 lits avec des certificats d&rsquo;exploitation touristique en Turquie. Le nombre total d&rsquo;installations avec des certificats d&rsquo;exploitation touristique \u00e0 Antalya est de 734 et le nombre de lits est de 382 749 (Statistiques du tourisme, 2019). Selon les donn\u00e9es du minist\u00e8re de la Culture et du Tourisme (2019) en Turquie, il y a des chambres pour personnes handicap\u00e9es dans un total de 1033 \u00e9tablissements certifi\u00e9s pour l&rsquo;exploitation touristique. La recherche a \u00e9t\u00e9 men\u00e9e \u00e0 Antalya, qui est la province qui compte le plus grand nombre de chambres pour personnes porteuses de handicap, avec 605 chambres adapt\u00e9es (2019), \u00e0 la suite d&rsquo;une \u00e9tude men\u00e9e par T\u00dcRSAB en Turquie. Conform\u00e9ment \u00e0 ces informations, tous les \u00e9tablissements h\u00f4teliers 4 et 5 \u00e9toiles d&rsquo;Antalya ont \u00e9t\u00e9 inclus dans le champ de la recherche et la m\u00e9thode de recherche a \u00e9t\u00e9 d\u00e9termin\u00e9e. La raison pour laquelle seuls les \u00e9tablissements h\u00f4teliers 4 et 5 \u00e9toiles sont inclus dans le champ de l&rsquo;\u00e9tude est la d\u00e9claration de l&rsquo;article 18 du \u00ab\u00a0R\u00e8glement sur la certification et les qualifications des installations touristiques\u00a0\u00bb.<\/span><\/p>\n<p><span style=\"font-weight: 400;\">Si l&rsquo;on compare les opinions des clients porteurs handicap\u00e9s et des directeurs d&rsquo;h\u00f4tels en g\u00e9n\u00e9ral, on constate que les directeurs d&rsquo;\u00e9tablissements h\u00f4teliers ne se consid\u00e8rent pas comme d\u00e9faillants en termes d&rsquo;\u00e9l\u00e9ments structurels et de services pour le march\u00e9 du tourisme handicap\u00e9, mais que les clients handicap\u00e9s attirent l&rsquo;attention sur l&rsquo;absence de menus en braille dans les restaurants des \u00e9tablissements h\u00f4teliers et l&rsquo;absence de syst\u00e8mes d&rsquo;ascenseurs dans les piscines int\u00e9rieures\/ext\u00e9rieures. Dans ces conditions, il appara\u00eet que les directeurs d&rsquo;\u00e9tablissements h\u00f4teliers en Turquie se sentent pr\u00eats \u00e0 accueillir les touristes en situation de handicap, mais qu&rsquo;avec les nouvelles r\u00e9glementations qui s&rsquo;imposent, les structures existantes et les \u00e9l\u00e9ments de service des \u00e9tablissements h\u00f4teliers doivent \u00eatre am\u00e9lior\u00e9s.<\/span><\/p>\n<\/div><\/div><\/div><\/div><\/div><\/p>\n","protected":false},"excerpt":{"rendered":"","protected":false},"author":1,"featured_media":0,"parent":0,"menu_order":0,"comment_status":"closed","ping_status":"closed","template":"100-width.php","meta":{"content-type":"","footnotes":""},"class_list":["post-3541","page","type-page","status-publish","hentry"],"acf":[],"yoast_head":"<!-- This site is optimized with the Yoast SEO plugin v20.9 - https:\/\/yoast.com\/wordpress\/plugins\/seo\/ -->\n<title>Tourisme pour tous - In-Sit<\/title>\n<meta name=\"robots\" content=\"index, follow, max-snippet:-1, max-image-preview:large, max-video-preview:-1\" \/>\n<link rel=\"canonical\" href=\"https:\/\/www.in-sit.eu\/fr\/tourisme-pour-tous\/\" \/>\n<meta property=\"og:locale\" content=\"fr_FR\" \/>\n<meta property=\"og:type\" content=\"article\" \/>\n<meta property=\"og:title\" content=\"Tourisme pour tous - In-Sit\" \/>\n<meta property=\"og:url\" content=\"https:\/\/www.in-sit.eu\/fr\/tourisme-pour-tous\/\" \/>\n<meta property=\"og:site_name\" content=\"In-Sit\" \/>\n<meta property=\"article:modified_time\" content=\"2025-01-22T13:36:20+00:00\" \/>\n<meta name=\"twitter:card\" content=\"summary_large_image\" \/>\n<meta name=\"twitter:label1\" content=\"Dur\u00e9e de lecture estim\u00e9e\" \/>\n\t<meta name=\"twitter:data1\" content=\"9 minutes\" \/>\n<script type=\"application\/ld+json\" class=\"yoast-schema-graph\">{\"@context\":\"https:\/\/schema.org\",\"@graph\":[{\"@type\":\"WebPage\",\"@id\":\"https:\/\/www.in-sit.eu\/fr\/tourisme-pour-tous\/\",\"url\":\"https:\/\/www.in-sit.eu\/fr\/tourisme-pour-tous\/\",\"name\":\"Tourisme pour tous - In-Sit\",\"isPartOf\":{\"@id\":\"https:\/\/www.in-sit.eu\/#website\"},\"datePublished\":\"2024-06-27T12:37:08+00:00\",\"dateModified\":\"2025-01-22T13:36:20+00:00\",\"breadcrumb\":{\"@id\":\"https:\/\/www.in-sit.eu\/fr\/tourisme-pour-tous\/#breadcrumb\"},\"inLanguage\":\"fr-FR\",\"potentialAction\":[{\"@type\":\"ReadAction\",\"target\":[\"https:\/\/www.in-sit.eu\/fr\/tourisme-pour-tous\/\"]}]},{\"@type\":\"BreadcrumbList\",\"@id\":\"https:\/\/www.in-sit.eu\/fr\/tourisme-pour-tous\/#breadcrumb\",\"itemListElement\":[{\"@type\":\"ListItem\",\"position\":1,\"name\":\"Home\",\"item\":\"https:\/\/www.in-sit.eu\/fr\/\"},{\"@type\":\"ListItem\",\"position\":2,\"name\":\"Tourisme pour tous\"}]},{\"@type\":\"WebSite\",\"@id\":\"https:\/\/www.in-sit.eu\/#website\",\"url\":\"https:\/\/www.in-sit.eu\/\",\"name\":\"In-Sit\",\"description\":\"Silver tourism\",\"potentialAction\":[{\"@type\":\"SearchAction\",\"target\":{\"@type\":\"EntryPoint\",\"urlTemplate\":\"https:\/\/www.in-sit.eu\/?s={search_term_string}\"},\"query-input\":\"required name=search_term_string\"}],\"inLanguage\":\"fr-FR\"}]}<\/script>\n<!-- \/ Yoast SEO plugin. -->","yoast_head_json":{"title":"Tourisme pour tous - In-Sit","robots":{"index":"index","follow":"follow","max-snippet":"max-snippet:-1","max-image-preview":"max-image-preview:large","max-video-preview":"max-video-preview:-1"},"canonical":"https:\/\/www.in-sit.eu\/fr\/tourisme-pour-tous\/","og_locale":"fr_FR","og_type":"article","og_title":"Tourisme pour tous - In-Sit","og_url":"https:\/\/www.in-sit.eu\/fr\/tourisme-pour-tous\/","og_site_name":"In-Sit","article_modified_time":"2025-01-22T13:36:20+00:00","twitter_card":"summary_large_image","twitter_misc":{"Dur\u00e9e de lecture estim\u00e9e":"9 minutes"},"schema":{"@context":"https:\/\/schema.org","@graph":[{"@type":"WebPage","@id":"https:\/\/www.in-sit.eu\/fr\/tourisme-pour-tous\/","url":"https:\/\/www.in-sit.eu\/fr\/tourisme-pour-tous\/","name":"Tourisme pour tous - In-Sit","isPartOf":{"@id":"https:\/\/www.in-sit.eu\/#website"},"datePublished":"2024-06-27T12:37:08+00:00","dateModified":"2025-01-22T13:36:20+00:00","breadcrumb":{"@id":"https:\/\/www.in-sit.eu\/fr\/tourisme-pour-tous\/#breadcrumb"},"inLanguage":"fr-FR","potentialAction":[{"@type":"ReadAction","target":["https:\/\/www.in-sit.eu\/fr\/tourisme-pour-tous\/"]}]},{"@type":"BreadcrumbList","@id":"https:\/\/www.in-sit.eu\/fr\/tourisme-pour-tous\/#breadcrumb","itemListElement":[{"@type":"ListItem","position":1,"name":"Home","item":"https:\/\/www.in-sit.eu\/fr\/"},{"@type":"ListItem","position":2,"name":"Tourisme pour tous"}]},{"@type":"WebSite","@id":"https:\/\/www.in-sit.eu\/#website","url":"https:\/\/www.in-sit.eu\/","name":"In-Sit","description":"Silver tourism","potentialAction":[{"@type":"SearchAction","target":{"@type":"EntryPoint","urlTemplate":"https:\/\/www.in-sit.eu\/?s={search_term_string}"},"query-input":"required name=search_term_string"}],"inLanguage":"fr-FR"}]}},"_links":{"self":[{"href":"https:\/\/www.in-sit.eu\/fr\/wp-json\/wp\/v2\/pages\/3541","targetHints":{"allow":["GET"]}}],"collection":[{"href":"https:\/\/www.in-sit.eu\/fr\/wp-json\/wp\/v2\/pages"}],"about":[{"href":"https:\/\/www.in-sit.eu\/fr\/wp-json\/wp\/v2\/types\/page"}],"author":[{"embeddable":true,"href":"https:\/\/www.in-sit.eu\/fr\/wp-json\/wp\/v2\/users\/1"}],"replies":[{"embeddable":true,"href":"https:\/\/www.in-sit.eu\/fr\/wp-json\/wp\/v2\/comments?post=3541"}],"version-history":[{"count":5,"href":"https:\/\/www.in-sit.eu\/fr\/wp-json\/wp\/v2\/pages\/3541\/revisions"}],"predecessor-version":[{"id":3881,"href":"https:\/\/www.in-sit.eu\/fr\/wp-json\/wp\/v2\/pages\/3541\/revisions\/3881"}],"wp:attachment":[{"href":"https:\/\/www.in-sit.eu\/fr\/wp-json\/wp\/v2\/media?parent=3541"}],"curies":[{"name":"wp","href":"https:\/\/api.w.org\/{rel}","templated":true}]}}