{"id":3536,"date":"2024-06-27T11:34:02","date_gmt":"2024-06-27T11:34:02","guid":{"rendered":"https:\/\/www.in-sit.eu\/long-term-accomodation\/"},"modified":"2024-11-14T23:26:50","modified_gmt":"2024-11-14T23:26:50","slug":"hebergement-longue-duree-pour-le-tourisme-senior","status":"publish","type":"page","link":"https:\/\/www.in-sit.eu\/fr\/hebergement-longue-duree-pour-le-tourisme-senior\/","title":{"rendered":"H\u00e9bergement longue dur\u00e9e pour le tourisme senior"},"content":{"rendered":"<p><div class=\"fusion-fullwidth fullwidth-box fusion-builder-row-1 fusion-flex-container nonhundred-percent-fullwidth non-hundred-percent-height-scrolling\" style=\"--awb-border-radius-top-left:0px;--awb-border-radius-top-right:0px;--awb-border-radius-bottom-right:0px;--awb-border-radius-bottom-left:0px;--awb-padding-top:60px;--awb-padding-top-medium:32px;--awb-padding-top-small:20px;--awb-background-image:radial-gradient(circle at center top, hsla(var(--awb-color4-h),calc(var(--awb-color4-s) + 20%),var(--awb-color4-l),calc(var(--awb-color4-a) - 90%)) 62%,var(--awb-color1) 62%);\" ><div class=\"fusion-builder-row fusion-row fusion-flex-align-items-flex-start fusion-flex-justify-content-center\" style=\"max-width:1248px;margin-left: calc(-4% \/ 2 );margin-right: calc(-4% \/ 2 );\"><div class=\"fusion-layout-column fusion_builder_column fusion-builder-column-0 fusion_builder_column_3_5 3_5 fusion-flex-column fusion-animated\" style=\"--awb-bg-size:cover;--awb-width-large:60%;--awb-margin-top-large:20px;--awb-spacing-right-large:3.2%;--awb-margin-bottom-large:48px;--awb-spacing-left-large:3.2%;--awb-width-medium:75%;--awb-spacing-right-medium:2.56%;--awb-margin-bottom-medium:40px;--awb-spacing-left-medium:2.56%;--awb-width-small:100%;--awb-spacing-right-small:1.92%;--awb-spacing-left-small:1.92%;\" data-animationType=\"fadeInDown\" data-animationDuration=\"1.6\" data-animationOffset=\"top-into-view\"><div class=\"fusion-column-wrapper fusion-column-has-shadow fusion-flex-justify-content-flex-start fusion-content-layout-column\"><i class=\"fb-icon-element-1 fb-icon-element fontawesome-icon icon-mkb-group circle-yes\" style=\"--awb-iconcolor:var(--awb-color4);--awb-iconcolor-hover:var(--awb-color1);--awb-circlecolor:var(--awb-color1);--awb-circlecolor-hover:var(--awb-color4);--awb-circlebordercolor-hover:hsla(var(--awb-color5-h),var(--awb-color5-s),var(--awb-color5-l),calc(var(--awb-color5-a) - 90%));--awb-circlebordersize:0px;--awb-font-size:36.96px;--awb-width:73.92px;--awb-height:73.92px;--awb-line-height:73.92px;--awb-align-self:center;--awb-margin-top:0px;--awb-margin-right:0px;--awb-margin-bottom:12px;--awb-margin-left:0px;\"><\/i><div class=\"fusion-title title fusion-title-1 fusion-sep-none fusion-title-center fusion-title-text fusion-title-size-six\" style=\"--awb-margin-bottom:4px;--awb-margin-top-small:4px;--awb-margin-bottom-small:4px;--awb-margin-top-medium:4px;--awb-margin-bottom-medium:4px;\"><h6 class=\"title-heading-center fusion-responsive-typography-calculated\" style=\"margin:0;--fontSize:20;--minFontSize:20;line-height:1.5;\">Bonnes pratiques<\/h6><\/div><div class=\"fusion-title title fusion-title-2 fusion-sep-none fusion-title-center fusion-title-text fusion-title-size-one\"><h1 class=\"title-heading-center fusion-responsive-typography-calculated\" style=\"margin:0;--fontSize:72;line-height:var(--awb-typography1-line-height);\">H\u00e9bergement longue dur\u00e9e pour le tourisme senior<\/h1><\/div><div class=\"fusion-text fusion-text-1\" style=\"--awb-content-alignment:center;--awb-font-size:30px;--awb-line-height:1.4em;--awb-letter-spacing:-0.02em;\"><p><b>Silver Tourism dans les h\u00f4tels 5* et les h\u00e9bergements de longue dur\u00e9e en Turquie <\/b><\/p>\n<\/div><\/div><\/div><div class=\"fusion-layout-column fusion_builder_column fusion-builder-column-1 fusion_builder_column_1_2 1_2 fusion-flex-column fusion-animated\" style=\"--awb-bg-size:cover;--awb-width-large:50%;--awb-margin-top-large:20px;--awb-spacing-right-large:3.84%;--awb-margin-bottom-large:20px;--awb-spacing-left-large:3.84%;--awb-width-medium:50%;--awb-order-medium:0;--awb-spacing-right-medium:3.84%;--awb-margin-bottom-medium:60px;--awb-spacing-left-medium:3.84%;--awb-width-small:100%;--awb-order-small:0;--awb-spacing-right-small:1.92%;--awb-margin-bottom-small:20px;--awb-spacing-left-small:1.92%;\" data-animationType=\"fadeInUp\" data-animationDuration=\"1.2\" data-animationOffset=\"top-into-view\"><div class=\"fusion-column-wrapper fusion-column-has-shadow fusion-flex-justify-content-flex-start fusion-content-layout-column\"><div class=\"fusion-image-element \" style=\"text-align:center;--awb-caption-title-font-family:var(--h2_typography-font-family);--awb-caption-title-font-weight:var(--h2_typography-font-weight);--awb-caption-title-font-style:var(--h2_typography-font-style);--awb-caption-title-size:var(--h2_typography-font-size);--awb-caption-title-transform:var(--h2_typography-text-transform);--awb-caption-title-line-height:var(--h2_typography-line-height);--awb-caption-title-letter-spacing:var(--h2_typography-letter-spacing);\"><span class=\" fusion-imageframe imageframe-none imageframe-1 hover-type-none\" class=\"image-magnify\" class=\"image-scroll\"><img decoding=\"async\" width=\"392\" height=\"436\" title=\"Long term accomodation\" src=\"https:\/\/www.in-sit.eu\/wp-content\/uploads\/2024\/06\/Long-term-accomodation.png\" data-orig-src=\"https:\/\/www.in-sit.eu\/wp-content\/uploads\/2024\/06\/Long-term-accomodation.png\" alt class=\"lazyload img-responsive wp-image-3424\" srcset=\"data:image\/svg+xml,%3Csvg%20xmlns%3D%27http%3A%2F%2Fwww.w3.org%2F2000%2Fsvg%27%20width%3D%27392%27%20height%3D%27436%27%20viewBox%3D%270%200%20392%20436%27%3E%3Crect%20width%3D%27392%27%20height%3D%27436%27%20fill-opacity%3D%220%22%2F%3E%3C%2Fsvg%3E\" data-srcset=\"https:\/\/www.in-sit.eu\/wp-content\/uploads\/2024\/06\/Long-term-accomodation-200x222.png 200w, https:\/\/www.in-sit.eu\/wp-content\/uploads\/2024\/06\/Long-term-accomodation.png 392w\" data-sizes=\"auto\" data-orig-sizes=\"(max-width: 640px) 100vw, 392px\" \/><\/span><\/div><\/div><\/div><\/div><\/div><div class=\"fusion-fullwidth fullwidth-box fusion-builder-row-2 fusion-flex-container nonhundred-percent-fullwidth non-hundred-percent-height-scrolling\" style=\"--awb-border-radius-top-left:0px;--awb-border-radius-top-right:0px;--awb-border-radius-bottom-right:0px;--awb-border-radius-bottom-left:0px;--awb-padding-top:0px;--awb-padding-bottom:0px;--awb-padding-top-medium:20px;--awb-padding-bottom-medium:20px;--awb-padding-top-small:40px;--awb-padding-bottom-small:40px;--awb-background-color:var(--awb-color1);\" ><div class=\"fusion-builder-row fusion-row fusion-flex-align-items-center fusion-flex-justify-content-center\" style=\"max-width:1248px;margin-left: calc(-4% \/ 2 );margin-right: calc(-4% \/ 2 );\"><div class=\"fusion-layout-column fusion_builder_column fusion-builder-column-2 fusion_builder_column_1_1 1_1 fusion-flex-column fusion-flex-align-self-center fusion-animated\" style=\"--awb-padding-top:50px;--awb-padding-right:50px;--awb-padding-left:50px;--awb-overflow:hidden;--awb-bg-color:var(--awb-color1);--awb-bg-color-hover:var(--awb-color1);--awb-bg-size:cover;--awb-border-radius:12px 12px 12px 12px;--awb-filter:opacity(93%);--awb-filter-transition:filter 0.3s ease;--awb-filter-hover:opacity(100%);--awb-width-large:100%;--awb-margin-top-large:50px;--awb-spacing-right-large:1.92%;--awb-margin-bottom-large:50px;--awb-spacing-left-large:1.92%;--awb-width-medium:100%;--awb-order-medium:0;--awb-spacing-right-medium:1.92%;--awb-spacing-left-medium:1.92%;--awb-width-small:100%;--awb-order-small:0;--awb-spacing-right-small:1.92%;--awb-spacing-left-small:1.92%;\" data-animationType=\"fadeInDown\" data-animationDuration=\"1.6\" data-animationOffset=\"top-into-view\"><div class=\"fusion-column-wrapper fusion-column-has-shadow fusion-flex-justify-content-space-evenly fusion-content-layout-column\"><div class=\"fusion-text fusion-text-2\" style=\"--awb-content-alignment:center;\"><p><span style=\"font-weight: 400;\">Le tourisme des personnes plus \u00e2g\u00e9es, \u00e9galement connu sous le nom de tourisme du troisi\u00e8me \u00e2ge, couvre g\u00e9n\u00e9ralement l&rsquo;ensemble des voyages d&rsquo;individus ayant un certain \u00e2ge et ayant termin\u00e9 leur vie active vers diff\u00e9rentes destinations. Un examen approfondi de plusieurs publications a permis de constater que si la notion de \u00ab\u00a0troisi\u00e8me \u00e2ge\u00a0\u00bb est mentionn\u00e9e dans les \u00e9tudes men\u00e9es sur les activit\u00e9s touristiques des personnes \u00e2g\u00e9es, il existe des diff\u00e9rences dans les tranches d&rsquo;\u00e2ge qui d\u00e9finissent ce concept (Patterson et Balderas, 2018). <\/span><\/p>\n<p><span style=\"font-weight: 400;\">Selon l&rsquo;OMS; <\/span><\/p>\n<p><span style=\"font-weight: 400;\">\u2219 Adolescents \u00e2g\u00e9s de 0 \u00e0 17 ans,\u00a0<\/span><\/p>\n<p><span style=\"font-weight: 400;\">\u2219 Jeunes \u00e2g\u00e9s de 18 \u00e0 64 ans,\u00a0<\/span><\/p>\n<p><span style=\"font-weight: 400;\">\u2219 les personnes \u00e2g\u00e9es de 65 \u00e0 74 ans, jeunes et vieux,\u00a0<\/span><\/p>\n<p><span style=\"font-weight: 400;\">\u2219 La tranche d&rsquo;\u00e2ge 75-84 ans est celle des personnes \u00e2g\u00e9es,\u00a0<\/span><\/p>\n<p><span style=\"font-weight: 400;\">\u2219 L&rsquo;\u00e2ge de 85 ans et plus est exprim\u00e9 en tant que personne \u00e2g\u00e9e.<\/span><\/p>\n<p><span style=\"font-weight: 400;\">Une explication plus compl\u00e8te du tourisme du troisi\u00e8me \u00e2ge sera donn\u00e9e dans les sections suivantes, puisqu&rsquo;il s&rsquo;agit du sujet principal de l&rsquo;\u00e9tude. Selon l&rsquo;OMS, les personnes pour personnes porteuses de handicap repr\u00e9sentent environ 15 % de la population mondiale (soit pr\u00e8s d&rsquo;un milliard de personnes). Le tourisme pour personnes pour personnes handicap\u00e9es, quant \u00e0 lui, fait r\u00e9f\u00e9rence \u00e0 la capacit\u00e9 des personnes \u00e0 participer \u00e0 des activit\u00e9s touristiques sans aucun probl\u00e8me, comme les autres personnes en bonne sant\u00e9 (Bulgan, 2015). \u00c9tant donn\u00e9 qu&rsquo;il vise \u00e0 \u00e9liminer tous les obstacles que les personnes souffrant d&rsquo;un handicap physique, mental ou social qui participent \u00e0 cette activit\u00e9 touristique peuvent rencontrer au cours de leurs voyages, il peut \u00e9galement \u00eatre appel\u00e9 \u00ab\u00a0tourisme sans barri\u00e8re\u00a0\u00bb ou \u00ab\u00a0tourisme accessible\u00a0\u00bb dans certains articles. Compte tenu des obstacles que le groupe \u00e9valu\u00e9 dans le cadre du tourisme du troisi\u00e8me \u00e2ge peut rencontrer en raison de son \u00e2ge avanc\u00e9, il est consid\u00e9r\u00e9 comme \u00e9tant sur un terrain commun avec les activit\u00e9s de tourisme pour personnes handicap\u00e9es.<\/span><\/p>\n<p><b>Restrictions \u00e0 l&rsquo;h\u00e9bergement des touristes du troisi\u00e8me \u00e2ge <\/b><\/p>\n<p><span style=\"font-weight: 400;\">Il existe un besoin de soins et de services \u00e0 domicile pour am\u00e9liorer la vie sociale des personnes du troisi\u00e8me \u00e2ge et leur permettre de poursuivre leur vie quotidienne. En raison de ces besoins de soins, les centres prestataires de services doivent am\u00e9nager leurs conditions physiques en fonction des besoins des personnes \u00e2g\u00e9es en termes de s\u00e9curit\u00e9 des patients. Dans les services de soins de longue dur\u00e9e, diff\u00e9rents types de prestataires de services et de soignants sont n\u00e9cessaires (T\u00dcS\u0130AD, 2019). Albayrak (2014), dans son \u00e9tude sur les probl\u00e8mes rencontr\u00e9s par les touristes seniors dans les restaurants affili\u00e9s aux h\u00f4tels, a constat\u00e9 que les touristes plus \u00e2g\u00e9s rencontraient principalement des probl\u00e8mes tels que des repas gras et caloriques, l&rsquo;absence de pr\u00e9cision sur les valeurs \u00e9nerg\u00e9tiques, l&rsquo;absence de produits pour diab\u00e9tiques dans le menu et l&rsquo;absence d&rsquo;indication sur le contenu des repas. Le type d&rsquo;h\u00e9bergement \u00e0 privil\u00e9gier pendant le voyage est d\u00e9termin\u00e9 en fonction de la raison du voyage et du niveau de revenu. Les personnes \u00e2g\u00e9es d\u00e9terminent leurs pr\u00e9f\u00e9rences dans un large \u00e9ventail de lieux d&rsquo;h\u00e9bergement (Alen et al., 2017). Les possibles restriction de la mobilit\u00e9 physique due \u00e0 l&rsquo;\u00e2ge avanc\u00e9 et le handicap qui en r\u00e9sulte affectent les pr\u00e9f\u00e9rences en mati\u00e8re d&rsquo;h\u00e9bergement.<\/span><\/p>\n<p><b>Le tourisme des seniors en Turquie <\/b><\/p>\n<p><span style=\"font-weight: 400;\">Bien que la proportion de la population \u00e2g\u00e9e de 65 ans et plus par rapport \u00e0 la population totale en Turquie ait \u00e9t\u00e9 de 8,75 % en 2018, elle devrait atteindre 10,2 % en 2023. Selon les projections d\u00e9mographiques de TurkStat, la population de personnes \u00e2g\u00e9es en 2060 devrait \u00eatre plus de deux fois sup\u00e9rieure \u00e0 la population de personnes \u00e2g\u00e9es en 2023. En 2080, on pr\u00e9voit qu&rsquo;un quart de la population totale sera constitu\u00e9 de personnes \u00e2g\u00e9es.<\/span><\/p>\n<p><span style=\"font-weight: 400;\">Lorsque l&rsquo;on examine les h\u00f4tels 5* d&rsquo;Antalya, on constate que les services touristiques destin\u00e9s aux personnes du troisi\u00e8me \u00e2ge sont g\u00e9n\u00e9ralement concentr\u00e9s sur les saisons d&rsquo;automne, d&rsquo;hiver et de printemps, lorsque le climat temp\u00e9r\u00e9 est \u00e0 des temp\u00e9ratures normales. Pendant ces p\u00e9riodes, les touristes plus \u00e2g\u00e9s pr\u00e9f\u00e8rent rester plus longtemps que les touristes d&rsquo;\u00e9t\u00e9. L&rsquo;am\u00e9nagement des espaces physiques en fonction des priorit\u00e9s des touristes seniors, l&rsquo;am\u00e9nagement des chambres d&rsquo;h\u00f4tel et d&rsquo;autres espaces en fonction des caract\u00e9ristiques des personnes les encouragent \u00e0 rester plus longtemps.<\/span><\/p>\n<p><span style=\"font-weight: 400;\">Les examens ont montr\u00e9 que les h\u00f4tels qui proposent des services tout compris attirent davantage l&rsquo;attention des touristes seniors, et que ces derniers pr\u00e9f\u00e8rent s\u00e9journer plus de deux semaines et jusqu&rsquo;\u00e0 un mois dans des h\u00f4tels qui r\u00e9pondent \u00e0 leurs principaux besoins en mati\u00e8re d&rsquo;h\u00e9bergement, de restauration, de sant\u00e9 et de soins.<\/span><\/p>\n<p><span style=\"font-weight: 400;\">Outre les caract\u00e9ristiques physiques et la qualit\u00e9 du service des h\u00f4tels, il a \u00e9t\u00e9 observ\u00e9 que les h\u00f4tels d&rsquo;Antalya ne disposent pas d&rsquo;un personnel de soutien technique et d&rsquo;une expertise suffisants en termes d&rsquo;activit\u00e9s \u00e0 l&rsquo;int\u00e9rieur et \u00e0 l&rsquo;ext\u00e9rieur de l&rsquo;h\u00f4tel ainsi que d&rsquo;activit\u00e9s qui soutiendront la socialisation des personnes \u00e2g\u00e9es.<\/span><\/p>\n<p><span style=\"font-weight: 400;\">Le partage des meilleures pratiques en Europe dans l&rsquo;organisation de visites et d&rsquo;activit\u00e9s quotidiennes en dehors de l&rsquo;h\u00f4tel afin de r\u00e9pondre aux besoins sociaux des personnes \u00e2g\u00e9es et de satisfaire les besoins en personnel qualifi\u00e9 augmentera la satisfaction des clients et le taux de participation des personnes \u00e2g\u00e9es aux activit\u00e9s touristiques.<\/span><\/p>\n<\/div><\/div><\/div><\/div><\/div><div class=\"fusion-fullwidth fullwidth-box fusion-builder-row-3 fusion-flex-container nonhundred-percent-fullwidth non-hundred-percent-height-scrolling\" style=\"--awb-border-radius-top-left:0px;--awb-border-radius-top-right:0px;--awb-border-radius-bottom-right:0px;--awb-border-radius-bottom-left:0px;--awb-padding-top:5%;--awb-padding-bottom:60px;--awb-padding-bottom-medium:40px;--awb-padding-top-small:40px;--awb-padding-bottom-small:40px;--awb-background-color:var(--awb-color1);\" ><div class=\"fusion-builder-row fusion-row fusion-flex-align-items-flex-start fusion-flex-justify-content-center\" style=\"max-width:1248px;margin-left: calc(-4% \/ 2 );margin-right: calc(-4% \/ 2 );\"><\/div><\/div><div class=\"fusion-fullwidth fullwidth-box fusion-builder-row-4 fusion-flex-container nonhundred-percent-fullwidth non-hundred-percent-height-scrolling\" style=\"--awb-border-radius-top-left:0px;--awb-border-radius-top-right:0px;--awb-border-radius-bottom-right:0px;--awb-border-radius-bottom-left:0px;--awb-padding-top:5%;--awb-padding-bottom:60px;--awb-padding-bottom-medium:40px;--awb-padding-top-small:40px;--awb-padding-bottom-small:40px;--awb-background-color:var(--awb-color1);\" ><div class=\"fusion-builder-row fusion-row fusion-flex-align-items-flex-start fusion-flex-justify-content-center\" style=\"max-width:1248px;margin-left: calc(-4% \/ 2 );margin-right: calc(-4% \/ 2 );\"><\/div><\/div><div class=\"fusion-fullwidth fullwidth-box fusion-builder-row-5 fusion-flex-container nonhundred-percent-fullwidth non-hundred-percent-height-scrolling\" style=\"--awb-border-radius-top-left:0px;--awb-border-radius-top-right:0px;--awb-border-radius-bottom-right:0px;--awb-border-radius-bottom-left:0px;--awb-padding-top:5%;--awb-padding-bottom:60px;--awb-padding-bottom-medium:40px;--awb-padding-top-small:40px;--awb-padding-bottom-small:40px;--awb-background-color:var(--awb-color1);\" ><div class=\"fusion-builder-row fusion-row fusion-flex-align-items-flex-start fusion-flex-justify-content-center\" style=\"max-width:1248px;margin-left: calc(-4% \/ 2 );margin-right: calc(-4% \/ 2 );\"><\/div><\/div><div class=\"fusion-fullwidth fullwidth-box fusion-builder-row-6 fusion-flex-container nonhundred-percent-fullwidth non-hundred-percent-height-scrolling\" style=\"--awb-border-radius-top-left:0px;--awb-border-radius-top-right:0px;--awb-border-radius-bottom-right:0px;--awb-border-radius-bottom-left:0px;--awb-padding-top:5%;--awb-padding-bottom:60px;--awb-padding-bottom-medium:40px;--awb-padding-top-small:40px;--awb-padding-bottom-small:40px;--awb-background-color:var(--awb-color1);\" ><div class=\"fusion-builder-row fusion-row fusion-flex-align-items-flex-start fusion-flex-justify-content-center\" style=\"max-width:1248px;margin-left: calc(-4% \/ 2 );margin-right: calc(-4% \/ 2 );\"><\/div><\/div><\/p>\n","protected":false},"excerpt":{"rendered":"","protected":false},"author":1,"featured_media":0,"parent":0,"menu_order":0,"comment_status":"closed","ping_status":"closed","template":"100-width.php","meta":{"content-type":"","footnotes":""},"class_list":["post-3536","page","type-page","status-publish","hentry"],"acf":[],"yoast_head":"<!-- This site is optimized with the Yoast SEO plugin v20.9 - https:\/\/yoast.com\/wordpress\/plugins\/seo\/ -->\n<title>H\u00e9bergement longue dur\u00e9e pour le tourisme senior - In-Sit<\/title>\n<meta name=\"robots\" content=\"index, follow, max-snippet:-1, max-image-preview:large, max-video-preview:-1\" \/>\n<link rel=\"canonical\" href=\"https:\/\/www.in-sit.eu\/fr\/hebergement-longue-duree-pour-le-tourisme-senior\/\" \/>\n<meta property=\"og:locale\" content=\"fr_FR\" \/>\n<meta property=\"og:type\" content=\"article\" \/>\n<meta property=\"og:title\" content=\"H\u00e9bergement longue dur\u00e9e pour le tourisme senior - In-Sit\" \/>\n<meta property=\"og:url\" content=\"https:\/\/www.in-sit.eu\/fr\/hebergement-longue-duree-pour-le-tourisme-senior\/\" \/>\n<meta property=\"og:site_name\" content=\"In-Sit\" \/>\n<meta property=\"article:modified_time\" content=\"2024-11-14T23:26:50+00:00\" \/>\n<meta name=\"twitter:card\" content=\"summary_large_image\" \/>\n<meta name=\"twitter:label1\" content=\"Dur\u00e9e de lecture estim\u00e9e\" \/>\n\t<meta name=\"twitter:data1\" content=\"8 minutes\" \/>\n<script type=\"application\/ld+json\" class=\"yoast-schema-graph\">{\"@context\":\"https:\/\/schema.org\",\"@graph\":[{\"@type\":\"WebPage\",\"@id\":\"https:\/\/www.in-sit.eu\/fr\/hebergement-longue-duree-pour-le-tourisme-senior\/\",\"url\":\"https:\/\/www.in-sit.eu\/fr\/hebergement-longue-duree-pour-le-tourisme-senior\/\",\"name\":\"H\u00e9bergement longue dur\u00e9e pour le tourisme senior - In-Sit\",\"isPartOf\":{\"@id\":\"https:\/\/www.in-sit.eu\/#website\"},\"datePublished\":\"2024-06-27T11:34:02+00:00\",\"dateModified\":\"2024-11-14T23:26:50+00:00\",\"breadcrumb\":{\"@id\":\"https:\/\/www.in-sit.eu\/fr\/hebergement-longue-duree-pour-le-tourisme-senior\/#breadcrumb\"},\"inLanguage\":\"fr-FR\",\"potentialAction\":[{\"@type\":\"ReadAction\",\"target\":[\"https:\/\/www.in-sit.eu\/fr\/hebergement-longue-duree-pour-le-tourisme-senior\/\"]}]},{\"@type\":\"BreadcrumbList\",\"@id\":\"https:\/\/www.in-sit.eu\/fr\/hebergement-longue-duree-pour-le-tourisme-senior\/#breadcrumb\",\"itemListElement\":[{\"@type\":\"ListItem\",\"position\":1,\"name\":\"Home\",\"item\":\"https:\/\/www.in-sit.eu\/fr\/\"},{\"@type\":\"ListItem\",\"position\":2,\"name\":\"H\u00e9bergement longue dur\u00e9e pour le tourisme senior\"}]},{\"@type\":\"WebSite\",\"@id\":\"https:\/\/www.in-sit.eu\/#website\",\"url\":\"https:\/\/www.in-sit.eu\/\",\"name\":\"In-Sit\",\"description\":\"Silver tourism\",\"potentialAction\":[{\"@type\":\"SearchAction\",\"target\":{\"@type\":\"EntryPoint\",\"urlTemplate\":\"https:\/\/www.in-sit.eu\/?s={search_term_string}\"},\"query-input\":\"required name=search_term_string\"}],\"inLanguage\":\"fr-FR\"}]}<\/script>\n<!-- \/ Yoast SEO plugin. -->","yoast_head_json":{"title":"H\u00e9bergement longue dur\u00e9e pour le tourisme senior - In-Sit","robots":{"index":"index","follow":"follow","max-snippet":"max-snippet:-1","max-image-preview":"max-image-preview:large","max-video-preview":"max-video-preview:-1"},"canonical":"https:\/\/www.in-sit.eu\/fr\/hebergement-longue-duree-pour-le-tourisme-senior\/","og_locale":"fr_FR","og_type":"article","og_title":"H\u00e9bergement longue dur\u00e9e pour le tourisme senior - In-Sit","og_url":"https:\/\/www.in-sit.eu\/fr\/hebergement-longue-duree-pour-le-tourisme-senior\/","og_site_name":"In-Sit","article_modified_time":"2024-11-14T23:26:50+00:00","twitter_card":"summary_large_image","twitter_misc":{"Dur\u00e9e de lecture estim\u00e9e":"8 minutes"},"schema":{"@context":"https:\/\/schema.org","@graph":[{"@type":"WebPage","@id":"https:\/\/www.in-sit.eu\/fr\/hebergement-longue-duree-pour-le-tourisme-senior\/","url":"https:\/\/www.in-sit.eu\/fr\/hebergement-longue-duree-pour-le-tourisme-senior\/","name":"H\u00e9bergement longue dur\u00e9e pour le tourisme senior - In-Sit","isPartOf":{"@id":"https:\/\/www.in-sit.eu\/#website"},"datePublished":"2024-06-27T11:34:02+00:00","dateModified":"2024-11-14T23:26:50+00:00","breadcrumb":{"@id":"https:\/\/www.in-sit.eu\/fr\/hebergement-longue-duree-pour-le-tourisme-senior\/#breadcrumb"},"inLanguage":"fr-FR","potentialAction":[{"@type":"ReadAction","target":["https:\/\/www.in-sit.eu\/fr\/hebergement-longue-duree-pour-le-tourisme-senior\/"]}]},{"@type":"BreadcrumbList","@id":"https:\/\/www.in-sit.eu\/fr\/hebergement-longue-duree-pour-le-tourisme-senior\/#breadcrumb","itemListElement":[{"@type":"ListItem","position":1,"name":"Home","item":"https:\/\/www.in-sit.eu\/fr\/"},{"@type":"ListItem","position":2,"name":"H\u00e9bergement longue dur\u00e9e pour le tourisme senior"}]},{"@type":"WebSite","@id":"https:\/\/www.in-sit.eu\/#website","url":"https:\/\/www.in-sit.eu\/","name":"In-Sit","description":"Silver tourism","potentialAction":[{"@type":"SearchAction","target":{"@type":"EntryPoint","urlTemplate":"https:\/\/www.in-sit.eu\/?s={search_term_string}"},"query-input":"required name=search_term_string"}],"inLanguage":"fr-FR"}]}},"_links":{"self":[{"href":"https:\/\/www.in-sit.eu\/fr\/wp-json\/wp\/v2\/pages\/3536","targetHints":{"allow":["GET"]}}],"collection":[{"href":"https:\/\/www.in-sit.eu\/fr\/wp-json\/wp\/v2\/pages"}],"about":[{"href":"https:\/\/www.in-sit.eu\/fr\/wp-json\/wp\/v2\/types\/page"}],"author":[{"embeddable":true,"href":"https:\/\/www.in-sit.eu\/fr\/wp-json\/wp\/v2\/users\/1"}],"replies":[{"embeddable":true,"href":"https:\/\/www.in-sit.eu\/fr\/wp-json\/wp\/v2\/comments?post=3536"}],"version-history":[{"count":3,"href":"https:\/\/www.in-sit.eu\/fr\/wp-json\/wp\/v2\/pages\/3536\/revisions"}],"predecessor-version":[{"id":3544,"href":"https:\/\/www.in-sit.eu\/fr\/wp-json\/wp\/v2\/pages\/3536\/revisions\/3544"}],"wp:attachment":[{"href":"https:\/\/www.in-sit.eu\/fr\/wp-json\/wp\/v2\/media?parent=3536"}],"curies":[{"name":"wp","href":"https:\/\/api.w.org\/{rel}","templated":true}]}}